{"id":97,"date":"2023-06-11T19:53:17","date_gmt":"2023-06-11T19:53:17","guid":{"rendered":"http:\/\/dev.brusselsgamesfestival.be\/wpbgf\/?page_id=97"},"modified":"2025-08-26T11:11:08","modified_gmt":"2025-08-26T11:11:08","slug":"tournois","status":"publish","type":"page","link":"https:\/\/dev.brusselsgamesfestival.be\/wpbgf\/fr\/participer\/tournois\/","title":{"rendered":"Participer aux tournois"},"content":{"rendered":"\n<p class=\"has-text-align-left\">Un peu de challenge ne vous fait pas peur ? La comp\u00e9tition vous fait vibrer ?<\/p>\n\n\n\n<p class=\"has-text-align-left\">Profitez du BGF pour vous distinguer sur 7 Wonders, Azul duel, Carcassonne, Catane, Heat, Compile ou dans une course \u00e0 la r\u00e9alisation d\u2019un puzzle BGF.<\/p>\n\n\n\n<h2 class=\"wp-block-heading\">Participer<\/h2>\n\n\n\n<p>Une participation de 3\u20ac sous forme de caution vous est demand\u00e9e et vous sera rendue en ticket d\u2019une valeur \u00e9quivalente au bar.<\/p>\n\n\n\n<h3 class=\"wp-block-heading\">7 Wonders, Azul duel, Carcassonne, Catane, Heat, puzzles<\/h3>\n\n\n\n<p>Veuillez vous inscrire en ligne sur la billetterie.<\/p>\n\n\n\n<div class=\"wp-block-buttons is-content-justification-center is-layout-flex wp-container-core-buttons-is-layout-16018d1d wp-block-buttons-is-layout-flex\">\n<div class=\"wp-block-button is-style-fill\"><a class=\"wp-block-button__link wp-element-button\" href=\"https:\/\/www.billetweb.fr\/brussels-games-festival-2025&amp;language=fr\" target=\"_blank\" rel=\"noreferrer noopener\">Inscription dans notre Shop<\/a><\/div>\n<\/div>\n\n\n\n<div style=\"height:39px\" aria-hidden=\"true\" class=\"wp-block-spacer\"><\/div>\n\n\n\n<p>Si le tournoi n\u2019est pas complet ou qu\u2019il y a un d\u00e9sistement, vous pourrez aussi vous inscrire sur place au comptoir animation.<\/p>\n\n\n\n<p><a href=\"https:\/\/docs.google.com\/document\/d\/e\/2PACX-1vTUdEjPZN0bi91WypjPbPpyzhGoRvHnohIDnM_oRC-bIXcr4iH1dj5hXTfZtWD8rw\/pub\" target=\"_blank\" rel=\"noopener\" title=\"\">R\u00e8glement complet<\/a>.<\/p>\n\n\n\n<h3 class=\"wp-block-heading\">Compile<\/h3>\n\n\n\n<p>Inscriptions au stand info du festival.<\/p>\n\n\n\n<h2 class=\"wp-block-heading\">Explication des r\u00e8gles<\/h2>\n\n\n\n<h3 class=\"wp-block-heading\">7 Wonders, Azul duel, Carcassonne, Catane, Heat<\/h3>\n\n\n\n<p>Pour ceux qui voudraient un petit rappel, 30 minutes avant le d\u00e9but d\u2019un tournoi, une explication des r\u00e8gles sera propos\u00e9e \u00e0 la BGth\u00e8que par un de nos animateurs.<\/p>\n\n\n\n<h3 class=\"wp-block-heading\">Compile<\/h3>\n\n\n\n<p>Explications et d\u00e9monstrations du jeu disponibles sur le stand de Geek Attitude Games.<\/p>\n\n\n\n<h2 class=\"wp-block-heading\">Horaires<\/h2>\n\n\n\n<figure class=\"wp-block-table\"><table class=\"has-fixed-layout\"><thead><tr><th>Jeu<\/th><th>Jour<\/th><th>Heure d\u00e9but<\/th><th>Heure fin<\/th><th>Formule<\/th><th>Joueureuses<\/th><\/tr><\/thead><tbody><tr><td>Heat<\/td><td>Vendredi 29 ao\u00fbt<\/td><td>18h00<\/td><td>1h00<\/td><td>3 parties<br>\n        Ronde suisse<\/td><td>18<\/td><\/tr><tr><td>Azul Duel<\/td><td rowspan=\"3\">Samedi 30 ao\u00fbt<\/td><td>11h00<\/td><td>13h00<\/td><td>3 parties<br>\n        Ronde suisse<\/td><td>16<\/td><\/tr><tr><td>Carcassonne<\/td><td>13h30<\/td><td>18h00<\/td><td>3 parties<br>\nElimination directe<\/td><td>20<\/td><\/tr><tr><td>Compile<\/td><td>14h00<\/td><td>17h00<\/td><td>Elimination directe <\/td><td>8<\/td><\/tr><tr><td>7 Wonders <\/td><td rowspan=\"3\">Dimanche 31 ao\u00fbt <\/td><td>11h00<\/td><td>13h00<\/td><td>3 parties<br>\n        Ronde suisse<\/td><td>49<\/td><\/tr><tr><td>Catane<\/td><td>13h30<\/td><td>18h00<\/td><td>3 parties<br>\n        Elimination directe <\/td><td>16<\/td><\/tr><tr><td>Puzzle BGF <\/td><td>14h30<\/td><td>16h30<\/td><td>Timing<\/td><td>6 \u00e9quipes de 4 personnes<\/td><\/tr><\/tbody><\/table><\/figure>\n\n\n\n<p class=\"has-text-align-center\"><\/p>\n\n\n\n<figure class=\"wp-block-image size-full\"><img loading=\"lazy\" decoding=\"async\" width=\"1920\" height=\"1133\" src=\"http:\/\/dev.brusselsgamesfestival.be\/wpbgf\/wp-content\/uploads\/2025\/08\/BGF2024-124-tournoi-Azul.jpg\" alt=\"\" class=\"wp-image-4919\" srcset=\"https:\/\/dev.brusselsgamesfestival.be\/wpbgf\/wp-content\/uploads\/2025\/08\/BGF2024-124-tournoi-Azul.jpg 1920w, https:\/\/dev.brusselsgamesfestival.be\/wpbgf\/wp-content\/uploads\/2025\/08\/BGF2024-124-tournoi-Azul-300x177.jpg 300w, https:\/\/dev.brusselsgamesfestival.be\/wpbgf\/wp-content\/uploads\/2025\/08\/BGF2024-124-tournoi-Azul-1024x604.jpg 1024w, https:\/\/dev.brusselsgamesfestival.be\/wpbgf\/wp-content\/uploads\/2025\/08\/BGF2024-124-tournoi-Azul-768x453.jpg 768w, https:\/\/dev.brusselsgamesfestival.be\/wpbgf\/wp-content\/uploads\/2025\/08\/BGF2024-124-tournoi-Azul-535x316.jpg 535w, https:\/\/dev.brusselsgamesfestival.be\/wpbgf\/wp-content\/uploads\/2025\/08\/BGF2024-124-tournoi-Azul-1536x906.jpg 1536w\" sizes=\"auto, (max-width: 1920px) 100vw, 1920px\" \/><\/figure>\n\n\n\n<div style=\"height:21px\" aria-hidden=\"true\" class=\"wp-block-spacer\"><\/div>\n\n\n\n<div style=\"height:21px\" aria-hidden=\"true\" class=\"wp-block-spacer\"><\/div>\n\n\n\n<div style=\"height:21px\" aria-hidden=\"true\" class=\"wp-block-spacer\"><\/div>\n","protected":false},"excerpt":{"rendered":"<p>Un peu de challenge ne vous fait pas peur ? La comp\u00e9tition vous fait vibrer ? Profitez du BGF pour vous distinguer sur 7 Wonders, Azul duel, Carcassonne, Catane, Heat, Compile ou dans une course \u00e0 la r\u00e9alisation d\u2019un puzzle BGF. Participer Une participation de 3\u20ac sous forme de caution vous est demand\u00e9e et vous &hellip; <\/p>\n","protected":false},"author":2,"featured_media":4919,"parent":79,"menu_order":0,"comment_status":"closed","ping_status":"closed","template":"","meta":{"_acf_changed":false,"_monsterinsights_skip_tracking":false,"_monsterinsights_sitenote_active":false,"_monsterinsights_sitenote_note":"","_monsterinsights_sitenote_category":0,"footnotes":""},"class_list":["post-97","page","type-page","status-publish","has-post-thumbnail","hentry","latest_post"],"acf":[],"aioseo_notices":[],"_links":{"self":[{"href":"https:\/\/dev.brusselsgamesfestival.be\/wpbgf\/wp-json\/wp\/v2\/pages\/97","targetHints":{"allow":["GET"]}}],"collection":[{"href":"https:\/\/dev.brusselsgamesfestival.be\/wpbgf\/wp-json\/wp\/v2\/pages"}],"about":[{"href":"https:\/\/dev.brusselsgamesfestival.be\/wpbgf\/wp-json\/wp\/v2\/types\/page"}],"author":[{"embeddable":true,"href":"https:\/\/dev.brusselsgamesfestival.be\/wpbgf\/wp-json\/wp\/v2\/users\/2"}],"replies":[{"embeddable":true,"href":"https:\/\/dev.brusselsgamesfestival.be\/wpbgf\/wp-json\/wp\/v2\/comments?post=97"}],"version-history":[{"count":55,"href":"https:\/\/dev.brusselsgamesfestival.be\/wpbgf\/wp-json\/wp\/v2\/pages\/97\/revisions"}],"predecessor-version":[{"id":6069,"href":"https:\/\/dev.brusselsgamesfestival.be\/wpbgf\/wp-json\/wp\/v2\/pages\/97\/revisions\/6069"}],"up":[{"embeddable":true,"href":"https:\/\/dev.brusselsgamesfestival.be\/wpbgf\/wp-json\/wp\/v2\/pages\/79"}],"wp:featuredmedia":[{"embeddable":true,"href":"https:\/\/dev.brusselsgamesfestival.be\/wpbgf\/wp-json\/wp\/v2\/media\/4919"}],"wp:attachment":[{"href":"https:\/\/dev.brusselsgamesfestival.be\/wpbgf\/wp-json\/wp\/v2\/media?parent=97"}],"curies":[{"name":"wp","href":"https:\/\/api.w.org\/{rel}","templated":true}]}}