{"id":964,"date":"2023-08-03T10:46:23","date_gmt":"2023-08-03T10:46:23","guid":{"rendered":"http:\/\/dev.brusselsgamesfestival.be\/wpbgf\/?page_id=964"},"modified":"2025-08-03T07:31:27","modified_gmt":"2025-08-03T07:31:27","slug":"bourse-aux-jeux","status":"publish","type":"page","link":"https:\/\/dev.brusselsgamesfestival.be\/wpbgf\/fr\/programme\/bourse-aux-jeux\/","title":{"rendered":"Bourse aux jeux"},"content":{"rendered":"\n<p>Un des \u00e9v\u00e8nements phare du Brussels Games Festival, c&#8217;est bien entendu sa fameuse Bourse aux jeux !<\/p>\n\n\n\n<h2 class=\"wp-block-heading\">Horaire des ventes<\/h2>\n\n\n\n<figure class=\"wp-block-table\"><table><tbody><tr><td>Vendredi 29 ao\u00fbt 2025<\/td><td>14h<\/td><td>20h<\/td><\/tr><tr><td>Samedi 30 ao\u00fbt 2025<\/td><td>12h<\/td><td>18h<\/td><\/tr><tr><td>Dimanche 31 ao\u00fbt 2025<\/td><td>10h<\/td><td>16h<\/td><\/tr><\/tbody><\/table><\/figure>\n\n\n\n<h2 class=\"wp-block-heading\">Moyens de paiement<\/h2>\n\n\n\n<ul class=\"wp-block-list\">\n<li>cash<\/li>\n\n\n\n<li>carte bancaire<\/li>\n<\/ul>\n\n\n\n<h2 class=\"wp-block-heading\">Vendre des jeux<\/h2>\n\n\n\n<p>Si vous souhaitez vendre un ou des jeux \u00e0 la Bourse aux jeux du BGF, <a href=\"http:\/\/dev.brusselsgamesfestival.be\/wpbgf\/fr\/participer\/bourse\/\" title=\"\">rendez-vous dans cette page<\/a>.<\/p>\n\n\n\n<p>Et pour toute autres questions concernant la Bourse aux jeux, contactez-nous \u00e0 l&#8217;adresse : <a href=\"mailto:bourse@brusselsgamesfestival.be\" title=\"\">bourse@brusselsgamesfestival.be<\/a>.<\/p>\n\n\n<div class=\"wp-block-image\">\n<figure class=\"aligncenter size-full\"><img loading=\"lazy\" decoding=\"async\" width=\"2000\" height=\"1049\" src=\"http:\/\/dev.brusselsgamesfestival.be\/wpbgf\/wp-content\/uploads\/2025\/06\/BGF2024-174-Buyers.jpg\" alt=\"\" class=\"wp-image-4458\" srcset=\"https:\/\/dev.brusselsgamesfestival.be\/wpbgf\/wp-content\/uploads\/2025\/06\/BGF2024-174-Buyers.jpg 2000w, https:\/\/dev.brusselsgamesfestival.be\/wpbgf\/wp-content\/uploads\/2025\/06\/BGF2024-174-Buyers-300x157.jpg 300w, https:\/\/dev.brusselsgamesfestival.be\/wpbgf\/wp-content\/uploads\/2025\/06\/BGF2024-174-Buyers-1024x537.jpg 1024w, https:\/\/dev.brusselsgamesfestival.be\/wpbgf\/wp-content\/uploads\/2025\/06\/BGF2024-174-Buyers-768x403.jpg 768w, https:\/\/dev.brusselsgamesfestival.be\/wpbgf\/wp-content\/uploads\/2025\/06\/BGF2024-174-Buyers-535x281.jpg 535w, https:\/\/dev.brusselsgamesfestival.be\/wpbgf\/wp-content\/uploads\/2025\/06\/BGF2024-174-Buyers-1536x806.jpg 1536w, https:\/\/dev.brusselsgamesfestival.be\/wpbgf\/wp-content\/uploads\/2025\/06\/BGF2024-174-Buyers-1920x1008.jpg 1920w\" sizes=\"auto, (max-width: 2000px) 100vw, 2000px\" \/><\/figure>\n<\/div>","protected":false},"excerpt":{"rendered":"<p>Un des \u00e9v\u00e8nements phare du Brussels Games Festival, c&#8217;est bien entendu sa fameuse Bourse aux jeux ! Horaire des ventes Vendredi 29 ao\u00fbt 2025 14h 20h Samedi 30 ao\u00fbt 2025 12h 18h Dimanche 31 ao\u00fbt 2025 10h 16h Moyens de paiement Vendre des jeux Si vous souhaitez vendre un ou des jeux \u00e0 la Bourse &hellip; <\/p>\n","protected":false},"author":2,"featured_media":542,"parent":73,"menu_order":0,"comment_status":"closed","ping_status":"closed","template":"","meta":{"_acf_changed":false,"_monsterinsights_skip_tracking":false,"_monsterinsights_sitenote_active":false,"_monsterinsights_sitenote_note":"","_monsterinsights_sitenote_category":0,"footnotes":""},"class_list":["post-964","page","type-page","status-publish","has-post-thumbnail","hentry","latest_post"],"acf":[],"aioseo_notices":[],"_links":{"self":[{"href":"https:\/\/dev.brusselsgamesfestival.be\/wpbgf\/wp-json\/wp\/v2\/pages\/964","targetHints":{"allow":["GET"]}}],"collection":[{"href":"https:\/\/dev.brusselsgamesfestival.be\/wpbgf\/wp-json\/wp\/v2\/pages"}],"about":[{"href":"https:\/\/dev.brusselsgamesfestival.be\/wpbgf\/wp-json\/wp\/v2\/types\/page"}],"author":[{"embeddable":true,"href":"https:\/\/dev.brusselsgamesfestival.be\/wpbgf\/wp-json\/wp\/v2\/users\/2"}],"replies":[{"embeddable":true,"href":"https:\/\/dev.brusselsgamesfestival.be\/wpbgf\/wp-json\/wp\/v2\/comments?post=964"}],"version-history":[{"count":17,"href":"https:\/\/dev.brusselsgamesfestival.be\/wpbgf\/wp-json\/wp\/v2\/pages\/964\/revisions"}],"predecessor-version":[{"id":4825,"href":"https:\/\/dev.brusselsgamesfestival.be\/wpbgf\/wp-json\/wp\/v2\/pages\/964\/revisions\/4825"}],"up":[{"embeddable":true,"href":"https:\/\/dev.brusselsgamesfestival.be\/wpbgf\/wp-json\/wp\/v2\/pages\/73"}],"wp:featuredmedia":[{"embeddable":true,"href":"https:\/\/dev.brusselsgamesfestival.be\/wpbgf\/wp-json\/wp\/v2\/media\/542"}],"wp:attachment":[{"href":"https:\/\/dev.brusselsgamesfestival.be\/wpbgf\/wp-json\/wp\/v2\/media?parent=964"}],"curies":[{"name":"wp","href":"https:\/\/api.w.org\/{rel}","templated":true}]}}