{"id":6185,"date":"2025-09-04T15:00:21","date_gmt":"2025-09-04T15:00:21","guid":{"rendered":"https:\/\/dev.brusselsgamesfestival.be\/wpbgf\/?page_id=6185"},"modified":"2025-09-04T15:11:55","modified_gmt":"2025-09-04T15:11:55","slug":"photos-2025","status":"publish","type":"page","link":"https:\/\/dev.brusselsgamesfestival.be\/wpbgf\/fr\/medias\/photos-2025\/","title":{"rendered":"Photos 2025"},"content":{"rendered":"\n<p>Voici quelques photos de notre \u00e9v\u00e9nement en 2025. D\u00e9couvrez <a href=\"https:\/\/photos.app.goo.gl\/iUyDqdywwsAESEtR6\" target=\"_blank\" rel=\"noopener\" title=\"\">plus de 300 photos dans notre album partag\u00e9<\/a>.<br><\/p>\n\n\n\n<div class=\"wp-block-buttons is-content-justification-center is-layout-flex wp-container-core-buttons-is-layout-16018d1d wp-block-buttons-is-layout-flex\"><\/div>\n\n\n<style>#pgb-6187 img { border-radius: 14px; }#pgb-6187 .photo-gallery-item .caption { background-color: #ffffff;  }#pgb-6187 .photo-gallery-item .figc {color:#ffffff;}#pgb-6187 .pgb-title {  font-size: 18px; }#pgb-6187  p.description { color:#ffffff;font-size:14px; }#pgb-6187  .pgb-title { color:#ffffff; }<\/style>\n\r\n\r\n<div id=\"pgb-6187\" class=\"photo-gallery-wp photo-gallery\" style=\"padding:0px 15px 0px 0px;\" data-config=\"{&quot;margin&quot;:8,&quot;type&quot;:&quot;creative-gallery&quot;,&quot;gutter&quot;:8}\">\r\n\r\n\r\n<style>\r\n\/* ---- isotope ---- *\/\r\n\r\n\/* clear fix *\/\r\n.grid_pgb-6187 {\r\n  content: '';\r\n  display: block;\r\n  clear: both;\r\n}\r\n\r\n\/* ---- .grid-item ---- *\/\r\n\r\n.grid-item_pgb-6187 {\r\n  float: left;\r\n}\r\n\r\n.grid-item_pgb-6187 img {\r\n  display: block;\r\n  max-width: 100%;\r\n}\r\n<\/style>\r\n\r\n\r\n\r\n            <div class=\"row grid\" id=\"grid_pgb-6187\">\r\n    \r\n                            <div class=\"col-md-3 project col-sm-6 col-12 grid-item_pgb-6187\">\r\n                    <div style=\"margin: 8px;\" >\r\n                        \r\n                                                        <a class=\"popup-box\" href=\"https:\/\/dev.brusselsgamesfestival.be\/wpbgf\/wp-content\/uploads\/2025\/09\/BGF25_EXPORTSITEWEB-2-1.jpg\" data-lightbox=\"image\">\r\n                                    <img decoding=\"async\" src=\"https:\/\/dev.brusselsgamesfestival.be\/wpbgf\/wp-content\/uploads\/2025\/09\/BGF25_EXPORTSITEWEB-2-1-535x357.jpg\" style=\"width:100%;\">\r\n                                <\/a>        \r\n                                      \r\n\r\n\r\n         <\/div><!-- margin -->\r\n     <\/div><!-- col -->\r\n\t\r\n                            <div class=\"col-md-3 project col-sm-6 col-12 grid-item_pgb-6187\">\r\n                    <div style=\"margin: 8px;\" >\r\n                        \r\n                                                        <a class=\"popup-box\" href=\"https:\/\/dev.brusselsgamesfestival.be\/wpbgf\/wp-content\/uploads\/2025\/09\/BGF25_EXPORTSITEWEB-2-4-1.jpg\" data-lightbox=\"image\">\r\n                                    <img decoding=\"async\" src=\"https:\/\/dev.brusselsgamesfestival.be\/wpbgf\/wp-content\/uploads\/2025\/09\/BGF25_EXPORTSITEWEB-2-4-1-535x357.jpg\" style=\"width:100%;\">\r\n                                <\/a>        \r\n                                      \r\n\r\n\r\n         <\/div><!-- margin -->\r\n     <\/div><!-- col -->\r\n\t\r\n                            <div class=\"col-md-3 project col-sm-6 col-12 grid-item_pgb-6187\">\r\n                    <div style=\"margin: 8px;\" >\r\n                        \r\n                                                        <a class=\"popup-box\" href=\"https:\/\/dev.brusselsgamesfestival.be\/wpbgf\/wp-content\/uploads\/2025\/09\/BGF25_EXPORTSITEWEB-3-1.jpg\" data-lightbox=\"image\">\r\n                                    <img decoding=\"async\" src=\"https:\/\/dev.brusselsgamesfestival.be\/wpbgf\/wp-content\/uploads\/2025\/09\/BGF25_EXPORTSITEWEB-3-1-535x357.jpg\" style=\"width:100%;\">\r\n                                <\/a>        \r\n                                      \r\n\r\n\r\n         <\/div><!-- margin -->\r\n     <\/div><!-- col -->\r\n\t\r\n                            <div class=\"col-md-3 project col-sm-6 col-12 grid-item_pgb-6187\">\r\n                    <div style=\"margin: 8px;\" >\r\n                        \r\n                                                        <a class=\"popup-box\" href=\"https:\/\/dev.brusselsgamesfestival.be\/wpbgf\/wp-content\/uploads\/2025\/09\/BGF25_EXPORTSITEWEB-4-1.jpg\" data-lightbox=\"image\">\r\n                                    <img decoding=\"async\" src=\"https:\/\/dev.brusselsgamesfestival.be\/wpbgf\/wp-content\/uploads\/2025\/09\/BGF25_EXPORTSITEWEB-4-1-535x357.jpg\" style=\"width:100%;\">\r\n                                <\/a>        \r\n                                      \r\n\r\n\r\n         <\/div><!-- margin -->\r\n     <\/div><!-- col -->\r\n\t\r\n                            <div class=\"col-md-3 project col-sm-6 col-12 grid-item_pgb-6187\">\r\n                    <div style=\"margin: 8px;\" >\r\n                        \r\n                                                        <a class=\"popup-box\" href=\"https:\/\/dev.brusselsgamesfestival.be\/wpbgf\/wp-content\/uploads\/2025\/09\/BGF25_EXPORTSITEWEB-5-1.jpg\" data-lightbox=\"image\">\r\n                                    <img decoding=\"async\" src=\"https:\/\/dev.brusselsgamesfestival.be\/wpbgf\/wp-content\/uploads\/2025\/09\/BGF25_EXPORTSITEWEB-5-1-535x357.jpg\" style=\"width:100%;\">\r\n                                <\/a>        \r\n                                      \r\n\r\n\r\n         <\/div><!-- margin -->\r\n     <\/div><!-- col -->\r\n\t\r\n                            <div class=\"col-md-3 project col-sm-6 col-12 grid-item_pgb-6187\">\r\n                    <div style=\"margin: 8px;\" >\r\n                        \r\n                                                        <a class=\"popup-box\" href=\"https:\/\/dev.brusselsgamesfestival.be\/wpbgf\/wp-content\/uploads\/2025\/09\/BGF25_EXPORTSITEWEB-6-1.jpg\" data-lightbox=\"image\">\r\n                                    <img decoding=\"async\" src=\"https:\/\/dev.brusselsgamesfestival.be\/wpbgf\/wp-content\/uploads\/2025\/09\/BGF25_EXPORTSITEWEB-6-1-535x357.jpg\" style=\"width:100%;\">\r\n                                <\/a>        \r\n                                      \r\n\r\n\r\n         <\/div><!-- margin -->\r\n     <\/div><!-- col -->\r\n\t\r\n                            <div class=\"col-md-3 project col-sm-6 col-12 grid-item_pgb-6187\">\r\n                    <div style=\"margin: 8px;\" >\r\n                        \r\n                                                        <a class=\"popup-box\" href=\"https:\/\/dev.brusselsgamesfestival.be\/wpbgf\/wp-content\/uploads\/2025\/09\/BGF25_EXPORTSITEWEB-2-5.jpg\" data-lightbox=\"image\">\r\n                                    <img decoding=\"async\" src=\"https:\/\/dev.brusselsgamesfestival.be\/wpbgf\/wp-content\/uploads\/2025\/09\/BGF25_EXPORTSITEWEB-2-5-535x357.jpg\" style=\"width:100%;\">\r\n                                <\/a>        \r\n                                      \r\n\r\n\r\n         <\/div><!-- margin -->\r\n     <\/div><!-- col -->\r\n\t\r\n                            <div class=\"col-md-3 project col-sm-6 col-12 grid-item_pgb-6187\">\r\n                    <div style=\"margin: 8px;\" >\r\n                        \r\n                                                        <a class=\"popup-box\" href=\"https:\/\/dev.brusselsgamesfestival.be\/wpbgf\/wp-content\/uploads\/2025\/09\/BGF25_EXPORTSITEWEB-7-1.jpg\" data-lightbox=\"image\">\r\n                                    <img decoding=\"async\" src=\"https:\/\/dev.brusselsgamesfestival.be\/wpbgf\/wp-content\/uploads\/2025\/09\/BGF25_EXPORTSITEWEB-7-1-535x802.jpg\" style=\"width:100%;\">\r\n                                <\/a>        \r\n                                      \r\n\r\n\r\n         <\/div><!-- margin -->\r\n     <\/div><!-- col -->\r\n\t\r\n                            <div class=\"col-md-3 project col-sm-6 col-12 grid-item_pgb-6187\">\r\n                    <div style=\"margin: 8px;\" >\r\n                        \r\n                                                        <a class=\"popup-box\" href=\"https:\/\/dev.brusselsgamesfestival.be\/wpbgf\/wp-content\/uploads\/2025\/09\/BGF25_EXPORTSITEWEB-8-1.jpg\" data-lightbox=\"image\">\r\n                                    <img decoding=\"async\" src=\"https:\/\/dev.brusselsgamesfestival.be\/wpbgf\/wp-content\/uploads\/2025\/09\/BGF25_EXPORTSITEWEB-8-1-535x357.jpg\" style=\"width:100%;\">\r\n                                <\/a>        \r\n                                      \r\n\r\n\r\n         <\/div><!-- margin -->\r\n     <\/div><!-- col -->\r\n\t\r\n                            <div class=\"col-md-3 project col-sm-6 col-12 grid-item_pgb-6187\">\r\n                    <div style=\"margin: 8px;\" >\r\n                        \r\n                                                        <a class=\"popup-box\" href=\"https:\/\/dev.brusselsgamesfestival.be\/wpbgf\/wp-content\/uploads\/2025\/09\/BGF25_EXPORTSITEWEB-9-1.jpg\" data-lightbox=\"image\">\r\n                                    <img decoding=\"async\" src=\"https:\/\/dev.brusselsgamesfestival.be\/wpbgf\/wp-content\/uploads\/2025\/09\/BGF25_EXPORTSITEWEB-9-1-535x357.jpg\" style=\"width:100%;\">\r\n                                <\/a>        \r\n                                      \r\n\r\n\r\n         <\/div><!-- margin -->\r\n     <\/div><!-- col -->\r\n\t\r\n                            <div class=\"col-md-3 project col-sm-6 col-12 grid-item_pgb-6187\">\r\n                    <div style=\"margin: 8px;\" >\r\n                        \r\n                                                        <a class=\"popup-box\" href=\"https:\/\/dev.brusselsgamesfestival.be\/wpbgf\/wp-content\/uploads\/2025\/09\/BGF25_EXPORTSITEWEB-10-1.jpg\" data-lightbox=\"image\">\r\n                                    <img decoding=\"async\" src=\"https:\/\/dev.brusselsgamesfestival.be\/wpbgf\/wp-content\/uploads\/2025\/09\/BGF25_EXPORTSITEWEB-10-1-535x357.jpg\" style=\"width:100%;\">\r\n                                <\/a>        \r\n                                      \r\n\r\n\r\n         <\/div><!-- margin -->\r\n     <\/div><!-- col -->\r\n\t\r\n                            <div class=\"col-md-3 project col-sm-6 col-12 grid-item_pgb-6187\">\r\n                    <div style=\"margin: 8px;\" >\r\n                        \r\n                                                        <a class=\"popup-box\" href=\"https:\/\/dev.brusselsgamesfestival.be\/wpbgf\/wp-content\/uploads\/2025\/09\/BGF25_EXPORTSITEWEB-11-1.jpg\" data-lightbox=\"image\">\r\n                                    <img decoding=\"async\" src=\"https:\/\/dev.brusselsgamesfestival.be\/wpbgf\/wp-content\/uploads\/2025\/09\/BGF25_EXPORTSITEWEB-11-1-535x357.jpg\" style=\"width:100%;\">\r\n                                <\/a>        \r\n                                      \r\n\r\n\r\n         <\/div><!-- margin -->\r\n     <\/div><!-- col -->\r\n\t\r\n                            <div class=\"col-md-3 project col-sm-6 col-12 grid-item_pgb-6187\">\r\n                    <div style=\"margin: 8px;\" >\r\n                        \r\n                                                        <a class=\"popup-box\" href=\"https:\/\/dev.brusselsgamesfestival.be\/wpbgf\/wp-content\/uploads\/2025\/09\/BGF25_EXPORTSITEWEB-2-2-1.jpg\" data-lightbox=\"image\">\r\n                                    <img decoding=\"async\" src=\"https:\/\/dev.brusselsgamesfestival.be\/wpbgf\/wp-content\/uploads\/2025\/09\/BGF25_EXPORTSITEWEB-2-2-1-535x357.jpg\" style=\"width:100%;\">\r\n                                <\/a>        \r\n                                      \r\n\r\n\r\n         <\/div><!-- margin -->\r\n     <\/div><!-- col -->\r\n\t\r\n                            <div class=\"col-md-3 project col-sm-6 col-12 grid-item_pgb-6187\">\r\n                    <div style=\"margin: 8px;\" >\r\n                        \r\n                                                        <a class=\"popup-box\" href=\"https:\/\/dev.brusselsgamesfestival.be\/wpbgf\/wp-content\/uploads\/2025\/09\/BGF25_EXPORTSITEWEB-12-1.jpg\" data-lightbox=\"image\">\r\n                                    <img decoding=\"async\" src=\"https:\/\/dev.brusselsgamesfestival.be\/wpbgf\/wp-content\/uploads\/2025\/09\/BGF25_EXPORTSITEWEB-12-1-535x357.jpg\" style=\"width:100%;\">\r\n                                <\/a>        \r\n                                      \r\n\r\n\r\n         <\/div><!-- margin -->\r\n     <\/div><!-- col -->\r\n\t\r\n                            <div class=\"col-md-3 project col-sm-6 col-12 grid-item_pgb-6187\">\r\n                    <div style=\"margin: 8px;\" >\r\n                        \r\n                                                        <a class=\"popup-box\" href=\"https:\/\/dev.brusselsgamesfestival.be\/wpbgf\/wp-content\/uploads\/2025\/09\/BGF25_EXPORTSITEWEB-13-1.jpg\" data-lightbox=\"image\">\r\n                                    <img decoding=\"async\" src=\"https:\/\/dev.brusselsgamesfestival.be\/wpbgf\/wp-content\/uploads\/2025\/09\/BGF25_EXPORTSITEWEB-13-1-535x802.jpg\" style=\"width:100%;\">\r\n                                <\/a>        \r\n                                      \r\n\r\n\r\n         <\/div><!-- margin -->\r\n     <\/div><!-- col -->\r\n\t\r\n                            <div class=\"col-md-3 project col-sm-6 col-12 grid-item_pgb-6187\">\r\n                    <div style=\"margin: 8px;\" >\r\n                        \r\n                                                        <a class=\"popup-box\" href=\"https:\/\/dev.brusselsgamesfestival.be\/wpbgf\/wp-content\/uploads\/2025\/09\/BGF25_EXPORTSITEWEB-14-1.jpg\" data-lightbox=\"image\">\r\n                                    <img decoding=\"async\" src=\"https:\/\/dev.brusselsgamesfestival.be\/wpbgf\/wp-content\/uploads\/2025\/09\/BGF25_EXPORTSITEWEB-14-1-535x357.jpg\" style=\"width:100%;\">\r\n                                <\/a>        \r\n                                      \r\n\r\n\r\n         <\/div><!-- margin -->\r\n     <\/div><!-- col -->\r\n\t\r\n                            <div class=\"col-md-3 project col-sm-6 col-12 grid-item_pgb-6187\">\r\n                    <div style=\"margin: 8px;\" >\r\n                        \r\n                                                        <a class=\"popup-box\" href=\"https:\/\/dev.brusselsgamesfestival.be\/wpbgf\/wp-content\/uploads\/2025\/09\/BGF25_EXPORTSITEWEB-15-1.jpg\" data-lightbox=\"image\">\r\n                                    <img decoding=\"async\" src=\"https:\/\/dev.brusselsgamesfestival.be\/wpbgf\/wp-content\/uploads\/2025\/09\/BGF25_EXPORTSITEWEB-15-1-535x357.jpg\" style=\"width:100%;\">\r\n                                <\/a>        \r\n                                      \r\n\r\n\r\n         <\/div><!-- margin -->\r\n     <\/div><!-- col -->\r\n\t\r\n                            <div class=\"col-md-3 project col-sm-6 col-12 grid-item_pgb-6187\">\r\n                    <div style=\"margin: 8px;\" >\r\n                        \r\n                                                        <a class=\"popup-box\" href=\"https:\/\/dev.brusselsgamesfestival.be\/wpbgf\/wp-content\/uploads\/2025\/09\/BGF25_EXPORTSITEWEB-16-1.jpg\" data-lightbox=\"image\">\r\n                                    <img decoding=\"async\" src=\"https:\/\/dev.brusselsgamesfestival.be\/wpbgf\/wp-content\/uploads\/2025\/09\/BGF25_EXPORTSITEWEB-16-1-535x357.jpg\" style=\"width:100%;\">\r\n                                <\/a>        \r\n                                      \r\n\r\n\r\n         <\/div><!-- margin -->\r\n     <\/div><!-- col -->\r\n\t\r\n                            <div class=\"col-md-3 project col-sm-6 col-12 grid-item_pgb-6187\">\r\n                    <div style=\"margin: 8px;\" >\r\n                        \r\n                                                        <a class=\"popup-box\" href=\"https:\/\/dev.brusselsgamesfestival.be\/wpbgf\/wp-content\/uploads\/2025\/09\/BGF25_EXPORTSITEWEB-17-1.jpg\" data-lightbox=\"image\">\r\n                                    <img decoding=\"async\" src=\"https:\/\/dev.brusselsgamesfestival.be\/wpbgf\/wp-content\/uploads\/2025\/09\/BGF25_EXPORTSITEWEB-17-1-535x357.jpg\" style=\"width:100%;\">\r\n                                <\/a>        \r\n                                      \r\n\r\n\r\n         <\/div><!-- margin -->\r\n     <\/div><!-- col -->\r\n\t\r\n                            <div class=\"col-md-3 project col-sm-6 col-12 grid-item_pgb-6187\">\r\n                    <div style=\"margin: 8px;\" >\r\n                        \r\n                                                        <a class=\"popup-box\" href=\"https:\/\/dev.brusselsgamesfestival.be\/wpbgf\/wp-content\/uploads\/2025\/09\/BGF25_EXPORTSITEWEB-18-1.jpg\" data-lightbox=\"image\">\r\n                                    <img decoding=\"async\" src=\"https:\/\/dev.brusselsgamesfestival.be\/wpbgf\/wp-content\/uploads\/2025\/09\/BGF25_EXPORTSITEWEB-18-1-535x357.jpg\" style=\"width:100%;\">\r\n                                <\/a>        \r\n                                      \r\n\r\n\r\n         <\/div><!-- margin -->\r\n     <\/div><!-- col -->\r\n\t\r\n                            <div class=\"col-md-3 project col-sm-6 col-12 grid-item_pgb-6187\">\r\n                    <div style=\"margin: 8px;\" >\r\n                        \r\n                                                        <a class=\"popup-box\" href=\"https:\/\/dev.brusselsgamesfestival.be\/wpbgf\/wp-content\/uploads\/2025\/09\/BGF25_EXPORTSITEWEB-19-1.jpg\" data-lightbox=\"image\">\r\n                                    <img decoding=\"async\" src=\"https:\/\/dev.brusselsgamesfestival.be\/wpbgf\/wp-content\/uploads\/2025\/09\/BGF25_EXPORTSITEWEB-19-1-535x357.jpg\" style=\"width:100%;\">\r\n                                <\/a>        \r\n                                      \r\n\r\n\r\n         <\/div><!-- margin -->\r\n     <\/div><!-- col -->\r\n\t\r\n                            <div class=\"col-md-3 project col-sm-6 col-12 grid-item_pgb-6187\">\r\n                    <div style=\"margin: 8px;\" >\r\n                        \r\n                                                        <a class=\"popup-box\" href=\"https:\/\/dev.brusselsgamesfestival.be\/wpbgf\/wp-content\/uploads\/2025\/09\/BGF25_EXPORTSITEWEB-20-1.jpg\" data-lightbox=\"image\">\r\n                                    <img decoding=\"async\" src=\"https:\/\/dev.brusselsgamesfestival.be\/wpbgf\/wp-content\/uploads\/2025\/09\/BGF25_EXPORTSITEWEB-20-1-535x357.jpg\" style=\"width:100%;\">\r\n                                <\/a>        \r\n                                      \r\n\r\n\r\n         <\/div><!-- margin -->\r\n     <\/div><!-- col -->\r\n\t\r\n                            <div class=\"col-md-3 project col-sm-6 col-12 grid-item_pgb-6187\">\r\n                    <div style=\"margin: 8px;\" >\r\n                        \r\n                                                        <a class=\"popup-box\" href=\"https:\/\/dev.brusselsgamesfestival.be\/wpbgf\/wp-content\/uploads\/2025\/09\/BGF25_EXPORTSITEWEB-21-1.jpg\" data-lightbox=\"image\">\r\n                                    <img decoding=\"async\" src=\"https:\/\/dev.brusselsgamesfestival.be\/wpbgf\/wp-content\/uploads\/2025\/09\/BGF25_EXPORTSITEWEB-21-1-535x357.jpg\" style=\"width:100%;\">\r\n                                <\/a>        \r\n                                      \r\n\r\n\r\n         <\/div><!-- margin -->\r\n     <\/div><!-- col -->\r\n\t\r\n                            <div class=\"col-md-3 project col-sm-6 col-12 grid-item_pgb-6187\">\r\n                    <div style=\"margin: 8px;\" >\r\n                        \r\n                                                        <a class=\"popup-box\" href=\"https:\/\/dev.brusselsgamesfestival.be\/wpbgf\/wp-content\/uploads\/2025\/09\/BGF25_EXPORTSITEWEB-22-1.jpg\" data-lightbox=\"image\">\r\n                                    <img decoding=\"async\" src=\"https:\/\/dev.brusselsgamesfestival.be\/wpbgf\/wp-content\/uploads\/2025\/09\/BGF25_EXPORTSITEWEB-22-1-535x802.jpg\" style=\"width:100%;\">\r\n                                <\/a>        \r\n                                      \r\n\r\n\r\n         <\/div><!-- margin -->\r\n     <\/div><!-- col -->\r\n\t\r\n                            <div class=\"col-md-3 project col-sm-6 col-12 grid-item_pgb-6187\">\r\n                    <div style=\"margin: 8px;\" >\r\n                        \r\n                                                        <a class=\"popup-box\" href=\"https:\/\/dev.brusselsgamesfestival.be\/wpbgf\/wp-content\/uploads\/2025\/09\/BGF25_EXPORTSITEWEB-23-1.jpg\" data-lightbox=\"image\">\r\n                                    <img decoding=\"async\" src=\"https:\/\/dev.brusselsgamesfestival.be\/wpbgf\/wp-content\/uploads\/2025\/09\/BGF25_EXPORTSITEWEB-23-1-535x357.jpg\" style=\"width:100%;\">\r\n                                <\/a>        \r\n                                      \r\n\r\n\r\n         <\/div><!-- margin -->\r\n     <\/div><!-- col -->\r\n\t\r\n                            <div class=\"col-md-3 project col-sm-6 col-12 grid-item_pgb-6187\">\r\n                    <div style=\"margin: 8px;\" >\r\n                        \r\n                                                        <a class=\"popup-box\" href=\"https:\/\/dev.brusselsgamesfestival.be\/wpbgf\/wp-content\/uploads\/2025\/09\/BGF25_EXPORTSITEWEB-24-1.jpg\" data-lightbox=\"image\">\r\n                                    <img decoding=\"async\" src=\"https:\/\/dev.brusselsgamesfestival.be\/wpbgf\/wp-content\/uploads\/2025\/09\/BGF25_EXPORTSITEWEB-24-1-535x802.jpg\" style=\"width:100%;\">\r\n                                <\/a>        \r\n                                      \r\n\r\n\r\n         <\/div><!-- margin -->\r\n     <\/div><!-- col -->\r\n\t\r\n                            <div class=\"col-md-3 project col-sm-6 col-12 grid-item_pgb-6187\">\r\n                    <div style=\"margin: 8px;\" >\r\n                        \r\n                                                        <a class=\"popup-box\" href=\"https:\/\/dev.brusselsgamesfestival.be\/wpbgf\/wp-content\/uploads\/2025\/09\/BGF25_EXPORTSITEWEB-25-1.jpg\" data-lightbox=\"image\">\r\n                                    <img decoding=\"async\" src=\"https:\/\/dev.brusselsgamesfestival.be\/wpbgf\/wp-content\/uploads\/2025\/09\/BGF25_EXPORTSITEWEB-25-1-535x802.jpg\" style=\"width:100%;\">\r\n                                <\/a>        \r\n                                      \r\n\r\n\r\n         <\/div><!-- margin -->\r\n     <\/div><!-- col -->\r\n\t\r\n                            <div class=\"col-md-3 project col-sm-6 col-12 grid-item_pgb-6187\">\r\n                    <div style=\"margin: 8px;\" >\r\n                        \r\n                                                        <a class=\"popup-box\" href=\"https:\/\/dev.brusselsgamesfestival.be\/wpbgf\/wp-content\/uploads\/2025\/09\/BGF25_EXPORTSITEWEB-26-1.jpg\" data-lightbox=\"image\">\r\n                                    <img decoding=\"async\" src=\"https:\/\/dev.brusselsgamesfestival.be\/wpbgf\/wp-content\/uploads\/2025\/09\/BGF25_EXPORTSITEWEB-26-1-535x802.jpg\" style=\"width:100%;\">\r\n                                <\/a>        \r\n                                      \r\n\r\n\r\n         <\/div><!-- margin -->\r\n     <\/div><!-- col -->\r\n\t\r\n                            <div class=\"col-md-3 project col-sm-6 col-12 grid-item_pgb-6187\">\r\n                    <div style=\"margin: 8px;\" >\r\n                        \r\n                                                        <a class=\"popup-box\" href=\"https:\/\/dev.brusselsgamesfestival.be\/wpbgf\/wp-content\/uploads\/2025\/09\/BGF25_EXPORTSITEWEB-27-1.jpg\" data-lightbox=\"image\">\r\n                                    <img decoding=\"async\" src=\"https:\/\/dev.brusselsgamesfestival.be\/wpbgf\/wp-content\/uploads\/2025\/09\/BGF25_EXPORTSITEWEB-27-1-535x357.jpg\" style=\"width:100%;\">\r\n                                <\/a>        \r\n                                      \r\n\r\n\r\n         <\/div><!-- margin -->\r\n     <\/div><!-- col -->\r\n\t\r\n                            <div class=\"col-md-3 project col-sm-6 col-12 grid-item_pgb-6187\">\r\n                    <div style=\"margin: 8px;\" >\r\n                        \r\n                                                        <a class=\"popup-box\" href=\"https:\/\/dev.brusselsgamesfestival.be\/wpbgf\/wp-content\/uploads\/2025\/09\/BGF25_EXPORTSITEWEB-28-1.jpg\" data-lightbox=\"image\">\r\n                                    <img decoding=\"async\" src=\"https:\/\/dev.brusselsgamesfestival.be\/wpbgf\/wp-content\/uploads\/2025\/09\/BGF25_EXPORTSITEWEB-28-1-535x802.jpg\" style=\"width:100%;\">\r\n                                <\/a>        \r\n                                      \r\n\r\n\r\n         <\/div><!-- margin -->\r\n     <\/div><!-- col -->\r\n\t    <\/div><!-- row -->\r\n\r\n    <script>\r\n\r\n        jQuery(document).ready( function () {\r\n    \r\n            var $grid = jQuery('#grid_pgb-6187').isotope({\r\n              itemSelector: '.grid-item_pgb-6187',\r\n                percentPosition: true,\r\n              masonry: {\r\n                columnWidth:0\r\n              }\r\n                \r\n            });\r\n            \r\n            $grid.imagesLoaded().progress( function() {\r\n              $grid.isotope('layout');\r\n            });\r\n\r\n          }\r\n        );\r\n\r\n    <\/script>\r\n<\/div>\r\n\n","protected":false},"excerpt":{"rendered":"<p>Voici quelques photos de notre \u00e9v\u00e9nement en 2025. D\u00e9couvrez plus de 300 photos dans notre album partag\u00e9.<\/p>\n","protected":false},"author":2,"featured_media":0,"parent":77,"menu_order":0,"comment_status":"closed","ping_status":"closed","template":"","meta":{"_acf_changed":false,"_monsterinsights_skip_tracking":false,"_monsterinsights_sitenote_active":false,"_monsterinsights_sitenote_note":"","_monsterinsights_sitenote_category":0,"footnotes":""},"class_list":["post-6185","page","type-page","status-publish","hentry","latest_post"],"acf":[],"aioseo_notices":[],"_links":{"self":[{"href":"https:\/\/dev.brusselsgamesfestival.be\/wpbgf\/wp-json\/wp\/v2\/pages\/6185","targetHints":{"allow":["GET"]}}],"collection":[{"href":"https:\/\/dev.brusselsgamesfestival.be\/wpbgf\/wp-json\/wp\/v2\/pages"}],"about":[{"href":"https:\/\/dev.brusselsgamesfestival.be\/wpbgf\/wp-json\/wp\/v2\/types\/page"}],"author":[{"embeddable":true,"href":"https:\/\/dev.brusselsgamesfestival.be\/wpbgf\/wp-json\/wp\/v2\/users\/2"}],"replies":[{"embeddable":true,"href":"https:\/\/dev.brusselsgamesfestival.be\/wpbgf\/wp-json\/wp\/v2\/comments?post=6185"}],"version-history":[{"count":1,"href":"https:\/\/dev.brusselsgamesfestival.be\/wpbgf\/wp-json\/wp\/v2\/pages\/6185\/revisions"}],"predecessor-version":[{"id":6218,"href":"https:\/\/dev.brusselsgamesfestival.be\/wpbgf\/wp-json\/wp\/v2\/pages\/6185\/revisions\/6218"}],"up":[{"embeddable":true,"href":"https:\/\/dev.brusselsgamesfestival.be\/wpbgf\/wp-json\/wp\/v2\/pages\/77"}],"wp:attachment":[{"href":"https:\/\/dev.brusselsgamesfestival.be\/wpbgf\/wp-json\/wp\/v2\/media?parent=6185"}],"curies":[{"name":"wp","href":"https:\/\/api.w.org\/{rel}","templated":true}]}}