{"id":6123,"date":"2025-08-27T19:54:58","date_gmt":"2025-08-27T19:54:58","guid":{"rendered":"https:\/\/dev.brusselsgamesfestival.be\/wpbgf\/?page_id=6123"},"modified":"2025-08-27T20:01:37","modified_gmt":"2025-08-27T20:01:37","slug":"expo-her-creatieve","status":"publish","type":"page","link":"https:\/\/dev.brusselsgamesfestival.be\/wpbgf\/nl\/expo-her-creatieve\/","title":{"rendered":"Expo \u2013 Her-creatieve spellen: wanneer regels zelf speelmateriaal worden"},"content":{"rendered":"\n<h2 class=\"wp-block-heading\"><strong>Het recept aanpassen\u2026 maar is het nog steeds hetzelfde gerecht?<\/strong><\/h2>\n\n\n\n<p>Wat als spelen niet alleen zou bestaan uit het volgen van regels, maar ook uit het veranderen, het ombuigen en het heruitvinden ervan?<\/p>\n\n\n\n<p>De <strong>her-creatieve spellen<\/strong> nodigen spelers uit om de regels eigen te maken: nieuwe manieren van spelen uitvinden, de verborgen regel raden of de regel laten evolueren tijdens het spel. Geen valsspelen of overtreden: het gaat erom de grenzen van het spel te verkennen, er creativiteit in te brengen, en soms zelfs een vleugje subversie.<\/p>\n\n\n\n<figure class=\"wp-block-image size-large\"><img loading=\"lazy\" decoding=\"async\" width=\"1024\" height=\"563\" src=\"https:\/\/dev.brusselsgamesfestival.be\/wpbgf\/wp-content\/uploads\/2025\/08\/Re-creatifotodefamille-1024x563.jpg\" alt=\"\" class=\"wp-image-6115\" srcset=\"https:\/\/dev.brusselsgamesfestival.be\/wpbgf\/wp-content\/uploads\/2025\/08\/Re-creatifotodefamille-1024x563.jpg 1024w, https:\/\/dev.brusselsgamesfestival.be\/wpbgf\/wp-content\/uploads\/2025\/08\/Re-creatifotodefamille-300x165.jpg 300w, https:\/\/dev.brusselsgamesfestival.be\/wpbgf\/wp-content\/uploads\/2025\/08\/Re-creatifotodefamille-768x422.jpg 768w, https:\/\/dev.brusselsgamesfestival.be\/wpbgf\/wp-content\/uploads\/2025\/08\/Re-creatifotodefamille-535x294.jpg 535w, https:\/\/dev.brusselsgamesfestival.be\/wpbgf\/wp-content\/uploads\/2025\/08\/Re-creatifotodefamille-1536x844.jpg 1536w, https:\/\/dev.brusselsgamesfestival.be\/wpbgf\/wp-content\/uploads\/2025\/08\/Re-creatifotodefamille.jpg 1688w\" sizes=\"auto, (max-width: 1024px) 100vw, 1024px\" \/><\/figure>\n\n\n\n<p>Van <strong>Robert Abbott (Eleusis, 1956)<\/strong> tot <strong>Fluxx (1997)<\/strong> of <strong>Fou fou fou ! (2019)<\/strong>, en via de invloed van de OuLiPo, game jams of serious games, hebben verschillende auteurs de weg geopend naar deze vorm van speelse vrijheid. Deze creaties tonen dat een spel een experimenteerruimte kan zijn, waar nieuwe mechanismen ontstaan en de spelontwerper in ons allen wakker wordt.<\/p>\n\n\n\n<p>Deze bijzondere spellen stellen onze relatie tot regels in vraag: hoe ver kan je ermee spelen zonder de geest van het spel te verliezen? Ze openen een ruimte van experiment die de grenzen tussen speler en maker doet vervagen, en tonen dat elke partij een collectief werk kan worden.<\/p>\n\n\n\n<figure class=\"wp-block-image size-large\"><img loading=\"lazy\" decoding=\"async\" width=\"1024\" height=\"634\" src=\"http:\/\/dev.brusselsgamesfestival.be\/wpbgf\/wp-content\/uploads\/2025\/08\/Ludo-Vortex-1024x634.jpg\" alt=\"\" class=\"wp-image-5911\" srcset=\"https:\/\/dev.brusselsgamesfestival.be\/wpbgf\/wp-content\/uploads\/2025\/08\/Ludo-Vortex-1024x634.jpg 1024w, https:\/\/dev.brusselsgamesfestival.be\/wpbgf\/wp-content\/uploads\/2025\/08\/Ludo-Vortex-300x186.jpg 300w, https:\/\/dev.brusselsgamesfestival.be\/wpbgf\/wp-content\/uploads\/2025\/08\/Ludo-Vortex-768x476.jpg 768w, https:\/\/dev.brusselsgamesfestival.be\/wpbgf\/wp-content\/uploads\/2025\/08\/Ludo-Vortex-535x331.jpg 535w, https:\/\/dev.brusselsgamesfestival.be\/wpbgf\/wp-content\/uploads\/2025\/08\/Ludo-Vortex-1536x951.jpg 1536w, https:\/\/dev.brusselsgamesfestival.be\/wpbgf\/wp-content\/uploads\/2025\/08\/Ludo-Vortex-2048x1269.jpg 2048w\" sizes=\"auto, (max-width: 1024px) 100vw, 1024px\" \/><\/figure>\n\n\n\n<p><strong><mark style=\"background-color:rgba(0, 0, 0, 0)\" class=\"has-inline-color has-vivid-red-color\">De her-creatieve spellen die in de tentoonstelling worden gepresenteerd, zijn ook beschikbaar in de <strong>BGth\u00e8que<\/strong>, zodat iedereen ze zelf kan uitproberen.<\/mark><\/strong><\/p>\n\n\n\n<p>De tentoonstelling belicht dit grotendeels onbekende verhaal en legt de nadruk op hedendaagse tools zoals <strong>Ludovortex<\/strong>, ontworpen om het ontwerpen, aanpassen en analyseren van spellen te stimuleren.<br>\ud83d\udc49 <strong>Te ontdekken op het Brussels Games Festival, tijdens de hele duur van het festival!<\/strong><\/p>\n\n\n\n<figure class=\"wp-block-embed is-type-video is-provider-youtube wp-block-embed-youtube wp-embed-aspect-16-9 wp-has-aspect-ratio\"><div class=\"wp-block-embed__wrapper\">\n<iframe loading=\"lazy\" title=\"Game design et r\u00e8gles \u00e9volutives : 70 ans de jeux de soci\u00e9t\u00e9 Re-cr\u00e9atifs (Conf\u00e9rence FIJ 2025)\" width=\"640\" height=\"360\" src=\"https:\/\/www.youtube.com\/embed\/K3QwYwcjo-Y?feature=oembed\" frameborder=\"0\" allow=\"accelerometer; autoplay; clipboard-write; encrypted-media; gyroscope; picture-in-picture; web-share\" referrerpolicy=\"strict-origin-when-cross-origin\" allowfullscreen><\/iframe>\n<\/div><\/figure>\n","protected":false},"excerpt":{"rendered":"<p>Het recept aanpassen\u2026 maar is het nog steeds hetzelfde gerecht? Wat als spelen niet alleen zou bestaan uit het volgen van regels, maar ook uit het veranderen, het ombuigen en het heruitvinden ervan? De her-creatieve spellen nodigen spelers uit om de regels eigen te maken: nieuwe manieren van spelen uitvinden, de verborgen regel raden of &hellip; <\/p>\n","protected":false},"author":2,"featured_media":0,"parent":0,"menu_order":0,"comment_status":"closed","ping_status":"closed","template":"","meta":{"_acf_changed":false,"_monsterinsights_skip_tracking":false,"_monsterinsights_sitenote_active":false,"_monsterinsights_sitenote_note":"","_monsterinsights_sitenote_category":0,"footnotes":""},"class_list":["post-6123","page","type-page","status-publish","hentry","latest_post"],"acf":[],"aioseo_notices":[],"_links":{"self":[{"href":"https:\/\/dev.brusselsgamesfestival.be\/wpbgf\/wp-json\/wp\/v2\/pages\/6123","targetHints":{"allow":["GET"]}}],"collection":[{"href":"https:\/\/dev.brusselsgamesfestival.be\/wpbgf\/wp-json\/wp\/v2\/pages"}],"about":[{"href":"https:\/\/dev.brusselsgamesfestival.be\/wpbgf\/wp-json\/wp\/v2\/types\/page"}],"author":[{"embeddable":true,"href":"https:\/\/dev.brusselsgamesfestival.be\/wpbgf\/wp-json\/wp\/v2\/users\/2"}],"replies":[{"embeddable":true,"href":"https:\/\/dev.brusselsgamesfestival.be\/wpbgf\/wp-json\/wp\/v2\/comments?post=6123"}],"version-history":[{"count":3,"href":"https:\/\/dev.brusselsgamesfestival.be\/wpbgf\/wp-json\/wp\/v2\/pages\/6123\/revisions"}],"predecessor-version":[{"id":6134,"href":"https:\/\/dev.brusselsgamesfestival.be\/wpbgf\/wp-json\/wp\/v2\/pages\/6123\/revisions\/6134"}],"wp:attachment":[{"href":"https:\/\/dev.brusselsgamesfestival.be\/wpbgf\/wp-json\/wp\/v2\/media?parent=6123"}],"curies":[{"name":"wp","href":"https:\/\/api.w.org\/{rel}","templated":true}]}}