{"id":6112,"date":"2025-08-27T19:41:20","date_gmt":"2025-08-27T19:41:20","guid":{"rendered":"https:\/\/dev.brusselsgamesfestival.be\/wpbgf\/?page_id=6112"},"modified":"2025-08-27T20:02:12","modified_gmt":"2025-08-27T20:02:12","slug":"expo-ludo","status":"publish","type":"page","link":"https:\/\/dev.brusselsgamesfestival.be\/wpbgf\/fr\/expo-ludo\/","title":{"rendered":"Expo \u2013 Jeux re-cr\u00e9atifs : quand les r\u00e8gles deviennent mati\u00e8re \u00e0 jouer"},"content":{"rendered":"\n<h2 class=\"wp-block-heading\"><strong>Modifier la recette\u2026 mais est-ce encore le m\u00eame plat ?<\/strong><\/h2>\n\n\n\n<p>Et si le jeu ne se limitait pas \u00e0 suivre des r\u00e8gles, mais consistait \u00e0 les transformer, \u00e0 les d\u00e9tourner, \u00e0 les r\u00e9inventer ?<\/p>\n\n\n\n<p>Les <strong>jeux re-cr\u00e9atifs<\/strong> invitent les joueur\u00b7euses \u00e0 s\u2019approprier la r\u00e8gle : inventer de nouvelles fa\u00e7ons de jouer, deviner la r\u00e8gle cach\u00e9e, ou encore la faire \u00e9voluer au fil de la partie. Ni triche ni transgression : il s\u2019agit d\u2019explorer les fronti\u00e8res du jeu, d\u2019y injecter de la cr\u00e9ativit\u00e9, parfois m\u00eame une pointe de subversion.<\/p>\n\n\n\n<figure class=\"wp-block-image size-large\"><img loading=\"lazy\" decoding=\"async\" width=\"1024\" height=\"563\" src=\"https:\/\/dev.brusselsgamesfestival.be\/wpbgf\/wp-content\/uploads\/2025\/08\/Re-creatifotodefamille-1024x563.jpg\" alt=\"\" class=\"wp-image-6115\" srcset=\"https:\/\/dev.brusselsgamesfestival.be\/wpbgf\/wp-content\/uploads\/2025\/08\/Re-creatifotodefamille-1024x563.jpg 1024w, https:\/\/dev.brusselsgamesfestival.be\/wpbgf\/wp-content\/uploads\/2025\/08\/Re-creatifotodefamille-300x165.jpg 300w, https:\/\/dev.brusselsgamesfestival.be\/wpbgf\/wp-content\/uploads\/2025\/08\/Re-creatifotodefamille-768x422.jpg 768w, https:\/\/dev.brusselsgamesfestival.be\/wpbgf\/wp-content\/uploads\/2025\/08\/Re-creatifotodefamille-535x294.jpg 535w, https:\/\/dev.brusselsgamesfestival.be\/wpbgf\/wp-content\/uploads\/2025\/08\/Re-creatifotodefamille-1536x844.jpg 1536w, https:\/\/dev.brusselsgamesfestival.be\/wpbgf\/wp-content\/uploads\/2025\/08\/Re-creatifotodefamille.jpg 1688w\" sizes=\"auto, (max-width: 1024px) 100vw, 1024px\" \/><\/figure>\n\n\n\n<p>De <strong>Robert Abbott (Eleusis, 1956)<\/strong> \u00e0 <strong>Fluxx (1997)<\/strong> ou <strong>Fou fou fou ! (2019)<\/strong>, en passant par l\u2019influence de l\u2019OuLiPo, les game jams ou les serious games, une lign\u00e9e d\u2019auteurs et d\u2019autrices a ouvert la voie \u00e0 cette forme de libert\u00e9 ludique. Ces cr\u00e9ations montrent qu\u2019un jeu peut \u00eatre un terrain d\u2019exp\u00e9rimentation, un espace pour faire \u00e9merger de nouvelles m\u00e9caniques et r\u00e9veiller l\u2019auteur ou l\u2019autrice de jeux qui sommeille en chacun\u00b7e de nous.<\/p>\n\n\n\n<p>Ces jeux particuliers interrogent notre rapport au cadre : jusqu\u2019o\u00f9 peut-on jouer avec la r\u00e8gle sans perdre l\u2019esprit du jeu ? Ils ouvrent un espace d\u2019exp\u00e9rimentation qui brouille les fronti\u00e8res entre joueur\u00b7euse et cr\u00e9ateur\u00b7rice, et qui r\u00e9v\u00e8le que chaque partie peut devenir une \u0153uvre collective.<\/p>\n\n\n\n<figure class=\"wp-block-image size-large\"><img loading=\"lazy\" decoding=\"async\" width=\"1024\" height=\"634\" src=\"http:\/\/dev.brusselsgamesfestival.be\/wpbgf\/wp-content\/uploads\/2025\/08\/Ludo-Vortex-1024x634.jpg\" alt=\"\" class=\"wp-image-5911\" srcset=\"https:\/\/dev.brusselsgamesfestival.be\/wpbgf\/wp-content\/uploads\/2025\/08\/Ludo-Vortex-1024x634.jpg 1024w, https:\/\/dev.brusselsgamesfestival.be\/wpbgf\/wp-content\/uploads\/2025\/08\/Ludo-Vortex-300x186.jpg 300w, https:\/\/dev.brusselsgamesfestival.be\/wpbgf\/wp-content\/uploads\/2025\/08\/Ludo-Vortex-768x476.jpg 768w, https:\/\/dev.brusselsgamesfestival.be\/wpbgf\/wp-content\/uploads\/2025\/08\/Ludo-Vortex-535x331.jpg 535w, https:\/\/dev.brusselsgamesfestival.be\/wpbgf\/wp-content\/uploads\/2025\/08\/Ludo-Vortex-1536x951.jpg 1536w, https:\/\/dev.brusselsgamesfestival.be\/wpbgf\/wp-content\/uploads\/2025\/08\/Ludo-Vortex-2048x1269.jpg 2048w\" sizes=\"auto, (max-width: 1024px) 100vw, 1024px\" \/><\/figure>\n\n\n\n<p><strong><mark style=\"background-color:rgba(0, 0, 0, 0)\" class=\"has-inline-color has-vivid-red-color\">Les jeux re-cr\u00e9atifs pr\u00e9sent\u00e9s dans l\u2019exposition seront \u00e9galement disponibles \u00e0 la BGth\u00e8que, pour que chacun\u00b7e puisse les tester et en faire l\u2019exp\u00e9rience directement.<\/mark><\/strong><\/p>\n\n\n\n<p>L\u2019exposition retrace cette histoire m\u00e9connue et met en lumi\u00e8re les outils contemporains comme <strong>Ludovortex<\/strong>, con\u00e7us pour stimuler la conception, l\u2019adaptation et l\u2019analyse des jeux.<br>\ud83d\udc49 <strong>\u00c0 d\u00e9couvrir au Brussels Games Festival, pendant toute la dur\u00e9e du festival !<\/strong><\/p>\n\n\n\n<figure class=\"wp-block-embed is-type-video is-provider-youtube wp-block-embed-youtube wp-embed-aspect-16-9 wp-has-aspect-ratio\"><div class=\"wp-block-embed__wrapper\">\n<iframe loading=\"lazy\" title=\"Game design et r\u00e8gles \u00e9volutives : 70 ans de jeux de soci\u00e9t\u00e9 Re-cr\u00e9atifs (Conf\u00e9rence FIJ 2025)\" width=\"640\" height=\"360\" src=\"https:\/\/www.youtube.com\/embed\/K3QwYwcjo-Y?feature=oembed\" frameborder=\"0\" allow=\"accelerometer; autoplay; clipboard-write; encrypted-media; gyroscope; picture-in-picture; web-share\" referrerpolicy=\"strict-origin-when-cross-origin\" allowfullscreen><\/iframe>\n<\/div><\/figure>\n","protected":false},"excerpt":{"rendered":"<p>Modifier la recette\u2026 mais est-ce encore le m\u00eame plat ? Et si le jeu ne se limitait pas \u00e0 suivre des r\u00e8gles, mais consistait \u00e0 les transformer, \u00e0 les d\u00e9tourner, \u00e0 les r\u00e9inventer ? Les jeux re-cr\u00e9atifs invitent les joueur\u00b7euses \u00e0 s\u2019approprier la r\u00e8gle : inventer de nouvelles fa\u00e7ons de jouer, deviner la r\u00e8gle cach\u00e9e, &hellip; <\/p>\n","protected":false},"author":2,"featured_media":0,"parent":0,"menu_order":0,"comment_status":"closed","ping_status":"closed","template":"","meta":{"_acf_changed":false,"_monsterinsights_skip_tracking":false,"_monsterinsights_sitenote_active":false,"_monsterinsights_sitenote_note":"","_monsterinsights_sitenote_category":0,"footnotes":""},"class_list":["post-6112","page","type-page","status-publish","hentry","latest_post"],"acf":[],"aioseo_notices":[],"_links":{"self":[{"href":"https:\/\/dev.brusselsgamesfestival.be\/wpbgf\/wp-json\/wp\/v2\/pages\/6112","targetHints":{"allow":["GET"]}}],"collection":[{"href":"https:\/\/dev.brusselsgamesfestival.be\/wpbgf\/wp-json\/wp\/v2\/pages"}],"about":[{"href":"https:\/\/dev.brusselsgamesfestival.be\/wpbgf\/wp-json\/wp\/v2\/types\/page"}],"author":[{"embeddable":true,"href":"https:\/\/dev.brusselsgamesfestival.be\/wpbgf\/wp-json\/wp\/v2\/users\/2"}],"replies":[{"embeddable":true,"href":"https:\/\/dev.brusselsgamesfestival.be\/wpbgf\/wp-json\/wp\/v2\/comments?post=6112"}],"version-history":[{"count":9,"href":"https:\/\/dev.brusselsgamesfestival.be\/wpbgf\/wp-json\/wp\/v2\/pages\/6112\/revisions"}],"predecessor-version":[{"id":6135,"href":"https:\/\/dev.brusselsgamesfestival.be\/wpbgf\/wp-json\/wp\/v2\/pages\/6112\/revisions\/6135"}],"wp:attachment":[{"href":"https:\/\/dev.brusselsgamesfestival.be\/wpbgf\/wp-json\/wp\/v2\/media?parent=6112"}],"curies":[{"name":"wp","href":"https:\/\/api.w.org\/{rel}","templated":true}]}}