{"id":5283,"date":"2025-08-13T18:37:52","date_gmt":"2025-08-13T18:37:52","guid":{"rendered":"https:\/\/dev.brusselsgamesfestival.be\/wpbgf\/?page_id=5283"},"modified":"2025-08-23T12:28:25","modified_gmt":"2025-08-23T12:28:25","slug":"bgf-factory","status":"publish","type":"page","link":"https:\/\/dev.brusselsgamesfestival.be\/wpbgf\/fr\/bgf-factory\/","title":{"rendered":"La BGF Factory"},"content":{"rendered":"\n<p>Bienvenue dans la <strong>BGF Factory<\/strong>, l\u2019atelier cr\u00e9atif du Brussels Games Festival.<br>C\u2019est ici que se rencontrent les diff\u00e9rentes facettes de la cr\u00e9ation ludique : prototypes en comp\u00e9tition, ateliers, d\u00e9monstrations et espaces collaboratifs. Un lieu o\u00f9 l\u2019imagination prend vie et o\u00f9 la diversit\u00e9 du jeu se d\u00e9voile.<\/p>\n\n\n\n<h2 class=\"wp-block-heading\">La ProtoZone<\/h2>\n\n\n\n<div class=\"wp-block-columns is-layout-flex wp-container-core-columns-is-layout-9d6595d7 wp-block-columns-is-layout-flex\">\n<div class=\"wp-block-column is-layout-flow wp-block-column-is-layout-flow\" style=\"flex-basis:66.66%\">\n<p>C\u0153ur battant de la BGF Factory, la <strong>ProtoZone<\/strong> met \u00e0 l\u2019honneur 20 prototypes en comp\u00e9tition pour le <strong>Meeple Pis d\u2019Or 2025<\/strong>, le prix du public que VOUS allez d\u00e9cerner par vos votes.<\/p>\n\n\n\n<p>Un jury compos\u00e9 de passionn\u00e9\u00b7es et de professionnel\u00b7les du secteur remettra \u00e9galement le <strong>Prix du Jury<\/strong>, r\u00e9compensant un autre jeu parmi les participants.<\/p>\n\n\n\n<p>D\u00e9couvrez tous les jeux inscrits \u00e0 l\u2019<a href=\"https:\/\/dev.brusselsgamesfestival.be\/wpbgf\/fr\/programme\/protozone\/\" target=\"_blank\" rel=\"noopener\" title=\"\">\u00e9dition 2025 de la ProtoZone<\/a>.<\/p>\n<\/div>\n\n\n\n<div class=\"wp-block-column is-layout-flow wp-block-column-is-layout-flow\" style=\"flex-basis:33.33%\">\n<figure class=\"wp-block-image size-full\"><img loading=\"lazy\" decoding=\"async\" width=\"1000\" height=\"1000\" src=\"http:\/\/dev.brusselsgamesfestival.be\/wpbgf\/wp-content\/uploads\/2025\/04\/ProtoZone2024-1.jpg\" alt=\"\" class=\"wp-image-4106\" srcset=\"https:\/\/dev.brusselsgamesfestival.be\/wpbgf\/wp-content\/uploads\/2025\/04\/ProtoZone2024-1.jpg 1000w, https:\/\/dev.brusselsgamesfestival.be\/wpbgf\/wp-content\/uploads\/2025\/04\/ProtoZone2024-1-300x300.jpg 300w, https:\/\/dev.brusselsgamesfestival.be\/wpbgf\/wp-content\/uploads\/2025\/04\/ProtoZone2024-1-150x150.jpg 150w, https:\/\/dev.brusselsgamesfestival.be\/wpbgf\/wp-content\/uploads\/2025\/04\/ProtoZone2024-1-768x768.jpg 768w, https:\/\/dev.brusselsgamesfestival.be\/wpbgf\/wp-content\/uploads\/2025\/04\/ProtoZone2024-1-500x500.jpg 500w, https:\/\/dev.brusselsgamesfestival.be\/wpbgf\/wp-content\/uploads\/2025\/04\/ProtoZone2024-1-535x535.jpg 535w, https:\/\/dev.brusselsgamesfestival.be\/wpbgf\/wp-content\/uploads\/2025\/04\/ProtoZone2024-1-470x470.jpg 470w\" sizes=\"auto, (max-width: 1000px) 100vw, 1000px\" \/><\/figure>\n<\/div>\n<\/div>\n\n\n\n<h2 class=\"wp-block-heading\">La ProtoNight<\/h2>\n\n\n\n<p>La <strong>ProtoNight<\/strong> est l\u2019occasion de d\u00e9couvrir la cr\u00e9ation ludique dans un cadre plus libre et convivial.<br>Hors concours, elle est ouverte \u00e0 tou\u00b7tes les cr\u00e9ateur\u00b7ices, quel que soit l\u2019avancement de leur projet. Qu\u2019il s\u2019agisse d\u2019une id\u00e9e toute fra\u00eeche, d\u2019un prototype en cours ou d\u2019un jeu presque finalis\u00e9, chacun peut venir partager son univers et le tester avec le public.<\/p>\n\n\n\n<p>Et vous pouvez encore y participer ! Pour vous inscrire, rendez-vous sur notre <a href=\"https:\/\/dev.brusselsgamesfestival.be\/wpbgf\/fr\/participer\/protonight\/\" target=\"_blank\" rel=\"noopener\" title=\"\">page d\u00e9di\u00e9e \u00e0 la ProtoNight<\/a>.<\/p>\n\n\n\n<p><\/p>\n\n\n\n<h2 class=\"wp-block-heading\">Peinture sur figurine<\/h2>\n\n\n\n<div class=\"wp-block-columns is-layout-flex wp-container-core-columns-is-layout-9d6595d7 wp-block-columns-is-layout-flex\">\n<div class=\"wp-block-column is-layout-flow wp-block-column-is-layout-flow\">\n<h3 class=\"wp-block-heading\">Ipsofactory<\/h3>\n\n\n\n<p>Vous avez toujours eu envie de donner de la couleur \u00e0 vos figurines sans savoir par o\u00f9 commencer ? L\u2019animation <strong>Peinture sur figurine<\/strong> est faite pour vous. Cette ann\u00e9e, elle sera propos\u00e9e par <strong>IpsoFactory<\/strong>, passionn\u00e9e de Warhammer Old World et amoureuse des peaux vertes, qui partagera avec vous sa passion et ses techniques. Ayant d\u00e9but\u00e9 la peinture sur figurine en 2024, elle voit chaque figurine comme une opportunit\u00e9 de progresser, de s\u2019amuser et de rencontrer d\u2019autres passionn\u00e9\u00b7es. Elle vous guidera pour donner vie \u00e0 vos propres cr\u00e9ations, \u00e0 votre rythme.<\/p>\n\n\n\n<div class=\"wp-block-group is-nowrap is-layout-flex wp-container-core-group-is-layout-9123dee2 wp-block-group-is-layout-flex\">\n<figure class=\"wp-block-image size-full is-resized\"><a href=\"https:\/\/www.twitch.tv\/ipsofactory\/about\" target=\"_blank\" rel=\"noreferrer noopener\"><img loading=\"lazy\" decoding=\"async\" width=\"1024\" height=\"1024\" src=\"http:\/\/dev.brusselsgamesfestival.be\/wpbgf\/wp-content\/uploads\/2023\/07\/twitch.png\" alt=\"\" class=\"wp-image-724\" style=\"width:50px;height:50px\" srcset=\"https:\/\/dev.brusselsgamesfestival.be\/wpbgf\/wp-content\/uploads\/2023\/07\/twitch.png 1024w, https:\/\/dev.brusselsgamesfestival.be\/wpbgf\/wp-content\/uploads\/2023\/07\/twitch-300x300.png 300w, https:\/\/dev.brusselsgamesfestival.be\/wpbgf\/wp-content\/uploads\/2023\/07\/twitch-150x150.png 150w, https:\/\/dev.brusselsgamesfestival.be\/wpbgf\/wp-content\/uploads\/2023\/07\/twitch-768x768.png 768w, https:\/\/dev.brusselsgamesfestival.be\/wpbgf\/wp-content\/uploads\/2023\/07\/twitch-470x470.png 470w\" sizes=\"auto, (max-width: 1024px) 100vw, 1024px\" \/><\/a><\/figure>\n\n\n\n<figure class=\"wp-block-image size-full is-resized\"><a href=\"https:\/\/www.facebook.com\/ipsofactory.2024\" target=\"_blank\" rel=\"noreferrer noopener\"><img loading=\"lazy\" decoding=\"async\" width=\"1024\" height=\"1024\" src=\"http:\/\/dev.brusselsgamesfestival.be\/wpbgf\/wp-content\/uploads\/2023\/07\/facebook-2.png\" alt=\"\" class=\"wp-image-619\" style=\"width:50px;height:50px\" srcset=\"https:\/\/dev.brusselsgamesfestival.be\/wpbgf\/wp-content\/uploads\/2023\/07\/facebook-2.png 1024w, https:\/\/dev.brusselsgamesfestival.be\/wpbgf\/wp-content\/uploads\/2023\/07\/facebook-2-300x300.png 300w, https:\/\/dev.brusselsgamesfestival.be\/wpbgf\/wp-content\/uploads\/2023\/07\/facebook-2-150x150.png 150w, https:\/\/dev.brusselsgamesfestival.be\/wpbgf\/wp-content\/uploads\/2023\/07\/facebook-2-768x768.png 768w, https:\/\/dev.brusselsgamesfestival.be\/wpbgf\/wp-content\/uploads\/2023\/07\/facebook-2-470x470.png 470w\" sizes=\"auto, (max-width: 1024px) 100vw, 1024px\" \/><\/a><\/figure>\n\n\n\n<figure class=\"wp-block-image size-full is-resized\"><a href=\"https:\/\/www.instagram.com\/ipso_factory_world\/\" target=\"_blank\" rel=\"noreferrer noopener\"><img loading=\"lazy\" decoding=\"async\" width=\"1024\" height=\"1024\" src=\"http:\/\/dev.brusselsgamesfestival.be\/wpbgf\/wp-content\/uploads\/2023\/07\/instagram2-2.png\" alt=\"\" class=\"wp-image-638\" style=\"width:50px\" srcset=\"https:\/\/dev.brusselsgamesfestival.be\/wpbgf\/wp-content\/uploads\/2023\/07\/instagram2-2.png 1024w, https:\/\/dev.brusselsgamesfestival.be\/wpbgf\/wp-content\/uploads\/2023\/07\/instagram2-2-300x300.png 300w, https:\/\/dev.brusselsgamesfestival.be\/wpbgf\/wp-content\/uploads\/2023\/07\/instagram2-2-150x150.png 150w, https:\/\/dev.brusselsgamesfestival.be\/wpbgf\/wp-content\/uploads\/2023\/07\/instagram2-2-768x768.png 768w, https:\/\/dev.brusselsgamesfestival.be\/wpbgf\/wp-content\/uploads\/2023\/07\/instagram2-2-470x470.png 470w\" sizes=\"auto, (max-width: 1024px) 100vw, 1024px\" \/><\/a><\/figure>\n\n\n\n<figure class=\"wp-block-image size-full is-resized\"><a href=\"https:\/\/discord.gg\/edebbEENJc\" target=\"_blank\" rel=\"noreferrer noopener\"><img loading=\"lazy\" decoding=\"async\" width=\"1024\" height=\"1024\" src=\"http:\/\/dev.brusselsgamesfestival.be\/wpbgf\/wp-content\/uploads\/2023\/07\/discord.png\" alt=\"\" class=\"wp-image-725\" style=\"width:50px;height:50px\" srcset=\"https:\/\/dev.brusselsgamesfestival.be\/wpbgf\/wp-content\/uploads\/2023\/07\/discord.png 1024w, https:\/\/dev.brusselsgamesfestival.be\/wpbgf\/wp-content\/uploads\/2023\/07\/discord-300x300.png 300w, https:\/\/dev.brusselsgamesfestival.be\/wpbgf\/wp-content\/uploads\/2023\/07\/discord-150x150.png 150w, https:\/\/dev.brusselsgamesfestival.be\/wpbgf\/wp-content\/uploads\/2023\/07\/discord-768x768.png 768w, https:\/\/dev.brusselsgamesfestival.be\/wpbgf\/wp-content\/uploads\/2023\/07\/discord-470x470.png 470w\" sizes=\"auto, (max-width: 1024px) 100vw, 1024px\" \/><\/a><\/figure>\n<\/div>\n\n\n\n<figure class=\"wp-block-image size-full is-resized\"><img loading=\"lazy\" decoding=\"async\" width=\"500\" height=\"500\" src=\"http:\/\/dev.brusselsgamesfestival.be\/wpbgf\/wp-content\/uploads\/2025\/07\/IPSOFACTORY.jpg\" alt=\"\" class=\"wp-image-5872\" style=\"object-fit:cover;width:400px;height:400px\" srcset=\"https:\/\/dev.brusselsgamesfestival.be\/wpbgf\/wp-content\/uploads\/2025\/07\/IPSOFACTORY.jpg 500w, https:\/\/dev.brusselsgamesfestival.be\/wpbgf\/wp-content\/uploads\/2025\/07\/IPSOFACTORY-300x300.jpg 300w, https:\/\/dev.brusselsgamesfestival.be\/wpbgf\/wp-content\/uploads\/2025\/07\/IPSOFACTORY-150x150.jpg 150w, https:\/\/dev.brusselsgamesfestival.be\/wpbgf\/wp-content\/uploads\/2025\/07\/IPSOFACTORY-470x470.jpg 470w\" sizes=\"auto, (max-width: 500px) 100vw, 500px\" \/><\/figure>\n<\/div>\n\n\n\n<div class=\"wp-block-column is-layout-flow wp-block-column-is-layout-flow\">\n<h3 class=\"wp-block-heading\">Scaleton Factory<\/h3>\n\n\n\n<p>Mais pour une animation de peinture sur figurine r\u00e9ussie, il faut\u2026 des figurines ! C\u2019est l\u00e0 qu\u2019intervient <strong>Scaleton Factory<\/strong>, qui mettra gratuitement \u00e0 disposition des figurines sp\u00e9cialement imprim\u00e9es en 3D pour l\u2019occasion (dans la limite des stocks disponibles). Sp\u00e9cialis\u00e9 dans la production de figurines en r\u00e9sine haut de gamme, Scaleton accompagne habituellement les cr\u00e9ateurs de jeux de plateau et de jeux de r\u00f4le, avec pour mission d\u2019offrir des figurines de qualit\u00e9 exceptionnelle afin de rendre les exp\u00e9riences de jeu encore plus immersives, gr\u00e2ce \u00e0 un service rapide, flexible et local.<\/p>\n\n\n\n<div class=\"wp-block-group is-nowrap is-layout-flex wp-container-core-group-is-layout-ad2f72ca wp-block-group-is-layout-flex\">\n<figure class=\"wp-block-image size-full is-resized\"><a href=\"https:\/\/www.instagram.com\/scaleton.eu\/\" target=\"_blank\" rel=\"noreferrer noopener\"><img loading=\"lazy\" decoding=\"async\" width=\"1024\" height=\"1024\" src=\"http:\/\/dev.brusselsgamesfestival.be\/wpbgf\/wp-content\/uploads\/2023\/07\/instagram2-2.png\" alt=\"\" class=\"wp-image-638\" style=\"width:50px\" srcset=\"https:\/\/dev.brusselsgamesfestival.be\/wpbgf\/wp-content\/uploads\/2023\/07\/instagram2-2.png 1024w, https:\/\/dev.brusselsgamesfestival.be\/wpbgf\/wp-content\/uploads\/2023\/07\/instagram2-2-300x300.png 300w, https:\/\/dev.brusselsgamesfestival.be\/wpbgf\/wp-content\/uploads\/2023\/07\/instagram2-2-150x150.png 150w, https:\/\/dev.brusselsgamesfestival.be\/wpbgf\/wp-content\/uploads\/2023\/07\/instagram2-2-768x768.png 768w, https:\/\/dev.brusselsgamesfestival.be\/wpbgf\/wp-content\/uploads\/2023\/07\/instagram2-2-470x470.png 470w\" sizes=\"auto, (max-width: 1024px) 100vw, 1024px\" \/><\/a><\/figure>\n<\/div>\n\n\n\n<figure class=\"wp-block-image size-full is-resized\"><img loading=\"lazy\" decoding=\"async\" width=\"500\" height=\"500\" src=\"http:\/\/dev.brusselsgamesfestival.be\/wpbgf\/wp-content\/uploads\/2025\/07\/0039_SCALTON-FACTORY.jpg\" alt=\"\" class=\"wp-image-5289\" style=\"width:400px\" srcset=\"https:\/\/dev.brusselsgamesfestival.be\/wpbgf\/wp-content\/uploads\/2025\/07\/0039_SCALTON-FACTORY.jpg 500w, https:\/\/dev.brusselsgamesfestival.be\/wpbgf\/wp-content\/uploads\/2025\/07\/0039_SCALTON-FACTORY-300x300.jpg 300w, https:\/\/dev.brusselsgamesfestival.be\/wpbgf\/wp-content\/uploads\/2025\/07\/0039_SCALTON-FACTORY-150x150.jpg 150w, https:\/\/dev.brusselsgamesfestival.be\/wpbgf\/wp-content\/uploads\/2025\/07\/0039_SCALTON-FACTORY-470x470.jpg 470w\" sizes=\"auto, (max-width: 500px) 100vw, 500px\" \/><\/figure>\n<\/div>\n<\/div>\n\n\n\n<h2 class=\"wp-block-heading\">Le Meeple Hospital<\/h2>\n\n\n\n<p>Propos\u00e9 par <strong>OpenFab<\/strong> et son <strong>GameLab<\/strong>, le <strong>Meeple Hospital<\/strong> est un atelier collaboratif pens\u00e9 pour venir en aide aux cr\u00e9ateur\u00b7ices de jeux en difficult\u00e9.<\/p>\n\n\n\n<p>Un meeple cass\u00e9, une carte d\u00e9chir\u00e9e, un pion disparu ? Ici, vous trouverez outils, mat\u00e9riel et conseils pour redonner vie \u00e0 vos prototypes ou \u00e0 vos jeux ab\u00eem\u00e9s, dans une ambiance participative et cr\u00e9ative.<\/p>\n\n\n\n<p><strong>OpenFab<\/strong>, c\u2019est le fablab bruxellois port\u00e9 par l\u2019ASBL Syntonie. Plus qu\u2019un simple atelier de fabrication, c\u2019est une communaut\u00e9 qui explore le lien entre l\u2019humain et la technologie, en favorisant la mutualisation des savoir-faire, des id\u00e9es et des machines. Imprimantes 3D, d\u00e9coupeuse laser, CNC ou encore plotter de d\u00e9coupe\u2026 autant d\u2019outils mis en commun pour donner vie \u00e0 des projets concrets et locaux.<\/p>\n\n\n\n<p>Au sein d\u2019OpenFab, le <strong>GameLab<\/strong> rassemble une communaut\u00e9 de passionn\u00e9\u00b7es autour du jeu sous toutes ses formes : jeux de soci\u00e9t\u00e9, jeux p\u00e9dagogiques, escape games, jeux adapt\u00e9s\u2026 V\u00e9ritable laboratoire d\u2019exp\u00e9rimentation, il met \u00e0 disposition une biblioth\u00e8que de mat\u00e9riel sp\u00e9cifique (meeples, d\u00e9s, sabliers, pions, sleeves, moules \u00e0 d\u00e9s, papiers, etc.), organise des soir\u00e9es conviviales et des moments d\u00e9di\u00e9s aux tests de prototypes.<\/p>\n\n\n\n<figure class=\"wp-block-image size-full\"><img loading=\"lazy\" decoding=\"async\" width=\"2560\" height=\"2560\" src=\"https:\/\/dev.brusselsgamesfestival.be\/wpbgf\/wp-content\/uploads\/2025\/08\/Meeple-Hospital-scaled.jpg\" alt=\"\" class=\"wp-image-5907\" style=\"aspect-ratio:3\/2;object-fit:cover\" srcset=\"https:\/\/dev.brusselsgamesfestival.be\/wpbgf\/wp-content\/uploads\/2025\/08\/Meeple-Hospital-scaled.jpg 2560w, https:\/\/dev.brusselsgamesfestival.be\/wpbgf\/wp-content\/uploads\/2025\/08\/Meeple-Hospital-300x300.jpg 300w, https:\/\/dev.brusselsgamesfestival.be\/wpbgf\/wp-content\/uploads\/2025\/08\/Meeple-Hospital-1024x1024.jpg 1024w, https:\/\/dev.brusselsgamesfestival.be\/wpbgf\/wp-content\/uploads\/2025\/08\/Meeple-Hospital-150x150.jpg 150w, https:\/\/dev.brusselsgamesfestival.be\/wpbgf\/wp-content\/uploads\/2025\/08\/Meeple-Hospital-768x768.jpg 768w, https:\/\/dev.brusselsgamesfestival.be\/wpbgf\/wp-content\/uploads\/2025\/08\/Meeple-Hospital-500x500.jpg 500w, https:\/\/dev.brusselsgamesfestival.be\/wpbgf\/wp-content\/uploads\/2025\/08\/Meeple-Hospital-535x535.jpg 535w, https:\/\/dev.brusselsgamesfestival.be\/wpbgf\/wp-content\/uploads\/2025\/08\/Meeple-Hospital-1536x1536.jpg 1536w, https:\/\/dev.brusselsgamesfestival.be\/wpbgf\/wp-content\/uploads\/2025\/08\/Meeple-Hospital-2048x2048.jpg 2048w, https:\/\/dev.brusselsgamesfestival.be\/wpbgf\/wp-content\/uploads\/2025\/08\/Meeple-Hospital-470x470.jpg 470w\" sizes=\"auto, (max-width: 2560px) 100vw, 2560px\" \/><\/figure>\n\n\n\n<h2 class=\"wp-block-heading\">Le LudoVortex<\/h2>\n\n\n\n<p>Plongez dans le tourbillon ludique du <strong><a href=\"https:\/\/ludovortex.wordpress.com\/\" target=\"_blank\" rel=\"noopener\" title=\"\">LudoVortex<\/a><\/strong> : un jeu de cartes unique qui vous permet de <strong>cr\u00e9er votre propre jeu en seulement 30 minutes<\/strong> !<\/p>\n\n\n\n<p>Avec ses 196 cartes r\u00e9parties en 8 cat\u00e9gories, le LudoVortex met en lumi\u00e8re toutes les dimensions du jeu : m\u00e9caniques, mat\u00e9riel, comp\u00e9tences, interactions, exp\u00e9riences\u2026<\/p>\n\n\n\n<p>Que vous soyez joueur\u00b7se curieux\u00b7se, auteur\u00b7ice de jeu ou animateur\u00b7ice, laissez-vous emporter dans le vortex et d\u00e9couvrez une nouvelle mani\u00e8re d\u2019explorer la cr\u00e9ation ludique.<\/p>\n\n\n\n<figure class=\"wp-block-image size-full\"><img loading=\"lazy\" decoding=\"async\" width=\"2560\" height=\"1586\" src=\"https:\/\/dev.brusselsgamesfestival.be\/wpbgf\/wp-content\/uploads\/2025\/08\/Ludo-Vortex-scaled.jpg\" alt=\"\" class=\"wp-image-5911\" style=\"aspect-ratio:16\/9;object-fit:cover\" srcset=\"https:\/\/dev.brusselsgamesfestival.be\/wpbgf\/wp-content\/uploads\/2025\/08\/Ludo-Vortex-scaled.jpg 2560w, https:\/\/dev.brusselsgamesfestival.be\/wpbgf\/wp-content\/uploads\/2025\/08\/Ludo-Vortex-300x186.jpg 300w, https:\/\/dev.brusselsgamesfestival.be\/wpbgf\/wp-content\/uploads\/2025\/08\/Ludo-Vortex-1024x634.jpg 1024w, https:\/\/dev.brusselsgamesfestival.be\/wpbgf\/wp-content\/uploads\/2025\/08\/Ludo-Vortex-768x476.jpg 768w, https:\/\/dev.brusselsgamesfestival.be\/wpbgf\/wp-content\/uploads\/2025\/08\/Ludo-Vortex-535x331.jpg 535w, https:\/\/dev.brusselsgamesfestival.be\/wpbgf\/wp-content\/uploads\/2025\/08\/Ludo-Vortex-1536x951.jpg 1536w, https:\/\/dev.brusselsgamesfestival.be\/wpbgf\/wp-content\/uploads\/2025\/08\/Ludo-Vortex-2048x1269.jpg 2048w\" sizes=\"auto, (max-width: 2560px) 100vw, 2560px\" \/><\/figure>\n\n\n\n<div style=\"height:22px\" aria-hidden=\"true\" class=\"wp-block-spacer\"><\/div>\n\n\n\n<p>La <strong>BGF Factory<\/strong> est l\u2019endroit id\u00e9al pour exp\u00e9rimenter, bricoler, apprendre, tester et cr\u00e9er.<br>Prototypes en comp\u00e9tition, projets en gestation, figurines \u00e0 peindre, r\u00e9parations collaboratives ou encore exp\u00e9riences ludiques in\u00e9dites : c\u2019est ici que le jeu prend vie sous toutes ses formes.<\/p>\n","protected":false},"excerpt":{"rendered":"<p>Bienvenue dans la BGF Factory, l\u2019atelier cr\u00e9atif du Brussels Games Festival.C\u2019est ici que se rencontrent les diff\u00e9rentes facettes de la cr\u00e9ation ludique : prototypes en comp\u00e9tition, ateliers, d\u00e9monstrations et espaces collaboratifs. Un lieu o\u00f9 l\u2019imagination prend vie et o\u00f9 la diversit\u00e9 du jeu se d\u00e9voile. La ProtoZone C\u0153ur battant de la BGF Factory, la ProtoZone &hellip; <\/p>\n","protected":false},"author":2,"featured_media":0,"parent":0,"menu_order":0,"comment_status":"closed","ping_status":"closed","template":"","meta":{"_acf_changed":false,"_monsterinsights_skip_tracking":false,"_monsterinsights_sitenote_active":false,"_monsterinsights_sitenote_note":"","_monsterinsights_sitenote_category":0,"footnotes":""},"class_list":["post-5283","page","type-page","status-publish","hentry","latest_post"],"acf":[],"aioseo_notices":[],"_links":{"self":[{"href":"https:\/\/dev.brusselsgamesfestival.be\/wpbgf\/wp-json\/wp\/v2\/pages\/5283","targetHints":{"allow":["GET"]}}],"collection":[{"href":"https:\/\/dev.brusselsgamesfestival.be\/wpbgf\/wp-json\/wp\/v2\/pages"}],"about":[{"href":"https:\/\/dev.brusselsgamesfestival.be\/wpbgf\/wp-json\/wp\/v2\/types\/page"}],"author":[{"embeddable":true,"href":"https:\/\/dev.brusselsgamesfestival.be\/wpbgf\/wp-json\/wp\/v2\/users\/2"}],"replies":[{"embeddable":true,"href":"https:\/\/dev.brusselsgamesfestival.be\/wpbgf\/wp-json\/wp\/v2\/comments?post=5283"}],"version-history":[{"count":34,"href":"https:\/\/dev.brusselsgamesfestival.be\/wpbgf\/wp-json\/wp\/v2\/pages\/5283\/revisions"}],"predecessor-version":[{"id":5959,"href":"https:\/\/dev.brusselsgamesfestival.be\/wpbgf\/wp-json\/wp\/v2\/pages\/5283\/revisions\/5959"}],"wp:attachment":[{"href":"https:\/\/dev.brusselsgamesfestival.be\/wpbgf\/wp-json\/wp\/v2\/media?parent=5283"}],"curies":[{"name":"wp","href":"https:\/\/api.w.org\/{rel}","templated":true}]}}