{"id":5111,"date":"2025-08-12T10:55:52","date_gmt":"2025-08-12T10:55:52","guid":{"rendered":"https:\/\/dev.brusselsgamesfestival.be\/wpbgf\/?page_id=5111"},"modified":"2025-08-25T18:20:48","modified_gmt":"2025-08-25T18:20:48","slug":"patrick-beukeleirs","status":"publish","type":"page","link":"https:\/\/dev.brusselsgamesfestival.be\/wpbgf\/fr\/medias\/les-affiches-et-leur-artiste\/patrick-beukeleirs\/","title":{"rendered":"Patrick Beukeleirs"},"content":{"rendered":"\n<h2 class=\"wp-block-heading\">Illustrateur de l\u2019affiche du BGF 2013<\/h2>\n\n\n\n<div class=\"wp-block-columns is-layout-flex wp-container-core-columns-is-layout-9d6595d7 wp-block-columns-is-layout-flex\">\n<div class=\"wp-block-column is-layout-flow wp-block-column-is-layout-flow\" style=\"flex-basis:33.33%\">\n<figure class=\"wp-block-image size-full\"><img loading=\"lazy\" decoding=\"async\" width=\"400\" height=\"500\" src=\"https:\/\/dev.brusselsgamesfestival.be\/wpbgf\/wp-content\/uploads\/2025\/08\/Patrick-Beukeleirs.jpg\" alt=\"\" class=\"wp-image-5112\" srcset=\"https:\/\/dev.brusselsgamesfestival.be\/wpbgf\/wp-content\/uploads\/2025\/08\/Patrick-Beukeleirs.jpg 400w, https:\/\/dev.brusselsgamesfestival.be\/wpbgf\/wp-content\/uploads\/2025\/08\/Patrick-Beukeleirs-240x300.jpg 240w\" sizes=\"auto, (max-width: 400px) 100vw, 400px\" \/><\/figure>\n<\/div>\n\n\n\n<div class=\"wp-block-column is-layout-flow wp-block-column-is-layout-flow\" style=\"flex-basis:66.66%\">\n<p>Graphiste amateur passionn\u00e9, Patrick Beukeleirs a suivi plusieurs ann\u00e9es en section artistique \u00e0 l\u2019I.A.T.A. de Namur, avant d\u2019entrer rapidement dans la vie active \u2013 mais en dehors du milieu artistique. Le dessin est rest\u00e9 pour lui un hobby, qu\u2019il a cultiv\u00e9 en explorant diff\u00e9rents univers : tableaux pour chambres d\u2019enfants, aquarelle, peinture de figurines, cartes pour ses prototypes de jeux\u2026 Bien plus tard, il est retourn\u00e9 \u00e0 l\u2019I.A.T.A., cette fois en cours du soir, pour deux ann\u00e9es en art graphique et 3D afin de se perfectionner sur Photoshop, Illustrator et 3D Max.<\/p>\n\n\n\n<h3 class=\"wp-block-heading\">Comment as-tu abord\u00e9 la cr\u00e9ation de cette affiche ?<\/h3>\n\n\n\n<p>C\u2019\u00e9tait la toute premi\u00e8re \u00e9dition du BGF, et l\u2019\u00e9quipe organisatrice ne comptait que sept ou huit personnes, avec z\u00e9ro budget de d\u00e9part. J\u2019\u00e9tais le seul \u00e0 avoir quelques notions de graphisme, donc je me suis propos\u00e9 pour cr\u00e9er l\u2019affiche, \u00e9paul\u00e9 par Tanju Goban, pr\u00e9sident \u00e0 l\u2019\u00e9poque.<\/p>\n\n\n\n<p>Les r\u00e9unions se succ\u00e9daient, et chaque \u00e9l\u00e9ment &#8211; th\u00e8me, couleurs, typographie &#8211; devenait un petit d\u00e9bat. Finalement, apr\u00e8s beaucoup d\u2019allers-retours, nous avons trouv\u00e9 un consensus. J\u2019ai voulu mettre en avant Bruxelles et un Meeple g\u00e9ant : pour moi, il repr\u00e9sentait \u00e0 la fois le jeu et l\u2019id\u00e9e qu\u2019il s\u2019impose dans la ville, invitant tout le monde \u00e0 venir d\u00e9couvrir cet univers. Les couleurs chaudes \u00e9taient l\u00e0 pour attirer l\u2019\u0153il et donner de l\u2019\u00e9nergie \u2013 elles ont m\u00eame inspir\u00e9 le dresscode des b\u00e9n\u00e9voles : rouge pour les responsables, jaune pour les b\u00e9n\u00e9voles.<\/p>\n<\/div>\n<\/div>\n\n\n\n<div class=\"wp-block-columns is-layout-flex wp-container-core-columns-is-layout-9d6595d7 wp-block-columns-is-layout-flex\">\n<div class=\"wp-block-column is-layout-flow wp-block-column-is-layout-flow\">\n<h3 class=\"wp-block-heading\">Qu\u2019est-ce que cette affiche repr\u00e9sente pour toi ?<\/h3>\n\n\n\n<p>La concr\u00e9tisation d\u2019un r\u00eave partag\u00e9 avec une \u00e9quipe de passionn\u00e9\u00b7es : faire aimer le jeu \u00e0 un maximum de personnes, \u00e0 une \u00e9poque o\u00f9 il n\u2019\u00e9tait pas encore \u201c\u00e0 la mode\u201d. Cette affiche, c\u2019est un m\u00e9lange de passion, de r\u00eave et d\u2019invitation. Passion, parce que nous avons tout donn\u00e9 pour ce premier festival; r\u00eave, parce que 24 heures non-stop de jeux, c\u2019\u00e9tait un pari un peu fou; invitation, parce que le Meeple appelle chacun\u00b7e \u00e0 venir partager un moment convivial.<\/p>\n\n\n\n<h3 class=\"wp-block-heading\">S\u2019il fallait d\u00e9crire ton affiche en trois mots, lesquels choisirais-tu \u2013 et pourquoi ?<\/h3>\n\n\n\n<p>Passion, R\u00eave, Invitation.<br>Elles r\u00e9sument l\u2019\u00e9tat d\u2019esprit de cette premi\u00e8re \u00e9dition : une passion commune pour le jeu, un r\u00eave collectif de cr\u00e9er un grand festival, et une invitation lanc\u00e9e \u00e0 Bruxelles toute enti\u00e8re.<\/p>\n<\/div>\n\n\n\n<div class=\"wp-block-column is-layout-flow wp-block-column-is-layout-flow\">\n<figure class=\"wp-block-image size-full\"><a href=\"https:\/\/dev.brusselsgamesfestival.be\/wpbgf\/wp-content\/uploads\/2024\/09\/BGF-affiche-2013.pdf\" target=\"_blank\" rel=\" noreferrer noopener\"><img loading=\"lazy\" decoding=\"async\" width=\"707\" height=\"1000\" src=\"http:\/\/dev.brusselsgamesfestival.be\/wpbgf\/wp-content\/uploads\/2024\/09\/BGF-affiche-2013.jpg\" alt=\"\" class=\"wp-image-4036\" srcset=\"https:\/\/dev.brusselsgamesfestival.be\/wpbgf\/wp-content\/uploads\/2024\/09\/BGF-affiche-2013.jpg 707w, https:\/\/dev.brusselsgamesfestival.be\/wpbgf\/wp-content\/uploads\/2024\/09\/BGF-affiche-2013-212x300.jpg 212w, https:\/\/dev.brusselsgamesfestival.be\/wpbgf\/wp-content\/uploads\/2024\/09\/BGF-affiche-2013-535x757.jpg 535w\" sizes=\"auto, (max-width: 707px) 100vw, 707px\" \/><\/a><figcaption class=\"wp-element-caption\">Cliquez sur l&#8217;image pour avoir sa version PDF<\/figcaption><\/figure>\n<\/div>\n<\/div>\n\n\n\n<h3 class=\"wp-block-heading\">Quel souvenir gardes-tu de ce travail d\u2019illustration pour le BGF ?<\/h3>\n\n\n\n<p>Un souvenir \u00e0 la fois compliqu\u00e9 et gratifiant. Compliqu\u00e9, parce que le travail d\u2019\u00e9quipe sur une cr\u00e9ation visuelle demande beaucoup de compromis; gratifiant, parce que j\u2019ai laiss\u00e9 une trace dans ce festival que je consid\u00e8re un peu comme mon b\u00e9b\u00e9.<\/p>\n\n\n\n<h3 class=\"wp-block-heading\">Y a-t-il un d\u00e9tail ou un clin d\u2019\u0153il dans ton affiche que peu de gens remarquent ?<\/h3>\n\n\n\n<p>En arri\u00e8re-plan, on peut voir des engrenages. Ils symbolisent la logique et la r\u00e9flexion : le jeu, ce n\u2019est pas seulement des d\u00e9s ou des cartes, mais aussi des strat\u00e9gies, de la concentration\u2026 et parfois quelques prises de t\u00eate.<\/p>\n\n\n\n<h2 class=\"wp-block-heading\">Autres \u00e9ditions<\/h2>\n\n\n\n<div class=\"wp-block-columns is-layout-flex wp-container-core-columns-is-layout-9d6595d7 wp-block-columns-is-layout-flex\">\n<div class=\"wp-block-column is-layout-flow wp-block-column-is-layout-flow\">\n<figure class=\"wp-block-image size-full\"><a href=\"http:\/\/dev.brusselsgamesfestival.be\/wpbgf\/fr\/medias\/les-affiches-et-leur-artiste\/\"><img loading=\"lazy\" decoding=\"async\" width=\"400\" height=\"500\" src=\"http:\/\/dev.brusselsgamesfestival.be\/wpbgf\/wp-content\/uploads\/2025\/05\/484653087_548022831661658_562092584661456769_n-e1748587878763.jpg\" alt=\"\" class=\"wp-image-4179\" srcset=\"https:\/\/dev.brusselsgamesfestival.be\/wpbgf\/wp-content\/uploads\/2025\/05\/484653087_548022831661658_562092584661456769_n-e1748587878763.jpg 400w, https:\/\/dev.brusselsgamesfestival.be\/wpbgf\/wp-content\/uploads\/2025\/05\/484653087_548022831661658_562092584661456769_n-e1748587878763-240x300.jpg 240w\" sizes=\"auto, (max-width: 400px) 100vw, 400px\" \/><\/a><\/figure>\n\n\n\n<p class=\"has-text-align-center\"><a href=\"http:\/\/dev.brusselsgamesfestival.be\/wpbgf\/fr\/medias\/les-affiches-et-leur-artiste\/\" title=\"\">Adrien Journel (2025)<\/a><\/p>\n<\/div>\n\n\n\n<div class=\"wp-block-column is-layout-flow wp-block-column-is-layout-flow\">\n<figure class=\"wp-block-image size-full\"><a href=\"https:\/\/dev.brusselsgamesfestival.be\/wpbgf\/fr\/medias\/les-affiches-et-leur-artiste\/ammo-dastarac\/\"><img loading=\"lazy\" decoding=\"async\" width=\"400\" height=\"500\" src=\"http:\/\/dev.brusselsgamesfestival.be\/wpbgf\/wp-content\/uploads\/2025\/08\/Ammo-Dastarac.jpg\" alt=\"\" class=\"wp-image-6041\" srcset=\"https:\/\/dev.brusselsgamesfestival.be\/wpbgf\/wp-content\/uploads\/2025\/08\/Ammo-Dastarac.jpg 400w, https:\/\/dev.brusselsgamesfestival.be\/wpbgf\/wp-content\/uploads\/2025\/08\/Ammo-Dastarac-240x300.jpg 240w\" sizes=\"auto, (max-width: 400px) 100vw, 400px\" \/><\/a><\/figure>\n\n\n\n<p class=\"has-text-align-center\"><a href=\"https:\/\/dev.brusselsgamesfestival.be\/wpbgf\/fr\/medias\/les-affiches-et-leur-artiste\/ammo-dastarac\/\" title=\"Ammo Dastarac\">Ammo Dastarac (2024)<\/a><\/p>\n<\/div>\n\n\n\n<div class=\"wp-block-column is-layout-flow wp-block-column-is-layout-flow\">\n<figure class=\"wp-block-image size-full\"><a href=\"https:\/\/dev.brusselsgamesfestival.be\/wpbgf\/fr\/medias\/sergio-menendez\/\"><img loading=\"lazy\" decoding=\"async\" width=\"400\" height=\"500\" src=\"http:\/\/dev.brusselsgamesfestival.be\/wpbgf\/wp-content\/uploads\/2025\/05\/SergioMenendez-1-1-e1748586831191.jpg\" alt=\"\" class=\"wp-image-4201\" srcset=\"https:\/\/dev.brusselsgamesfestival.be\/wpbgf\/wp-content\/uploads\/2025\/05\/SergioMenendez-1-1-e1748586831191.jpg 400w, https:\/\/dev.brusselsgamesfestival.be\/wpbgf\/wp-content\/uploads\/2025\/05\/SergioMenendez-1-1-e1748586831191-240x300.jpg 240w\" sizes=\"auto, (max-width: 400px) 100vw, 400px\" \/><\/a><\/figure>\n\n\n\n<p class=\"has-text-align-center\"><a href=\"https:\/\/dev.brusselsgamesfestival.be\/wpbgf\/fr\/medias\/sergio-menendez\/\" title=\"\">Sergio Men\u00e9ndez 2023<\/a><\/p>\n<\/div>\n\n\n\n<div class=\"wp-block-column is-layout-flow wp-block-column-is-layout-flow\">\n<figure class=\"wp-block-image size-full\"><a href=\"http:\/\/dev.brusselsgamesfestival.be\/wpbgf\/fr\/medias\/les-affiches-et-leur-artiste\/frederic-navez\/\"><img loading=\"lazy\" decoding=\"async\" width=\"400\" height=\"500\" src=\"http:\/\/dev.brusselsgamesfestival.be\/wpbgf\/wp-content\/uploads\/2025\/06\/Fred-e1748894569185.png\" alt=\"\" class=\"wp-image-4291\" srcset=\"https:\/\/dev.brusselsgamesfestival.be\/wpbgf\/wp-content\/uploads\/2025\/06\/Fred-e1748894569185.png 400w, https:\/\/dev.brusselsgamesfestival.be\/wpbgf\/wp-content\/uploads\/2025\/06\/Fred-e1748894569185-240x300.png 240w\" sizes=\"auto, (max-width: 400px) 100vw, 400px\" \/><\/a><\/figure>\n\n\n\n<p class=\"has-text-align-center\"><a href=\"http:\/\/dev.brusselsgamesfestival.be\/wpbgf\/fr\/medias\/les-affiches-et-leur-artiste\/frederic-navez\/\" title=\"Fr\u00e9d\u00e9ric Navez\">Fred Navez (2018 \u00e0 2021)<\/a><\/p>\n<\/div>\n<\/div>\n\n\n\n<div class=\"wp-block-columns is-layout-flex wp-container-core-columns-is-layout-9d6595d7 wp-block-columns-is-layout-flex\">\n<div class=\"wp-block-column is-layout-flow wp-block-column-is-layout-flow\">\n<figure class=\"wp-block-image size-full\"><a href=\"http:\/\/dev.brusselsgamesfestival.be\/wpbgf\/fr\/medias\/les-affiches-et-leur-artiste\/florence-bolsee\/\"><img loading=\"lazy\" decoding=\"async\" width=\"400\" height=\"500\" src=\"http:\/\/dev.brusselsgamesfestival.be\/wpbgf\/wp-content\/uploads\/2025\/05\/IMG_20230227_0920222-1-scaled-e1748586870782.jpg\" alt=\"\" class=\"wp-image-4209\" srcset=\"https:\/\/dev.brusselsgamesfestival.be\/wpbgf\/wp-content\/uploads\/2025\/05\/IMG_20230227_0920222-1-scaled-e1748586870782.jpg 400w, https:\/\/dev.brusselsgamesfestival.be\/wpbgf\/wp-content\/uploads\/2025\/05\/IMG_20230227_0920222-1-scaled-e1748586870782-240x300.jpg 240w\" sizes=\"auto, (max-width: 400px) 100vw, 400px\" \/><\/a><\/figure>\n\n\n\n<p class=\"has-text-align-center\"><a href=\"http:\/\/dev.brusselsgamesfestival.be\/wpbgf\/fr\/medias\/les-affiches-et-leur-artiste\/florence-bolsee\/\" title=\"\">Florence Bols\u00e9e (2016 \u00e0 2017)<\/a><\/p>\n<\/div>\n\n\n\n<div class=\"wp-block-column is-layout-flow wp-block-column-is-layout-flow\">\n<figure class=\"wp-block-image size-full\"><img loading=\"lazy\" decoding=\"async\" width=\"400\" height=\"500\" src=\"http:\/\/dev.brusselsgamesfestival.be\/wpbgf\/wp-content\/uploads\/2025\/04\/dummy-portrait-e1748586778996.jpg\" alt=\"\" class=\"wp-image-4127\" srcset=\"https:\/\/dev.brusselsgamesfestival.be\/wpbgf\/wp-content\/uploads\/2025\/04\/dummy-portrait-e1748586778996.jpg 400w, https:\/\/dev.brusselsgamesfestival.be\/wpbgf\/wp-content\/uploads\/2025\/04\/dummy-portrait-e1748586778996-240x300.jpg 240w\" sizes=\"auto, (max-width: 400px) 100vw, 400px\" \/><\/figure>\n\n\n\n<p class=\"has-text-align-center\">Rapha\u00ebl Batista (2015)<\/p>\n<\/div>\n\n\n\n<div class=\"wp-block-column is-layout-flow wp-block-column-is-layout-flow\">\n<figure class=\"wp-block-image size-full\"><a href=\"https:\/\/dev.brusselsgamesfestival.be\/wpbgf\/fr\/medias\/les-affiches-et-leur-artiste\/dimitri-piot\/\"><img loading=\"lazy\" decoding=\"async\" width=\"400\" height=\"500\" src=\"http:\/\/dev.brusselsgamesfestival.be\/wpbgf\/wp-content\/uploads\/2025\/06\/Dimitri-Piot-e1748893852725.png\" alt=\"\" class=\"wp-image-4308\" srcset=\"https:\/\/dev.brusselsgamesfestival.be\/wpbgf\/wp-content\/uploads\/2025\/06\/Dimitri-Piot-e1748893852725.png 400w, https:\/\/dev.brusselsgamesfestival.be\/wpbgf\/wp-content\/uploads\/2025\/06\/Dimitri-Piot-e1748893852725-240x300.png 240w\" sizes=\"auto, (max-width: 400px) 100vw, 400px\" \/><\/a><\/figure>\n\n\n\n<p class=\"has-text-align-center\"><a href=\"https:\/\/dev.brusselsgamesfestival.be\/wpbgf\/fr\/medias\/les-affiches-et-leur-artiste\/dimitri-piot\/\" title=\"Dimitri Piot\">Dimitri Piot (2014)<\/a><\/p>\n<\/div>\n\n\n\n<div class=\"wp-block-column is-layout-flow wp-block-column-is-layout-flow\">\n<figure class=\"wp-block-image size-full\"><a href=\"https:\/\/dev.brusselsgamesfestival.be\/wpbgf\/fr\/medias\/les-affiches-et-leur-artiste\/patrick-beukeleirs\/\"><img loading=\"lazy\" decoding=\"async\" width=\"400\" height=\"500\" src=\"http:\/\/dev.brusselsgamesfestival.be\/wpbgf\/wp-content\/uploads\/2025\/08\/Patrick-Beukeleirs.jpg\" alt=\"\" class=\"wp-image-5112\" srcset=\"https:\/\/dev.brusselsgamesfestival.be\/wpbgf\/wp-content\/uploads\/2025\/08\/Patrick-Beukeleirs.jpg 400w, https:\/\/dev.brusselsgamesfestival.be\/wpbgf\/wp-content\/uploads\/2025\/08\/Patrick-Beukeleirs-240x300.jpg 240w\" sizes=\"auto, (max-width: 400px) 100vw, 400px\" \/><\/a><\/figure>\n\n\n\n<p class=\"has-text-align-center\"><a title=\"Patrick Beukeleirs\" href=\"https:\/\/dev.brusselsgamesfestival.be\/wpbgf\/fr\/medias\/les-affiches-et-leur-artiste\/patrick-beukeleirs\/\">Patrick Beukeleirs (2013)<\/a><\/p>\n<\/div>\n<\/div>\n","protected":false},"excerpt":{"rendered":"<p>Illustrateur de l\u2019affiche du BGF 2013 Graphiste amateur passionn\u00e9, Patrick Beukeleirs a suivi plusieurs ann\u00e9es en section artistique \u00e0 l\u2019I.A.T.A. de Namur, avant d\u2019entrer rapidement dans la vie active \u2013 mais en dehors du milieu artistique. Le dessin est rest\u00e9 pour lui un hobby, qu\u2019il a cultiv\u00e9 en explorant diff\u00e9rents univers : tableaux pour chambres &hellip; <\/p>\n","protected":false},"author":3,"featured_media":0,"parent":4120,"menu_order":0,"comment_status":"closed","ping_status":"closed","template":"","meta":{"_acf_changed":false,"_monsterinsights_skip_tracking":false,"_monsterinsights_sitenote_active":false,"_monsterinsights_sitenote_note":"","_monsterinsights_sitenote_category":0,"footnotes":""},"class_list":["post-5111","page","type-page","status-publish","hentry","latest_post"],"acf":[],"aioseo_notices":[],"_links":{"self":[{"href":"https:\/\/dev.brusselsgamesfestival.be\/wpbgf\/wp-json\/wp\/v2\/pages\/5111","targetHints":{"allow":["GET"]}}],"collection":[{"href":"https:\/\/dev.brusselsgamesfestival.be\/wpbgf\/wp-json\/wp\/v2\/pages"}],"about":[{"href":"https:\/\/dev.brusselsgamesfestival.be\/wpbgf\/wp-json\/wp\/v2\/types\/page"}],"author":[{"embeddable":true,"href":"https:\/\/dev.brusselsgamesfestival.be\/wpbgf\/wp-json\/wp\/v2\/users\/3"}],"replies":[{"embeddable":true,"href":"https:\/\/dev.brusselsgamesfestival.be\/wpbgf\/wp-json\/wp\/v2\/comments?post=5111"}],"version-history":[{"count":4,"href":"https:\/\/dev.brusselsgamesfestival.be\/wpbgf\/wp-json\/wp\/v2\/pages\/5111\/revisions"}],"predecessor-version":[{"id":5119,"href":"https:\/\/dev.brusselsgamesfestival.be\/wpbgf\/wp-json\/wp\/v2\/pages\/5111\/revisions\/5119"}],"up":[{"embeddable":true,"href":"https:\/\/dev.brusselsgamesfestival.be\/wpbgf\/wp-json\/wp\/v2\/pages\/4120"}],"wp:attachment":[{"href":"https:\/\/dev.brusselsgamesfestival.be\/wpbgf\/wp-json\/wp\/v2\/media?parent=5111"}],"curies":[{"name":"wp","href":"https:\/\/api.w.org\/{rel}","templated":true}]}}