{"id":4953,"date":"2025-08-07T16:37:53","date_gmt":"2025-08-07T16:37:53","guid":{"rendered":"https:\/\/dev.brusselsgamesfestival.be\/wpbgf\/?page_id=4953"},"modified":"2025-08-08T09:03:17","modified_gmt":"2025-08-08T09:03:17","slug":"10eme-edition","status":"publish","type":"page","link":"https:\/\/dev.brusselsgamesfestival.be\/wpbgf\/fr\/programme\/10eme-edition\/","title":{"rendered":"10\u00e8me \u00e9dition"},"content":{"rendered":"\n<p>On n\u2019a pas tous les jours une 10<sup>e<\/sup> \u00e9dition. Quelques petits clins d\u2019\u0153il ont donc \u00e9t\u00e9 dispers\u00e9s au sein du festival pour vous faire d\u00e9couvrir ce qui s\u2019est pass\u00e9 au fil des ann\u00e9es ou vous replonger dans vos souvenirs.<\/p>\n\n\n\n<h2 class=\"wp-block-heading\">2013&nbsp;: Oh&nbsp;! c\u2019est un festival&nbsp;!<\/h2>\n\n\n\n<p>Le but du jeu vous pr\u00e9sentera une s\u00e9lection de jeux qui sont n\u00e9s en m\u00eame temps que le BGF, en 2013. L\u2019occasion aussi de se replonger dans nos souvenirs avec une s\u00e9lection de photos prises au fil des ann\u00e9es.<\/p>\n\n\n<div class=\"wp-block-image\">\n<figure class=\"aligncenter size-large\"><img loading=\"lazy\" decoding=\"async\" width=\"1024\" height=\"766\" src=\"https:\/\/dev.brusselsgamesfestival.be\/wpbgf\/wp-content\/uploads\/2025\/08\/BGF-2013-DSC00545-vintage-ornemental-1024x766.jpg\" alt=\"\" class=\"wp-image-4982\" srcset=\"https:\/\/dev.brusselsgamesfestival.be\/wpbgf\/wp-content\/uploads\/2025\/08\/BGF-2013-DSC00545-vintage-ornemental-1024x766.jpg 1024w, https:\/\/dev.brusselsgamesfestival.be\/wpbgf\/wp-content\/uploads\/2025\/08\/BGF-2013-DSC00545-vintage-ornemental-300x225.jpg 300w, https:\/\/dev.brusselsgamesfestival.be\/wpbgf\/wp-content\/uploads\/2025\/08\/BGF-2013-DSC00545-vintage-ornemental-768x575.jpg 768w, https:\/\/dev.brusselsgamesfestival.be\/wpbgf\/wp-content\/uploads\/2025\/08\/BGF-2013-DSC00545-vintage-ornemental-535x400.jpg 535w, https:\/\/dev.brusselsgamesfestival.be\/wpbgf\/wp-content\/uploads\/2025\/08\/BGF-2013-DSC00545-vintage-ornemental-1536x1150.jpg 1536w, https:\/\/dev.brusselsgamesfestival.be\/wpbgf\/wp-content\/uploads\/2025\/08\/BGF-2013-DSC00545-vintage-ornemental-110x83.jpg 110w, https:\/\/dev.brusselsgamesfestival.be\/wpbgf\/wp-content\/uploads\/2025\/08\/BGF-2013-DSC00545-vintage-ornemental.jpg 1920w\" sizes=\"auto, (max-width: 1024px) 100vw, 1024px\" \/><figcaption class=\"wp-element-caption\">En 2013, \u00e7a se passait dans la rue de l&#8217;Enseignement du Quartier Notre-Dame-aux-Neiges.<\/figcaption><\/figure>\n<\/div>\n\n\n<h2 class=\"wp-block-heading\">En t\u00eate d\u2019affiche<\/h2>\n\n\n\n<p>10 \u00e9ditions, \u00e7a veut dire 10 affiches. Une identit\u00e9 personnalis\u00e9e \u00e0 chaque fois par des illustrateurs de talent qui en profitent pour parler un peu de leur travail.<\/p>\n\n\n\n<h2 class=\"wp-block-heading\">Puzzle collaboratif sp\u00e9cial 10 BGF<\/h2>\n\n\n\n<p>En 2000 bouts de nous, 2000 morceaux de puzzle \u00e0 rassembler et \u00e0 assembler pour red\u00e9couvrir encore autrement les 10 affiches du BGF.<\/p>\n\n\n\n<h2 class=\"wp-block-heading\">\u201cDevine qui\u201d<\/h2>\n\n\n\n<p>Un festival, \u00e7a demande beaucoup de personnes qui donnent de leur temps pour cr\u00e9er un week-end magique. Voici un moyen ludique de les d\u00e9couvrir.<\/p>\n\n\n\n<h2 class=\"wp-block-heading\">Le tr\u00e9sor du BGF<\/h2>\n\n\n\n<p>Connaissez-vous bien le BGF&nbsp;? Au fil de quelques questions r\u00e9partis dans l\u2019ensemble du festival, r\u00e9cup\u00e9rez de quoi avoir un petit bout du BGF avec vous lors de votre d\u00e9part.<\/p>\n\n\n\n<h2 class=\"wp-block-heading\">Mur du souvenir<\/h2>\n\n\n\n<p>Un petit mot&nbsp;? Un souvenir&nbsp;marquant&nbsp;? Dites-nous ce qu\u2019est pour vous le BGF d\u2019aujourd\u2019hui ou d\u2019antan.<\/p>\n","protected":false},"excerpt":{"rendered":"<p>On n\u2019a pas tous les jours une 10e \u00e9dition. Quelques petits clins d\u2019\u0153il ont donc \u00e9t\u00e9 dispers\u00e9s au sein du festival pour vous faire d\u00e9couvrir ce qui s\u2019est pass\u00e9 au fil des ann\u00e9es ou vous replonger dans vos souvenirs. 2013&nbsp;: Oh&nbsp;! c\u2019est un festival&nbsp;! Le but du jeu vous pr\u00e9sentera une s\u00e9lection de jeux qui &hellip; <\/p>\n","protected":false},"author":3,"featured_media":4982,"parent":73,"menu_order":0,"comment_status":"closed","ping_status":"closed","template":"","meta":{"_acf_changed":false,"_monsterinsights_skip_tracking":false,"_monsterinsights_sitenote_active":false,"_monsterinsights_sitenote_note":"","_monsterinsights_sitenote_category":0,"footnotes":""},"class_list":["post-4953","page","type-page","status-publish","has-post-thumbnail","hentry","latest_post"],"acf":[],"aioseo_notices":[],"_links":{"self":[{"href":"https:\/\/dev.brusselsgamesfestival.be\/wpbgf\/wp-json\/wp\/v2\/pages\/4953","targetHints":{"allow":["GET"]}}],"collection":[{"href":"https:\/\/dev.brusselsgamesfestival.be\/wpbgf\/wp-json\/wp\/v2\/pages"}],"about":[{"href":"https:\/\/dev.brusselsgamesfestival.be\/wpbgf\/wp-json\/wp\/v2\/types\/page"}],"author":[{"embeddable":true,"href":"https:\/\/dev.brusselsgamesfestival.be\/wpbgf\/wp-json\/wp\/v2\/users\/3"}],"replies":[{"embeddable":true,"href":"https:\/\/dev.brusselsgamesfestival.be\/wpbgf\/wp-json\/wp\/v2\/comments?post=4953"}],"version-history":[{"count":9,"href":"https:\/\/dev.brusselsgamesfestival.be\/wpbgf\/wp-json\/wp\/v2\/pages\/4953\/revisions"}],"predecessor-version":[{"id":5035,"href":"https:\/\/dev.brusselsgamesfestival.be\/wpbgf\/wp-json\/wp\/v2\/pages\/4953\/revisions\/5035"}],"up":[{"embeddable":true,"href":"https:\/\/dev.brusselsgamesfestival.be\/wpbgf\/wp-json\/wp\/v2\/pages\/73"}],"wp:featuredmedia":[{"embeddable":true,"href":"https:\/\/dev.brusselsgamesfestival.be\/wpbgf\/wp-json\/wp\/v2\/media\/4982"}],"wp:attachment":[{"href":"https:\/\/dev.brusselsgamesfestival.be\/wpbgf\/wp-json\/wp\/v2\/media?parent=4953"}],"curies":[{"name":"wp","href":"https:\/\/api.w.org\/{rel}","templated":true}]}}