{"id":4921,"date":"2025-08-05T13:48:20","date_gmt":"2025-08-05T13:48:20","guid":{"rendered":"http:\/\/dev.brusselsgamesfestival.be\/wpbgf\/?page_id=4921"},"modified":"2025-08-14T10:50:04","modified_gmt":"2025-08-14T10:50:04","slug":"escape-games-murders","status":"publish","type":"page","link":"https:\/\/dev.brusselsgamesfestival.be\/wpbgf\/fr\/programme\/escape-games-murders\/","title":{"rendered":"Escape Games &amp; Murders"},"content":{"rendered":"\n<p>Si vous avez l\u2019ambition de devenir le prochain Hercule Poirot, nous sommes l\u00e0 pour agiter vos petites cellules grises !<\/p>\n\n\n\n<div class=\"wp-block-columns is-layout-flex wp-container-core-columns-is-layout-9d6595d7 wp-block-columns-is-layout-flex\">\n<div class=\"wp-block-column is-layout-flow wp-block-column-is-layout-flow\" style=\"flex-basis:66.66%\">\n<h2 class=\"wp-block-heading\">Les Dalton<\/h2>\n\n\n\n<p>Tentez de r\u00e9soudre l\u2019<em>escape game <\/em>des Daltons cr\u00e9\u00e9 par Eqla ! Emprisonn\u00e9s dans la peau des Dalton, vous devrez r\u00e9soudre des \u00e9nigmes pour vous \u00e9vader le plus vite possible et trouver les codes qui permettent d\u2019ouvrir la bo\u00eete&nbsp;avec&nbsp;le&nbsp;magot.<\/p>\n\n\n\n<figure class=\"wp-block-table\"><table class=\"has-fixed-layout\"><thead><tr><th>Jour<\/th><th>1\u00e8re session<\/th><th>2\u00e8me session<\/th><\/tr><\/thead><tbody><tr><td>Vendredi 29 ao\u00fbt 2025<\/td><td>18h00<\/td><td>19h00<\/td><\/tr><tr><td>Samedi 30 ao\u00fbt 2025<\/td><td>15h30<\/td><td>16h30<\/td><\/tr><tr><td>Dimanche 31 ao\u00fbt 2025<\/td><td>15h30<\/td><td>16h30<\/td><\/tr><\/tbody><\/table><\/figure>\n<\/div>\n\n\n\n<div class=\"wp-block-column is-layout-flow wp-block-column-is-layout-flow\" style=\"flex-basis:33.33%\">\n<figure class=\"wp-block-image size-full\"><img loading=\"lazy\" decoding=\"async\" width=\"400\" height=\"590\" src=\"http:\/\/dev.brusselsgamesfestival.be\/wpbgf\/wp-content\/uploads\/2025\/08\/Escape-game-Lucky-Luke.jpg\" alt=\"\" class=\"wp-image-4922\" srcset=\"https:\/\/dev.brusselsgamesfestival.be\/wpbgf\/wp-content\/uploads\/2025\/08\/Escape-game-Lucky-Luke.jpg 400w, https:\/\/dev.brusselsgamesfestival.be\/wpbgf\/wp-content\/uploads\/2025\/08\/Escape-game-Lucky-Luke-203x300.jpg 203w\" sizes=\"auto, (max-width: 400px) 100vw, 400px\" \/><\/figure>\n<\/div>\n<\/div>\n\n\n\n<div class=\"wp-block-columns is-layout-flex wp-container-core-columns-is-layout-9d6595d7 wp-block-columns-is-layout-flex\">\n<div class=\"wp-block-column is-layout-flow wp-block-column-is-layout-flow\" style=\"flex-basis:66.66%\">\n<h2 class=\"wp-block-heading\">Mysterium<\/h2>\n\n\n\n<p>Cette murder a \u00e9t\u00e9 \u00e9crite sp\u00e9cialement \u00e0 l\u2019occasion du Festival International des Jeux de Cannes 2017. Elle a pour but de pr\u00e9senter l\u2019univers du jeu Mysterium autrement que par le biais du jeu de soci\u00e9t\u00e9 et de mettre en sc\u00e8ne les nouvelles cartes \u00ab histoire \u00bb (le mobile du meurtre) introduites dans la seconde extension Mysterium Secrets&amp;Lies (sortie ao\u00fbt 2017).<\/p>\n\n\n\n<p>Cette murder est une initiation pr\u00e9vue pour un public qui ne connait pas forc\u00e9ment le principe d\u2019une murder. C\u2019est une bonne fa\u00e7on pour d\u00e9buter et d\u00e9couvrir ce type d\u2019activit\u00e9.<\/p>\n\n\n\n<figure class=\"wp-block-table\"><table class=\"has-fixed-layout\"><thead><tr><th>Jour<\/th><th>1\u00e8re session<\/th><th>2\u00e8me session<\/th><\/tr><\/thead><tbody><tr><td>Vendredi 29 ao\u00fbt 2025<\/td><td>15h00<\/td><td>16h30<\/td><\/tr><tr><td>Samedi 30 ao\u00fbt 2025<\/td><td>12h30<\/td><td>14h00<\/td><\/tr><tr><td>Dimanche 31 ao\u00fbt 2025<\/td><td>12h30<\/td><td>14h00<\/td><\/tr><\/tbody><\/table><\/figure>\n<\/div>\n\n\n\n<div class=\"wp-block-column is-layout-flow wp-block-column-is-layout-flow\" style=\"flex-basis:33.33%\">\n<figure class=\"wp-block-image size-full\"><img loading=\"lazy\" decoding=\"async\" width=\"477\" height=\"531\" src=\"http:\/\/dev.brusselsgamesfestival.be\/wpbgf\/wp-content\/uploads\/2025\/08\/Mysterium-Murder.jpg\" alt=\"\" class=\"wp-image-4932\" srcset=\"https:\/\/dev.brusselsgamesfestival.be\/wpbgf\/wp-content\/uploads\/2025\/08\/Mysterium-Murder.jpg 477w, https:\/\/dev.brusselsgamesfestival.be\/wpbgf\/wp-content\/uploads\/2025\/08\/Mysterium-Murder-269x300.jpg 269w\" sizes=\"auto, (max-width: 477px) 100vw, 477px\" \/><\/figure>\n<\/div>\n<\/div>\n\n\n\n<h2 class=\"wp-block-heading\">Inscription<\/h2>\n\n\n\n<p>Les inscriptions se feront au stand accueil pr\u00e8s de l\u2019entr\u00e9e du festival.<\/p>\n\n\n\n<p>Les deux sont jouables dans la langue de votre choix par des groupes parlant la m\u00eame langue, y compris en langue des signes (avec une personne pouvant servir d\u2019interpr\u00e8te avec notre animateur). L\u2019explication se fera en fran\u00e7ais et\/ou en n\u00e9erlandais.<\/p>\n","protected":false},"excerpt":{"rendered":"<p>Si vous avez l\u2019ambition de devenir le prochain Hercule Poirot, nous sommes l\u00e0 pour agiter vos petites cellules grises ! Les Dalton Tentez de r\u00e9soudre l\u2019escape game des Daltons cr\u00e9\u00e9 par Eqla ! Emprisonn\u00e9s dans la peau des Dalton, vous devrez r\u00e9soudre des \u00e9nigmes pour vous \u00e9vader le plus vite possible et trouver les codes &hellip; <\/p>\n","protected":false},"author":3,"featured_media":0,"parent":73,"menu_order":0,"comment_status":"closed","ping_status":"closed","template":"","meta":{"_acf_changed":false,"_monsterinsights_skip_tracking":false,"_monsterinsights_sitenote_active":false,"_monsterinsights_sitenote_note":"","_monsterinsights_sitenote_category":0,"footnotes":""},"class_list":["post-4921","page","type-page","status-publish","hentry","latest_post"],"acf":[],"aioseo_notices":[],"_links":{"self":[{"href":"https:\/\/dev.brusselsgamesfestival.be\/wpbgf\/wp-json\/wp\/v2\/pages\/4921","targetHints":{"allow":["GET"]}}],"collection":[{"href":"https:\/\/dev.brusselsgamesfestival.be\/wpbgf\/wp-json\/wp\/v2\/pages"}],"about":[{"href":"https:\/\/dev.brusselsgamesfestival.be\/wpbgf\/wp-json\/wp\/v2\/types\/page"}],"author":[{"embeddable":true,"href":"https:\/\/dev.brusselsgamesfestival.be\/wpbgf\/wp-json\/wp\/v2\/users\/3"}],"replies":[{"embeddable":true,"href":"https:\/\/dev.brusselsgamesfestival.be\/wpbgf\/wp-json\/wp\/v2\/comments?post=4921"}],"version-history":[{"count":5,"href":"https:\/\/dev.brusselsgamesfestival.be\/wpbgf\/wp-json\/wp\/v2\/pages\/4921\/revisions"}],"predecessor-version":[{"id":4933,"href":"https:\/\/dev.brusselsgamesfestival.be\/wpbgf\/wp-json\/wp\/v2\/pages\/4921\/revisions\/4933"}],"up":[{"embeddable":true,"href":"https:\/\/dev.brusselsgamesfestival.be\/wpbgf\/wp-json\/wp\/v2\/pages\/73"}],"wp:attachment":[{"href":"https:\/\/dev.brusselsgamesfestival.be\/wpbgf\/wp-json\/wp\/v2\/media?parent=4921"}],"curies":[{"name":"wp","href":"https:\/\/api.w.org\/{rel}","templated":true}]}}