{"id":4852,"date":"2025-08-05T05:50:46","date_gmt":"2025-08-05T05:50:46","guid":{"rendered":"http:\/\/dev.brusselsgamesfestival.be\/wpbgf\/?page_id=4852"},"modified":"2025-08-07T20:07:19","modified_gmt":"2025-08-07T20:07:19","slug":"tournois-tcg","status":"publish","type":"page","link":"https:\/\/dev.brusselsgamesfestival.be\/wpbgf\/fr\/participer\/tournois-tcg\/","title":{"rendered":"Tournois TCG"},"content":{"rendered":"\n<p>Cette ann\u00e9e trois tournois seront organis\u00e9s dans l&#8217;univers des TCG (jeux de cartes \u00e0 collectionner).<\/p>\n\n\n\n<div class=\"wp-block-columns is-layout-flex wp-container-core-columns-is-layout-9d6595d7 wp-block-columns-is-layout-flex\">\n<div class=\"wp-block-column has-background is-layout-flow wp-block-column-is-layout-flow\" style=\"background-color:#faeed4\">\n<figure class=\"wp-block-image size-full\"><img decoding=\"async\" src=\"http:\/\/dev.brusselsgamesfestival.be\/wpbgf\/wp-content\/uploads\/2025\/08\/Star-Wars-Unlimited-square.jpg\" alt=\"\" class=\"wp-image-4859\"\/><\/figure>\n\n\n\n<h2 class=\"wp-block-heading\" id=\"aioseo-star-wars-unlimited\">Star Wars Unlimited<\/h2>\n\n\n\n<p>Pr\u00e9parez vos sabres laser ! Le grand tournoi Star Wars: Unlimited rassemble 64 joueurs pour une bataille galactique \u00e9pique. Rejoignez la lutte pour la gloire, la Force et la victoire. Que le meilleur l\u2019emporte !<\/p>\n\n\n\n<h3 class=\"wp-block-heading\">Quand<\/h3>\n\n\n\n<p>Samedi 30 ao\u00fbt : rendez-vous d\u00e8s 8h30 pour prendre place, lancement des rondes \u00e0 9h.<\/p>\n\n\n\n<h3 class=\"wp-block-heading\">Inscriptions<\/h3>\n\n\n\n<p>64 places disponibles : entr\u00e9e (tournoi + festival) 20 \u20ac \u00e0 acheter dans notre <a href=\"https:\/\/www.billetweb.fr\/brussels-games-festival-2025&amp;language=fr\" target=\"_blank\" rel=\"noopener\" title=\"\">shop en ligne<\/a>.<\/p>\n\n\n\n<p>DeckList obligatoire, les informations suivront.<\/p>\n\n\n\n<p>Lot de participation : un kit AP et deux Boosters Promo.<\/p>\n\n\n\n<h3 class=\"wp-block-heading\">R\u00e8glement<\/h3>\n\n\n\n<p>Suivant le <a href=\"https:\/\/starwarsunlimited.com\/fr\/how-to-play?chapter=r%C3%A8gles\" target=\"_blank\" rel=\"noopener\" title=\"\">R\u00e8glement officiel SWU<\/a>.<\/p>\n\n\n\n<p>Format construit : BO3 de 55 minutes. 6 rondes et cut top 8.<\/p>\n\n\n\n<h3 class=\"wp-block-heading\">R\u00e9compenses<\/h3>\n\n\n\n<p>Pr\u00e9vue pour un minimum de 56 joueurs et peut varier suivant le nombre de joueurs. Les prix ne sont pas cumulatifs.<\/p>\n\n\n\n<h4 class=\"wp-block-heading\">Top 32<\/h4>\n\n\n\n<p>1 playmat<\/p>\n\n\n\n<h4 class=\"wp-block-heading\">Top 16<\/h4>\n\n\n\n<p>2 boosters Set 5<br>1 playmat<\/p>\n\n\n\n<h4 class=\"wp-block-heading\">Top 8<\/h4>\n\n\n\n<p>6 boosters Set 5<br>1 playmat<\/p>\n\n\n\n<h4 class=\"wp-block-heading\">Top 4<\/h4>\n\n\n\n<p>12 boosters Set 5<br>3 boosters Carbonite<br>1 playmat<\/p>\n\n\n\n<h4 class=\"wp-block-heading\">Top 2<\/h4>\n\n\n\n<p>6 boosters Carbonite<br>1 display Set 5<br>1 playmat<\/p>\n\n\n\n<h4 class=\"wp-block-heading\">Grand Champion<\/h4>\n\n\n\n<p>2 display Set 5<br>1 display Carbonite<br>1 playmat<\/p>\n<\/div>\n\n\n\n<div class=\"wp-block-column has-background is-layout-flow wp-block-column-is-layout-flow\" style=\"background-color:#e5eec4\">\n<figure class=\"wp-block-image size-full\"><img loading=\"lazy\" decoding=\"async\" width=\"485\" height=\"485\" src=\"http:\/\/dev.brusselsgamesfestival.be\/wpbgf\/wp-content\/uploads\/2025\/08\/Altered-square.jpg\" alt=\"\" class=\"wp-image-4861\" srcset=\"https:\/\/dev.brusselsgamesfestival.be\/wpbgf\/wp-content\/uploads\/2025\/08\/Altered-square.jpg 485w, https:\/\/dev.brusselsgamesfestival.be\/wpbgf\/wp-content\/uploads\/2025\/08\/Altered-square-300x300.jpg 300w, https:\/\/dev.brusselsgamesfestival.be\/wpbgf\/wp-content\/uploads\/2025\/08\/Altered-square-150x150.jpg 150w, https:\/\/dev.brusselsgamesfestival.be\/wpbgf\/wp-content\/uploads\/2025\/08\/Altered-square-470x470.jpg 470w\" sizes=\"auto, (max-width: 485px) 100vw, 485px\" \/><\/figure>\n\n\n\n<h2 class=\"wp-block-heading\" id=\"aioseo-altered\">Altered<\/h2>\n\n\n\n<p>Plongez dans le Tumulte avec 64 compagnons ! Qui sera le plus rapide \u00e0 traverser le monde d\u2019Altered ?<\/p>\n\n\n\n<h3 class=\"wp-block-heading\">Quand<\/h3>\n\n\n\n<p>Samedi 30 ao\u00fbt : rendez-vous d\u00e8s 8h30 pour prendre place, lancement des rondes \u00e0 9h.<\/p>\n\n\n\n<h3 class=\"wp-block-heading\">Inscriptions<\/h3>\n\n\n\n<p>64 places disponibles : entr\u00e9e (tournoi + festival) 15 \u20ac \u00e0 acheter dans notre <a href=\"https:\/\/www.billetweb.fr\/brussels-games-festival-2025&amp;language=fr\" target=\"_blank\" rel=\"noopener\" title=\"\">shop en ligne<\/a>.<\/p>\n\n\n\n<p>DeckList obligatoire, les informations suivront.<\/p>\n\n\n\n<p>Lot de participation : deux Boosters Set 3 et quatre Boosters promo.<\/p>\n\n\n\n<h3 class=\"wp-block-heading\">R\u00e8glement<\/h3>\n\n\n\n<p>Suivant le <a href=\"https:\/\/drive.google.com\/file\/d\/1Ij-qHbp5aG9yXrOf7F8OPEnOmrxx6Mqo\/view\" target=\"_blank\" rel=\"noopener\" title=\"\">r\u00e8glement officiel Altered<\/a> en vigueur.<\/p>\n\n\n\n<p>Format Tumult : 7 rondes, BO1 de 30 mn, top cut \u00e0 8 joueurs BO3 de 70 mn.<\/p>\n\n\n\n<h3 class=\"wp-block-heading\">R\u00e9compenses<\/h3>\n\n\n\n<p>Pr\u00e9vue pour un minimum de 56 joueurs et peut varier suivant le nombre de joueurs. Les prix ne sont pas cumulatifs.<\/p>\n\n\n\n<h4 class=\"wp-block-heading\">Top 32<\/h4>\n\n\n\n<p>1 booster promo<\/p>\n\n\n\n<h4 class=\"wp-block-heading\">Top 16<\/h4>\n\n\n\n<p>2 boosters Set 3<br>2 boosters Promo<\/p>\n\n\n\n<h4 class=\"wp-block-heading\">Top 8<\/h4>\n\n\n\n<p>6 boosters de Set<br>3 boosters Promo<br>Piste Aventure Foil<\/p>\n\n\n\n<h4 class=\"wp-block-heading\">Top 4<\/h4>\n\n\n\n<p>12 boosters Set 3<br>6 boosters Promo<br>Piste Aventure Foil<\/p>\n\n\n\n<h4 class=\"wp-block-heading\">Top 2<\/h4>\n\n\n\n<p>1 display Set 3<br>12 boosters Promo<br>Piste Aventure Foil<\/p>\n\n\n\n<h4 class=\"wp-block-heading\">Top 1<\/h4>\n\n\n\n<p>1 display Set 3<br>1 display KS<br>24 boosters Promo<br>Piste Aventure Foil<br>Playmat Tumult Set 3<\/p>\n\n\n\n<h4 class=\"wp-block-heading\">Top joueur de chaque faction<\/h4>\n\n\n\n<p>Carte Champion de Faction<\/p>\n<\/div>\n\n\n\n<div class=\"wp-block-column has-background is-layout-flow wp-block-column-is-layout-flow\" style=\"background-color:#feffaa\">\n<figure class=\"wp-block-image size-full\"><img loading=\"lazy\" decoding=\"async\" width=\"364\" height=\"364\" src=\"http:\/\/dev.brusselsgamesfestival.be\/wpbgf\/wp-content\/uploads\/2025\/08\/One-Piece-Card-Game-square.jpg\" alt=\"\" class=\"wp-image-4863\" srcset=\"https:\/\/dev.brusselsgamesfestival.be\/wpbgf\/wp-content\/uploads\/2025\/08\/One-Piece-Card-Game-square.jpg 364w, https:\/\/dev.brusselsgamesfestival.be\/wpbgf\/wp-content\/uploads\/2025\/08\/One-Piece-Card-Game-square-300x300.jpg 300w, https:\/\/dev.brusselsgamesfestival.be\/wpbgf\/wp-content\/uploads\/2025\/08\/One-Piece-Card-Game-square-150x150.jpg 150w\" sizes=\"auto, (max-width: 364px) 100vw, 364px\" \/><\/figure>\n\n\n\n<h2 class=\"wp-block-heading\" id=\"aioseo-one-piece-card-game\">One Piece Card Game<\/h2>\n\n\n\n<p>C\u2019est l\u2019heure d\u2019annoncer notre grand tournoi de One Piece Card Game qui r\u00e9unira 64 joueurs pr\u00eats \u00e0 se battre pour la supr\u00e9matie sur les mers !<\/p>\n\n\n\n<h3 class=\"wp-block-heading\">Quand<\/h3>\n\n\n\n<p>Dimanche 31 ao\u00fbt : rendez-vous d\u00e8s 8h30 pour prendre place, lancement des rondes \u00e0 9h.<\/p>\n\n\n\n<h3 class=\"wp-block-heading\">Inscriptions<\/h3>\n\n\n\n<p>64 places disponibles : entr\u00e9e (tournoi + festival) 20 \u20ac \u00e0 acheter dans notre <a href=\"https:\/\/www.billetweb.fr\/brussels-games-festival-2025&amp;language=fr\" target=\"_blank\" rel=\"noopener\" title=\"\">shop en ligne<\/a>.<\/p>\n\n\n\n<p>DeckList obligatoire, les informations suivront.<\/p>\n\n\n\n<p>Lot de participation : quatre Boosters OP et un Booster Promo.<\/p>\n\n\n\n<h3 class=\"wp-block-heading\">R\u00e8glement<\/h3>\n\n\n\n<p>Suivant le <a href=\"https:\/\/fr.onepiece-cardgame.com\/rules\/\" target=\"_blank\" rel=\"noopener\" title=\"\">R\u00e8glement officiel One Piece Card Game<\/a>.<\/p>\n\n\n\n<p>Format construit : BO1 de 30+5 minutes, 6 rondes, puis cut TOP 8 \u00e9limination directe.<\/p>\n\n\n\n<h3 class=\"wp-block-heading\">R\u00e9compenses<\/h3>\n\n\n\n<p>Pr\u00e9vue pour un minimum de 56 joueurs et peut varier suivant le nombre de joueurs. Les prix ne sont pas cumulatifs.<\/p>\n\n\n\n<h4 class=\"wp-block-heading\">Top 16<\/h4>\n\n\n\n<p>1 booster Promo<br>2 boosters OP<\/p>\n\n\n\n<h4 class=\"wp-block-heading\">Top 8<\/h4>\n\n\n\n<p>6 boosters OP<br>1 booster Promo<\/p>\n\n\n\n<h4 class=\"wp-block-heading\">Top 4<\/h4>\n\n\n\n<p>12 boosters OP<br>2 boosters Promo<\/p>\n\n\n\n<h4 class=\"wp-block-heading\">Top 2<\/h4>\n\n\n\n<p>1 display OP<br>1 booster Promo Winner<\/p>\n\n\n\n<h4 class=\"wp-block-heading\">Grand Champion<\/h4>\n\n\n\n<p>2 displays OP<br>2 boosters Promo Winner<\/p>\n<\/div>\n<\/div>\n","protected":false},"excerpt":{"rendered":"<p>Cette ann\u00e9e trois tournois seront organis\u00e9s dans l&#8217;univers des TCG (jeux de cartes \u00e0 collectionner). Star Wars Unlimited Pr\u00e9parez vos sabres laser ! Le grand tournoi Star Wars: Unlimited rassemble 64 joueurs pour une bataille galactique \u00e9pique. Rejoignez la lutte pour la gloire, la Force et la victoire. Que le meilleur l\u2019emporte ! Quand Samedi &hellip; <\/p>\n","protected":false},"author":3,"featured_media":0,"parent":79,"menu_order":0,"comment_status":"closed","ping_status":"closed","template":"","meta":{"_acf_changed":false,"_monsterinsights_skip_tracking":false,"_monsterinsights_sitenote_active":false,"_monsterinsights_sitenote_note":"","_monsterinsights_sitenote_category":0,"footnotes":""},"class_list":["post-4852","page","type-page","status-publish","hentry","latest_post"],"acf":[],"aioseo_notices":[],"_links":{"self":[{"href":"https:\/\/dev.brusselsgamesfestival.be\/wpbgf\/wp-json\/wp\/v2\/pages\/4852","targetHints":{"allow":["GET"]}}],"collection":[{"href":"https:\/\/dev.brusselsgamesfestival.be\/wpbgf\/wp-json\/wp\/v2\/pages"}],"about":[{"href":"https:\/\/dev.brusselsgamesfestival.be\/wpbgf\/wp-json\/wp\/v2\/types\/page"}],"author":[{"embeddable":true,"href":"https:\/\/dev.brusselsgamesfestival.be\/wpbgf\/wp-json\/wp\/v2\/users\/3"}],"replies":[{"embeddable":true,"href":"https:\/\/dev.brusselsgamesfestival.be\/wpbgf\/wp-json\/wp\/v2\/comments?post=4852"}],"version-history":[{"count":34,"href":"https:\/\/dev.brusselsgamesfestival.be\/wpbgf\/wp-json\/wp\/v2\/pages\/4852\/revisions"}],"predecessor-version":[{"id":5010,"href":"https:\/\/dev.brusselsgamesfestival.be\/wpbgf\/wp-json\/wp\/v2\/pages\/4852\/revisions\/5010"}],"up":[{"embeddable":true,"href":"https:\/\/dev.brusselsgamesfestival.be\/wpbgf\/wp-json\/wp\/v2\/pages\/79"}],"wp:attachment":[{"href":"https:\/\/dev.brusselsgamesfestival.be\/wpbgf\/wp-json\/wp\/v2\/media?parent=4852"}],"curies":[{"name":"wp","href":"https:\/\/api.w.org\/{rel}","templated":true}]}}