{"id":4342,"date":"2025-06-02T15:35:52","date_gmt":"2025-06-02T15:35:52","guid":{"rendered":"https:\/\/dev.brusselsgamesfestival.be\/wpbgf\/?page_id=4342"},"modified":"2025-06-10T10:21:35","modified_gmt":"2025-06-10T10:21:35","slug":"sergio-menendez","status":"publish","type":"page","link":"https:\/\/dev.brusselsgamesfestival.be\/wpbgf\/nl\/medias-2\/de-affiches-en-hun-artiesten\/sergio-menendez\/","title":{"rendered":"Sergio Men\u00e9ndez"},"content":{"rendered":"\n<h2 class=\"wp-block-heading\">Illustrator van de affiche van het BGF 2023<\/h2>\n\n\n\n<div class=\"wp-block-columns is-layout-flex wp-container-core-columns-is-layout-9d6595d7 wp-block-columns-is-layout-flex\">\n<div class=\"wp-block-column is-layout-flow wp-block-column-is-layout-flow\" style=\"flex-basis:33.33%\">\n<figure class=\"wp-block-image size-large\"><img loading=\"lazy\" decoding=\"async\" width=\"1024\" height=\"1024\" src=\"http:\/\/dev.brusselsgamesfestival.be\/wpbgf\/wp-content\/uploads\/2025\/05\/SergioMenendez-1-1-1024x1024.jpg\" alt=\"\" class=\"wp-image-4201\"\/><\/figure>\n<\/div>\n\n\n\n<div class=\"wp-block-column is-layout-flow wp-block-column-is-layout-flow\" style=\"flex-basis:66.66%\">\n<p>Illustrator en 2D-animator <strong>Sergio Men\u00e9ndez<\/strong> woont in Brussel en beweegt zich tussen reclame, uitgeverij en persoonlijke projecten. Zijn visuele stijl is be\u00efnvloed door animatiefilm en combineert na\u00efviteit, humor en duidelijke leesbaarheid. Voor het BGF 2023 gebruikte hij zijn speelse stijl om een Brussels appartementsgebouw om te toveren tot een levensgroot speelbord.<\/p>\n\n\n\n<h3 class=\"wp-block-heading\">Hoe ben je te werk gegaan bij het maken van deze affiche?<br>Zat er een idee, een sfeer of een boodschap achter?<\/h3>\n\n\n\n<p>Deze affiche heeft een bijzonder verhaal: ze was oorspronkelijk bedoeld voor de editie van <strong>2022<\/strong>, die uiteindelijk niet kon doorgaan vanwege de <strong>Covid-lockdown<\/strong>.<\/p>\n\n\n\n<p>In die periode van terugplooien, waarin bordspellen voor velen een centrale rol speelden, stelde ik me een gebouw voor in de vorm van een <strong>gezelschapsspel<\/strong>, bewoond door zowel de <strong>personages uit de spellen<\/strong> als de <strong>spelers zelf<\/strong>.<\/p>\n<\/div>\n<\/div>\n\n\n\n<div class=\"wp-block-columns is-layout-flex wp-container-core-columns-is-layout-9d6595d7 wp-block-columns-is-layout-flex\">\n<div class=\"wp-block-column is-layout-flow wp-block-column-is-layout-flow\">\n<h3 class=\"wp-block-heading\">Wat betekent deze affiche voor jou?<\/h3>\n\n\n\n<p>Ik heb er ontzettend veel plezier aan beleefd.<br>Als liefhebber van bordspellen ben ik goed vertrouwd met hun visuele codes, en het was erg leuk om die speels te <strong>verdraaien en te verwerken<\/strong> in de compositie van de affiche.<\/p>\n\n\n\n<h3 class=\"wp-block-heading\">Als je je affiche in drie woorden moest omschrijven, welke zou je dan kiezen \u2013 en waarom?<\/h3>\n\n\n\n<p>Ik ben niet zo goed in dat soort oefeningen, maar hier gaan we:<\/p>\n\n\n\n<p><strong>Analysis Paralysis<\/strong> \u2013 mijn geheime zwakte als speler!<\/p>\n\n\n\n<p><strong>Vermaak<\/strong> \u2013 voor het onderwerp van de affiche, en het plezier dat ik had tijdens het tekenen.<\/p>\n\n\n\n<p><strong>Escapisme<\/strong> \u2013 omdat spellen in die periode echt een toevluchtsoord waren.<\/p>\n<\/div>\n\n\n\n<div class=\"wp-block-column is-layout-flow wp-block-column-is-layout-flow\">\n<figure class=\"wp-block-image size-full\"><a href=\"http:\/\/dev.brusselsgamesfestival.be\/wpbgf\/wp-content\/uploads\/2024\/09\/BGF-affiche-2023.pdf\" target=\"_blank\" rel=\" noreferrer noopener\"><img loading=\"lazy\" decoding=\"async\" width=\"707\" height=\"1000\" src=\"http:\/\/dev.brusselsgamesfestival.be\/wpbgf\/wp-content\/uploads\/2024\/09\/BGF-affiche-2023.jpg\" alt=\"\" class=\"wp-image-4038\" srcset=\"https:\/\/dev.brusselsgamesfestival.be\/wpbgf\/wp-content\/uploads\/2024\/09\/BGF-affiche-2023.jpg 707w, https:\/\/dev.brusselsgamesfestival.be\/wpbgf\/wp-content\/uploads\/2024\/09\/BGF-affiche-2023-212x300.jpg 212w, https:\/\/dev.brusselsgamesfestival.be\/wpbgf\/wp-content\/uploads\/2024\/09\/BGF-affiche-2023-535x757.jpg 535w\" sizes=\"auto, (max-width: 707px) 100vw, 707px\" \/><\/a><figcaption class=\"wp-element-caption\">Klik op de afbeelding om de PDF-versie te bekijken<\/figcaption><\/figure>\n<\/div>\n<\/div>\n\n\n\n<h3 class=\"wp-block-heading\">Wat is je mooiste herinnering aan dit illustratieproject voor het BGF?<\/h3>\n\n\n\n<p>Het is \u00e9\u00e9n van de <strong>fijnste projecten<\/strong> die ik recent heb gedaan. De samenwerking met de artistiek directeur verliep heel <strong>vlot<\/strong>, en ik kreeg veel vrijheid om mijn idee\u00ebn te ontwikkelen.<\/p>\n\n\n\n<p>Toen het BGF uiteindelijk toch doorging, was het een <strong>grote eer<\/strong> om mijn werk daar te zien hangen.<\/p>\n\n\n\n<h3 class=\"wp-block-heading\">Zit er een detail of knipoog in je affiche dat weinig mensen opmerken?<\/h3>\n\n\n\n<p>De affiche zit <strong>vol verwijzingen naar klassieke gezelschapsspellen<\/strong>, maar ook naar titels die zijn verschenen in het jaar waarin ik ze maakte.<\/p>\n\n\n\n<p>Ik ga natuurlijk niet alles verklappen, maar een hint: het kistje op de afbeelding bevat <strong>grondstoffen<\/strong> die je misschien herkent\u2026<\/p>\n\n\n\n<h3 class=\"wp-block-heading\">Info &amp; Contact<\/h3>\n\n\n\n<p>\ud83c\udf10 <a href=\"https:\/\/sergiomenendez.com\/?fbclid=PAZXh0bgNhZW0CMTEAAaeimwCkCDSl8I9Qw72Bmj5KPNh2rCdLDiACNC6QKtt7FgWESQ6-IRkBhRBNpg_aem_dBDkGNXBuN2c3049y5tekw\" target=\"_blank\" rel=\"noopener\" title=\"\">Website<\/a><br>\ud83d\udcf7 <a href=\"https:\/\/www.instagram.com\/sergio_menendez_\/?hl=fr\" target=\"_blank\" rel=\"noopener\" title=\"\">Instagram<\/a><\/p>\n\n\n\n<h2 class=\"wp-block-heading\">Andere edities<\/h2>\n\n\n\n<div class=\"wp-block-columns is-layout-flex wp-container-core-columns-is-layout-9d6595d7 wp-block-columns-is-layout-flex\">\n<div class=\"wp-block-column is-layout-flow wp-block-column-is-layout-flow\">\n<figure class=\"wp-block-image size-full\"><a href=\"https:\/\/dev.brusselsgamesfestival.be\/wpbgf\/nl\/medias-2\/de-affiches-en-hun-artiesten\/\"><img loading=\"lazy\" decoding=\"async\" width=\"400\" height=\"500\" src=\"http:\/\/dev.brusselsgamesfestival.be\/wpbgf\/wp-content\/uploads\/2025\/05\/484653087_548022831661658_562092584661456769_n-e1748587878763.jpg\" alt=\"\" class=\"wp-image-4179\" srcset=\"https:\/\/dev.brusselsgamesfestival.be\/wpbgf\/wp-content\/uploads\/2025\/05\/484653087_548022831661658_562092584661456769_n-e1748587878763.jpg 400w, https:\/\/dev.brusselsgamesfestival.be\/wpbgf\/wp-content\/uploads\/2025\/05\/484653087_548022831661658_562092584661456769_n-e1748587878763-240x300.jpg 240w\" sizes=\"auto, (max-width: 400px) 100vw, 400px\" \/><\/a><\/figure>\n\n\n\n<p class=\"has-text-align-center\"><a href=\"https:\/\/dev.brusselsgamesfestival.be\/wpbgf\/nl\/medias-2\/de-affiches-en-hun-artiesten\/\" title=\"De affiches en hun artiesten\">Adrien Journel (2025)<\/a><\/p>\n<\/div>\n\n\n\n<div class=\"wp-block-column is-layout-flow wp-block-column-is-layout-flow\">\n<figure class=\"wp-block-image size-full\"><a href=\"https:\/\/dev.brusselsgamesfestival.be\/wpbgf\/nl\/medias-2\/de-affiches-en-hun-artiesten\/ammo-dastarac\/\"><img loading=\"lazy\" decoding=\"async\" width=\"400\" height=\"500\" src=\"http:\/\/dev.brusselsgamesfestival.be\/wpbgf\/wp-content\/uploads\/2025\/08\/Ammo-Dastarac.jpg\" alt=\"\" class=\"wp-image-6041\" srcset=\"https:\/\/dev.brusselsgamesfestival.be\/wpbgf\/wp-content\/uploads\/2025\/08\/Ammo-Dastarac.jpg 400w, https:\/\/dev.brusselsgamesfestival.be\/wpbgf\/wp-content\/uploads\/2025\/08\/Ammo-Dastarac-240x300.jpg 240w\" sizes=\"auto, (max-width: 400px) 100vw, 400px\" \/><\/a><\/figure>\n\n\n\n<p class=\"has-text-align-center\"><a href=\"https:\/\/dev.brusselsgamesfestival.be\/wpbgf\/nl\/medias-2\/de-affiches-en-hun-artiesten\/ammo-dastarac\/\" title=\"Ammo Dastarac\">Ammo Dastarac (2024)<\/a><\/p>\n<\/div>\n\n\n\n<div class=\"wp-block-column is-layout-flow wp-block-column-is-layout-flow\">\n<figure class=\"wp-block-image size-full\"><a href=\"https:\/\/dev.brusselsgamesfestival.be\/wpbgf\/nl\/medias-2\/de-affiches-en-hun-artiesten\/sergio-menendez\/\"><img loading=\"lazy\" decoding=\"async\" width=\"400\" height=\"500\" src=\"http:\/\/dev.brusselsgamesfestival.be\/wpbgf\/wp-content\/uploads\/2025\/05\/SergioMenendez-1-1-e1748586831191.jpg\" alt=\"\" class=\"wp-image-4201\" srcset=\"https:\/\/dev.brusselsgamesfestival.be\/wpbgf\/wp-content\/uploads\/2025\/05\/SergioMenendez-1-1-e1748586831191.jpg 400w, https:\/\/dev.brusselsgamesfestival.be\/wpbgf\/wp-content\/uploads\/2025\/05\/SergioMenendez-1-1-e1748586831191-240x300.jpg 240w\" sizes=\"auto, (max-width: 400px) 100vw, 400px\" \/><\/a><\/figure>\n\n\n\n<p class=\"has-text-align-center\"><a href=\"https:\/\/dev.brusselsgamesfestival.be\/wpbgf\/nl\/medias-2\/de-affiches-en-hun-artiesten\/sergio-menendez\/\" title=\"\">Sergio Men\u00e9ndez 2023<\/a><\/p>\n<\/div>\n\n\n\n<div class=\"wp-block-column is-layout-flow wp-block-column-is-layout-flow\">\n<figure class=\"wp-block-image size-full\"><a href=\"https:\/\/dev.brusselsgamesfestival.be\/wpbgf\/nl\/medias-2\/de-affiches-en-hun-artiesten\/frederic-navez\/\"><img loading=\"lazy\" decoding=\"async\" width=\"400\" height=\"500\" src=\"http:\/\/dev.brusselsgamesfestival.be\/wpbgf\/wp-content\/uploads\/2025\/06\/Fred-e1748894569185.png\" alt=\"\" class=\"wp-image-4291\" srcset=\"https:\/\/dev.brusselsgamesfestival.be\/wpbgf\/wp-content\/uploads\/2025\/06\/Fred-e1748894569185.png 400w, https:\/\/dev.brusselsgamesfestival.be\/wpbgf\/wp-content\/uploads\/2025\/06\/Fred-e1748894569185-240x300.png 240w\" sizes=\"auto, (max-width: 400px) 100vw, 400px\" \/><\/a><\/figure>\n\n\n\n<p class=\"has-text-align-center\"><a href=\"https:\/\/dev.brusselsgamesfestival.be\/wpbgf\/nl\/medias-2\/de-affiches-en-hun-artiesten\/frederic-navez\/\" title=\"\">Fred Navez (2018 tot 2021)<\/a><\/p>\n<\/div>\n<\/div>\n\n\n\n<div class=\"wp-block-columns is-layout-flex wp-container-core-columns-is-layout-9d6595d7 wp-block-columns-is-layout-flex\">\n<div class=\"wp-block-column is-layout-flow wp-block-column-is-layout-flow\">\n<figure class=\"wp-block-image size-full\"><a href=\"https:\/\/dev.brusselsgamesfestival.be\/wpbgf\/nl\/medias-2\/de-affiches-en-hun-artiesten\/florence-bolsee\/\"><img loading=\"lazy\" decoding=\"async\" width=\"400\" height=\"500\" src=\"http:\/\/dev.brusselsgamesfestival.be\/wpbgf\/wp-content\/uploads\/2025\/05\/IMG_20230227_0920222-1-scaled-e1748586870782.jpg\" alt=\"\" class=\"wp-image-4209\" srcset=\"https:\/\/dev.brusselsgamesfestival.be\/wpbgf\/wp-content\/uploads\/2025\/05\/IMG_20230227_0920222-1-scaled-e1748586870782.jpg 400w, https:\/\/dev.brusselsgamesfestival.be\/wpbgf\/wp-content\/uploads\/2025\/05\/IMG_20230227_0920222-1-scaled-e1748586870782-240x300.jpg 240w\" sizes=\"auto, (max-width: 400px) 100vw, 400px\" \/><\/a><\/figure>\n\n\n\n<p class=\"has-text-align-center\"><a href=\"https:\/\/dev.brusselsgamesfestival.be\/wpbgf\/nl\/medias-2\/de-affiches-en-hun-artiesten\/florence-bolsee\/\" title=\"Florence Bols\u00e9e\">Florence Bols\u00e9e (2016 tot 2017)<\/a><\/p>\n<\/div>\n\n\n\n<div class=\"wp-block-column is-layout-flow wp-block-column-is-layout-flow\">\n<figure class=\"wp-block-image size-full\"><img loading=\"lazy\" decoding=\"async\" width=\"400\" height=\"500\" src=\"http:\/\/dev.brusselsgamesfestival.be\/wpbgf\/wp-content\/uploads\/2025\/04\/dummy-portrait-e1748586778996.jpg\" alt=\"\" class=\"wp-image-4127\" srcset=\"https:\/\/dev.brusselsgamesfestival.be\/wpbgf\/wp-content\/uploads\/2025\/04\/dummy-portrait-e1748586778996.jpg 400w, https:\/\/dev.brusselsgamesfestival.be\/wpbgf\/wp-content\/uploads\/2025\/04\/dummy-portrait-e1748586778996-240x300.jpg 240w\" sizes=\"auto, (max-width: 400px) 100vw, 400px\" \/><\/figure>\n\n\n\n<p class=\"has-text-align-center\">Rapha\u00ebl Batista (2015)<\/p>\n<\/div>\n\n\n\n<div class=\"wp-block-column is-layout-flow wp-block-column-is-layout-flow\">\n<figure class=\"wp-block-image size-full\"><img loading=\"lazy\" decoding=\"async\" width=\"400\" height=\"500\" src=\"http:\/\/dev.brusselsgamesfestival.be\/wpbgf\/wp-content\/uploads\/2025\/06\/Dimitri-Piot-e1748893852725.png\" alt=\"\" class=\"wp-image-4308\" srcset=\"https:\/\/dev.brusselsgamesfestival.be\/wpbgf\/wp-content\/uploads\/2025\/06\/Dimitri-Piot-e1748893852725.png 400w, https:\/\/dev.brusselsgamesfestival.be\/wpbgf\/wp-content\/uploads\/2025\/06\/Dimitri-Piot-e1748893852725-240x300.png 240w\" sizes=\"auto, (max-width: 400px) 100vw, 400px\" \/><\/figure>\n\n\n\n<p class=\"has-text-align-center\"><a href=\"https:\/\/dev.brusselsgamesfestival.be\/wpbgf\/nl\/medias-2\/de-affiches-en-hun-artiesten\/dimitri-piot\/\" title=\"Dimitri Piot\">Dimitri Piot (2014)<\/a><\/p>\n<\/div>\n\n\n\n<div class=\"wp-block-column is-layout-flow wp-block-column-is-layout-flow\">\n<figure class=\"wp-block-image size-full\"><a href=\"https:\/\/dev.brusselsgamesfestival.be\/wpbgf\/nl\/medias-2\/de-affiches-en-hun-artiesten\/patrick-beukeleirs\/\"><img loading=\"lazy\" decoding=\"async\" width=\"400\" height=\"500\" src=\"http:\/\/dev.brusselsgamesfestival.be\/wpbgf\/wp-content\/uploads\/2025\/08\/Patrick-Beukeleirs.jpg\" alt=\"\" class=\"wp-image-5112\" srcset=\"https:\/\/dev.brusselsgamesfestival.be\/wpbgf\/wp-content\/uploads\/2025\/08\/Patrick-Beukeleirs.jpg 400w, https:\/\/dev.brusselsgamesfestival.be\/wpbgf\/wp-content\/uploads\/2025\/08\/Patrick-Beukeleirs-240x300.jpg 240w\" sizes=\"auto, (max-width: 400px) 100vw, 400px\" \/><\/a><\/figure>\n\n\n\n<p class=\"has-text-align-center\"><a title=\"Patrick Beukeleirs\" href=\"https:\/\/dev.brusselsgamesfestival.be\/wpbgf\/nl\/medias-2\/de-affiches-en-hun-artiesten\/patrick-beukeleirs\/\">Patrick Beukeleirs (2013)<\/a><\/p>\n<\/div>\n<\/div>\n","protected":false},"excerpt":{"rendered":"<p>Illustrator van de affiche van het BGF 2023 Illustrator en 2D-animator Sergio Men\u00e9ndez woont in Brussel en beweegt zich tussen reclame, uitgeverij en persoonlijke projecten. Zijn visuele stijl is be\u00efnvloed door animatiefilm en combineert na\u00efviteit, humor en duidelijke leesbaarheid. Voor het BGF 2023 gebruikte hij zijn speelse stijl om een Brussels appartementsgebouw om te toveren &hellip; <\/p>\n","protected":false},"author":2,"featured_media":0,"parent":4328,"menu_order":0,"comment_status":"closed","ping_status":"closed","template":"","meta":{"_acf_changed":false,"_monsterinsights_skip_tracking":false,"_monsterinsights_sitenote_active":false,"_monsterinsights_sitenote_note":"","_monsterinsights_sitenote_category":0,"footnotes":""},"class_list":["post-4342","page","type-page","status-publish","hentry","latest_post"],"acf":[],"aioseo_notices":[],"_links":{"self":[{"href":"https:\/\/dev.brusselsgamesfestival.be\/wpbgf\/wp-json\/wp\/v2\/pages\/4342","targetHints":{"allow":["GET"]}}],"collection":[{"href":"https:\/\/dev.brusselsgamesfestival.be\/wpbgf\/wp-json\/wp\/v2\/pages"}],"about":[{"href":"https:\/\/dev.brusselsgamesfestival.be\/wpbgf\/wp-json\/wp\/v2\/types\/page"}],"author":[{"embeddable":true,"href":"https:\/\/dev.brusselsgamesfestival.be\/wpbgf\/wp-json\/wp\/v2\/users\/2"}],"replies":[{"embeddable":true,"href":"https:\/\/dev.brusselsgamesfestival.be\/wpbgf\/wp-json\/wp\/v2\/comments?post=4342"}],"version-history":[{"count":4,"href":"https:\/\/dev.brusselsgamesfestival.be\/wpbgf\/wp-json\/wp\/v2\/pages\/4342\/revisions"}],"predecessor-version":[{"id":4512,"href":"https:\/\/dev.brusselsgamesfestival.be\/wpbgf\/wp-json\/wp\/v2\/pages\/4342\/revisions\/4512"}],"up":[{"embeddable":true,"href":"https:\/\/dev.brusselsgamesfestival.be\/wpbgf\/wp-json\/wp\/v2\/pages\/4328"}],"wp:attachment":[{"href":"https:\/\/dev.brusselsgamesfestival.be\/wpbgf\/wp-json\/wp\/v2\/media?parent=4342"}],"curies":[{"name":"wp","href":"https:\/\/api.w.org\/{rel}","templated":true}]}}