{"id":4198,"date":"2025-05-27T15:18:47","date_gmt":"2025-05-27T15:18:47","guid":{"rendered":"https:\/\/dev.brusselsgamesfestival.be\/wpbgf\/?page_id=4198"},"modified":"2025-06-10T10:16:22","modified_gmt":"2025-06-10T10:16:22","slug":"sergio-menendez","status":"publish","type":"page","link":"https:\/\/dev.brusselsgamesfestival.be\/wpbgf\/fr\/medias\/les-affiches-et-leur-artiste\/sergio-menendez\/","title":{"rendered":"Sergio Men\u00e9ndez"},"content":{"rendered":"\n<h2 class=\"wp-block-heading\">Illustrateur de l\u2019affiche du BGF 2023<\/h2>\n\n\n\n<div class=\"wp-block-columns is-layout-flex wp-container-core-columns-is-layout-9d6595d7 wp-block-columns-is-layout-flex\">\n<div class=\"wp-block-column is-layout-flow wp-block-column-is-layout-flow\" style=\"flex-basis:33.33%\">\n<figure class=\"wp-block-image size-large\"><img loading=\"lazy\" decoding=\"async\" width=\"1024\" height=\"1024\" src=\"http:\/\/dev.brusselsgamesfestival.be\/wpbgf\/wp-content\/uploads\/2025\/05\/SergioMenendez-1-1-1024x1024.jpg\" alt=\"\" class=\"wp-image-4201\"\/><\/figure>\n<\/div>\n\n\n\n<div class=\"wp-block-column is-layout-flow wp-block-column-is-layout-flow\" style=\"flex-basis:66.66%\">\n<p>Illustrateur et animateur 2D install\u00e9 \u00e0 Bruxelles, <strong>Sergio Menendez<\/strong> navigue entre publicit\u00e9, \u00e9dition et projets personnels, toujours avec un univers influenc\u00e9 par l\u2019animation. Son style visuel est empreint de na\u00efvet\u00e9, d\u2019humour et d\u2019une grande lisibilit\u00e9. Pour le BGF 2023, il a puis\u00e9 dans cette sensibilit\u00e9 ludique pour transformer un immeuble bruxellois en terrain de jeu grandeur nature.<\/p>\n\n\n\n<h3 class=\"wp-block-heading\">Comment as-tu abord\u00e9 la cr\u00e9ation de cette affiche ?<br>Y avait-il une id\u00e9e, une ambiance ou un message que tu voulais transmettre ?<\/h3>\n\n\n\n<p>L\u2019histoire de cette affiche est un peu particuli\u00e8re : elle a d\u2019abord \u00e9t\u00e9 con\u00e7ue pour l\u2019\u00e9dition 2022 du BGF, qui n\u2019a finalement pas eu lieu en raison du confinement li\u00e9 au Covid.<\/p>\n\n\n\n<p>Dans ce contexte de repli, o\u00f9 les jeux de soci\u00e9t\u00e9 ont pris une place importante dans la vie de beaucoup de gens, j\u2019ai imagin\u00e9 une illustration repr\u00e9sentant un immeuble en forme de jeu de soci\u00e9t\u00e9, habit\u00e9 \u00e0 la fois par les personnages des jeux\u2026 et par les joueurs eux-m\u00eames.<\/p>\n<\/div>\n<\/div>\n\n\n\n<div class=\"wp-block-columns is-layout-flex wp-container-core-columns-is-layout-9d6595d7 wp-block-columns-is-layout-flex\">\n<div class=\"wp-block-column is-layout-flow wp-block-column-is-layout-flow\">\n<h3 class=\"wp-block-heading\">Qu\u2019est-ce que cette affiche repr\u00e9sente pour toi ?<\/h3>\n\n\n\n<p>J\u2019ai pris \u00e9norm\u00e9ment de plaisir \u00e0 travailler dessus. En tant qu\u2019amateur de jeux de soci\u00e9t\u00e9, je connais bien leur langage visuel, et c\u2019\u00e9tait tr\u00e8s amusant de le d\u00e9tourner pour composer les diff\u00e9rentes parties de l\u2019affiche.<\/p>\n\n\n\n<h3 class=\"wp-block-heading\">S\u2019il fallait d\u00e9crire ton affiche en trois mots, lesquels choisirais-tu \u2013 et pourquoi ?<\/h3>\n\n\n\n<p>Je suis tr\u00e8s mauvais \u00e0 ce genre d\u2019exercice, mais allons-y :<\/p>\n\n\n\n<p><strong>Divertissement<\/strong> \u2013 pour le th\u00e8me de l\u2019affiche, mais aussi le plaisir que j\u2019ai eu \u00e0 la cr\u00e9er.<br><strong>\u00c9vasion<\/strong> \u2013 parce que les jeux ont \u00e9t\u00e9 un vrai refuge \u00e0 cette \u00e9poque.<br><strong>Analysis Paralysis<\/strong> \u2013 mon p\u00e9ch\u00e9 mignon en tant que joueur !<\/p>\n<\/div>\n\n\n\n<div class=\"wp-block-column is-layout-flow wp-block-column-is-layout-flow\">\n<figure class=\"wp-block-image size-full\"><a href=\"http:\/\/dev.brusselsgamesfestival.be\/wpbgf\/wp-content\/uploads\/2024\/09\/BGF-affiche-2023.pdf\" target=\"_blank\" rel=\" noreferrer noopener\"><img loading=\"lazy\" decoding=\"async\" width=\"707\" height=\"1000\" src=\"http:\/\/dev.brusselsgamesfestival.be\/wpbgf\/wp-content\/uploads\/2024\/09\/BGF-affiche-2023.jpg\" alt=\"\" class=\"wp-image-4038\" srcset=\"https:\/\/dev.brusselsgamesfestival.be\/wpbgf\/wp-content\/uploads\/2024\/09\/BGF-affiche-2023.jpg 707w, https:\/\/dev.brusselsgamesfestival.be\/wpbgf\/wp-content\/uploads\/2024\/09\/BGF-affiche-2023-212x300.jpg 212w, https:\/\/dev.brusselsgamesfestival.be\/wpbgf\/wp-content\/uploads\/2024\/09\/BGF-affiche-2023-535x757.jpg 535w\" sizes=\"auto, (max-width: 707px) 100vw, 707px\" \/><\/a><figcaption class=\"wp-element-caption\">Cliquez sur l&#8217;image pour avoir sa version PDF<\/figcaption><\/figure>\n<\/div>\n<\/div>\n\n\n\n<h3 class=\"wp-block-heading\">Quel souvenir gardes-tu de ce travail d\u2019illustration pour le BGF ?<\/h3>\n\n\n\n<p>C\u2019est l\u2019un des projets les plus plaisants que j\u2019ai r\u00e9alis\u00e9s r\u00e9cemment. La collaboration avec la directrice artistique a \u00e9t\u00e9 tr\u00e8s fluide, et elle m\u2019a laiss\u00e9 une grande libert\u00e9 pour proposer des id\u00e9es.<\/p>\n\n\n\n<p>Et quand le BGF a finalement eu lieu, \u00e7a a \u00e9t\u00e9 un v\u00e9ritable honneur de voir mon travail expos\u00e9 pendant le festival.<\/p>\n\n\n\n<h3 class=\"wp-block-heading\">Y a-t-il un d\u00e9tail ou un clin d\u2019\u0153il dans ton affiche que peu de gens remarquent ?<\/h3>\n\n\n\n<p>L\u2019affiche regorge de r\u00e9f\u00e9rences \u00e0 des jeux de soci\u00e9t\u00e9 classiques, mais aussi \u00e0 des titres sortis l\u2019ann\u00e9e o\u00f9 je l\u2019ai r\u00e9alis\u00e9e.<br>Je ne vais pas tout spoiler, mais un indice : le coffre que l\u2019on voit contient des ressources qui pourraient vous sembler famili\u00e8res\u2026<\/p>\n\n\n\n<h3 class=\"wp-block-heading\">Info &amp; Contact<\/h3>\n\n\n\n<p>\ud83c\udf10 <a href=\"https:\/\/sergiomenendez.com\/?fbclid=PAZXh0bgNhZW0CMTEAAaeimwCkCDSl8I9Qw72Bmj5KPNh2rCdLDiACNC6QKtt7FgWESQ6-IRkBhRBNpg_aem_dBDkGNXBuN2c3049y5tekw\" target=\"_blank\" rel=\"noopener\" title=\"\">Website<\/a><br>\ud83d\udcf7 <a href=\"https:\/\/www.instagram.com\/sergio_menendez_\/?hl=fr\" target=\"_blank\" rel=\"noopener\" title=\"\">Instagram<\/a><\/p>\n\n\n\n<h2 class=\"wp-block-heading\">Autres \u00e9ditions<\/h2>\n\n\n\n<div class=\"wp-block-columns is-layout-flex wp-container-core-columns-is-layout-9d6595d7 wp-block-columns-is-layout-flex\">\n<div class=\"wp-block-column is-layout-flow wp-block-column-is-layout-flow\">\n<figure class=\"wp-block-image size-full\"><a href=\"http:\/\/dev.brusselsgamesfestival.be\/wpbgf\/fr\/medias\/les-affiches-et-leur-artiste\/\"><img loading=\"lazy\" decoding=\"async\" width=\"400\" height=\"500\" src=\"http:\/\/dev.brusselsgamesfestival.be\/wpbgf\/wp-content\/uploads\/2025\/05\/484653087_548022831661658_562092584661456769_n-e1748587878763.jpg\" alt=\"\" class=\"wp-image-4179\" srcset=\"https:\/\/dev.brusselsgamesfestival.be\/wpbgf\/wp-content\/uploads\/2025\/05\/484653087_548022831661658_562092584661456769_n-e1748587878763.jpg 400w, https:\/\/dev.brusselsgamesfestival.be\/wpbgf\/wp-content\/uploads\/2025\/05\/484653087_548022831661658_562092584661456769_n-e1748587878763-240x300.jpg 240w\" sizes=\"auto, (max-width: 400px) 100vw, 400px\" \/><\/a><\/figure>\n\n\n\n<p class=\"has-text-align-center\"><a href=\"http:\/\/dev.brusselsgamesfestival.be\/wpbgf\/fr\/medias\/les-affiches-et-leur-artiste\/\" title=\"\">Adrien Journel (2025)<\/a><\/p>\n<\/div>\n\n\n\n<div class=\"wp-block-column is-layout-flow wp-block-column-is-layout-flow\">\n<figure class=\"wp-block-image size-full\"><a href=\"https:\/\/dev.brusselsgamesfestival.be\/wpbgf\/fr\/medias\/les-affiches-et-leur-artiste\/ammo-dastarac\/\"><img loading=\"lazy\" decoding=\"async\" width=\"400\" height=\"500\" src=\"http:\/\/dev.brusselsgamesfestival.be\/wpbgf\/wp-content\/uploads\/2025\/08\/Ammo-Dastarac.jpg\" alt=\"\" class=\"wp-image-6041\" srcset=\"https:\/\/dev.brusselsgamesfestival.be\/wpbgf\/wp-content\/uploads\/2025\/08\/Ammo-Dastarac.jpg 400w, https:\/\/dev.brusselsgamesfestival.be\/wpbgf\/wp-content\/uploads\/2025\/08\/Ammo-Dastarac-240x300.jpg 240w\" sizes=\"auto, (max-width: 400px) 100vw, 400px\" \/><\/a><\/figure>\n\n\n\n<p class=\"has-text-align-center\"><a href=\"https:\/\/dev.brusselsgamesfestival.be\/wpbgf\/fr\/medias\/les-affiches-et-leur-artiste\/ammo-dastarac\/\" title=\"Ammo Dastarac\">Ammo Dastarac (2024)<\/a><\/p>\n<\/div>\n\n\n\n<div class=\"wp-block-column is-layout-flow wp-block-column-is-layout-flow\">\n<figure class=\"wp-block-image size-full\"><a href=\"https:\/\/dev.brusselsgamesfestival.be\/wpbgf\/fr\/medias\/sergio-menendez\/\"><img loading=\"lazy\" decoding=\"async\" width=\"400\" height=\"500\" src=\"http:\/\/dev.brusselsgamesfestival.be\/wpbgf\/wp-content\/uploads\/2025\/05\/SergioMenendez-1-1-e1748586831191.jpg\" alt=\"\" class=\"wp-image-4201\" srcset=\"https:\/\/dev.brusselsgamesfestival.be\/wpbgf\/wp-content\/uploads\/2025\/05\/SergioMenendez-1-1-e1748586831191.jpg 400w, https:\/\/dev.brusselsgamesfestival.be\/wpbgf\/wp-content\/uploads\/2025\/05\/SergioMenendez-1-1-e1748586831191-240x300.jpg 240w\" sizes=\"auto, (max-width: 400px) 100vw, 400px\" \/><\/a><\/figure>\n\n\n\n<p class=\"has-text-align-center\"><a href=\"https:\/\/dev.brusselsgamesfestival.be\/wpbgf\/fr\/medias\/sergio-menendez\/\" title=\"\">Sergio Men\u00e9ndez 2023<\/a><\/p>\n<\/div>\n\n\n\n<div class=\"wp-block-column is-layout-flow wp-block-column-is-layout-flow\">\n<figure class=\"wp-block-image size-full\"><a href=\"http:\/\/dev.brusselsgamesfestival.be\/wpbgf\/fr\/medias\/les-affiches-et-leur-artiste\/frederic-navez\/\"><img loading=\"lazy\" decoding=\"async\" width=\"400\" height=\"500\" src=\"http:\/\/dev.brusselsgamesfestival.be\/wpbgf\/wp-content\/uploads\/2025\/06\/Fred-e1748894569185.png\" alt=\"\" class=\"wp-image-4291\" srcset=\"https:\/\/dev.brusselsgamesfestival.be\/wpbgf\/wp-content\/uploads\/2025\/06\/Fred-e1748894569185.png 400w, https:\/\/dev.brusselsgamesfestival.be\/wpbgf\/wp-content\/uploads\/2025\/06\/Fred-e1748894569185-240x300.png 240w\" sizes=\"auto, (max-width: 400px) 100vw, 400px\" \/><\/a><\/figure>\n\n\n\n<p class=\"has-text-align-center\"><a href=\"http:\/\/dev.brusselsgamesfestival.be\/wpbgf\/fr\/medias\/les-affiches-et-leur-artiste\/frederic-navez\/\" title=\"Fr\u00e9d\u00e9ric Navez\">Fred Navez (2018 \u00e0 2021)<\/a><\/p>\n<\/div>\n<\/div>\n\n\n\n<div class=\"wp-block-columns is-layout-flex wp-container-core-columns-is-layout-9d6595d7 wp-block-columns-is-layout-flex\">\n<div class=\"wp-block-column is-layout-flow wp-block-column-is-layout-flow\">\n<figure class=\"wp-block-image size-full\"><a href=\"http:\/\/dev.brusselsgamesfestival.be\/wpbgf\/fr\/medias\/les-affiches-et-leur-artiste\/florence-bolsee\/\"><img loading=\"lazy\" decoding=\"async\" width=\"400\" height=\"500\" src=\"http:\/\/dev.brusselsgamesfestival.be\/wpbgf\/wp-content\/uploads\/2025\/05\/IMG_20230227_0920222-1-scaled-e1748586870782.jpg\" alt=\"\" class=\"wp-image-4209\" srcset=\"https:\/\/dev.brusselsgamesfestival.be\/wpbgf\/wp-content\/uploads\/2025\/05\/IMG_20230227_0920222-1-scaled-e1748586870782.jpg 400w, https:\/\/dev.brusselsgamesfestival.be\/wpbgf\/wp-content\/uploads\/2025\/05\/IMG_20230227_0920222-1-scaled-e1748586870782-240x300.jpg 240w\" sizes=\"auto, (max-width: 400px) 100vw, 400px\" \/><\/a><\/figure>\n\n\n\n<p class=\"has-text-align-center\"><a href=\"http:\/\/dev.brusselsgamesfestival.be\/wpbgf\/fr\/medias\/les-affiches-et-leur-artiste\/florence-bolsee\/\" title=\"\">Florence Bols\u00e9e (2016 \u00e0 2017)<\/a><\/p>\n<\/div>\n\n\n\n<div class=\"wp-block-column is-layout-flow wp-block-column-is-layout-flow\">\n<figure class=\"wp-block-image size-full\"><img loading=\"lazy\" decoding=\"async\" width=\"400\" height=\"500\" src=\"http:\/\/dev.brusselsgamesfestival.be\/wpbgf\/wp-content\/uploads\/2025\/04\/dummy-portrait-e1748586778996.jpg\" alt=\"\" class=\"wp-image-4127\" srcset=\"https:\/\/dev.brusselsgamesfestival.be\/wpbgf\/wp-content\/uploads\/2025\/04\/dummy-portrait-e1748586778996.jpg 400w, https:\/\/dev.brusselsgamesfestival.be\/wpbgf\/wp-content\/uploads\/2025\/04\/dummy-portrait-e1748586778996-240x300.jpg 240w\" sizes=\"auto, (max-width: 400px) 100vw, 400px\" \/><\/figure>\n\n\n\n<p class=\"has-text-align-center\">Rapha\u00ebl Batista (2015)<\/p>\n<\/div>\n\n\n\n<div class=\"wp-block-column is-layout-flow wp-block-column-is-layout-flow\">\n<figure class=\"wp-block-image size-full\"><a href=\"https:\/\/dev.brusselsgamesfestival.be\/wpbgf\/fr\/medias\/les-affiches-et-leur-artiste\/dimitri-piot\/\"><img loading=\"lazy\" decoding=\"async\" width=\"400\" height=\"500\" src=\"http:\/\/dev.brusselsgamesfestival.be\/wpbgf\/wp-content\/uploads\/2025\/06\/Dimitri-Piot-e1748893852725.png\" alt=\"\" class=\"wp-image-4308\" srcset=\"https:\/\/dev.brusselsgamesfestival.be\/wpbgf\/wp-content\/uploads\/2025\/06\/Dimitri-Piot-e1748893852725.png 400w, https:\/\/dev.brusselsgamesfestival.be\/wpbgf\/wp-content\/uploads\/2025\/06\/Dimitri-Piot-e1748893852725-240x300.png 240w\" sizes=\"auto, (max-width: 400px) 100vw, 400px\" \/><\/a><\/figure>\n\n\n\n<p class=\"has-text-align-center\"><a href=\"https:\/\/dev.brusselsgamesfestival.be\/wpbgf\/fr\/medias\/les-affiches-et-leur-artiste\/dimitri-piot\/\" title=\"Dimitri Piot\">Dimitri Piot (2014)<\/a><\/p>\n<\/div>\n\n\n\n<div class=\"wp-block-column is-layout-flow wp-block-column-is-layout-flow\">\n<figure class=\"wp-block-image size-full\"><a href=\"https:\/\/dev.brusselsgamesfestival.be\/wpbgf\/fr\/medias\/les-affiches-et-leur-artiste\/patrick-beukeleirs\/\"><img loading=\"lazy\" decoding=\"async\" width=\"400\" height=\"500\" src=\"http:\/\/dev.brusselsgamesfestival.be\/wpbgf\/wp-content\/uploads\/2025\/08\/Patrick-Beukeleirs.jpg\" alt=\"\" class=\"wp-image-5112\" srcset=\"https:\/\/dev.brusselsgamesfestival.be\/wpbgf\/wp-content\/uploads\/2025\/08\/Patrick-Beukeleirs.jpg 400w, https:\/\/dev.brusselsgamesfestival.be\/wpbgf\/wp-content\/uploads\/2025\/08\/Patrick-Beukeleirs-240x300.jpg 240w\" sizes=\"auto, (max-width: 400px) 100vw, 400px\" \/><\/a><\/figure>\n\n\n\n<p class=\"has-text-align-center\"><a title=\"Patrick Beukeleirs\" href=\"https:\/\/dev.brusselsgamesfestival.be\/wpbgf\/fr\/medias\/les-affiches-et-leur-artiste\/patrick-beukeleirs\/\">Patrick Beukeleirs (2013)<\/a><\/p>\n<\/div>\n<\/div>\n\n\n","protected":false},"excerpt":{"rendered":"<p>Illustrateur de l\u2019affiche du BGF 2023 Illustrateur et animateur 2D install\u00e9 \u00e0 Bruxelles, Sergio Menendez navigue entre publicit\u00e9, \u00e9dition et projets personnels, toujours avec un univers influenc\u00e9 par l\u2019animation. Son style visuel est empreint de na\u00efvet\u00e9, d\u2019humour et d\u2019une grande lisibilit\u00e9. Pour le BGF 2023, il a puis\u00e9 dans cette sensibilit\u00e9 ludique pour transformer un &hellip; <\/p>\n","protected":false},"author":2,"featured_media":0,"parent":4120,"menu_order":0,"comment_status":"closed","ping_status":"closed","template":"","meta":{"_acf_changed":false,"_monsterinsights_skip_tracking":false,"_monsterinsights_sitenote_active":false,"_monsterinsights_sitenote_note":"","_monsterinsights_sitenote_category":0,"footnotes":""},"class_list":["post-4198","page","type-page","status-publish","hentry","latest_post"],"acf":[],"aioseo_notices":[],"_links":{"self":[{"href":"https:\/\/dev.brusselsgamesfestival.be\/wpbgf\/wp-json\/wp\/v2\/pages\/4198","targetHints":{"allow":["GET"]}}],"collection":[{"href":"https:\/\/dev.brusselsgamesfestival.be\/wpbgf\/wp-json\/wp\/v2\/pages"}],"about":[{"href":"https:\/\/dev.brusselsgamesfestival.be\/wpbgf\/wp-json\/wp\/v2\/types\/page"}],"author":[{"embeddable":true,"href":"https:\/\/dev.brusselsgamesfestival.be\/wpbgf\/wp-json\/wp\/v2\/users\/2"}],"replies":[{"embeddable":true,"href":"https:\/\/dev.brusselsgamesfestival.be\/wpbgf\/wp-json\/wp\/v2\/comments?post=4198"}],"version-history":[{"count":18,"href":"https:\/\/dev.brusselsgamesfestival.be\/wpbgf\/wp-json\/wp\/v2\/pages\/4198\/revisions"}],"predecessor-version":[{"id":4506,"href":"https:\/\/dev.brusselsgamesfestival.be\/wpbgf\/wp-json\/wp\/v2\/pages\/4198\/revisions\/4506"}],"up":[{"embeddable":true,"href":"https:\/\/dev.brusselsgamesfestival.be\/wpbgf\/wp-json\/wp\/v2\/pages\/4120"}],"wp:attachment":[{"href":"https:\/\/dev.brusselsgamesfestival.be\/wpbgf\/wp-json\/wp\/v2\/media?parent=4198"}],"curies":[{"name":"wp","href":"https:\/\/api.w.org\/{rel}","templated":true}]}}