{"id":4120,"date":"2025-04-15T05:12:06","date_gmt":"2025-04-15T05:12:06","guid":{"rendered":"http:\/\/dev.brusselsgamesfestival.be\/wpbgf\/?page_id=4120"},"modified":"2025-06-10T10:14:43","modified_gmt":"2025-06-10T10:14:43","slug":"les-affiches-et-leur-artiste","status":"publish","type":"page","link":"https:\/\/dev.brusselsgamesfestival.be\/wpbgf\/fr\/medias\/les-affiches-et-leur-artiste\/","title":{"rendered":"Les affiches et leurs artistes"},"content":{"rendered":"\n<h2 class=\"wp-block-heading\">2025 : Adrien Journel<\/h2>\n\n\n\n<div class=\"wp-block-columns is-layout-flex wp-container-core-columns-is-layout-9d6595d7 wp-block-columns-is-layout-flex\">\n<div class=\"wp-block-column is-layout-flow wp-block-column-is-layout-flow\" style=\"flex-basis:33.33%\">\n<figure class=\"wp-block-image size-large\"><img loading=\"lazy\" decoding=\"async\" width=\"768\" height=\"1024\" src=\"http:\/\/dev.brusselsgamesfestival.be\/wpbgf\/wp-content\/uploads\/2025\/05\/484653087_548022831661658_562092584661456769_n-768x1024.jpg\" alt=\"\" class=\"wp-image-4179\"\/><\/figure>\n<\/div>\n\n\n\n<div class=\"wp-block-column is-layout-flow wp-block-column-is-layout-flow\" style=\"flex-basis:66.66%\">\n<p>Graphiste et illustrateur bas\u00e9 \u00e0 Bruxelles, Adrien Journel navigue entre plusieurs styles graphiques, du crayonn\u00e9 fa\u00e7on BD \u00e0 des univers plus \u00ab\u202fcute\u202f\u00bb et color\u00e9s. Influenc\u00e9 par les vieux Disney, les jeux vid\u00e9o narratifs et le cin\u00e9ma d\u2019animation, il aime cr\u00e9er des mondes magiques et nostalgiques peupl\u00e9s de sorciers, de pirates ou de vampires. Il travaille aujourd\u2019hui pour Captain Games, o\u00f9 il conjugue passion du jeu et illustration.<\/p>\n\n\n\n<h3 class=\"wp-block-heading\">Comment as-tu abord\u00e9 la cr\u00e9ation de cette affiche ?<br>Y avait-il une id\u00e9e, une ambiance ou un message que tu voulais transmettre ?<\/h3>\n\n\n\n<p>Je voulais qu\u2019on comprenne imm\u00e9diatement qu\u2019il s\u2019agissait d\u2019un festival de jeux. Mettre des personnages en train de jouer au premier plan permet \u00e0 chacun\u00b7e de s\u2019y identifier. C\u2019est mon c\u00f4t\u00e9 &#8220;BD&#8221;, sans doute. J\u2019ai d\u2019ailleurs pens\u00e9 cette affiche un peu comme une couverture de bande dessin\u00e9e.<\/p>\n\n\n\n<p>J\u2019y ai ajout\u00e9 une touche m\u00e9di\u00e9vale fantastique, d\u00e9cal\u00e9e et nostalgique. Les superbes affiches du festival <em>Namur en Mai<\/em> m\u2019ont beaucoup inspir\u00e9. J\u2019adore cette ambiance de f\u00eate foraine un peu m\u00e9lancolique, cet univers magique o\u00f9 l\u2019on s\u2019\u00e9vade quelques jours. Et bien s\u00fbr, l\u2019iconique montgolfi\u00e8re du BGF m\u2019a aussi beaucoup aid\u00e9 !<\/p>\n<\/div>\n<\/div>\n\n\n\n<h3 class=\"wp-block-heading\">Qu\u2019est-ce que cette affiche repr\u00e9sente pour toi ?<\/h3>\n\n\n\n<div class=\"wp-block-columns is-layout-flex wp-container-core-columns-is-layout-9d6595d7 wp-block-columns-is-layout-flex\">\n<div class=\"wp-block-column is-layout-flow wp-block-column-is-layout-flow\">\n<p>Sans doute une forme de reconnaissance. Que le BGF me &#8220;valide&#8221; comme illustrateur, c\u2019est fort.<\/p>\n\n\n\n<p>Je n\u2019ai jamais os\u00e9 me lancer \u00e0 fond dans l\u2019illustration, un m\u00e9tier difficile, pr\u00e9caire, qui repose sur les contacts. Et comme je suis tr\u00e8s introverti, je n\u2019ai jamais su me vendre. C\u2019est pour \u00e7a que j\u2019ai plut\u00f4t travaill\u00e9 comme graphiste en entreprise.<\/p>\n\n\n\n<p>Mais depuis que Captain Games m\u2019a confi\u00e9 l\u2019illustration de <em>Duck&amp;Cover<\/em>, tout a chang\u00e9. Les gens viennent en d\u00e9dicace pour un petit canard dans leur bo\u00eete, le jeu a beaucoup de succ\u00e8s\u2026 Je me sens enfin l\u00e9gitime en tant qu\u2019illustrateur.<\/p>\n\n\n\n<p>Alors faire l\u2019affiche du BGF pour la 10e \u00e9dition, c\u2019est fou. J\u2019en suis extr\u00eamement honor\u00e9 !<\/p>\n<\/div>\n\n\n\n<div class=\"wp-block-column is-layout-flow wp-block-column-is-layout-flow\">\n<figure class=\"wp-block-image size-large\"><a href=\"https:\/\/dev.brusselsgamesfestival.be\/wpbgf\/wp-content\/uploads\/2025\/05\/BGF2025_AFFICHE-2025_RS-EDIT.pdf\" target=\"_blank\" rel=\" noreferrer noopener\"><img loading=\"lazy\" decoding=\"async\" width=\"777\" height=\"1024\" src=\"http:\/\/dev.brusselsgamesfestival.be\/wpbgf\/wp-content\/uploads\/2025\/05\/BGF2025_AFFICHE-2025_RS-EDIT-1-777x1024.jpg\" alt=\"\" class=\"wp-image-4186\" srcset=\"https:\/\/dev.brusselsgamesfestival.be\/wpbgf\/wp-content\/uploads\/2025\/05\/BGF2025_AFFICHE-2025_RS-EDIT-1-777x1024.jpg 777w, https:\/\/dev.brusselsgamesfestival.be\/wpbgf\/wp-content\/uploads\/2025\/05\/BGF2025_AFFICHE-2025_RS-EDIT-1-228x300.jpg 228w, https:\/\/dev.brusselsgamesfestival.be\/wpbgf\/wp-content\/uploads\/2025\/05\/BGF2025_AFFICHE-2025_RS-EDIT-1-768x1012.jpg 768w, https:\/\/dev.brusselsgamesfestival.be\/wpbgf\/wp-content\/uploads\/2025\/05\/BGF2025_AFFICHE-2025_RS-EDIT-1-535x705.jpg 535w, https:\/\/dev.brusselsgamesfestival.be\/wpbgf\/wp-content\/uploads\/2025\/05\/BGF2025_AFFICHE-2025_RS-EDIT-1-1166x1536.jpg 1166w, https:\/\/dev.brusselsgamesfestival.be\/wpbgf\/wp-content\/uploads\/2025\/05\/BGF2025_AFFICHE-2025_RS-EDIT-1-1555x2048.jpg 1555w, https:\/\/dev.brusselsgamesfestival.be\/wpbgf\/wp-content\/uploads\/2025\/05\/BGF2025_AFFICHE-2025_RS-EDIT-1-scaled.jpg 1943w\" sizes=\"auto, (max-width: 777px) 100vw, 777px\" \/><\/a><figcaption class=\"wp-element-caption\">Cliquez sur l&#8217;image pour avoir sa version PDF<\/figcaption><\/figure>\n<\/div>\n<\/div>\n\n\n\n<h3 class=\"wp-block-heading\">S\u2019il fallait d\u00e9crire ton affiche en trois mots, lesquels choisirais-tu \u2013 et pourquoi ?<\/h3>\n\n\n\n<p><strong>Forain<\/strong>, <strong>Univers<\/strong>, <strong>Folie<\/strong>.<\/p>\n\n\n\n<p><strong>Forain<\/strong>, parce que c\u2019est ce que m\u2019\u00e9voque un festival : la f\u00eate, les fanions, l\u2019ambiance un peu bricol\u00e9e et m\u00e9di\u00e9vale fantastique. Un moment coup\u00e9 du monde, o\u00f9 tout le monde est l\u00e0 pour s\u2019amuser.<\/p>\n\n\n\n<p><strong>Univers<\/strong> (au pluriel), pour tous les mondes qu\u2019on d\u00e9couvre \u00e0 travers les jeux\u2026 et gr\u00e2ce aux gens qui se d\u00e9guisent. J\u2019adore les cosplayeur\u00b7euses. Iels s\u2019amusent, investissent dans leurs costumes, parfois juste pour se promener et kiffer. Certains diront que c\u2019est du g\u00e2chis, moi je trouve \u00e7a formidable.<\/p>\n\n\n\n<p><strong>Folie<\/strong>, parce qu\u2019il faut une part de folie pour s\u2019affranchir du regard des autres. Les jeux de soci\u00e9t\u00e9 ou de r\u00f4les restent per\u00e7us comme marginaux, mais dans un festival comme le BGF, nos bizarreries sont c\u00e9l\u00e9br\u00e9es. Une sorci\u00e8re peut croiser un pirate, et \u00e7a, \u00e7a fait un bien fou !<\/p>\n\n\n<div class=\"wp-block-image\">\n<figure class=\"aligncenter size-large is-resized\"><img loading=\"lazy\" decoding=\"async\" width=\"1024\" height=\"682\" src=\"https:\/\/dev.brusselsgamesfestival.be\/wpbgf\/wp-content\/uploads\/2025\/05\/Adrien-Journel-7-1024x682.jpg\" alt=\"\" class=\"wp-image-4193\" style=\"width:778px;height:auto\" srcset=\"https:\/\/dev.brusselsgamesfestival.be\/wpbgf\/wp-content\/uploads\/2025\/05\/Adrien-Journel-7-1024x682.jpg 1024w, https:\/\/dev.brusselsgamesfestival.be\/wpbgf\/wp-content\/uploads\/2025\/05\/Adrien-Journel-7-300x200.jpg 300w, https:\/\/dev.brusselsgamesfestival.be\/wpbgf\/wp-content\/uploads\/2025\/05\/Adrien-Journel-7-768x512.jpg 768w, https:\/\/dev.brusselsgamesfestival.be\/wpbgf\/wp-content\/uploads\/2025\/05\/Adrien-Journel-7-535x357.jpg 535w, https:\/\/dev.brusselsgamesfestival.be\/wpbgf\/wp-content\/uploads\/2025\/05\/Adrien-Journel-7-1536x1024.jpg 1536w, https:\/\/dev.brusselsgamesfestival.be\/wpbgf\/wp-content\/uploads\/2025\/05\/Adrien-Journel-7.jpg 2000w\" sizes=\"auto, (max-width: 1024px) 100vw, 1024px\" \/><\/figure>\n<\/div>\n\n\n<h3 class=\"wp-block-heading\">Quel souvenir gardes-tu de ce travail d\u2019illustration pour le BGF ?<\/h3>\n\n\n\n<p>Mon retard ! \ud83d\ude02<br>Je bossais en parall\u00e8le sur le prochain jeu de Captain Games, donc j\u2019avais tr\u00e8s peu de temps. \u00c7a me frustrait, j\u2019avais juste envie de mettre tout en pause pour me consacrer \u00e0 cette affiche. Finalement, j\u2019ai trouv\u00e9 un cr\u00e9neau\u2026 mais \u00e7a a \u00e9t\u00e9 chaotique ! J\u2019en suis tr\u00e8s content malgr\u00e9 tout.<\/p>\n\n\n\n<h3 class=\"wp-block-heading\">Y a-t-il un d\u00e9tail ou un clin d\u2019\u0153il dans ton affiche que peu de gens remarquent ?<\/h3>\n\n\n\n<p>Le dragon en arri\u00e8re-plan tient un canard en plastique dans la main. J\u2019aime imaginer qu\u2019il pense :<br><strong>\u201cDuck or Cover ? That is the Question!\u201d<\/strong><\/p>\n\n\n\n<h3 class=\"wp-block-heading\">Info &amp; Contact<\/h3>\n\n\n\n<p>\ud83c\udf10 <a href=\"https:\/\/adrienjournel.ultra-book.com\/\" target=\"_blank\" rel=\"noopener\" title=\"\">Website<\/a><br>\ud83d\udcf7 <a href=\"https:\/\/www.instagram.com\/la_boite_a_pixel\/?hl=fr\" target=\"_blank\" rel=\"noopener\" title=\"\">Instagram<\/a><\/p>\n\n\n\n<h2 class=\"wp-block-heading\">\u00c9ditions pr\u00e9c\u00e9dentes<\/h2>\n\n\n\n<div class=\"wp-block-columns is-layout-flex wp-container-core-columns-is-layout-9d6595d7 wp-block-columns-is-layout-flex\">\n<div class=\"wp-block-column is-layout-flow wp-block-column-is-layout-flow\">\n<figure class=\"wp-block-image size-full\"><a href=\"http:\/\/dev.brusselsgamesfestival.be\/wpbgf\/fr\/medias\/les-affiches-et-leur-artiste\/\"><img loading=\"lazy\" decoding=\"async\" width=\"400\" height=\"500\" src=\"http:\/\/dev.brusselsgamesfestival.be\/wpbgf\/wp-content\/uploads\/2025\/05\/484653087_548022831661658_562092584661456769_n-e1748587878763.jpg\" alt=\"\" class=\"wp-image-4179\" srcset=\"https:\/\/dev.brusselsgamesfestival.be\/wpbgf\/wp-content\/uploads\/2025\/05\/484653087_548022831661658_562092584661456769_n-e1748587878763.jpg 400w, https:\/\/dev.brusselsgamesfestival.be\/wpbgf\/wp-content\/uploads\/2025\/05\/484653087_548022831661658_562092584661456769_n-e1748587878763-240x300.jpg 240w\" sizes=\"auto, (max-width: 400px) 100vw, 400px\" \/><\/a><\/figure>\n\n\n\n<p class=\"has-text-align-center\"><a href=\"http:\/\/dev.brusselsgamesfestival.be\/wpbgf\/fr\/medias\/les-affiches-et-leur-artiste\/\" title=\"\">Adrien Journel (2025)<\/a><\/p>\n<\/div>\n\n\n\n<div class=\"wp-block-column is-layout-flow wp-block-column-is-layout-flow\">\n<figure class=\"wp-block-image size-full\"><a href=\"https:\/\/dev.brusselsgamesfestival.be\/wpbgf\/fr\/medias\/les-affiches-et-leur-artiste\/ammo-dastarac\/\"><img loading=\"lazy\" decoding=\"async\" width=\"400\" height=\"500\" src=\"http:\/\/dev.brusselsgamesfestival.be\/wpbgf\/wp-content\/uploads\/2025\/08\/Ammo-Dastarac.jpg\" alt=\"\" class=\"wp-image-6041\" srcset=\"https:\/\/dev.brusselsgamesfestival.be\/wpbgf\/wp-content\/uploads\/2025\/08\/Ammo-Dastarac.jpg 400w, https:\/\/dev.brusselsgamesfestival.be\/wpbgf\/wp-content\/uploads\/2025\/08\/Ammo-Dastarac-240x300.jpg 240w\" sizes=\"auto, (max-width: 400px) 100vw, 400px\" \/><\/a><\/figure>\n\n\n\n<p class=\"has-text-align-center\"><a href=\"https:\/\/dev.brusselsgamesfestival.be\/wpbgf\/fr\/medias\/les-affiches-et-leur-artiste\/ammo-dastarac\/\" title=\"Ammo Dastarac\">Ammo Dastarac (2024)<\/a><\/p>\n<\/div>\n\n\n\n<div class=\"wp-block-column is-layout-flow wp-block-column-is-layout-flow\">\n<figure class=\"wp-block-image size-full\"><a href=\"https:\/\/dev.brusselsgamesfestival.be\/wpbgf\/fr\/medias\/sergio-menendez\/\"><img loading=\"lazy\" decoding=\"async\" width=\"400\" height=\"500\" src=\"http:\/\/dev.brusselsgamesfestival.be\/wpbgf\/wp-content\/uploads\/2025\/05\/SergioMenendez-1-1-e1748586831191.jpg\" alt=\"\" class=\"wp-image-4201\" srcset=\"https:\/\/dev.brusselsgamesfestival.be\/wpbgf\/wp-content\/uploads\/2025\/05\/SergioMenendez-1-1-e1748586831191.jpg 400w, https:\/\/dev.brusselsgamesfestival.be\/wpbgf\/wp-content\/uploads\/2025\/05\/SergioMenendez-1-1-e1748586831191-240x300.jpg 240w\" sizes=\"auto, (max-width: 400px) 100vw, 400px\" \/><\/a><\/figure>\n\n\n\n<p class=\"has-text-align-center\"><a href=\"https:\/\/dev.brusselsgamesfestival.be\/wpbgf\/fr\/medias\/sergio-menendez\/\" title=\"\">Sergio Men\u00e9ndez 2023<\/a><\/p>\n<\/div>\n\n\n\n<div class=\"wp-block-column is-layout-flow wp-block-column-is-layout-flow\">\n<figure class=\"wp-block-image size-full\"><a href=\"http:\/\/dev.brusselsgamesfestival.be\/wpbgf\/fr\/medias\/les-affiches-et-leur-artiste\/frederic-navez\/\"><img loading=\"lazy\" decoding=\"async\" width=\"400\" height=\"500\" src=\"http:\/\/dev.brusselsgamesfestival.be\/wpbgf\/wp-content\/uploads\/2025\/06\/Fred-e1748894569185.png\" alt=\"\" class=\"wp-image-4291\" srcset=\"https:\/\/dev.brusselsgamesfestival.be\/wpbgf\/wp-content\/uploads\/2025\/06\/Fred-e1748894569185.png 400w, https:\/\/dev.brusselsgamesfestival.be\/wpbgf\/wp-content\/uploads\/2025\/06\/Fred-e1748894569185-240x300.png 240w\" sizes=\"auto, (max-width: 400px) 100vw, 400px\" \/><\/a><\/figure>\n\n\n\n<p class=\"has-text-align-center\"><a href=\"http:\/\/dev.brusselsgamesfestival.be\/wpbgf\/fr\/medias\/les-affiches-et-leur-artiste\/frederic-navez\/\" title=\"Fr\u00e9d\u00e9ric Navez\">Fred Navez (2018 \u00e0 2021)<\/a><\/p>\n<\/div>\n<\/div>\n\n\n\n<div class=\"wp-block-columns is-layout-flex wp-container-core-columns-is-layout-9d6595d7 wp-block-columns-is-layout-flex\">\n<div class=\"wp-block-column is-layout-flow wp-block-column-is-layout-flow\">\n<figure class=\"wp-block-image size-full\"><a href=\"http:\/\/dev.brusselsgamesfestival.be\/wpbgf\/fr\/medias\/les-affiches-et-leur-artiste\/florence-bolsee\/\"><img loading=\"lazy\" decoding=\"async\" width=\"400\" height=\"500\" src=\"http:\/\/dev.brusselsgamesfestival.be\/wpbgf\/wp-content\/uploads\/2025\/05\/IMG_20230227_0920222-1-scaled-e1748586870782.jpg\" alt=\"\" class=\"wp-image-4209\" srcset=\"https:\/\/dev.brusselsgamesfestival.be\/wpbgf\/wp-content\/uploads\/2025\/05\/IMG_20230227_0920222-1-scaled-e1748586870782.jpg 400w, https:\/\/dev.brusselsgamesfestival.be\/wpbgf\/wp-content\/uploads\/2025\/05\/IMG_20230227_0920222-1-scaled-e1748586870782-240x300.jpg 240w\" sizes=\"auto, (max-width: 400px) 100vw, 400px\" \/><\/a><\/figure>\n\n\n\n<p class=\"has-text-align-center\"><a href=\"http:\/\/dev.brusselsgamesfestival.be\/wpbgf\/fr\/medias\/les-affiches-et-leur-artiste\/florence-bolsee\/\" title=\"\">Florence Bols\u00e9e (2016 \u00e0 2017)<\/a><\/p>\n<\/div>\n\n\n\n<div class=\"wp-block-column is-layout-flow wp-block-column-is-layout-flow\">\n<figure class=\"wp-block-image size-full\"><img loading=\"lazy\" decoding=\"async\" width=\"400\" height=\"500\" src=\"http:\/\/dev.brusselsgamesfestival.be\/wpbgf\/wp-content\/uploads\/2025\/04\/dummy-portrait-e1748586778996.jpg\" alt=\"\" class=\"wp-image-4127\" srcset=\"https:\/\/dev.brusselsgamesfestival.be\/wpbgf\/wp-content\/uploads\/2025\/04\/dummy-portrait-e1748586778996.jpg 400w, https:\/\/dev.brusselsgamesfestival.be\/wpbgf\/wp-content\/uploads\/2025\/04\/dummy-portrait-e1748586778996-240x300.jpg 240w\" sizes=\"auto, (max-width: 400px) 100vw, 400px\" \/><\/figure>\n\n\n\n<p class=\"has-text-align-center\">Rapha\u00ebl Batista (2015)<\/p>\n<\/div>\n\n\n\n<div class=\"wp-block-column is-layout-flow wp-block-column-is-layout-flow\">\n<figure class=\"wp-block-image size-full\"><a href=\"https:\/\/dev.brusselsgamesfestival.be\/wpbgf\/fr\/medias\/les-affiches-et-leur-artiste\/dimitri-piot\/\"><img loading=\"lazy\" decoding=\"async\" width=\"400\" height=\"500\" src=\"http:\/\/dev.brusselsgamesfestival.be\/wpbgf\/wp-content\/uploads\/2025\/06\/Dimitri-Piot-e1748893852725.png\" alt=\"\" class=\"wp-image-4308\" srcset=\"https:\/\/dev.brusselsgamesfestival.be\/wpbgf\/wp-content\/uploads\/2025\/06\/Dimitri-Piot-e1748893852725.png 400w, https:\/\/dev.brusselsgamesfestival.be\/wpbgf\/wp-content\/uploads\/2025\/06\/Dimitri-Piot-e1748893852725-240x300.png 240w\" sizes=\"auto, (max-width: 400px) 100vw, 400px\" \/><\/a><\/figure>\n\n\n\n<p class=\"has-text-align-center\"><a href=\"https:\/\/dev.brusselsgamesfestival.be\/wpbgf\/fr\/medias\/les-affiches-et-leur-artiste\/dimitri-piot\/\" title=\"Dimitri Piot\">Dimitri Piot (2014)<\/a><\/p>\n<\/div>\n\n\n\n<div class=\"wp-block-column is-layout-flow wp-block-column-is-layout-flow\">\n<figure class=\"wp-block-image size-full\"><a href=\"https:\/\/dev.brusselsgamesfestival.be\/wpbgf\/fr\/medias\/les-affiches-et-leur-artiste\/patrick-beukeleirs\/\"><img loading=\"lazy\" decoding=\"async\" width=\"400\" height=\"500\" src=\"http:\/\/dev.brusselsgamesfestival.be\/wpbgf\/wp-content\/uploads\/2025\/08\/Patrick-Beukeleirs.jpg\" alt=\"\" class=\"wp-image-5112\" srcset=\"https:\/\/dev.brusselsgamesfestival.be\/wpbgf\/wp-content\/uploads\/2025\/08\/Patrick-Beukeleirs.jpg 400w, https:\/\/dev.brusselsgamesfestival.be\/wpbgf\/wp-content\/uploads\/2025\/08\/Patrick-Beukeleirs-240x300.jpg 240w\" sizes=\"auto, (max-width: 400px) 100vw, 400px\" \/><\/a><\/figure>\n\n\n\n<p class=\"has-text-align-center\"><a title=\"Patrick Beukeleirs\" href=\"https:\/\/dev.brusselsgamesfestival.be\/wpbgf\/fr\/medias\/les-affiches-et-leur-artiste\/patrick-beukeleirs\/\">Patrick Beukeleirs (2013)<\/a><\/p>\n<\/div>\n<\/div>\n\n\n\n\n\n<p><\/p>\n","protected":false},"excerpt":{"rendered":"<p>2025 : Adrien Journel Graphiste et illustrateur bas\u00e9 \u00e0 Bruxelles, Adrien Journel navigue entre plusieurs styles graphiques, du crayonn\u00e9 fa\u00e7on BD \u00e0 des univers plus \u00ab\u202fcute\u202f\u00bb et color\u00e9s. Influenc\u00e9 par les vieux Disney, les jeux vid\u00e9o narratifs et le cin\u00e9ma d\u2019animation, il aime cr\u00e9er des mondes magiques et nostalgiques peupl\u00e9s de sorciers, de pirates ou &hellip; <\/p>\n","protected":false},"author":2,"featured_media":0,"parent":77,"menu_order":0,"comment_status":"closed","ping_status":"closed","template":"","meta":{"_acf_changed":false,"_monsterinsights_skip_tracking":false,"_monsterinsights_sitenote_active":false,"_monsterinsights_sitenote_note":"","_monsterinsights_sitenote_category":0,"footnotes":""},"class_list":["post-4120","page","type-page","status-publish","hentry","latest_post"],"acf":[],"aioseo_notices":[],"_links":{"self":[{"href":"https:\/\/dev.brusselsgamesfestival.be\/wpbgf\/wp-json\/wp\/v2\/pages\/4120","targetHints":{"allow":["GET"]}}],"collection":[{"href":"https:\/\/dev.brusselsgamesfestival.be\/wpbgf\/wp-json\/wp\/v2\/pages"}],"about":[{"href":"https:\/\/dev.brusselsgamesfestival.be\/wpbgf\/wp-json\/wp\/v2\/types\/page"}],"author":[{"embeddable":true,"href":"https:\/\/dev.brusselsgamesfestival.be\/wpbgf\/wp-json\/wp\/v2\/users\/2"}],"replies":[{"embeddable":true,"href":"https:\/\/dev.brusselsgamesfestival.be\/wpbgf\/wp-json\/wp\/v2\/comments?post=4120"}],"version-history":[{"count":48,"href":"https:\/\/dev.brusselsgamesfestival.be\/wpbgf\/wp-json\/wp\/v2\/pages\/4120\/revisions"}],"predecessor-version":[{"id":4504,"href":"https:\/\/dev.brusselsgamesfestival.be\/wpbgf\/wp-json\/wp\/v2\/pages\/4120\/revisions\/4504"}],"up":[{"embeddable":true,"href":"https:\/\/dev.brusselsgamesfestival.be\/wpbgf\/wp-json\/wp\/v2\/pages\/77"}],"wp:attachment":[{"href":"https:\/\/dev.brusselsgamesfestival.be\/wpbgf\/wp-json\/wp\/v2\/media?parent=4120"}],"curies":[{"name":"wp","href":"https:\/\/api.w.org\/{rel}","templated":true}]}}