{"id":4080,"date":"2025-04-08T09:31:52","date_gmt":"2025-04-08T09:31:52","guid":{"rendered":"https:\/\/dev.brusselsgamesfestival.be\/wpbgf\/?page_id=4080"},"modified":"2026-04-13T18:13:44","modified_gmt":"2026-04-13T18:13:44","slug":"participer-a-la-protozone","status":"publish","type":"page","link":"https:\/\/dev.brusselsgamesfestival.be\/wpbgf\/fr\/participer\/participer-a-la-protozone\/","title":{"rendered":"Participer \u00e0 la ProtoZone"},"content":{"rendered":"\n<h2 class=\"wp-block-heading\">La ProtoZone 2026 est lanc\u00e9e<\/h2>\n\n\n\n<p>La <strong>ProtoZone<\/strong> revient pour sa <strong>11e \u00e9dition<\/strong> avec toujours le m\u00eame objectif : mettre en avant des prototypes de jeux in\u00e9dits, favoriser les rencontres et faire \u00e9merger de nouvelles id\u00e9es ludiques.<\/p>\n\n\n\n<p><strong>12 cr\u00e9ateurs et cr\u00e9atrices<\/strong> seront s\u00e9lectionn\u00e9s pour pr\u00e9senter leur prototype au public tout au long du week-end.<br>C\u2019est l\u2019occasion de partager votre univers, de tester votre jeu, de r\u00e9colter des retours\u2026 et peut-\u00eatre de d\u00e9crocher un prix.<\/p>\n\n\n\n<h2 class=\"wp-block-heading\">Comment \u00e7a marche ?<\/h2>\n\n\n\n<p>Pour participer, vous devez soumettre votre candidature entre le <strong>1er avril et le 31 mai 2026 \u00e0 23h59<\/strong> via un <a href=\"https:\/\/forms.gle\/iSN1y4xWwpRgAGV39\" target=\"_blank\" rel=\"noopener\" title=\"\">formulaire en ligne<\/a><strong>.<\/strong><\/p>\n\n\n\n<p>Un comit\u00e9 de pr\u00e9s\u00e9lection, compos\u00e9 de personnes issues du monde du jeu (auteurs et autrices, professionnels et professionnelles, membres d\u2019associations, etc.), se r\u00e9unira pour choisir les <strong>12 prototypes <\/strong>qui rejoindront la <strong>ProtoZone 2026<\/strong>.<\/p>\n\n\n\n<p>Les r\u00e9sultats de la pr\u00e9s\u00e9lection seront communiqu\u00e9s aux alentours du <strong>1er juillet<\/strong>, le temps pour le comit\u00e9 de d\u00e9lib\u00e9rer sereinement.<\/p>\n\n\n\n<h2 class=\"wp-block-heading\">Les r\u00e9compenses<\/h2>\n\n\n\n<div class=\"wp-block-columns is-layout-flex wp-container-core-columns-is-layout-9d6595d7 wp-block-columns-is-layout-flex\">\n<div class=\"wp-block-column is-layout-flow wp-block-column-is-layout-flow\">\n<h3 class=\"wp-block-heading\">Le Meeple Pis d&#8217;Or du Public<\/h3>\n\n\n\n<figure class=\"wp-block-image size-full\"><img loading=\"lazy\" decoding=\"async\" width=\"1000\" height=\"1000\" src=\"http:\/\/dev.brusselsgamesfestival.be\/wpbgf\/wp-content\/uploads\/2026\/04\/BGF-2025-ProtoZone-002-2.jpg\" alt=\"\" class=\"wp-image-6333\" srcset=\"https:\/\/dev.brusselsgamesfestival.be\/wpbgf\/wp-content\/uploads\/2026\/04\/BGF-2025-ProtoZone-002-2.jpg 1000w, https:\/\/dev.brusselsgamesfestival.be\/wpbgf\/wp-content\/uploads\/2026\/04\/BGF-2025-ProtoZone-002-2-300x300.jpg 300w, https:\/\/dev.brusselsgamesfestival.be\/wpbgf\/wp-content\/uploads\/2026\/04\/BGF-2025-ProtoZone-002-2-150x150.jpg 150w, https:\/\/dev.brusselsgamesfestival.be\/wpbgf\/wp-content\/uploads\/2026\/04\/BGF-2025-ProtoZone-002-2-768x768.jpg 768w, https:\/\/dev.brusselsgamesfestival.be\/wpbgf\/wp-content\/uploads\/2026\/04\/BGF-2025-ProtoZone-002-2-500x500.jpg 500w, https:\/\/dev.brusselsgamesfestival.be\/wpbgf\/wp-content\/uploads\/2026\/04\/BGF-2025-ProtoZone-002-2-535x535.jpg 535w, https:\/\/dev.brusselsgamesfestival.be\/wpbgf\/wp-content\/uploads\/2026\/04\/BGF-2025-ProtoZone-002-2-470x470.jpg 470w\" sizes=\"auto, (max-width: 1000px) 100vw, 1000px\" \/><\/figure>\n\n\n\n<p>D\u00e9cern\u00e9 par le public du BGF, il r\u00e9compense le prototype le plus appr\u00e9ci\u00e9 durant le week-end.<\/p>\n<\/div>\n\n\n\n<div class=\"wp-block-column is-layout-flow wp-block-column-is-layout-flow\">\n<h3 class=\"wp-block-heading\">Le Meeple Pis d&#8217;Or du Jury<\/h3>\n\n\n\n<figure class=\"wp-block-image size-full is-style-default\"><img loading=\"lazy\" decoding=\"async\" width=\"1000\" height=\"1000\" src=\"http:\/\/dev.brusselsgamesfestival.be\/wpbgf\/wp-content\/uploads\/2026\/04\/BGF-2025-ProtoZone-003-2.jpg\" alt=\"\" class=\"wp-image-6334\" srcset=\"https:\/\/dev.brusselsgamesfestival.be\/wpbgf\/wp-content\/uploads\/2026\/04\/BGF-2025-ProtoZone-003-2.jpg 1000w, https:\/\/dev.brusselsgamesfestival.be\/wpbgf\/wp-content\/uploads\/2026\/04\/BGF-2025-ProtoZone-003-2-300x300.jpg 300w, https:\/\/dev.brusselsgamesfestival.be\/wpbgf\/wp-content\/uploads\/2026\/04\/BGF-2025-ProtoZone-003-2-150x150.jpg 150w, https:\/\/dev.brusselsgamesfestival.be\/wpbgf\/wp-content\/uploads\/2026\/04\/BGF-2025-ProtoZone-003-2-768x768.jpg 768w, https:\/\/dev.brusselsgamesfestival.be\/wpbgf\/wp-content\/uploads\/2026\/04\/BGF-2025-ProtoZone-003-2-500x500.jpg 500w, https:\/\/dev.brusselsgamesfestival.be\/wpbgf\/wp-content\/uploads\/2026\/04\/BGF-2025-ProtoZone-003-2-535x535.jpg 535w, https:\/\/dev.brusselsgamesfestival.be\/wpbgf\/wp-content\/uploads\/2026\/04\/BGF-2025-ProtoZone-003-2-470x470.jpg 470w\" sizes=\"auto, (max-width: 1000px) 100vw, 1000px\" \/><\/figure>\n\n\n\n<p>Attribu\u00e9 par un jury compos\u00e9 de professionnel\u00b7les du monde ludique, il met en avant un prototype pour la qualit\u00e9 de son game design et de son exp\u00e9rience.<\/p>\n<\/div>\n<\/div>\n\n\n\n<p>D\u2019autres prix pourraient \u00eatre attribu\u00e9s. Ces distinctions restent \u00e0 l\u2019appr\u00e9ciation du jury.<\/p>\n\n\n\n<h2 class=\"wp-block-heading\">O\u00f9 trouver le r\u00e8glement ?<\/h2>\n\n\n\n<p>\ud83d\udcc4 T\u00e9l\u00e9chargez <a href=\"http:\/\/dev.brusselsgamesfestival.be\/wpbgf\/wp-content\/uploads\/2026\/04\/BGF26_Reglement-BGF-FACTORY-PROTOZONE-FR.pdf\" target=\"_blank\" rel=\"noopener\" title=\"\">notre r\u00e8glement en PDF<\/a>.<\/p>\n\n\n\n<h2 class=\"wp-block-heading\">Inscriptions<\/h2>\n\n\n\n<p>Inscrivez-vous via <a href=\"https:\/\/forms.gle\/iSN1y4xWwpRgAGV39\" target=\"_blank\" rel=\"noopener\" title=\"\">ce formulaire en ligne<\/a>.<\/p>\n\n\n\n<h2 class=\"wp-block-heading\">Des questions ?<\/h2>\n\n\n\n<p>Envoyez-nous un mail \u00e0 l&#8217;adresse <a href=\"mailto:protozone@brusselsgamesfestival.be\">protozone@brusselsgamesfestival.be<\/a>.<\/p>\n\n\n\n<p>Si vous ne souhaitez pas passer par le formulaire en ligne (Google Forms), vous pouvez t\u00e9l\u00e9charger le formulaire ci-dessous (PDF ou .docx), le compl\u00e9ter et nous l\u2019envoyer par email \u00e0 cette m\u00eame adresse.<\/p>\n\n\n\n<p>\ud83d\udcc4 <strong><a href=\"http:\/\/dev.brusselsgamesfestival.be\/wpbgf\/wp-content\/uploads\/2026\/04\/Brussels-Games-Festival-2026-PZ-FR.pdf\" target=\"_blank\" rel=\"noopener\" title=\"\">T\u00e9l\u00e9charger le formulaire (PDF)<\/a><\/strong><br>\ud83d\udcdd <strong><a href=\"http:\/\/dev.brusselsgamesfestival.be\/wpbgf\/wp-content\/uploads\/2026\/04\/Brussels-Games-Festival-2026-PZ-FR.docx\" target=\"_blank\" rel=\"noopener\" title=\"\">T\u00e9l\u00e9charger le formulaire (Docx)<\/a><\/strong><\/p>\n\n\n\n<p>\ud83c\udfc6 Qui succ\u00e9dera aux laur\u00e9ats 2025, Gabriel et Alix ? \u00c0 vous de jouer !<\/p>\n\n\n\n<div class=\"wp-block-columns is-layout-flex wp-container-core-columns-is-layout-9d6595d7 wp-block-columns-is-layout-flex\">\n<div class=\"wp-block-column is-layout-flow wp-block-column-is-layout-flow\">\n<figure class=\"wp-block-image size-full\"><img loading=\"lazy\" decoding=\"async\" width=\"1000\" height=\"1000\" src=\"http:\/\/dev.brusselsgamesfestival.be\/wpbgf\/wp-content\/uploads\/2026\/04\/BGF-2025-ProtoZone-004-1.jpg\" alt=\"\" class=\"wp-image-6335\" srcset=\"https:\/\/dev.brusselsgamesfestival.be\/wpbgf\/wp-content\/uploads\/2026\/04\/BGF-2025-ProtoZone-004-1.jpg 1000w, https:\/\/dev.brusselsgamesfestival.be\/wpbgf\/wp-content\/uploads\/2026\/04\/BGF-2025-ProtoZone-004-1-300x300.jpg 300w, https:\/\/dev.brusselsgamesfestival.be\/wpbgf\/wp-content\/uploads\/2026\/04\/BGF-2025-ProtoZone-004-1-150x150.jpg 150w, https:\/\/dev.brusselsgamesfestival.be\/wpbgf\/wp-content\/uploads\/2026\/04\/BGF-2025-ProtoZone-004-1-768x768.jpg 768w, https:\/\/dev.brusselsgamesfestival.be\/wpbgf\/wp-content\/uploads\/2026\/04\/BGF-2025-ProtoZone-004-1-500x500.jpg 500w, https:\/\/dev.brusselsgamesfestival.be\/wpbgf\/wp-content\/uploads\/2026\/04\/BGF-2025-ProtoZone-004-1-535x535.jpg 535w, https:\/\/dev.brusselsgamesfestival.be\/wpbgf\/wp-content\/uploads\/2026\/04\/BGF-2025-ProtoZone-004-1-470x470.jpg 470w\" sizes=\"auto, (max-width: 1000px) 100vw, 1000px\" \/><\/figure>\n<\/div>\n\n\n\n<div class=\"wp-block-column is-layout-flow wp-block-column-is-layout-flow\">\n<figure class=\"wp-block-image size-full\"><img loading=\"lazy\" decoding=\"async\" width=\"1000\" height=\"1000\" src=\"http:\/\/dev.brusselsgamesfestival.be\/wpbgf\/wp-content\/uploads\/2026\/04\/BGF-2025-ProtoZone-005-2.jpg\" alt=\"\" class=\"wp-image-6336\" srcset=\"https:\/\/dev.brusselsgamesfestival.be\/wpbgf\/wp-content\/uploads\/2026\/04\/BGF-2025-ProtoZone-005-2.jpg 1000w, https:\/\/dev.brusselsgamesfestival.be\/wpbgf\/wp-content\/uploads\/2026\/04\/BGF-2025-ProtoZone-005-2-300x300.jpg 300w, https:\/\/dev.brusselsgamesfestival.be\/wpbgf\/wp-content\/uploads\/2026\/04\/BGF-2025-ProtoZone-005-2-150x150.jpg 150w, https:\/\/dev.brusselsgamesfestival.be\/wpbgf\/wp-content\/uploads\/2026\/04\/BGF-2025-ProtoZone-005-2-768x768.jpg 768w, https:\/\/dev.brusselsgamesfestival.be\/wpbgf\/wp-content\/uploads\/2026\/04\/BGF-2025-ProtoZone-005-2-500x500.jpg 500w, https:\/\/dev.brusselsgamesfestival.be\/wpbgf\/wp-content\/uploads\/2026\/04\/BGF-2025-ProtoZone-005-2-535x535.jpg 535w, https:\/\/dev.brusselsgamesfestival.be\/wpbgf\/wp-content\/uploads\/2026\/04\/BGF-2025-ProtoZone-005-2-470x470.jpg 470w\" sizes=\"auto, (max-width: 1000px) 100vw, 1000px\" \/><\/figure>\n<\/div>\n<\/div>\n","protected":false},"excerpt":{"rendered":"<p>La ProtoZone 2026 est lanc\u00e9e La ProtoZone revient pour sa 11e \u00e9dition avec toujours le m\u00eame objectif : mettre en avant des prototypes de jeux in\u00e9dits, favoriser les rencontres et faire \u00e9merger de nouvelles id\u00e9es ludiques. 12 cr\u00e9ateurs et cr\u00e9atrices seront s\u00e9lectionn\u00e9s pour pr\u00e9senter leur prototype au public tout au long du week-end.C\u2019est l\u2019occasion de &hellip; <\/p>\n","protected":false},"author":2,"featured_media":6256,"parent":79,"menu_order":0,"comment_status":"closed","ping_status":"closed","template":"","meta":{"_acf_changed":false,"_monsterinsights_skip_tracking":false,"_monsterinsights_sitenote_active":false,"_monsterinsights_sitenote_note":"","_monsterinsights_sitenote_category":0,"footnotes":""},"class_list":["post-4080","page","type-page","status-publish","has-post-thumbnail","hentry","latest_post"],"acf":[],"aioseo_notices":[],"_links":{"self":[{"href":"https:\/\/dev.brusselsgamesfestival.be\/wpbgf\/wp-json\/wp\/v2\/pages\/4080","targetHints":{"allow":["GET"]}}],"collection":[{"href":"https:\/\/dev.brusselsgamesfestival.be\/wpbgf\/wp-json\/wp\/v2\/pages"}],"about":[{"href":"https:\/\/dev.brusselsgamesfestival.be\/wpbgf\/wp-json\/wp\/v2\/types\/page"}],"author":[{"embeddable":true,"href":"https:\/\/dev.brusselsgamesfestival.be\/wpbgf\/wp-json\/wp\/v2\/users\/2"}],"replies":[{"embeddable":true,"href":"https:\/\/dev.brusselsgamesfestival.be\/wpbgf\/wp-json\/wp\/v2\/comments?post=4080"}],"version-history":[{"count":45,"href":"https:\/\/dev.brusselsgamesfestival.be\/wpbgf\/wp-json\/wp\/v2\/pages\/4080\/revisions"}],"predecessor-version":[{"id":6445,"href":"https:\/\/dev.brusselsgamesfestival.be\/wpbgf\/wp-json\/wp\/v2\/pages\/4080\/revisions\/6445"}],"up":[{"embeddable":true,"href":"https:\/\/dev.brusselsgamesfestival.be\/wpbgf\/wp-json\/wp\/v2\/pages\/79"}],"wp:featuredmedia":[{"embeddable":true,"href":"https:\/\/dev.brusselsgamesfestival.be\/wpbgf\/wp-json\/wp\/v2\/media\/6256"}],"wp:attachment":[{"href":"https:\/\/dev.brusselsgamesfestival.be\/wpbgf\/wp-json\/wp\/v2\/media?parent=4080"}],"curies":[{"name":"wp","href":"https:\/\/api.w.org\/{rel}","templated":true}]}}