{"id":3904,"date":"2024-09-01T08:12:31","date_gmt":"2024-09-01T08:12:31","guid":{"rendered":"https:\/\/dev.brusselsgamesfestival.be\/wpbgf\/?page_id=3904"},"modified":"2025-06-10T09:02:23","modified_gmt":"2025-06-10T09:02:23","slug":"dans-la-presse","status":"publish","type":"page","link":"https:\/\/dev.brusselsgamesfestival.be\/wpbgf\/fr\/medias\/dans-la-presse\/","title":{"rendered":"Dans la presse"},"content":{"rendered":"\n<h2 class=\"wp-block-heading\">Reportages<\/h2>\n\n\n\n<div class=\"wp-block-columns is-layout-flex wp-container-core-columns-is-layout-9d6595d7 wp-block-columns-is-layout-flex\">\n<div class=\"wp-block-column is-layout-flow wp-block-column-is-layout-flow\">\n<h4 class=\"wp-block-heading\">Nos rencontres au BGF 2024<\/h4>\n\n\n\n<p>Une \u00e9mission en direct de deux heures, le 29 ao\u00fbt, par l&#8217;Oeil Carnivore.<\/p>\n\n\n\n<figure class=\"wp-block-embed is-type-video is-provider-youtube wp-block-embed-youtube wp-embed-aspect-16-9 wp-has-aspect-ratio\"><div class=\"wp-block-embed__wrapper\">\n<iframe loading=\"lazy\" title=\"Emission #116 - L\u2019\u0153il sur le Brussels Games Festival 2024 !\" width=\"640\" height=\"360\" src=\"https:\/\/www.youtube.com\/embed\/_JE-Th3plpk?feature=oembed\" frameborder=\"0\" allow=\"accelerometer; autoplay; clipboard-write; encrypted-media; gyroscope; picture-in-picture; web-share\" referrerpolicy=\"strict-origin-when-cross-origin\" allowfullscreen><\/iframe>\n<\/div><\/figure>\n<\/div>\n\n\n\n<div class=\"wp-block-column is-layout-flow wp-block-column-is-layout-flow\">\n<h4 class=\"wp-block-heading\">Bruxelles vit !<\/h4>\n\n\n\n<p>Un reportage radio de 29 minutes de l&#8217;\u00e9mission &#8220;Bruxelles vit !&#8221;, de bx1, le 29 ao\u00fbt.<\/p>\n\n\n\n<figure class=\"wp-block-image size-full\"><a href=\"https:\/\/bx1.be\/radio-emission\/bruxelles-vit-brussels-game-festival-29-08-2024\/\" target=\"_blank\" rel=\"noreferrer noopener\"><img loading=\"lazy\" decoding=\"async\" width=\"641\" height=\"295\" src=\"https:\/\/dev.brusselsgamesfestival.be\/wpbgf\/wp-content\/uploads\/2024\/09\/BX1.jpg\" alt=\"\" class=\"wp-image-3905\" srcset=\"https:\/\/dev.brusselsgamesfestival.be\/wpbgf\/wp-content\/uploads\/2024\/09\/BX1.jpg 641w, https:\/\/dev.brusselsgamesfestival.be\/wpbgf\/wp-content\/uploads\/2024\/09\/BX1-300x138.jpg 300w, https:\/\/dev.brusselsgamesfestival.be\/wpbgf\/wp-content\/uploads\/2024\/09\/BX1-535x246.jpg 535w\" sizes=\"auto, (max-width: 641px) 100vw, 641px\" \/><\/a><\/figure>\n<\/div>\n<\/div>\n\n\n\n<div class=\"wp-block-columns is-layout-flex wp-container-core-columns-is-layout-9d6595d7 wp-block-columns-is-layout-flex\">\n<div class=\"wp-block-column is-layout-flow wp-block-column-is-layout-flow\">\n<h4 class=\"wp-block-heading\">Brussels Game Festival: &#8216;Hier staan helpt om mijn ontwerp te verbeteren&#8217;<\/h4>\n\n\n\n<p>Un reportage de 1&#8217;07 par BRUZZ, le 25 ao\u00fbt.<\/p>\n\n\n\n<figure class=\"wp-block-image size-full\"><a href=\"https:\/\/www.bruzz.be\/actua\/cultuurnieuws\/brussels-game-festival-hier-staan-helpt-om-mijn-ontwerp-te-verbeteren-2024-08\" target=\"_blank\" rel=\"noreferrer noopener\"><img loading=\"lazy\" decoding=\"async\" width=\"800\" height=\"425\" src=\"https:\/\/dev.brusselsgamesfestival.be\/wpbgf\/wp-content\/uploads\/2024\/09\/bruzz-2024.jpg\" alt=\"\" class=\"wp-image-3916\" srcset=\"https:\/\/dev.brusselsgamesfestival.be\/wpbgf\/wp-content\/uploads\/2024\/09\/bruzz-2024.jpg 800w, https:\/\/dev.brusselsgamesfestival.be\/wpbgf\/wp-content\/uploads\/2024\/09\/bruzz-2024-300x159.jpg 300w, https:\/\/dev.brusselsgamesfestival.be\/wpbgf\/wp-content\/uploads\/2024\/09\/bruzz-2024-768x408.jpg 768w, https:\/\/dev.brusselsgamesfestival.be\/wpbgf\/wp-content\/uploads\/2024\/09\/bruzz-2024-535x284.jpg 535w\" sizes=\"auto, (max-width: 800px) 100vw, 800px\" \/><\/a><\/figure>\n<\/div>\n\n\n\n<div class=\"wp-block-column is-layout-flow wp-block-column-is-layout-flow\">\n<h4 class=\"wp-block-heading\">Brussels Games Festival : pour les amateurs de jeux de soci\u00e9t\u00e9<\/h4>\n\n\n\n<p>Un reportage de 2&#8217;27 durant le journal t\u00e9l\u00e9vis\u00e9 de la RTBF, le 24 ao\u00fbt. <a href=\"https:\/\/auvio.rtbf.be\/media\/journal-televise-sujet-par-sujet-brussels-games-festival-pour-les-amateurs-de-jeux-de-societe-3237699\" target=\"_blank\" rel=\"noopener\" title=\"\">\u00c0 revoir sur Auvio<\/a>.<\/p>\n\n\n\n<figure class=\"wp-block-image size-large\"><a href=\"https:\/\/auvio.rtbf.be\/media\/journal-televise-sujet-par-sujet-brussels-games-festival-pour-les-amateurs-de-jeux-de-societe-3237699\" target=\"_blank\" rel=\"noreferrer noopener\"><img loading=\"lazy\" decoding=\"async\" width=\"1024\" height=\"585\" src=\"https:\/\/dev.brusselsgamesfestival.be\/wpbgf\/wp-content\/uploads\/2024\/09\/RTBF-JT-2024-1024x585.jpg\" alt=\"\" class=\"wp-image-3907\" srcset=\"https:\/\/dev.brusselsgamesfestival.be\/wpbgf\/wp-content\/uploads\/2024\/09\/RTBF-JT-2024-1024x585.jpg 1024w, https:\/\/dev.brusselsgamesfestival.be\/wpbgf\/wp-content\/uploads\/2024\/09\/RTBF-JT-2024-300x171.jpg 300w, https:\/\/dev.brusselsgamesfestival.be\/wpbgf\/wp-content\/uploads\/2024\/09\/RTBF-JT-2024-768x439.jpg 768w, https:\/\/dev.brusselsgamesfestival.be\/wpbgf\/wp-content\/uploads\/2024\/09\/RTBF-JT-2024-535x306.jpg 535w, https:\/\/dev.brusselsgamesfestival.be\/wpbgf\/wp-content\/uploads\/2024\/09\/RTBF-JT-2024-330x190.jpg 330w, https:\/\/dev.brusselsgamesfestival.be\/wpbgf\/wp-content\/uploads\/2024\/09\/RTBF-JT-2024.jpg 1351w\" sizes=\"auto, (max-width: 1024px) 100vw, 1024px\" \/><\/a><\/figure>\n<\/div>\n<\/div>\n\n\n\n<div class=\"wp-block-columns is-layout-flex wp-container-core-columns-is-layout-9d6595d7 wp-block-columns-is-layout-flex\">\n<div class=\"wp-block-column is-layout-flow wp-block-column-is-layout-flow\">\n<h4 class=\"wp-block-heading\">Brussels Game festival: le plus grand festival de jeu de soci\u00e9t\u00e9 de Belgique, revient ce week-end<\/h4>\n\n\n\n<p>Un reportage de 2&#8217;15 durant le journal t\u00e9l\u00e9vis\u00e9 de bx1, le 24 ao\u00fbt.<\/p>\n\n\n\n<figure class=\"wp-block-image size-large\"><a href=\"https:\/\/bx1.be\/categories\/news\/brussels-game-festival-le-plus-grand-festival-de-jeu-de-societe-de-belgique-revient-ce-week-end\/\" target=\"_blank\" rel=\"noreferrer noopener\"><img loading=\"lazy\" decoding=\"async\" width=\"1024\" height=\"524\" src=\"https:\/\/dev.brusselsgamesfestival.be\/wpbgf\/wp-content\/uploads\/2024\/09\/bx1-reportage-2024-1024x524.jpg\" alt=\"\" class=\"wp-image-3912\" srcset=\"https:\/\/dev.brusselsgamesfestival.be\/wpbgf\/wp-content\/uploads\/2024\/09\/bx1-reportage-2024-1024x524.jpg 1024w, https:\/\/dev.brusselsgamesfestival.be\/wpbgf\/wp-content\/uploads\/2024\/09\/bx1-reportage-2024-300x154.jpg 300w, https:\/\/dev.brusselsgamesfestival.be\/wpbgf\/wp-content\/uploads\/2024\/09\/bx1-reportage-2024-768x393.jpg 768w, https:\/\/dev.brusselsgamesfestival.be\/wpbgf\/wp-content\/uploads\/2024\/09\/bx1-reportage-2024-535x274.jpg 535w, https:\/\/dev.brusselsgamesfestival.be\/wpbgf\/wp-content\/uploads\/2024\/09\/bx1-reportage-2024.jpg 1176w\" sizes=\"auto, (max-width: 1024px) 100vw, 1024px\" \/><\/a><\/figure>\n<\/div>\n\n\n\n<div class=\"wp-block-column is-layout-flow wp-block-column-is-layout-flow\"><\/div>\n<\/div>\n\n\n\n<h2 class=\"wp-block-heading\">Articles de presse<\/h2>\n\n\n\n<div class=\"wp-block-columns is-layout-flex wp-container-core-columns-is-layout-9d6595d7 wp-block-columns-is-layout-flex\">\n<div class=\"wp-block-column is-layout-flow wp-block-column-is-layout-flow\">\n<h4 class=\"wp-block-heading\">Biggest board games festival returns to Brussels this weekend<\/h4>\n\n\n\n<p>The Brussels Times, le 20\/08\/2024.<br><a href=\"https:\/\/www.brusselstimes.com\/1187806\/biggest-board-games-festival-returns-to-brussels-this-weekend\" target=\"_blank\" rel=\"noopener\" title=\"\">Lire l&#8217;article<\/a><\/p>\n<\/div>\n\n\n\n<div class=\"wp-block-column is-layout-flow wp-block-column-is-layout-flow\">\n<h4 class=\"wp-block-heading\">Un grand festival de jeux de soci\u00e9t\u00e9 s\u2019installe \u00e0 Bruxelles<\/h4>\n\n\n\n<p>So Soir, le 20\/08\/2024.<br><a href=\"https:\/\/sosoir.lesoir.be\/617089\/article\/2024-08-20\/un-grand-festival-de-jeux-de-societe-sinstalle-bruxelles\" target=\"_blank\" rel=\"noopener\" title=\"\">Lire l&#8217;article<\/a><\/p>\n<\/div>\n<\/div>\n\n\n\n<div class=\"wp-block-columns is-layout-flex wp-container-core-columns-is-layout-9d6595d7 wp-block-columns-is-layout-flex\">\n<div class=\"wp-block-column is-layout-flow wp-block-column-is-layout-flow\">\n<h4 class=\"wp-block-heading\">Het grootste bordspellenfestival van Belgi\u00eb keert terug van 23 tot 25 augustus<\/h4>\n\n\n\n<p>BRUZZ, le 19\/08\/2024.<br><a href=\"https:\/\/www.bruzz.be\/select\/events-festivals\/het-grootste-bordspellenfestival-van-belgie-keert-terug-van-23-tot-25\" target=\"_blank\" rel=\"noopener\" title=\"\">Lire l&#8217;article<\/a><\/p>\n<\/div>\n\n\n\n<div class=\"wp-block-column is-layout-flow wp-block-column-is-layout-flow\">\n<h4 class=\"wp-block-heading\">Le plus grand festival de jeux de soci\u00e9t\u00e9 de Belgique prendra place \u00e0 The EGG \u00e0 Anderlecht<\/h4>\n\n\n\n<p>bx1, le 19\/08\/2024.<br><a href=\"https:\/\/www.bruzz.be\/select\/events-festivals\/het-grootste-bordspellenfestival-van-belgie-keert-terug-van-23-tot-25\" target=\"_blank\" rel=\"noopener\" title=\"\"><\/a><a href=\"https:\/\/bx1.be\/categories\/news\/le-brussels-games-festival-revient-du-23-au-25-aout-a-anderlecht\/\" target=\"_blank\" rel=\"noopener\" title=\"\">Lire l&#8217;article<\/a><\/p>\n<\/div>\n<\/div>\n\n\n\n<div class=\"wp-block-columns is-layout-flex wp-container-core-columns-is-layout-9d6595d7 wp-block-columns-is-layout-flex\">\n<div class=\"wp-block-column is-layout-flow wp-block-column-is-layout-flow\">\n<h4 class=\"wp-block-heading\">Le Brussels Game Festival revient cet \u00e9t\u00e9 pour amuser tous les amateurs de jeux de soci\u00e9t\u00e9<\/h4>\n\n\n\n<p>RTBF (Vivre ici), le 17\/08\/2024.<br><a href=\"https:\/\/www.rtbf.be\/article\/le-brussels-game-festival-revient-cet-ete-pour-amuser-tous-les-amateurs-de-jeux-de-societe-11413765\" target=\"_blank\" rel=\"noopener\" title=\"\">Lire l&#8217;article<\/a><\/p>\n<\/div>\n\n\n\n<div class=\"wp-block-column is-layout-flow wp-block-column-is-layout-flow\">\n<h4 class=\"wp-block-heading\">Brussels Games Festival : le plus grand &#8220;village du jeu de soci\u00e9t\u00e9&#8221; de Belgique revient \u00e0 Anderlecht pour une 9e \u00e9dition<\/h4>\n\n\n\n<p>La DH, le 17\/08\/2024.<br><a href=\"https:\/\/www.dhnet.be\/regions\/bruxelles\/2024\/08\/17\/brussels-games-festival-le-plus-grand-village-du-jeu-de-societe-de-belgique-revient-a-anderlecht-pour-une-9e-edition-IUXIOZJXXZCZHI53MSU7ATCKKU\/\" target=\"_blank\" rel=\"noopener\" title=\"\">Lire l&#8217;article<\/a> (acc\u00e8s aux abonn\u00e9s uniquement)<\/p>\n<\/div>\n<\/div>\n\n\n\n<div class=\"wp-block-columns is-layout-flex wp-container-core-columns-is-layout-9d6595d7 wp-block-columns-is-layout-flex\">\n<div class=\"wp-block-column is-layout-flow wp-block-column-is-layout-flow\"><\/div>\n<\/div>\n","protected":false},"excerpt":{"rendered":"<p>Reportages Nos rencontres au BGF 2024 Une \u00e9mission en direct de deux heures, le 29 ao\u00fbt, par l&#8217;Oeil Carnivore. Bruxelles vit ! Un reportage radio de 29 minutes de l&#8217;\u00e9mission &#8220;Bruxelles vit !&#8221;, de bx1, le 29 ao\u00fbt. Brussels Game Festival: &#8216;Hier staan helpt om mijn ontwerp te verbeteren&#8217; Un reportage de 1&#8217;07 par BRUZZ, &hellip; <\/p>\n","protected":false},"author":3,"featured_media":4471,"parent":77,"menu_order":0,"comment_status":"closed","ping_status":"closed","template":"","meta":{"_acf_changed":false,"_monsterinsights_skip_tracking":false,"_monsterinsights_sitenote_active":false,"_monsterinsights_sitenote_note":"","_monsterinsights_sitenote_category":0,"footnotes":""},"class_list":["post-3904","page","type-page","status-publish","has-post-thumbnail","hentry","latest_post"],"acf":[],"aioseo_notices":[],"_links":{"self":[{"href":"https:\/\/dev.brusselsgamesfestival.be\/wpbgf\/wp-json\/wp\/v2\/pages\/3904","targetHints":{"allow":["GET"]}}],"collection":[{"href":"https:\/\/dev.brusselsgamesfestival.be\/wpbgf\/wp-json\/wp\/v2\/pages"}],"about":[{"href":"https:\/\/dev.brusselsgamesfestival.be\/wpbgf\/wp-json\/wp\/v2\/types\/page"}],"author":[{"embeddable":true,"href":"https:\/\/dev.brusselsgamesfestival.be\/wpbgf\/wp-json\/wp\/v2\/users\/3"}],"replies":[{"embeddable":true,"href":"https:\/\/dev.brusselsgamesfestival.be\/wpbgf\/wp-json\/wp\/v2\/comments?post=3904"}],"version-history":[{"count":33,"href":"https:\/\/dev.brusselsgamesfestival.be\/wpbgf\/wp-json\/wp\/v2\/pages\/3904\/revisions"}],"predecessor-version":[{"id":3952,"href":"https:\/\/dev.brusselsgamesfestival.be\/wpbgf\/wp-json\/wp\/v2\/pages\/3904\/revisions\/3952"}],"up":[{"embeddable":true,"href":"https:\/\/dev.brusselsgamesfestival.be\/wpbgf\/wp-json\/wp\/v2\/pages\/77"}],"wp:featuredmedia":[{"embeddable":true,"href":"https:\/\/dev.brusselsgamesfestival.be\/wpbgf\/wp-json\/wp\/v2\/media\/4471"}],"wp:attachment":[{"href":"https:\/\/dev.brusselsgamesfestival.be\/wpbgf\/wp-json\/wp\/v2\/media?parent=3904"}],"curies":[{"name":"wp","href":"https:\/\/api.w.org\/{rel}","templated":true}]}}