{"id":3796,"date":"2024-08-21T19:43:52","date_gmt":"2024-08-21T19:43:52","guid":{"rendered":"https:\/\/dev.brusselsgamesfestival.be\/wpbgf\/?page_id=3796"},"modified":"2025-08-24T13:17:58","modified_gmt":"2025-08-24T13:17:58","slug":"animations","status":"publish","type":"page","link":"https:\/\/dev.brusselsgamesfestival.be\/wpbgf\/fr\/programme\/animations\/","title":{"rendered":"Animations"},"content":{"rendered":"\n<h2 class=\"wp-block-heading\">3 jours de jeu intense !<\/h2>\n\n\n\n<p>Vous vous demandez comment occuper vos journ\u00e9es malgr\u00e9 les nombreux exposants pr\u00e9sents ? Pas de panique ! Le festival regorge d&#8217;activit\u00e9s, en plus des <a href=\"https:\/\/dev.brusselsgamesfestival.be\/wpbgf\/fr\/participer\/tournois\/\" target=\"_blank\" rel=\"noopener\" title=\"\">tournois<\/a> et animations d\u00e9j\u00e0 annonc\u00e9s, pour satisfaire votre soif de jeu.<\/p>\n\n\n\n<h2 class=\"wp-block-heading\">Plongez-vous dans l&#8217;art de l&#8217;origami ludique<\/h2>\n\n\n\n<p>Avec <a href=\"https:\/\/www.facebook.com\/groups\/406940570021633\/?locale=fr_FR\" target=\"_blank\" rel=\"noopener\" title=\"\">les Ludistes Origamistes<\/a>, o\u00f9 vous apprendrez \u00e0 transformer les bo\u00eetes de jeux en v\u00e9ritables \u0153uvres d&#8217;art.<\/p>\n\n\n\n<div class=\"wp-block-columns is-layout-flex wp-container-core-columns-is-layout-9d6595d7 wp-block-columns-is-layout-flex\">\n<div class=\"wp-block-column is-layout-flow wp-block-column-is-layout-flow\">\n<h2 class=\"wp-block-heading\">Un Puzzle collaboratif<\/h2>\n\n\n\n<p>Cette ann\u00e9e, on augmente le challenge. Arriverez-vous \u00e0 finir le puzzle sp\u00e9cial BGF de 2000 pi\u00e8ces avant la fin du festival ?<\/p>\n\n\n\n<h2 class=\"wp-block-heading\">Ludo Ludo<\/h2>\n\n\n\n<p>Notre partenaire Ludo Ludo met \u00e0 disposition sa magnifique collection \u00e0 la BG\u2019Th\u00e8que.<br>Vous pourrez emprunter des jeux sur place, vous installer et jouer imm\u00e9diatement. C\u2019est l\u2019occasion parfaite pour d\u00e9couvrir de nouveaux jeux ou red\u00e9couvrir vos classiques pr\u00e9f\u00e9r\u00e9s.<\/p>\n\n\n\n<h2 class=\"wp-block-heading\">Des Escape Games et des Murders<\/h2>\n\n\n\n<p>V\u00e9ritables incontournables du BGF, elles viendront \u00e9galement rythmer le week-end, ajoutant une touche de myst\u00e8re et de suspense \u00e0 votre exp\u00e9rience.<br>Toutes les infos sont \u00e0 retrouver sur <a href=\"http:\/\/dev.brusselsgamesfestival.be\/wpbgf\/fr\/escape-games-murders\/\" title=\"Escape Games &amp; Murders\">Escape Games &amp; Murders<\/a>.<\/p>\n\n\n\n<h2 class=\"wp-block-heading\">Les jeux experts du BGF<\/h2>\n\n\n\n<p>Vous voulez jouer \u00e0 un des derniers jeux experts sortis, sans avoir \u00e0 lire les dizaines de pages de r\u00e8gles&nbsp;? Nous avons la solution&nbsp;! Tout au long du week-end, <a href=\"https:\/\/dev.brusselsgamesfestival.be\/wpbgf\/fr\/programme\/jeux-experts\/\" title=\"Jeux Experts\">4 jeux sont expliqu\u00e9s dans une zone calme du festival<\/a>. Et pour ne pas attendre des heures, il suffit de <a href=\"https:\/\/forms.gle\/FPHq3CfBj3x6hcqq8\" target=\"_blank\" rel=\"noopener\" title=\"\">r\u00e9server son cr\u00e9neau horaire ici<\/a>.<\/p>\n\n\n\n<h2 class=\"wp-block-heading\">La zone calme et snoezelen<\/h2>\n\n\n\n<p>Vous avez besoin d\u2019un moment hors de l\u2019effervescence du festival&nbsp;? Cette zone est faite pour vous. Vous y trouverez aussi deux petits <em>snoezelen<\/em>, espaces de stimulation sensorielle et de relaxation, con\u00e7us par notre partenaire la ludoth\u00e8que de <a href=\"https:\/\/www.luape.org\/\" target=\"_blank\" rel=\"noopener\" title=\"\">LuAPE<\/a> pour se recentrer sur soi-m\u00eame ou juste pour faire une exp\u00e9rience nouvelle.<\/p>\n\n\n\n<h2 class=\"wp-block-heading\">Espace Mini Gamers<\/h2>\n\n\n\n<p>Parce que quand on est petit, on n\u2019a pas toujours envie d\u2019\u00eatre toute la journ\u00e9e autour d\u2019une table de jeu de soci\u00e9t\u00e9, de jeux et jouets\u2026 et une piscine \u00e0 balles sont propos\u00e9s aux plus jeunes. Attention ! La pr\u00e9sence des parents est indispensable pendant le passage des enfants dans cette salle.<\/p>\n\n\n\n<h2 class=\"wp-block-heading\">Les Nocturnes BGF<\/h2>\n\n\n\n<p>Si vous vous endormez sur vos meeple quand l\u2019aube se l\u00e8ve, le BGF a pens\u00e9 \u00e0 vous. Deux nocturnes les vendredis et samedi vous permettent d\u2019assouvir votre soif de jeux jusqu\u2019\u00e0 3h du matin sans rater l\u2019ouverture le lendemain \u00e0 10h. <\/p>\n\n\n\n<p>Et si vous voulez faire autre chose qu\u2019un \u00ab\u00a0simple\u00a0\u00bb jeu de soci\u00e9t\u00e9, <a href=\"https:\/\/dev.brusselsgamesfestival.be\/wpbgf\/fr\/programme\/les-nocturnes\/\" title=\"Nocturnes\">on a aussi pens\u00e9 \u00e0 vous ici<\/a>.<br><\/p>\n\n\n<div class=\"wp-block-image\">\n<figure class=\"aligncenter size-large\"><img loading=\"lazy\" decoding=\"async\" width=\"1024\" height=\"684\" src=\"http:\/\/dev.brusselsgamesfestival.be\/wpbgf\/wp-content\/uploads\/2025\/06\/BGF2024-56-Animations-1024x684.jpg\" alt=\"\" class=\"wp-image-4462\" srcset=\"https:\/\/dev.brusselsgamesfestival.be\/wpbgf\/wp-content\/uploads\/2025\/06\/BGF2024-56-Animations-1024x684.jpg 1024w, https:\/\/dev.brusselsgamesfestival.be\/wpbgf\/wp-content\/uploads\/2025\/06\/BGF2024-56-Animations-300x200.jpg 300w, https:\/\/dev.brusselsgamesfestival.be\/wpbgf\/wp-content\/uploads\/2025\/06\/BGF2024-56-Animations-768x513.jpg 768w, https:\/\/dev.brusselsgamesfestival.be\/wpbgf\/wp-content\/uploads\/2025\/06\/BGF2024-56-Animations-535x357.jpg 535w, https:\/\/dev.brusselsgamesfestival.be\/wpbgf\/wp-content\/uploads\/2025\/06\/BGF2024-56-Animations-1536x1025.jpg 1536w, https:\/\/dev.brusselsgamesfestival.be\/wpbgf\/wp-content\/uploads\/2025\/06\/BGF2024-56-Animations.jpg 2000w\" sizes=\"auto, (max-width: 1024px) 100vw, 1024px\" \/><\/figure>\n<\/div><\/div>\n<\/div>\n","protected":false},"excerpt":{"rendered":"<p>3 jours de jeu intense ! Vous vous demandez comment occuper vos journ\u00e9es malgr\u00e9 les nombreux exposants pr\u00e9sents ? Pas de panique ! Le festival regorge d&#8217;activit\u00e9s, en plus des tournois et animations d\u00e9j\u00e0 annonc\u00e9s, pour satisfaire votre soif de jeu. Plongez-vous dans l&#8217;art de l&#8217;origami ludique Avec les Ludistes Origamistes, o\u00f9 vous apprendrez \u00e0 &hellip; <\/p>\n","protected":false},"author":2,"featured_media":4462,"parent":73,"menu_order":0,"comment_status":"closed","ping_status":"closed","template":"","meta":{"_acf_changed":false,"_monsterinsights_skip_tracking":false,"_monsterinsights_sitenote_active":false,"_monsterinsights_sitenote_note":"","_monsterinsights_sitenote_category":0,"footnotes":""},"class_list":["post-3796","page","type-page","status-publish","has-post-thumbnail","hentry","latest_post"],"acf":[],"aioseo_notices":[],"_links":{"self":[{"href":"https:\/\/dev.brusselsgamesfestival.be\/wpbgf\/wp-json\/wp\/v2\/pages\/3796","targetHints":{"allow":["GET"]}}],"collection":[{"href":"https:\/\/dev.brusselsgamesfestival.be\/wpbgf\/wp-json\/wp\/v2\/pages"}],"about":[{"href":"https:\/\/dev.brusselsgamesfestival.be\/wpbgf\/wp-json\/wp\/v2\/types\/page"}],"author":[{"embeddable":true,"href":"https:\/\/dev.brusselsgamesfestival.be\/wpbgf\/wp-json\/wp\/v2\/users\/2"}],"replies":[{"embeddable":true,"href":"https:\/\/dev.brusselsgamesfestival.be\/wpbgf\/wp-json\/wp\/v2\/comments?post=3796"}],"version-history":[{"count":23,"href":"https:\/\/dev.brusselsgamesfestival.be\/wpbgf\/wp-json\/wp\/v2\/pages\/3796\/revisions"}],"predecessor-version":[{"id":6031,"href":"https:\/\/dev.brusselsgamesfestival.be\/wpbgf\/wp-json\/wp\/v2\/pages\/3796\/revisions\/6031"}],"up":[{"embeddable":true,"href":"https:\/\/dev.brusselsgamesfestival.be\/wpbgf\/wp-json\/wp\/v2\/pages\/73"}],"wp:featuredmedia":[{"embeddable":true,"href":"https:\/\/dev.brusselsgamesfestival.be\/wpbgf\/wp-json\/wp\/v2\/media\/4462"}],"wp:attachment":[{"href":"https:\/\/dev.brusselsgamesfestival.be\/wpbgf\/wp-json\/wp\/v2\/media?parent=3796"}],"curies":[{"name":"wp","href":"https:\/\/api.w.org\/{rel}","templated":true}]}}