{"id":3721,"date":"2024-08-20T19:25:12","date_gmt":"2024-08-20T19:25:12","guid":{"rendered":"https:\/\/dev.brusselsgamesfestival.be\/wpbgf\/?page_id=3721"},"modified":"2025-08-19T11:38:13","modified_gmt":"2025-08-19T11:38:13","slug":"les-nocturnes","status":"publish","type":"page","link":"https:\/\/dev.brusselsgamesfestival.be\/wpbgf\/fr\/programme\/les-nocturnes\/","title":{"rendered":"Les Nocturnes"},"content":{"rendered":"\n<p>Le BGF vous propose ses Nocturnes qui vous permettent d\u2019enchainer les parties jusqu\u2019au milieu de la nuit !<\/p>\n\n\n\n<h2 class=\"wp-block-heading\">Quand ?<\/h2>\n\n\n\n<ul class=\"wp-block-list\">\n<li>Du vendredi 29 au samedi 30 ao\u00fbt de 20h \u00e0 3h du matin.<\/li>\n\n\n\n<li>Du samedi 30 au dimanche 31 ao\u00fbt de 18h \u00e0 3h du matin<\/li>\n<\/ul>\n\n\n\n<h2 class=\"wp-block-heading\">Est-ce payant ?<\/h2>\n\n\n\n<p>L\u2019acc\u00e8s est compris dans le ticket de la journ\u00e9e de vendredi ou samedi (en fonction de la nocturne concern\u00e9e), donc oui, il vous faut vous acquitter du droit d\u2019entr\u00e9e pour la journ\u00e9e.<\/p>\n\n\n\n<h2 class=\"wp-block-heading\">Qu&#8217;est-ce qu&#8217;on pourra y faire?<\/h2>\n\n\n\n<p>Vous aurez la possibilit\u00e9 de profiter de toute la <strong>Ludoth\u00e8que de notre partenaire LudoLudo<\/strong>, des b\u00e9n\u00e9voles seront pr\u00e9sents pour vous expliquer les r\u00e8gles.<\/p>\n\n\n\n<p>Des animations sp\u00e9ciales sont \u00e9galement propos\u00e9es pendant les nocturnes&nbsp;: <\/p>\n\n\n\n<ul class=\"wp-block-list\">\n<li><strong>un championnat de Heat<\/strong> par Le But du jeu et un <a href=\"https:\/\/bloodontheclocktower.com\/\" target=\"_blank\" rel=\"noopener\" title=\"\"><strong>Blood on the clocktower<\/strong><\/a> par <a href=\"https:\/\/www.instagram.com\/hunivers_boardgame\/\" title=\"\">Hunivers boardgame<\/a> le vendredi; <\/li>\n\n\n\n<li><strong>un Blood on the clocktower<\/strong> et un <strong>2 rooms and a boom<\/strong> par Le But du jeu le samedi;<\/li>\n\n\n\n<li><a href=\"https:\/\/dev.brusselsgamesfestival.be\/wpbgf\/fr\/programme\/jeux-experts\/\" title=\"Jeux Experts\">des jeux experts<\/a> lors des s\u00e9ances de 19h.<\/li>\n<\/ul>\n\n\n\n<p>Informations et inscriptions \u00e0 l\u2019accueil du festival en journ\u00e9e (ou sur la billeterie pour Heat).<\/p>\n\n\n\n<p>Et ce n&#8217;est pas tout, durant la Nuit du jeu se d\u00e9roule aussi la <strong>Proto-Night<\/strong> durant laquelle vous pourrez tester de potentiels jeux qui seront un jour \u00e9dit\u00e9s !<\/p>\n\n\n\n<h2 class=\"wp-block-heading\">Est-ce que je peux prendre mes propres jeux avec moi ?<\/h2>\n\n\n\n<p>Bien entendu ! Si vous souhaitez proposer des parties de votre jeu favoris durant la nocturne c\u2019est tout \u00e0 fait possible, il y aura de nombreuses tables \u00e0 disposition. Cependant, vous \u00eates responsable de l\u2019\u00e9tat de votre jeu tout au long de la nocturne.<\/p>\n\n\n\n<h2 class=\"wp-block-heading\">Et si j&#8217;ai envie de participer \u00e0 la Proto-Night?<\/h2>\n\n\n\n<p>Si vous avez un proto \u00e0 faire d\u00e9couvrir vous pouvez encore r\u00e9server une table (s&#8217;il en reste) pour le <a href=\"https:\/\/dev.brusselsgamesfestival.be\/wpbgf\/fr\/participer\/protozone\/\" title=\"Participer \u00e0 la ProtoNight\">Proto-Night<\/a>.<\/p>\n\n\n\n<h2 class=\"wp-block-heading\">Et si j&#8217;ai faim ou soif pendant la Nuit du jeu?<\/h2>\n\n\n\n<p>Nos partenaires foodtrucks resteront disponibles jusqu\u2019\u00e0 23h et bien entendu le Bar du Grand Hall restera ouvert durant toutes les nocturnes pour vous proposer boissons, snacks et aussi des croques faits maison (uniquement durant les nocturnes).<\/p>\n\n\n\n<figure class=\"wp-block-image size-full is-style-default\"><img loading=\"lazy\" decoding=\"async\" width=\"1600\" height=\"902\" src=\"https:\/\/dev.brusselsgamesfestival.be\/wpbgf\/wp-content\/uploads\/2024\/08\/BGF2023DEF-209.jpg\" alt=\"\" class=\"wp-image-3184\" srcset=\"https:\/\/dev.brusselsgamesfestival.be\/wpbgf\/wp-content\/uploads\/2024\/08\/BGF2023DEF-209.jpg 1600w, https:\/\/dev.brusselsgamesfestival.be\/wpbgf\/wp-content\/uploads\/2024\/08\/BGF2023DEF-209-300x169.jpg 300w, https:\/\/dev.brusselsgamesfestival.be\/wpbgf\/wp-content\/uploads\/2024\/08\/BGF2023DEF-209-1024x577.jpg 1024w, https:\/\/dev.brusselsgamesfestival.be\/wpbgf\/wp-content\/uploads\/2024\/08\/BGF2023DEF-209-768x433.jpg 768w, https:\/\/dev.brusselsgamesfestival.be\/wpbgf\/wp-content\/uploads\/2024\/08\/BGF2023DEF-209-535x302.jpg 535w, https:\/\/dev.brusselsgamesfestival.be\/wpbgf\/wp-content\/uploads\/2024\/08\/BGF2023DEF-209-1536x866.jpg 1536w\" sizes=\"auto, (max-width: 1600px) 100vw, 1600px\" \/><\/figure>\n","protected":false},"excerpt":{"rendered":"<p>Le BGF vous propose ses Nocturnes qui vous permettent d\u2019enchainer les parties jusqu\u2019au milieu de la nuit ! Quand ? Est-ce payant ? L\u2019acc\u00e8s est compris dans le ticket de la journ\u00e9e de vendredi ou samedi (en fonction de la nocturne concern\u00e9e), donc oui, il vous faut vous acquitter du droit d\u2019entr\u00e9e pour la journ\u00e9e. &hellip; <\/p>\n","protected":false},"author":3,"featured_media":4469,"parent":73,"menu_order":0,"comment_status":"closed","ping_status":"closed","template":"","meta":{"_acf_changed":false,"_monsterinsights_skip_tracking":false,"_monsterinsights_sitenote_active":false,"_monsterinsights_sitenote_note":"","_monsterinsights_sitenote_category":0,"footnotes":""},"class_list":["post-3721","page","type-page","status-publish","has-post-thumbnail","hentry","latest_post"],"acf":[],"aioseo_notices":[],"_links":{"self":[{"href":"https:\/\/dev.brusselsgamesfestival.be\/wpbgf\/wp-json\/wp\/v2\/pages\/3721","targetHints":{"allow":["GET"]}}],"collection":[{"href":"https:\/\/dev.brusselsgamesfestival.be\/wpbgf\/wp-json\/wp\/v2\/pages"}],"about":[{"href":"https:\/\/dev.brusselsgamesfestival.be\/wpbgf\/wp-json\/wp\/v2\/types\/page"}],"author":[{"embeddable":true,"href":"https:\/\/dev.brusselsgamesfestival.be\/wpbgf\/wp-json\/wp\/v2\/users\/3"}],"replies":[{"embeddable":true,"href":"https:\/\/dev.brusselsgamesfestival.be\/wpbgf\/wp-json\/wp\/v2\/comments?post=3721"}],"version-history":[{"count":13,"href":"https:\/\/dev.brusselsgamesfestival.be\/wpbgf\/wp-json\/wp\/v2\/pages\/3721\/revisions"}],"predecessor-version":[{"id":5670,"href":"https:\/\/dev.brusselsgamesfestival.be\/wpbgf\/wp-json\/wp\/v2\/pages\/3721\/revisions\/5670"}],"up":[{"embeddable":true,"href":"https:\/\/dev.brusselsgamesfestival.be\/wpbgf\/wp-json\/wp\/v2\/pages\/73"}],"wp:featuredmedia":[{"embeddable":true,"href":"https:\/\/dev.brusselsgamesfestival.be\/wpbgf\/wp-json\/wp\/v2\/media\/4469"}],"wp:attachment":[{"href":"https:\/\/dev.brusselsgamesfestival.be\/wpbgf\/wp-json\/wp\/v2\/media?parent=3721"}],"curies":[{"name":"wp","href":"https:\/\/api.w.org\/{rel}","templated":true}]}}