{"id":3693,"date":"2024-08-20T10:09:58","date_gmt":"2024-08-20T10:09:58","guid":{"rendered":"https:\/\/dev.brusselsgamesfestival.be\/wpbgf\/?page_id=3693"},"modified":"2024-08-21T21:42:47","modified_gmt":"2024-08-21T21:42:47","slug":"festival-map","status":"publish","type":"page","link":"https:\/\/dev.brusselsgamesfestival.be\/wpbgf\/en\/program\/festival-map\/","title":{"rendered":"Festival map"},"content":{"rendered":"\n<p id=\"block-5cd6330e-5a40-4e58-81d9-48e3e845ae2c\">Plus de 70 exposants, presque 300 tables : il faudrait bien un plan pour s&#8217;y retrouver ! Cliquez sur l&#8217;image ci-dessous pour t\u00e9l\u00e9charger le PDF en A4.<\/p>\n\n\n\n<div class=\"wp-block-columns is-layout-flex wp-container-core-columns-is-layout-9d6595d7 wp-block-columns-is-layout-flex\">\n<div class=\"wp-block-column is-layout-flow wp-block-column-is-layout-flow\">\n<h2 class=\"wp-block-heading\">Grand Hall<\/h2>\n\n\n\n<p>ACCESSIJEUX<br>ALPA-LUDISMES<br>BGTH\u00c8QUE BY LUDOLUDO<br>CLUB DE JEUNESSE<br>FOOD TRUCKS<br>LUDO ASBL<br>LUDOBOX<br>PROTO JOUR\/NIGHT<br>RIDDLE OF STEEL BRUXELLES<br>SAW -B<br>STAND ORIGAMI<br>TOSSIT<\/p>\n\n\n\n<h2 class=\"wp-block-heading\">Entrance<\/h2>\n\n\n\n<p>MUSEUM OF ILLUSIONS<br>LE CABINET DE L&#8217;\u00c9TRANGE<br>OPENFAB GAMELAB<\/p>\n\n\n\n<h2 class=\"wp-block-heading\">Restaurant<\/h2>\n\n\n\n<p>ROLE PLAYING GAMES<br>ESCAPE &amp; MURDER<\/p>\n<\/div>\n\n\n\n<div class=\"wp-block-column is-layout-flow wp-block-column-is-layout-flow\">\n<h2 class=\"wp-block-heading\">Auditorium<\/h2>\n\n\n\n<p>ACT IN GAMES<br>ARKADA<br>BORED BIRD GAMES<br>BRUSSELS FUN GAMES MEETUP<br>CAPITAINE MEEPLE<br>CHEZ CUBITUS<br>D\u00c9S EN FOLIE<br>FORGEURS DE R\u00caVES<br>FOX TROLL GAMES<br>GEEK ATTITUDE GAMES<br>GERONIMO GAMES<br>HACHETTE BOARDGAMES BENELUX<br>HAUMEA GAMES<br>HENMAR GAMES<br>JEUX OPLA<br>KLESAREN<br>LUCKY DUCK GAMES<br>TOURNOI<br>SEED OF EVIL<br>TAMUZ GAMES<br>WANNAGAME<\/p>\n\n\n\n<h2 class=\"wp-block-heading\">Aquarium<\/h2>\n\n\n\n<p>GAMES MARKET<\/p>\n<\/div>\n\n\n\n<div class=\"wp-block-column is-layout-flow wp-block-column-is-layout-flow\">\n<h2 class=\"wp-block-heading\">Riverside<\/h2>\n\n\n\n<p>ASMODEE<br>AZAO GAMES<br>BRUSSELS MAHJOING CLUB<br>CAPTAIN GAMES SRL<br>COCKTAIL GAMES<br>CRITICAL HUT<br>D\u00c9DALE BY LUDOTROTTER<br>\u00c9DITIONS DU HIBOU<br>FEDERATION BELGE DE GO<br>FRACTIONARY<br>GAMES TROTTERS<br>GAMESPIRIT<br>J&#8217;IMAGINES<br>LE ROYAUME DES CARTES<br>LUDIMINO KOFFI ATTISS<br>MAGNYTOUR<br>MULTIFACES EDITIONS<br>PLUME &amp; PAPOTE<br>REPOS PRODUCTION<br>DAYS OF W ONDER<br>SPACE COW BOYS<br>LIBELLUD<br>NEXT MOVE<br>ZONE TCG ZONE<br>TOSSIT<br>WANNA PLAY<\/p>\n<\/div>\n<\/div>\n\n\n\n<figure class=\"wp-block-image size-full\" id=\"block-5dcf8228-77b5-4774-aad1-058185df32a9\"><a href=\"http:\/\/dev.brusselsgamesfestival.be\/wpbgf\/wp-content\/uploads\/2024\/08\/BGF-2024-map.pdf\" target=\"_blank\" rel=\"noreferrer noopener\"><img loading=\"lazy\" decoding=\"async\" width=\"1200\" height=\"988\" src=\"https:\/\/dev.brusselsgamesfestival.be\/wpbgf\/wp-content\/uploads\/2024\/08\/BGF-2024-map-cropped.jpg\" alt=\"\" class=\"wp-image-3712\" srcset=\"https:\/\/dev.brusselsgamesfestival.be\/wpbgf\/wp-content\/uploads\/2024\/08\/BGF-2024-map-cropped.jpg 1200w, https:\/\/dev.brusselsgamesfestival.be\/wpbgf\/wp-content\/uploads\/2024\/08\/BGF-2024-map-cropped-300x247.jpg 300w, https:\/\/dev.brusselsgamesfestival.be\/wpbgf\/wp-content\/uploads\/2024\/08\/BGF-2024-map-cropped-1024x843.jpg 1024w, https:\/\/dev.brusselsgamesfestival.be\/wpbgf\/wp-content\/uploads\/2024\/08\/BGF-2024-map-cropped-768x632.jpg 768w, https:\/\/dev.brusselsgamesfestival.be\/wpbgf\/wp-content\/uploads\/2024\/08\/BGF-2024-map-cropped-535x440.jpg 535w\" sizes=\"auto, (max-width: 1200px) 100vw, 1200px\" \/><\/a><\/figure>\n","protected":false},"excerpt":{"rendered":"<p>Plus de 70 exposants, presque 300 tables : il faudrait bien un plan pour s&#8217;y retrouver ! Cliquez sur l&#8217;image ci-dessous pour t\u00e9l\u00e9charger le PDF en A4. Grand Hall ACCESSIJEUXALPA-LUDISMESBGTH\u00c8QUE BY LUDOLUDOCLUB DE JEUNESSEFOOD TRUCKSLUDO ASBLLUDOBOXPROTO JOUR\/NIGHTRIDDLE OF STEEL BRUXELLESSAW -BSTAND ORIGAMITOSSIT Entrance MUSEUM OF ILLUSIONSLE CABINET DE L&#8217;\u00c9TRANGEOPENFAB GAMELAB Restaurant ROLE PLAYING GAMESESCAPE &amp; &hellip; <\/p>\n","protected":false},"author":4,"featured_media":0,"parent":497,"menu_order":0,"comment_status":"closed","ping_status":"closed","template":"","meta":{"_acf_changed":false,"_monsterinsights_skip_tracking":false,"_monsterinsights_sitenote_active":false,"_monsterinsights_sitenote_note":"","_monsterinsights_sitenote_category":0,"footnotes":""},"class_list":["post-3693","page","type-page","status-publish","hentry","latest_post"],"acf":[],"aioseo_notices":[],"_links":{"self":[{"href":"https:\/\/dev.brusselsgamesfestival.be\/wpbgf\/wp-json\/wp\/v2\/pages\/3693","targetHints":{"allow":["GET"]}}],"collection":[{"href":"https:\/\/dev.brusselsgamesfestival.be\/wpbgf\/wp-json\/wp\/v2\/pages"}],"about":[{"href":"https:\/\/dev.brusselsgamesfestival.be\/wpbgf\/wp-json\/wp\/v2\/types\/page"}],"author":[{"embeddable":true,"href":"https:\/\/dev.brusselsgamesfestival.be\/wpbgf\/wp-json\/wp\/v2\/users\/4"}],"replies":[{"embeddable":true,"href":"https:\/\/dev.brusselsgamesfestival.be\/wpbgf\/wp-json\/wp\/v2\/comments?post=3693"}],"version-history":[{"count":3,"href":"https:\/\/dev.brusselsgamesfestival.be\/wpbgf\/wp-json\/wp\/v2\/pages\/3693\/revisions"}],"predecessor-version":[{"id":3834,"href":"https:\/\/dev.brusselsgamesfestival.be\/wpbgf\/wp-json\/wp\/v2\/pages\/3693\/revisions\/3834"}],"up":[{"embeddable":true,"href":"https:\/\/dev.brusselsgamesfestival.be\/wpbgf\/wp-json\/wp\/v2\/pages\/497"}],"wp:attachment":[{"href":"https:\/\/dev.brusselsgamesfestival.be\/wpbgf\/wp-json\/wp\/v2\/media?parent=3693"}],"curies":[{"name":"wp","href":"https:\/\/api.w.org\/{rel}","templated":true}]}}