{"id":3160,"date":"2024-08-14T15:10:10","date_gmt":"2024-08-14T15:10:10","guid":{"rendered":"http:\/\/dev.brusselsgamesfestival.be\/wpbgf\/?page_id=3160"},"modified":"2024-09-14T06:25:56","modified_gmt":"2024-09-14T06:25:56","slug":"bgf-posters","status":"publish","type":"page","link":"https:\/\/dev.brusselsgamesfestival.be\/wpbgf\/en\/medias-3\/bgf-posters\/","title":{"rendered":"BGF posters"},"content":{"rendered":"\n<p>Depuis le premier festival nous avons \u00e0 c\u0153ur de faire appel \u00e0 diff\u00e9rents illustrateurs pour notre affiche. Survolez la vignette et cliquez sur le symbole de lien (en bas \u00e0 droite) pour t\u00e9l\u00e9charger le PDF en taille A3.<\/p>\n\n\n<style>#pgb-4042 .photo-gallery-item .caption { background-color: #ffffff;  }#pgb-4042 .photo-gallery-item .figc {color:#ffffff;}#pgb-4042 .pgb-title {  font-size: 24px; }#pgb-4042  p.description { color:#ffffff;font-size:14px; }#pgb-4042  .pgb-title { color:#ffffff; }<\/style>\n\r\n\r\n<div id=\"pgb-4042\" class=\"photo-gallery-wp photo-gallery\" style=\"padding:0px 15px 0px 0px;\" data-config=\"{&quot;margin&quot;:8,&quot;type&quot;:&quot;custom-grid&quot;,&quot;gutter&quot;:8}\">\r\n\r\n\r\n\r\n<style>\r\n\r\n\/* clear fix *\/\r\n.grid_pgb-4042 {\r\n  content: '';\r\n  display: block;\r\n  clear: both;\r\n}\r\n\r\n\/* ---- .grid-item ---- *\/\r\n\r\n.grid-item_pgb-4042 {\r\n  float: left;\r\n}\r\n\r\n.grid-item_pgb-4042 img {\r\n  display: block;\r\n  max-width: 100%;\r\n}\r\n<\/style>\r\n\r\n\t\t\t<div class=\"row\">\r\n\t\r\n\t\t\t\t\t\t\t<div class=\"col-md-4 col-sm-6 col-12\">\r\n\t\t\t\t\t<div class=\"layout-2\" style=\"margin: 8px;\r\n\t\t\t\t\t\t\t\t\t\t\t\t--my-color-var: #21809e;\r\n\t\t\t\t\t\t\t\t\t\t\t\t\">\r\n\t\t\t\t\t\t<img decoding=\"async\" src=\"https:\/\/dev.brusselsgamesfestival.be\/wpbgf\/wp-content\/uploads\/2024\/09\/BGF-affiche-2024-500x500.jpg\">\r\n\t\t\t\r\n\t\t\t\t<div class=\"layout-content\">\r\n                    \t\t\t\t\t\t<h2 class='pgb-title' style=\"margin: 0px;\">2024<\/h2>\r\n\t\t\t\t\t\t\t\t\t\t\t\t\t\t\t\t<p class=\"description\" style=\"margin-top: 15px;\">Ammo Dastarac<\/p>\r\n\t\t\t\t\t               \t<\/div>\r\n                <div class=\"icon\">\r\n                    <span>\r\n\r\n                    \t\t           \t\t \t\t<a href=\"\/wpbgf\/wp-content\/uploads\/2024\/09\/BGF-affiche-2024.pdf\"  target=\"_blank\" >\r\n\t                        \t<i class=\"fa fa-link\"><\/i>\r\n\t                 \t    <\/a>\r\n\t                 \t                 \t<\/span>\r\n           \t\t \t<span>\r\n           \t\t \t\t\t                        \t<a class=\"popup-box\" href=\"https:\/\/dev.brusselsgamesfestival.be\/wpbgf\/wp-content\/uploads\/2024\/09\/BGF-affiche-2024.jpg\" data-lightbox=\"image\">\r\n\t                           \t\t <i class=\"fa fa-plus\"><\/i>\r\n\t\t                        <\/a>\t\t\r\n\t\t\t\t\t\t\t\t \t\t\t\t\t<\/span>\r\n                <\/div><!-- icon -->\r\n\t\t\t<\/div><!-- layout-2 -->\r\n\t\t<\/div><!-- col -->\r\n\t\t\r\n\t\t\t\t\t\t\t<div class=\"col-md-4 col-sm-6 col-12\">\r\n\t\t\t\t\t<div class=\"layout-2\" style=\"margin: 8px;\r\n\t\t\t\t\t\t\t\t\t\t\t\t--my-color-var: #21809e;\r\n\t\t\t\t\t\t\t\t\t\t\t\t\">\r\n\t\t\t\t\t\t<img decoding=\"async\" src=\"https:\/\/dev.brusselsgamesfestival.be\/wpbgf\/wp-content\/uploads\/2024\/09\/BGF-affiche-2023-500x500.jpg\">\r\n\t\t\t\r\n\t\t\t\t<div class=\"layout-content\">\r\n                    \t\t\t\t\t\t<h2 class='pgb-title' style=\"margin: 0px;\">2023<\/h2>\r\n\t\t\t\t\t\t\t\t\t\t\t\t\t\t\t\t<p class=\"description\" style=\"margin-top: 15px;\">Sergio Men\u00e9ndez<\/p>\r\n\t\t\t\t\t               \t<\/div>\r\n                <div class=\"icon\">\r\n                    <span>\r\n\r\n                    \t\t           \t\t \t\t<a href=\"\/wpbgf\/wp-content\/uploads\/2024\/09\/BGF-affiche-2023.pdf\"  target=\"_blank\" >\r\n\t                        \t<i class=\"fa fa-link\"><\/i>\r\n\t                 \t    <\/a>\r\n\t                 \t                 \t<\/span>\r\n           \t\t \t<span>\r\n           \t\t \t\t\t                        \t<a class=\"popup-box\" href=\"https:\/\/dev.brusselsgamesfestival.be\/wpbgf\/wp-content\/uploads\/2024\/09\/BGF-affiche-2023.jpg\" data-lightbox=\"image\">\r\n\t                           \t\t <i class=\"fa fa-plus\"><\/i>\r\n\t\t                        <\/a>\t\t\r\n\t\t\t\t\t\t\t\t \t\t\t\t\t<\/span>\r\n                <\/div><!-- icon -->\r\n\t\t\t<\/div><!-- layout-2 -->\r\n\t\t<\/div><!-- col -->\r\n\t\t\r\n\t\t\t\t\t\t\t<div class=\"col-md-4 col-sm-6 col-12\">\r\n\t\t\t\t\t<div class=\"layout-2\" style=\"margin: 8px;\r\n\t\t\t\t\t\t\t\t\t\t\t\t--my-color-var: #21809e;\r\n\t\t\t\t\t\t\t\t\t\t\t\t\">\r\n\t\t\t\t\t\t<img decoding=\"async\" src=\"https:\/\/dev.brusselsgamesfestival.be\/wpbgf\/wp-content\/uploads\/2024\/09\/BGF-affiche-2021-500x500.jpg\">\r\n\t\t\t\r\n\t\t\t\t<div class=\"layout-content\">\r\n                    \t\t\t\t\t\t<h2 class='pgb-title' style=\"margin: 0px;\">2021<\/h2>\r\n\t\t\t\t\t\t\t\t\t\t\t\t\t\t\t\t<p class=\"description\" style=\"margin-top: 15px;\">Fred Navez<\/p>\r\n\t\t\t\t\t               \t<\/div>\r\n                <div class=\"icon\">\r\n                    <span>\r\n\r\n                    \t\t           \t\t \t\t<a href=\"\/wpbgf\/wp-content\/uploads\/2024\/09\/BGF-affiche-2021.pdf\"  target=\"_blank\" >\r\n\t                        \t<i class=\"fa fa-link\"><\/i>\r\n\t                 \t    <\/a>\r\n\t                 \t                 \t<\/span>\r\n           \t\t \t<span>\r\n           \t\t \t\t\t                        \t<a class=\"popup-box\" href=\"https:\/\/dev.brusselsgamesfestival.be\/wpbgf\/wp-content\/uploads\/2024\/09\/BGF-affiche-2021.jpg\" data-lightbox=\"image\">\r\n\t                           \t\t <i class=\"fa fa-plus\"><\/i>\r\n\t\t                        <\/a>\t\t\r\n\t\t\t\t\t\t\t\t \t\t\t\t\t<\/span>\r\n                <\/div><!-- icon -->\r\n\t\t\t<\/div><!-- layout-2 -->\r\n\t\t<\/div><!-- col -->\r\n\t\t\r\n\t\t\t\t\t\t\t<div class=\"col-md-4 col-sm-6 col-12\">\r\n\t\t\t\t\t<div class=\"layout-2\" style=\"margin: 8px;\r\n\t\t\t\t\t\t\t\t\t\t\t\t--my-color-var: #21809e;\r\n\t\t\t\t\t\t\t\t\t\t\t\t\">\r\n\t\t\t\t\t\t<img decoding=\"async\" src=\"https:\/\/dev.brusselsgamesfestival.be\/wpbgf\/wp-content\/uploads\/2024\/09\/BGF-affiche-2020-500x500.jpg\">\r\n\t\t\t\r\n\t\t\t\t<div class=\"layout-content\">\r\n                    \t\t\t\t\t\t<h2 class='pgb-title' style=\"margin: 0px;\">2020<\/h2>\r\n\t\t\t\t\t\t\t\t\t\t\t\t\t\t\t\t<p class=\"description\" style=\"margin-top: 15px;\">Fred Navez<\/p>\r\n\t\t\t\t\t               \t<\/div>\r\n                <div class=\"icon\">\r\n                    <span>\r\n\r\n                    \t\t           \t\t \t\t<a href=\"\/wpbgf\/wp-content\/uploads\/2024\/09\/BGF-affiche-2020.pdf\"  target=\"_blank\" >\r\n\t                        \t<i class=\"fa fa-link\"><\/i>\r\n\t                 \t    <\/a>\r\n\t                 \t                 \t<\/span>\r\n           \t\t \t<span>\r\n           \t\t \t\t\t                        \t<a class=\"popup-box\" href=\"https:\/\/dev.brusselsgamesfestival.be\/wpbgf\/wp-content\/uploads\/2024\/09\/BGF-affiche-2020.jpg\" data-lightbox=\"image\">\r\n\t                           \t\t <i class=\"fa fa-plus\"><\/i>\r\n\t\t                        <\/a>\t\t\r\n\t\t\t\t\t\t\t\t \t\t\t\t\t<\/span>\r\n                <\/div><!-- icon -->\r\n\t\t\t<\/div><!-- layout-2 -->\r\n\t\t<\/div><!-- col -->\r\n\t\t\r\n\t\t\t\t\t\t\t<div class=\"col-md-4 col-sm-6 col-12\">\r\n\t\t\t\t\t<div class=\"layout-2\" style=\"margin: 8px;\r\n\t\t\t\t\t\t\t\t\t\t\t\t--my-color-var: #21809e;\r\n\t\t\t\t\t\t\t\t\t\t\t\t\">\r\n\t\t\t\t\t\t<img decoding=\"async\" src=\"https:\/\/dev.brusselsgamesfestival.be\/wpbgf\/wp-content\/uploads\/2024\/09\/BGF-affiche-2019-500x500.jpg\">\r\n\t\t\t\r\n\t\t\t\t<div class=\"layout-content\">\r\n                    \t\t\t\t\t\t<h2 class='pgb-title' style=\"margin: 0px;\">2019<\/h2>\r\n\t\t\t\t\t\t\t\t\t\t\t\t\t\t\t\t<p class=\"description\" style=\"margin-top: 15px;\">Fred Navez<\/p>\r\n\t\t\t\t\t               \t<\/div>\r\n                <div class=\"icon\">\r\n                    <span>\r\n\r\n                    \t\t           \t\t \t\t<a href=\"\/wpbgf\/wp-content\/uploads\/2024\/09\/BGF-affiche-2019.pdf\"  target=\"_blank\" >\r\n\t                        \t<i class=\"fa fa-link\"><\/i>\r\n\t                 \t    <\/a>\r\n\t                 \t                 \t<\/span>\r\n           \t\t \t<span>\r\n           \t\t \t\t\t                        \t<a class=\"popup-box\" href=\"https:\/\/dev.brusselsgamesfestival.be\/wpbgf\/wp-content\/uploads\/2024\/09\/BGF-affiche-2019.jpg\" data-lightbox=\"image\">\r\n\t                           \t\t <i class=\"fa fa-plus\"><\/i>\r\n\t\t                        <\/a>\t\t\r\n\t\t\t\t\t\t\t\t \t\t\t\t\t<\/span>\r\n                <\/div><!-- icon -->\r\n\t\t\t<\/div><!-- layout-2 -->\r\n\t\t<\/div><!-- col -->\r\n\t\t\r\n\t\t\t\t\t\t\t<div class=\"col-md-4 col-sm-6 col-12\">\r\n\t\t\t\t\t<div class=\"layout-2\" style=\"margin: 8px;\r\n\t\t\t\t\t\t\t\t\t\t\t\t--my-color-var: #21809e;\r\n\t\t\t\t\t\t\t\t\t\t\t\t\">\r\n\t\t\t\t\t\t<img decoding=\"async\" src=\"https:\/\/dev.brusselsgamesfestival.be\/wpbgf\/wp-content\/uploads\/2024\/09\/BGF-affiche-2018-500x500.jpg\">\r\n\t\t\t\r\n\t\t\t\t<div class=\"layout-content\">\r\n                    \t\t\t\t\t\t<h2 class='pgb-title' style=\"margin: 0px;\">2018<\/h2>\r\n\t\t\t\t\t\t\t\t\t\t\t\t\t\t\t\t<p class=\"description\" style=\"margin-top: 15px;\">Fred Navez<\/p>\r\n\t\t\t\t\t               \t<\/div>\r\n                <div class=\"icon\">\r\n                    <span>\r\n\r\n                    \t\t           \t\t \t\t<a href=\"\/wpbgf\/wp-content\/uploads\/2024\/09\/BGF-affiche-2018.pdf\"  target=\"_blank\" >\r\n\t                        \t<i class=\"fa fa-link\"><\/i>\r\n\t                 \t    <\/a>\r\n\t                 \t                 \t<\/span>\r\n           \t\t \t<span>\r\n           \t\t \t\t\t                        \t<a class=\"popup-box\" href=\"https:\/\/dev.brusselsgamesfestival.be\/wpbgf\/wp-content\/uploads\/2024\/09\/BGF-affiche-2018.jpg\" data-lightbox=\"image\">\r\n\t                           \t\t <i class=\"fa fa-plus\"><\/i>\r\n\t\t                        <\/a>\t\t\r\n\t\t\t\t\t\t\t\t \t\t\t\t\t<\/span>\r\n                <\/div><!-- icon -->\r\n\t\t\t<\/div><!-- layout-2 -->\r\n\t\t<\/div><!-- col -->\r\n\t\t\r\n\t\t\t\t\t\t\t<div class=\"col-md-4 col-sm-6 col-12\">\r\n\t\t\t\t\t<div class=\"layout-2\" style=\"margin: 8px;\r\n\t\t\t\t\t\t\t\t\t\t\t\t--my-color-var: #21809e;\r\n\t\t\t\t\t\t\t\t\t\t\t\t\">\r\n\t\t\t\t\t\t<img decoding=\"async\" src=\"https:\/\/dev.brusselsgamesfestival.be\/wpbgf\/wp-content\/uploads\/2024\/09\/BGF-affiche-2017-500x500.jpg\">\r\n\t\t\t\r\n\t\t\t\t<div class=\"layout-content\">\r\n                    \t\t\t\t\t\t<h2 class='pgb-title' style=\"margin: 0px;\">2017<\/h2>\r\n\t\t\t\t\t\t\t\t\t\t\t\t\t\t\t\t<p class=\"description\" style=\"margin-top: 15px;\">Florence Bols\u00e9e<\/p>\r\n\t\t\t\t\t               \t<\/div>\r\n                <div class=\"icon\">\r\n                    <span>\r\n\r\n                    \t\t           \t\t \t\t<a href=\"\/wpbgf\/wp-content\/uploads\/2024\/09\/BGF-affiche-2017.pdf\"  target=\"_blank\" >\r\n\t                        \t<i class=\"fa fa-link\"><\/i>\r\n\t                 \t    <\/a>\r\n\t                 \t                 \t<\/span>\r\n           \t\t \t<span>\r\n           \t\t \t\t\t                        \t<a class=\"popup-box\" href=\"https:\/\/dev.brusselsgamesfestival.be\/wpbgf\/wp-content\/uploads\/2024\/09\/BGF-affiche-2017.jpg\" data-lightbox=\"image\">\r\n\t                           \t\t <i class=\"fa fa-plus\"><\/i>\r\n\t\t                        <\/a>\t\t\r\n\t\t\t\t\t\t\t\t \t\t\t\t\t<\/span>\r\n                <\/div><!-- icon -->\r\n\t\t\t<\/div><!-- layout-2 -->\r\n\t\t<\/div><!-- col -->\r\n\t\t\r\n\t\t\t\t\t\t\t<div class=\"col-md-4 col-sm-6 col-12\">\r\n\t\t\t\t\t<div class=\"layout-2\" style=\"margin: 8px;\r\n\t\t\t\t\t\t\t\t\t\t\t\t--my-color-var: #21809e;\r\n\t\t\t\t\t\t\t\t\t\t\t\t\">\r\n\t\t\t\t\t\t<img decoding=\"async\" src=\"https:\/\/dev.brusselsgamesfestival.be\/wpbgf\/wp-content\/uploads\/2024\/09\/BGF-affiche-2016-500x500.jpg\">\r\n\t\t\t\r\n\t\t\t\t<div class=\"layout-content\">\r\n                    \t\t\t\t\t\t<h2 class='pgb-title' style=\"margin: 0px;\">2016<\/h2>\r\n\t\t\t\t\t\t\t\t\t\t\t\t\t\t\t\t<p class=\"description\" style=\"margin-top: 15px;\">Florence Bols\u00e9e<\/p>\r\n\t\t\t\t\t               \t<\/div>\r\n                <div class=\"icon\">\r\n                    <span>\r\n\r\n                    \t\t           \t\t \t\t<a href=\"\/wpbgf\/wp-content\/uploads\/2024\/09\/BGF-affiche-2016.pdf\"  target=\"_blank\" >\r\n\t                        \t<i class=\"fa fa-link\"><\/i>\r\n\t                 \t    <\/a>\r\n\t                 \t                 \t<\/span>\r\n           \t\t \t<span>\r\n           \t\t \t\t\t                        \t<a class=\"popup-box\" href=\"https:\/\/dev.brusselsgamesfestival.be\/wpbgf\/wp-content\/uploads\/2024\/09\/BGF-affiche-2016.jpg\" data-lightbox=\"image\">\r\n\t                           \t\t <i class=\"fa fa-plus\"><\/i>\r\n\t\t                        <\/a>\t\t\r\n\t\t\t\t\t\t\t\t \t\t\t\t\t<\/span>\r\n                <\/div><!-- icon -->\r\n\t\t\t<\/div><!-- layout-2 -->\r\n\t\t<\/div><!-- col -->\r\n\t\t\r\n\t\t\t\t\t\t\t<div class=\"col-md-4 col-sm-6 col-12\">\r\n\t\t\t\t\t<div class=\"layout-2\" style=\"margin: 8px;\r\n\t\t\t\t\t\t\t\t\t\t\t\t--my-color-var: #21809e;\r\n\t\t\t\t\t\t\t\t\t\t\t\t\">\r\n\t\t\t\t\t\t<img decoding=\"async\" src=\"https:\/\/dev.brusselsgamesfestival.be\/wpbgf\/wp-content\/uploads\/2024\/09\/BGF-affiche-2015-500x500.jpg\">\r\n\t\t\t\r\n\t\t\t\t<div class=\"layout-content\">\r\n                    \t\t\t\t\t\t<h2 class='pgb-title' style=\"margin: 0px;\">2015<\/h2>\r\n\t\t\t\t\t\t\t\t\t\t\t\t\t\t\t\t<p class=\"description\" style=\"margin-top: 15px;\">Rapha\u00ebl Batista<\/p>\r\n\t\t\t\t\t               \t<\/div>\r\n                <div class=\"icon\">\r\n                    <span>\r\n\r\n                    \t\t           \t\t \t\t<a href=\"\/wpbgf\/wp-content\/uploads\/2024\/09\/BGF-affiche-2015.pdf\"  target=\"_blank\" >\r\n\t                        \t<i class=\"fa fa-link\"><\/i>\r\n\t                 \t    <\/a>\r\n\t                 \t                 \t<\/span>\r\n           \t\t \t<span>\r\n           \t\t \t\t\t                        \t<a class=\"popup-box\" href=\"https:\/\/dev.brusselsgamesfestival.be\/wpbgf\/wp-content\/uploads\/2024\/09\/BGF-affiche-2015.jpg\" data-lightbox=\"image\">\r\n\t                           \t\t <i class=\"fa fa-plus\"><\/i>\r\n\t\t                        <\/a>\t\t\r\n\t\t\t\t\t\t\t\t \t\t\t\t\t<\/span>\r\n                <\/div><!-- icon -->\r\n\t\t\t<\/div><!-- layout-2 -->\r\n\t\t<\/div><!-- col -->\r\n\t\t\r\n\t\t\t\t\t\t\t<div class=\"col-md-4 col-sm-6 col-12\">\r\n\t\t\t\t\t<div class=\"layout-2\" style=\"margin: 8px;\r\n\t\t\t\t\t\t\t\t\t\t\t\t--my-color-var: #21809e;\r\n\t\t\t\t\t\t\t\t\t\t\t\t\">\r\n\t\t\t\t\t\t<img decoding=\"async\" src=\"https:\/\/dev.brusselsgamesfestival.be\/wpbgf\/wp-content\/uploads\/2024\/09\/BGF-affiche-2014-500x500.jpg\">\r\n\t\t\t\r\n\t\t\t\t<div class=\"layout-content\">\r\n                    \t\t\t\t\t\t<h2 class='pgb-title' style=\"margin: 0px;\">2014<\/h2>\r\n\t\t\t\t\t\t\t\t\t\t\t\t\t\t\t\t<p class=\"description\" style=\"margin-top: 15px;\">Dimitri Piot<\/p>\r\n\t\t\t\t\t               \t<\/div>\r\n                <div class=\"icon\">\r\n                    <span>\r\n\r\n                    \t\t           \t\t \t\t<a href=\"\/wpbgf\/wp-content\/uploads\/2024\/09\/BGF-affiche-2014.pdf\"  target=\"_blank\" >\r\n\t                        \t<i class=\"fa fa-link\"><\/i>\r\n\t                 \t    <\/a>\r\n\t                 \t                 \t<\/span>\r\n           \t\t \t<span>\r\n           \t\t \t\t\t                        \t<a class=\"popup-box\" href=\"https:\/\/dev.brusselsgamesfestival.be\/wpbgf\/wp-content\/uploads\/2024\/09\/BGF-affiche-2014.jpg\" data-lightbox=\"image\">\r\n\t                           \t\t <i class=\"fa fa-plus\"><\/i>\r\n\t\t                        <\/a>\t\t\r\n\t\t\t\t\t\t\t\t \t\t\t\t\t<\/span>\r\n                <\/div><!-- icon -->\r\n\t\t\t<\/div><!-- layout-2 -->\r\n\t\t<\/div><!-- col -->\r\n\t\t\r\n\t\t\t\t\t\t\t<div class=\"col-md-4 col-sm-6 col-12\">\r\n\t\t\t\t\t<div class=\"layout-2\" style=\"margin: 8px;\r\n\t\t\t\t\t\t\t\t\t\t\t\t--my-color-var: #21809e;\r\n\t\t\t\t\t\t\t\t\t\t\t\t\">\r\n\t\t\t\t\t\t<img decoding=\"async\" src=\"https:\/\/dev.brusselsgamesfestival.be\/wpbgf\/wp-content\/uploads\/2024\/09\/BGF-affiche-2013-500x500.jpg\">\r\n\t\t\t\r\n\t\t\t\t<div class=\"layout-content\">\r\n                    \t\t\t\t\t\t<h2 class='pgb-title' style=\"margin: 0px;\">2013<\/h2>\r\n\t\t\t\t\t\t\t\t\t\t\t\t\t\t\t\t<p class=\"description\" style=\"margin-top: 15px;\">Patrick Bekers<\/p>\r\n\t\t\t\t\t               \t<\/div>\r\n                <div class=\"icon\">\r\n                    <span>\r\n\r\n                    \t\t           \t\t \t\t<a href=\"\/wpbgf\/wp-content\/uploads\/2024\/09\/BGF-affiche-2013.pdf\" >\r\n\t                        \t<i class=\"fa fa-link\"><\/i>\r\n\t                 \t    <\/a>\r\n\t                 \t                 \t<\/span>\r\n           \t\t \t<span>\r\n           \t\t \t\t\t                        \t<a class=\"popup-box\" href=\"https:\/\/dev.brusselsgamesfestival.be\/wpbgf\/wp-content\/uploads\/2024\/09\/BGF-affiche-2013.jpg\" data-lightbox=\"image\">\r\n\t                           \t\t <i class=\"fa fa-plus\"><\/i>\r\n\t\t                        <\/a>\t\t\r\n\t\t\t\t\t\t\t\t \t\t\t\t\t<\/span>\r\n                <\/div><!-- icon -->\r\n\t\t\t<\/div><!-- layout-2 -->\r\n\t\t<\/div><!-- col -->\r\n\t\t\t<\/div> <!-- row -->\r\n\r\n\t<script>\r\n\r\n\t\tjQuery(document).ready( function () {\r\n    \r\n            var $grid = jQuery('#grid_pgb-4042').isotope({\r\n              itemSelector: '.grid-item_pgb-4042',\r\n                percentPosition: true,\r\n              masonry: {\r\n                columnWidth:0\r\n              }\r\n                \r\n            });\r\n            \r\n            $grid.imagesLoaded().progress( function() {\r\n              $grid.isotope('layout');\r\n            });\r\n\r\n          }\r\n        );\r\n\r\n\t<\/script>\r\n<\/div>\r\n\n","protected":false},"excerpt":{"rendered":"<p>Depuis le premier festival nous avons \u00e0 c\u0153ur de faire appel \u00e0 diff\u00e9rents illustrateurs pour notre affiche. Survolez la vignette et cliquez sur le symbole de lien (en bas \u00e0 droite) pour t\u00e9l\u00e9charger le PDF en taille A3.<\/p>\n","protected":false},"author":2,"featured_media":0,"parent":426,"menu_order":0,"comment_status":"closed","ping_status":"closed","template":"","meta":{"_acf_changed":false,"_monsterinsights_skip_tracking":false,"_monsterinsights_sitenote_active":false,"_monsterinsights_sitenote_note":"","_monsterinsights_sitenote_category":0,"footnotes":""},"class_list":["post-3160","page","type-page","status-publish","hentry","latest_post"],"acf":[],"aioseo_notices":[],"_links":{"self":[{"href":"https:\/\/dev.brusselsgamesfestival.be\/wpbgf\/wp-json\/wp\/v2\/pages\/3160","targetHints":{"allow":["GET"]}}],"collection":[{"href":"https:\/\/dev.brusselsgamesfestival.be\/wpbgf\/wp-json\/wp\/v2\/pages"}],"about":[{"href":"https:\/\/dev.brusselsgamesfestival.be\/wpbgf\/wp-json\/wp\/v2\/types\/page"}],"author":[{"embeddable":true,"href":"https:\/\/dev.brusselsgamesfestival.be\/wpbgf\/wp-json\/wp\/v2\/users\/2"}],"replies":[{"embeddable":true,"href":"https:\/\/dev.brusselsgamesfestival.be\/wpbgf\/wp-json\/wp\/v2\/comments?post=3160"}],"version-history":[{"count":4,"href":"https:\/\/dev.brusselsgamesfestival.be\/wpbgf\/wp-json\/wp\/v2\/pages\/3160\/revisions"}],"predecessor-version":[{"id":4048,"href":"https:\/\/dev.brusselsgamesfestival.be\/wpbgf\/wp-json\/wp\/v2\/pages\/3160\/revisions\/4048"}],"up":[{"embeddable":true,"href":"https:\/\/dev.brusselsgamesfestival.be\/wpbgf\/wp-json\/wp\/v2\/pages\/426"}],"wp:attachment":[{"href":"https:\/\/dev.brusselsgamesfestival.be\/wpbgf\/wp-json\/wp\/v2\/media?parent=3160"}],"curies":[{"name":"wp","href":"https:\/\/api.w.org\/{rel}","templated":true}]}}