{"id":250,"date":"2023-06-19T19:16:57","date_gmt":"2023-06-19T19:16:57","guid":{"rendered":"http:\/\/dev.brusselsgamesfestival.be\/wpbgf\/?page_id=250"},"modified":"2025-08-17T20:53:25","modified_gmt":"2025-08-17T20:53:25","slug":"boutiques","status":"publish","type":"page","link":"https:\/\/dev.brusselsgamesfestival.be\/wpbgf\/fr\/programme\/boutiques\/","title":{"rendered":"Boutiques"},"content":{"rendered":"\n<p>Nos boutiques partenaires seront \u00e9galement de la partie lors du festival ! Chez Cubitus, Dedale, Games Trotters ou encore D\u00e9s en Folie, vous trouverez de quoi enrichir amplement votre collection de jeux. Que vous soyez novice ou expert\u00b7e, il y aura quelque chose pour chacun\u00b7e d&#8217;entre vous.<\/p>\n\n\n\n<div class=\"wp-block-columns is-layout-flex wp-container-core-columns-is-layout-9d6595d7 wp-block-columns-is-layout-flex\">\n<div class=\"wp-block-column is-layout-flow wp-block-column-is-layout-flow\">\n<figure class=\"wp-block-image size-large\"><img loading=\"lazy\" decoding=\"async\" width=\"1024\" height=\"1024\" src=\"http:\/\/dev.brusselsgamesfestival.be\/wpbgf\/wp-content\/uploads\/2023\/07\/ChezCubitus-logoRond-sansFond-1024x1024.png\" alt=\"\" class=\"wp-image-872\" srcset=\"https:\/\/dev.brusselsgamesfestival.be\/wpbgf\/wp-content\/uploads\/2023\/07\/ChezCubitus-logoRond-sansFond-1024x1024.png 1024w, https:\/\/dev.brusselsgamesfestival.be\/wpbgf\/wp-content\/uploads\/2023\/07\/ChezCubitus-logoRond-sansFond-300x300.png 300w, https:\/\/dev.brusselsgamesfestival.be\/wpbgf\/wp-content\/uploads\/2023\/07\/ChezCubitus-logoRond-sansFond-150x150.png 150w, https:\/\/dev.brusselsgamesfestival.be\/wpbgf\/wp-content\/uploads\/2023\/07\/ChezCubitus-logoRond-sansFond-768x768.png 768w, https:\/\/dev.brusselsgamesfestival.be\/wpbgf\/wp-content\/uploads\/2023\/07\/ChezCubitus-logoRond-sansFond-1536x1536.png 1536w, https:\/\/dev.brusselsgamesfestival.be\/wpbgf\/wp-content\/uploads\/2023\/07\/ChezCubitus-logoRond-sansFond-2048x2048.png 2048w, https:\/\/dev.brusselsgamesfestival.be\/wpbgf\/wp-content\/uploads\/2023\/07\/ChezCubitus-logoRond-sansFond-470x470.png 470w\" sizes=\"auto, (max-width: 1024px) 100vw, 1024px\" \/><\/figure>\n<\/div>\n\n\n\n<div class=\"wp-block-column is-layout-flow wp-block-column-is-layout-flow\">\n<h2 class=\"wp-block-heading\">Chez Cubitus<\/h2>\n\n\n\n<p><strong>Chez Cubitus<\/strong>, Clap, on joue !<br>Un nouveau lieu ludique bruxellois a ouvert ses portes !<br>On peut y jouer et bien entendu aussi y boire quelques coups : des brasseries locales et des softs originaux purement Bruxellois !<\/p>\n\n\n\n<p>Chez Cubitus est \u00e9galement magasin \ud83d\ude42<br>Cela vous permets d\u2019y faire des cadeaux, mais aussi de pouvoir acheter tout de suite les meilleurs jeux que l\u2019on vous fait d\u00e9couvrir !<\/p>\n\n\n\n<p>Vous l\u2019avez compris, on s\u2019occupe de tout , on attend plus que vous!<\/p>\n\n\n\n<p>Likez notre page Facebook pour suivre nos \u00e9v\u00e8nements !<\/p>\n\n\n\n<div class=\"wp-block-group is-nowrap is-layout-flex wp-container-core-group-is-layout-ad2f72ca wp-block-group-is-layout-flex\">\n<figure class=\"wp-block-image size-full is-resized\"><a href=\"https:\/\/www.facebook.com\/ChezCubitus\" target=\"_blank\" rel=\"noreferrer noopener\"><img loading=\"lazy\" decoding=\"async\" width=\"1024\" height=\"1024\" src=\"http:\/\/dev.brusselsgamesfestival.be\/wpbgf\/wp-content\/uploads\/2023\/07\/facebook-2.png\" alt=\"\" class=\"wp-image-619\" style=\"width:50px;height:50px\" srcset=\"https:\/\/dev.brusselsgamesfestival.be\/wpbgf\/wp-content\/uploads\/2023\/07\/facebook-2.png 1024w, https:\/\/dev.brusselsgamesfestival.be\/wpbgf\/wp-content\/uploads\/2023\/07\/facebook-2-300x300.png 300w, https:\/\/dev.brusselsgamesfestival.be\/wpbgf\/wp-content\/uploads\/2023\/07\/facebook-2-150x150.png 150w, https:\/\/dev.brusselsgamesfestival.be\/wpbgf\/wp-content\/uploads\/2023\/07\/facebook-2-768x768.png 768w, https:\/\/dev.brusselsgamesfestival.be\/wpbgf\/wp-content\/uploads\/2023\/07\/facebook-2-470x470.png 470w\" sizes=\"auto, (max-width: 1024px) 100vw, 1024px\" \/><\/a><\/figure>\n\n\n\n<figure class=\"wp-block-image size-full is-resized\"><a href=\"https:\/\/www.instagram.com\/chezcubitus\/\" target=\"_blank\" rel=\"noreferrer noopener\"><img loading=\"lazy\" decoding=\"async\" width=\"1024\" height=\"1024\" src=\"http:\/\/dev.brusselsgamesfestival.be\/wpbgf\/wp-content\/uploads\/2023\/07\/instagram2-2.png\" alt=\"\" class=\"wp-image-638\" style=\"width:50px\" srcset=\"https:\/\/dev.brusselsgamesfestival.be\/wpbgf\/wp-content\/uploads\/2023\/07\/instagram2-2.png 1024w, https:\/\/dev.brusselsgamesfestival.be\/wpbgf\/wp-content\/uploads\/2023\/07\/instagram2-2-300x300.png 300w, https:\/\/dev.brusselsgamesfestival.be\/wpbgf\/wp-content\/uploads\/2023\/07\/instagram2-2-150x150.png 150w, https:\/\/dev.brusselsgamesfestival.be\/wpbgf\/wp-content\/uploads\/2023\/07\/instagram2-2-768x768.png 768w, https:\/\/dev.brusselsgamesfestival.be\/wpbgf\/wp-content\/uploads\/2023\/07\/instagram2-2-470x470.png 470w\" sizes=\"auto, (max-width: 1024px) 100vw, 1024px\" \/><\/a><\/figure>\n\n\n\n<figure class=\"wp-block-image size-full is-resized\"><a href=\"https:\/\/discord.com\/invite\/K9nWZ4JESD\" target=\"_blank\" rel=\"noreferrer noopener\"><img loading=\"lazy\" decoding=\"async\" width=\"1024\" height=\"1024\" src=\"http:\/\/dev.brusselsgamesfestival.be\/wpbgf\/wp-content\/uploads\/2023\/07\/discord.png\" alt=\"\" class=\"wp-image-725\" style=\"width:50px;height:50px\" srcset=\"https:\/\/dev.brusselsgamesfestival.be\/wpbgf\/wp-content\/uploads\/2023\/07\/discord.png 1024w, https:\/\/dev.brusselsgamesfestival.be\/wpbgf\/wp-content\/uploads\/2023\/07\/discord-300x300.png 300w, https:\/\/dev.brusselsgamesfestival.be\/wpbgf\/wp-content\/uploads\/2023\/07\/discord-150x150.png 150w, https:\/\/dev.brusselsgamesfestival.be\/wpbgf\/wp-content\/uploads\/2023\/07\/discord-768x768.png 768w, https:\/\/dev.brusselsgamesfestival.be\/wpbgf\/wp-content\/uploads\/2023\/07\/discord-470x470.png 470w\" sizes=\"auto, (max-width: 1024px) 100vw, 1024px\" \/><\/a><\/figure>\n\n\n\n<figure class=\"wp-block-image size-full is-resized\"><a href=\"https:\/\/chezcubitus.be\/\" target=\"_blank\" rel=\"noreferrer noopener\"><img loading=\"lazy\" decoding=\"async\" width=\"1024\" height=\"1024\" src=\"http:\/\/dev.brusselsgamesfestival.be\/wpbgf\/wp-content\/uploads\/2023\/07\/dribbble-1.png\" alt=\"\" class=\"wp-image-643\" style=\"width:50px;height:50px\" srcset=\"https:\/\/dev.brusselsgamesfestival.be\/wpbgf\/wp-content\/uploads\/2023\/07\/dribbble-1.png 1024w, https:\/\/dev.brusselsgamesfestival.be\/wpbgf\/wp-content\/uploads\/2023\/07\/dribbble-1-300x300.png 300w, https:\/\/dev.brusselsgamesfestival.be\/wpbgf\/wp-content\/uploads\/2023\/07\/dribbble-1-150x150.png 150w, https:\/\/dev.brusselsgamesfestival.be\/wpbgf\/wp-content\/uploads\/2023\/07\/dribbble-1-768x768.png 768w, https:\/\/dev.brusselsgamesfestival.be\/wpbgf\/wp-content\/uploads\/2023\/07\/dribbble-1-470x470.png 470w\" sizes=\"auto, (max-width: 1024px) 100vw, 1024px\" \/><\/a><\/figure>\n<\/div>\n<\/div>\n<\/div>\n\n\n\n<div class=\"wp-block-columns is-layout-flex wp-container-core-columns-is-layout-9d6595d7 wp-block-columns-is-layout-flex\">\n<div class=\"wp-block-column is-layout-flow wp-block-column-is-layout-flow\">\n<figure class=\"wp-block-image size-full\"><img loading=\"lazy\" decoding=\"async\" width=\"500\" height=\"500\" src=\"http:\/\/dev.brusselsgamesfestival.be\/wpbgf\/wp-content\/uploads\/2025\/08\/0026_LudoTrotter-Bruxelles.jpg\" alt=\"\" class=\"wp-image-5189\" srcset=\"https:\/\/dev.brusselsgamesfestival.be\/wpbgf\/wp-content\/uploads\/2025\/08\/0026_LudoTrotter-Bruxelles.jpg 500w, https:\/\/dev.brusselsgamesfestival.be\/wpbgf\/wp-content\/uploads\/2025\/08\/0026_LudoTrotter-Bruxelles-300x300.jpg 300w, https:\/\/dev.brusselsgamesfestival.be\/wpbgf\/wp-content\/uploads\/2025\/08\/0026_LudoTrotter-Bruxelles-150x150.jpg 150w, https:\/\/dev.brusselsgamesfestival.be\/wpbgf\/wp-content\/uploads\/2025\/08\/0026_LudoTrotter-Bruxelles-470x470.jpg 470w\" sizes=\"auto, (max-width: 500px) 100vw, 500px\" \/><\/figure>\n<\/div>\n\n\n\n<div class=\"wp-block-column is-layout-flow wp-block-column-is-layout-flow\">\n<h2 class=\"wp-block-heading\">Ludotrotter Bruxelles<\/h2>\n\n\n\n<p>Vos boutiques de Jeux de Soci\u00e9t\u00e9 et Jeux de Cartes \u00e0 Collectionner en France et en Belgique !<\/p>\n\n\n\n<div class=\"wp-block-group is-nowrap is-layout-flex wp-container-core-group-is-layout-ad2f72ca wp-block-group-is-layout-flex\">\n<figure class=\"wp-block-image size-full is-resized\"><a href=\"https:\/\/www.facebook.com\/ludotrotterbruxelles\" target=\"_blank\" rel=\"noreferrer noopener\"><img loading=\"lazy\" decoding=\"async\" width=\"1024\" height=\"1024\" src=\"http:\/\/dev.brusselsgamesfestival.be\/wpbgf\/wp-content\/uploads\/2023\/07\/facebook-2.png\" alt=\"\" class=\"wp-image-619\" style=\"width:50px;height:50px\" srcset=\"https:\/\/dev.brusselsgamesfestival.be\/wpbgf\/wp-content\/uploads\/2023\/07\/facebook-2.png 1024w, https:\/\/dev.brusselsgamesfestival.be\/wpbgf\/wp-content\/uploads\/2023\/07\/facebook-2-300x300.png 300w, https:\/\/dev.brusselsgamesfestival.be\/wpbgf\/wp-content\/uploads\/2023\/07\/facebook-2-150x150.png 150w, https:\/\/dev.brusselsgamesfestival.be\/wpbgf\/wp-content\/uploads\/2023\/07\/facebook-2-768x768.png 768w, https:\/\/dev.brusselsgamesfestival.be\/wpbgf\/wp-content\/uploads\/2023\/07\/facebook-2-470x470.png 470w\" sizes=\"auto, (max-width: 1024px) 100vw, 1024px\" \/><\/a><\/figure>\n\n\n\n<figure class=\"wp-block-image size-full is-resized\"><a href=\"https:\/\/www.instagram.com\/dedale_be\/\" target=\"_blank\" rel=\"noreferrer noopener\"><img loading=\"lazy\" decoding=\"async\" width=\"1024\" height=\"1024\" src=\"http:\/\/dev.brusselsgamesfestival.be\/wpbgf\/wp-content\/uploads\/2023\/07\/instagram2-2.png\" alt=\"\" class=\"wp-image-638\" style=\"width:50px\" srcset=\"https:\/\/dev.brusselsgamesfestival.be\/wpbgf\/wp-content\/uploads\/2023\/07\/instagram2-2.png 1024w, https:\/\/dev.brusselsgamesfestival.be\/wpbgf\/wp-content\/uploads\/2023\/07\/instagram2-2-300x300.png 300w, https:\/\/dev.brusselsgamesfestival.be\/wpbgf\/wp-content\/uploads\/2023\/07\/instagram2-2-150x150.png 150w, https:\/\/dev.brusselsgamesfestival.be\/wpbgf\/wp-content\/uploads\/2023\/07\/instagram2-2-768x768.png 768w, https:\/\/dev.brusselsgamesfestival.be\/wpbgf\/wp-content\/uploads\/2023\/07\/instagram2-2-470x470.png 470w\" sizes=\"auto, (max-width: 1024px) 100vw, 1024px\" \/><\/a><\/figure>\n\n\n\n<figure class=\"wp-block-image size-full is-resized\"><a href=\"https:\/\/bruxelles.ludotrotter.be\/\" target=\"_blank\" rel=\"noreferrer noopener\"><img loading=\"lazy\" decoding=\"async\" width=\"1024\" height=\"1024\" src=\"http:\/\/dev.brusselsgamesfestival.be\/wpbgf\/wp-content\/uploads\/2023\/07\/dribbble-1.png\" alt=\"\" class=\"wp-image-643\" style=\"width:50px;height:50px\" srcset=\"https:\/\/dev.brusselsgamesfestival.be\/wpbgf\/wp-content\/uploads\/2023\/07\/dribbble-1.png 1024w, https:\/\/dev.brusselsgamesfestival.be\/wpbgf\/wp-content\/uploads\/2023\/07\/dribbble-1-300x300.png 300w, https:\/\/dev.brusselsgamesfestival.be\/wpbgf\/wp-content\/uploads\/2023\/07\/dribbble-1-150x150.png 150w, https:\/\/dev.brusselsgamesfestival.be\/wpbgf\/wp-content\/uploads\/2023\/07\/dribbble-1-768x768.png 768w, https:\/\/dev.brusselsgamesfestival.be\/wpbgf\/wp-content\/uploads\/2023\/07\/dribbble-1-470x470.png 470w\" sizes=\"auto, (max-width: 1024px) 100vw, 1024px\" \/><\/a><\/figure>\n<\/div>\n<\/div>\n<\/div>\n\n\n\n<div class=\"wp-block-columns is-layout-flex wp-container-core-columns-is-layout-9d6595d7 wp-block-columns-is-layout-flex\">\n<div class=\"wp-block-column is-vertically-aligned-center is-layout-flow wp-block-column-is-layout-flow\">\n<figure class=\"wp-block-image size-full\"><img loading=\"lazy\" decoding=\"async\" width=\"600\" height=\"400\" src=\"https:\/\/dev.brusselsgamesfestival.be\/wpbgf\/wp-content\/uploads\/2024\/08\/wwwdes-en-foliefr-logo-1618608186.png\" alt=\"\" class=\"wp-image-3848\" srcset=\"https:\/\/dev.brusselsgamesfestival.be\/wpbgf\/wp-content\/uploads\/2024\/08\/wwwdes-en-foliefr-logo-1618608186.png 600w, https:\/\/dev.brusselsgamesfestival.be\/wpbgf\/wp-content\/uploads\/2024\/08\/wwwdes-en-foliefr-logo-1618608186-300x200.png 300w, https:\/\/dev.brusselsgamesfestival.be\/wpbgf\/wp-content\/uploads\/2024\/08\/wwwdes-en-foliefr-logo-1618608186-535x357.png 535w\" sizes=\"auto, (max-width: 600px) 100vw, 600px\" \/><\/figure>\n<\/div>\n\n\n\n<div class=\"wp-block-column is-layout-flow wp-block-column-is-layout-flow\">\n<h2 class=\"wp-block-heading\">D\u00e9s en folie<\/h2>\n\n\n\n<p>Notre histoire est tr\u00e8s simple<\/p>\n\n\n\n<p>Joueur assidu de parties de jeu de r\u00f4le (pratiquant depuis plus de 30 ans), vers la fin de l&#8217;ann\u00e9e 2011, je cherchais sur Internet une boutique pour compl\u00e9ter mes d\u00e9s (et oui on en a jamais assez). Les quelques boutiques existantes (et aucune fran\u00e7aise) ne proposaient gu\u00e8re de choix.<\/p>\n\n\n\n<p>J&#8217;ai d\u00e9cid\u00e9 donc de cr\u00e9er ma propre boutique et de permettre \u00e0 l&#8217;ensemble des joueurs francophones de b\u00e9n\u00e9ficier d&#8217;un large choix de quelques centaines de r\u00e9f\u00e9rences dans les ann\u00e9es 2010, le site disposait de plus de 3000 r\u00e9f\u00e9rences fin 2020.<\/p>\n\n\n\n<p>Bon jeu et que les d\u00e9s soient avec vous.<\/p>\n\n\n\n<div class=\"wp-block-group is-nowrap is-layout-flex wp-container-core-group-is-layout-ad2f72ca wp-block-group-is-layout-flex\">\n<figure class=\"wp-block-image size-full is-resized\"><a href=\"https:\/\/www.facebook.com\/desenfolie\" target=\"_blank\" rel=\"noreferrer noopener\"><img loading=\"lazy\" decoding=\"async\" width=\"1024\" height=\"1024\" src=\"http:\/\/dev.brusselsgamesfestival.be\/wpbgf\/wp-content\/uploads\/2023\/07\/facebook-2.png\" alt=\"\" class=\"wp-image-619\" style=\"width:50px;height:50px\" srcset=\"https:\/\/dev.brusselsgamesfestival.be\/wpbgf\/wp-content\/uploads\/2023\/07\/facebook-2.png 1024w, https:\/\/dev.brusselsgamesfestival.be\/wpbgf\/wp-content\/uploads\/2023\/07\/facebook-2-300x300.png 300w, https:\/\/dev.brusselsgamesfestival.be\/wpbgf\/wp-content\/uploads\/2023\/07\/facebook-2-150x150.png 150w, https:\/\/dev.brusselsgamesfestival.be\/wpbgf\/wp-content\/uploads\/2023\/07\/facebook-2-768x768.png 768w, https:\/\/dev.brusselsgamesfestival.be\/wpbgf\/wp-content\/uploads\/2023\/07\/facebook-2-470x470.png 470w\" sizes=\"auto, (max-width: 1024px) 100vw, 1024px\" \/><\/a><\/figure>\n\n\n\n<figure class=\"wp-block-image size-full is-resized\"><a href=\"https:\/\/twitter.com\/DesenFolie\" target=\"_blank\" rel=\"noreferrer noopener\"><img loading=\"lazy\" decoding=\"async\" width=\"1024\" height=\"1024\" src=\"http:\/\/dev.brusselsgamesfestival.be\/wpbgf\/wp-content\/uploads\/2023\/07\/twitter.png\" alt=\"\" class=\"wp-image-621\" style=\"width:50px;height:50px\" srcset=\"https:\/\/dev.brusselsgamesfestival.be\/wpbgf\/wp-content\/uploads\/2023\/07\/twitter.png 1024w, https:\/\/dev.brusselsgamesfestival.be\/wpbgf\/wp-content\/uploads\/2023\/07\/twitter-300x300.png 300w, https:\/\/dev.brusselsgamesfestival.be\/wpbgf\/wp-content\/uploads\/2023\/07\/twitter-150x150.png 150w, https:\/\/dev.brusselsgamesfestival.be\/wpbgf\/wp-content\/uploads\/2023\/07\/twitter-768x768.png 768w, https:\/\/dev.brusselsgamesfestival.be\/wpbgf\/wp-content\/uploads\/2023\/07\/twitter-470x470.png 470w\" sizes=\"auto, (max-width: 1024px) 100vw, 1024px\" \/><\/a><\/figure>\n\n\n\n<figure class=\"wp-block-image size-full is-resized\"><a href=\"https:\/\/www.des-en-folie.fr\/\" target=\"_blank\" rel=\"noreferrer noopener\"><img loading=\"lazy\" decoding=\"async\" width=\"1024\" height=\"1024\" src=\"http:\/\/dev.brusselsgamesfestival.be\/wpbgf\/wp-content\/uploads\/2023\/07\/dribbble-1.png\" alt=\"\" class=\"wp-image-643\" style=\"width:50px;height:50px\" srcset=\"https:\/\/dev.brusselsgamesfestival.be\/wpbgf\/wp-content\/uploads\/2023\/07\/dribbble-1.png 1024w, https:\/\/dev.brusselsgamesfestival.be\/wpbgf\/wp-content\/uploads\/2023\/07\/dribbble-1-300x300.png 300w, https:\/\/dev.brusselsgamesfestival.be\/wpbgf\/wp-content\/uploads\/2023\/07\/dribbble-1-150x150.png 150w, https:\/\/dev.brusselsgamesfestival.be\/wpbgf\/wp-content\/uploads\/2023\/07\/dribbble-1-768x768.png 768w, https:\/\/dev.brusselsgamesfestival.be\/wpbgf\/wp-content\/uploads\/2023\/07\/dribbble-1-470x470.png 470w\" sizes=\"auto, (max-width: 1024px) 100vw, 1024px\" \/><\/a><\/figure>\n<\/div>\n<\/div>\n<\/div>\n","protected":false},"excerpt":{"rendered":"<p>Nos boutiques partenaires seront \u00e9galement de la partie lors du festival ! Chez Cubitus, Dedale, Games Trotters ou encore D\u00e9s en Folie, vous trouverez de quoi enrichir amplement votre collection de jeux. Que vous soyez novice ou expert\u00b7e, il y aura quelque chose pour chacun\u00b7e d&#8217;entre vous. Chez Cubitus Chez Cubitus, Clap, on joue !Un &hellip; <\/p>\n","protected":false},"author":2,"featured_media":346,"parent":73,"menu_order":0,"comment_status":"closed","ping_status":"closed","template":"","meta":{"_acf_changed":false,"_monsterinsights_skip_tracking":false,"_monsterinsights_sitenote_active":false,"_monsterinsights_sitenote_note":"","_monsterinsights_sitenote_category":0,"footnotes":""},"class_list":["post-250","page","type-page","status-publish","has-post-thumbnail","hentry","latest_post"],"acf":[],"aioseo_notices":[],"_links":{"self":[{"href":"https:\/\/dev.brusselsgamesfestival.be\/wpbgf\/wp-json\/wp\/v2\/pages\/250","targetHints":{"allow":["GET"]}}],"collection":[{"href":"https:\/\/dev.brusselsgamesfestival.be\/wpbgf\/wp-json\/wp\/v2\/pages"}],"about":[{"href":"https:\/\/dev.brusselsgamesfestival.be\/wpbgf\/wp-json\/wp\/v2\/types\/page"}],"author":[{"embeddable":true,"href":"https:\/\/dev.brusselsgamesfestival.be\/wpbgf\/wp-json\/wp\/v2\/users\/2"}],"replies":[{"embeddable":true,"href":"https:\/\/dev.brusselsgamesfestival.be\/wpbgf\/wp-json\/wp\/v2\/comments?post=250"}],"version-history":[{"count":23,"href":"https:\/\/dev.brusselsgamesfestival.be\/wpbgf\/wp-json\/wp\/v2\/pages\/250\/revisions"}],"predecessor-version":[{"id":5435,"href":"https:\/\/dev.brusselsgamesfestival.be\/wpbgf\/wp-json\/wp\/v2\/pages\/250\/revisions\/5435"}],"up":[{"embeddable":true,"href":"https:\/\/dev.brusselsgamesfestival.be\/wpbgf\/wp-json\/wp\/v2\/pages\/73"}],"wp:featuredmedia":[{"embeddable":true,"href":"https:\/\/dev.brusselsgamesfestival.be\/wpbgf\/wp-json\/wp\/v2\/media\/346"}],"wp:attachment":[{"href":"https:\/\/dev.brusselsgamesfestival.be\/wpbgf\/wp-json\/wp\/v2\/media?parent=250"}],"curies":[{"name":"wp","href":"https:\/\/api.w.org\/{rel}","templated":true}]}}