{"id":237,"date":"2023-06-19T18:59:28","date_gmt":"2023-06-19T18:59:28","guid":{"rendered":"http:\/\/dev.brusselsgamesfestival.be\/wpbgf\/?page_id=237"},"modified":"2026-04-13T16:31:43","modified_gmt":"2026-04-13T16:31:43","slug":"exposant","status":"publish","type":"page","link":"https:\/\/dev.brusselsgamesfestival.be\/wpbgf\/fr\/participer\/exposant\/","title":{"rendered":"Participer en tant qu&#8217;exposant"},"content":{"rendered":"\n<p>Vous souhaitez avoir un stand durant le BGF 2026 (du 28 au 30 ao\u00fbt) ? <\/p>\n\n\n\n<p>Plusieurs formules d\u2019inscription sont propos\u00e9es, adapt\u00e9es \u00e0 votre profil : \u00e9diteur, distributeur, boutique ou autre acteur du secteur ludique. Pour toute question, n\u2019h\u00e9sitez pas \u00e0 nous contacter \u00e0 l\u2019adresse <a href=\"mailto:exposants@brusselsgamesfestival.be?subject=Participer comme \u00e9diteur\/distributeur\" title=\"\">exposants@brusselsgamesfestival.be<\/a>.<\/p>\n\n\n\n<div class=\"wp-block-columns is-layout-flex wp-container-core-columns-is-layout-9d6595d7 wp-block-columns-is-layout-flex\">\n<div class=\"wp-block-column is-layout-flow wp-block-column-is-layout-flow\" style=\"flex-basis:100%\">\n<div class=\"wp-block-columns is-layout-flex wp-container-core-columns-is-layout-9d6595d7 wp-block-columns-is-layout-flex\">\n<div class=\"wp-block-column is-layout-flow wp-block-column-is-layout-flow\">\n<figure class=\"wp-block-image size-full is-style-default\"><img loading=\"lazy\" decoding=\"async\" width=\"1000\" height=\"1000\" src=\"https:\/\/dev.brusselsgamesfestival.be\/wpbgf\/wp-content\/uploads\/2026\/04\/BGF-2025-DSC09038.jpg\" alt=\"\" class=\"wp-image-6364\" srcset=\"https:\/\/dev.brusselsgamesfestival.be\/wpbgf\/wp-content\/uploads\/2026\/04\/BGF-2025-DSC09038.jpg 1000w, https:\/\/dev.brusselsgamesfestival.be\/wpbgf\/wp-content\/uploads\/2026\/04\/BGF-2025-DSC09038-300x300.jpg 300w, https:\/\/dev.brusselsgamesfestival.be\/wpbgf\/wp-content\/uploads\/2026\/04\/BGF-2025-DSC09038-150x150.jpg 150w, https:\/\/dev.brusselsgamesfestival.be\/wpbgf\/wp-content\/uploads\/2026\/04\/BGF-2025-DSC09038-768x768.jpg 768w, https:\/\/dev.brusselsgamesfestival.be\/wpbgf\/wp-content\/uploads\/2026\/04\/BGF-2025-DSC09038-500x500.jpg 500w, https:\/\/dev.brusselsgamesfestival.be\/wpbgf\/wp-content\/uploads\/2026\/04\/BGF-2025-DSC09038-535x535.jpg 535w, https:\/\/dev.brusselsgamesfestival.be\/wpbgf\/wp-content\/uploads\/2026\/04\/BGF-2025-DSC09038-470x470.jpg 470w\" sizes=\"auto, (max-width: 1000px) 100vw, 1000px\" \/><\/figure>\n\n\n\n<h2 class=\"wp-block-heading\">\u00c9diteurs &amp; distributeurs<\/h2>\n\n\n\n<p>Pour les auteurs, \u00e9diteurs, distributeurs de jeux de soci\u00e9t\u00e9 qui souhaitent animer leurs jeux et les vendre.<\/p>\n\n\n\n<p><a href=\"https:\/\/docs.google.com\/forms\/d\/e\/1FAIpQLSfB7UYG28RBGBQgZhVG5v4lP23DgUpl9nngf-z-EGyhyfj_kQ\/viewform\" target=\"_blank\" rel=\"noopener\" title=\"Inscription en ligne\">Inscription en ligne<\/a><\/p>\n\n\n\n<p><a href=\"http:\/\/dev.brusselsgamesfestival.be\/wpbgf\/wp-content\/uploads\/2026\/04\/Reglement-BGF-2026-Exposants-FR.pdf\" target=\"_blank\" rel=\"noopener\" title=\"\">R\u00e9glement<\/a><\/p>\n<\/div>\n\n\n\n<div class=\"wp-block-column is-layout-flow wp-block-column-is-layout-flow\">\n<figure class=\"wp-block-image size-full is-style-default\"><img loading=\"lazy\" decoding=\"async\" width=\"1000\" height=\"1000\" src=\"https:\/\/dev.brusselsgamesfestival.be\/wpbgf\/wp-content\/uploads\/2026\/04\/BGF-2025-DSC09237.jpg\" alt=\"\" class=\"wp-image-6374\" srcset=\"https:\/\/dev.brusselsgamesfestival.be\/wpbgf\/wp-content\/uploads\/2026\/04\/BGF-2025-DSC09237.jpg 1000w, https:\/\/dev.brusselsgamesfestival.be\/wpbgf\/wp-content\/uploads\/2026\/04\/BGF-2025-DSC09237-300x300.jpg 300w, https:\/\/dev.brusselsgamesfestival.be\/wpbgf\/wp-content\/uploads\/2026\/04\/BGF-2025-DSC09237-150x150.jpg 150w, https:\/\/dev.brusselsgamesfestival.be\/wpbgf\/wp-content\/uploads\/2026\/04\/BGF-2025-DSC09237-768x768.jpg 768w, https:\/\/dev.brusselsgamesfestival.be\/wpbgf\/wp-content\/uploads\/2026\/04\/BGF-2025-DSC09237-500x500.jpg 500w, https:\/\/dev.brusselsgamesfestival.be\/wpbgf\/wp-content\/uploads\/2026\/04\/BGF-2025-DSC09237-535x535.jpg 535w, https:\/\/dev.brusselsgamesfestival.be\/wpbgf\/wp-content\/uploads\/2026\/04\/BGF-2025-DSC09237-470x470.jpg 470w\" sizes=\"auto, (max-width: 1000px) 100vw, 1000px\" \/><\/figure>\n\n\n\n<h2 class=\"wp-block-heading\">Boutiques<\/h2>\n\n\n\n<p>Pour les magasins de jeux de soci\u00e9t\u00e9 ou autres commerces qui souhaitent vendre leurs jeux et qui sont mis en relation directe avec les \u00e9diteurs et distributeurs pr\u00e9sents sur le festival, ou pour les vendeurs d&#8217;accessoires, pi\u00e8ces d&#8217;art ou objets en lien avec le monde ludique.<\/p>\n\n\n\n<p><a href=\"https:\/\/docs.google.com\/forms\/d\/e\/1FAIpQLSc83tNgpES8m-KslXt_1_wEkPufNDkqvm9q4fLJbzwfMmvJ3w\/viewform?usp=header\" target=\"_blank\" rel=\"noopener\" title=\"Inscription en ligne\">Inscription en ligne<\/a><\/p>\n\n\n\n<p><a href=\"http:\/\/dev.brusselsgamesfestival.be\/wpbgf\/wp-content\/uploads\/2026\/04\/Reglement-BGF-2026-Boutiques-FR.pdf\" target=\"_blank\" rel=\"noopener\" title=\"\">R\u00e9glement<\/a><\/p>\n<\/div>\n\n\n\n<div class=\"wp-block-column is-layout-flow wp-block-column-is-layout-flow\">\n<figure class=\"wp-block-image size-full is-style-default\"><img loading=\"lazy\" decoding=\"async\" width=\"1000\" height=\"1000\" src=\"https:\/\/dev.brusselsgamesfestival.be\/wpbgf\/wp-content\/uploads\/2026\/04\/BGF-2025-DSC09175.jpg\" alt=\"\" class=\"wp-image-6376\" srcset=\"https:\/\/dev.brusselsgamesfestival.be\/wpbgf\/wp-content\/uploads\/2026\/04\/BGF-2025-DSC09175.jpg 1000w, https:\/\/dev.brusselsgamesfestival.be\/wpbgf\/wp-content\/uploads\/2026\/04\/BGF-2025-DSC09175-300x300.jpg 300w, https:\/\/dev.brusselsgamesfestival.be\/wpbgf\/wp-content\/uploads\/2026\/04\/BGF-2025-DSC09175-150x150.jpg 150w, https:\/\/dev.brusselsgamesfestival.be\/wpbgf\/wp-content\/uploads\/2026\/04\/BGF-2025-DSC09175-768x768.jpg 768w, https:\/\/dev.brusselsgamesfestival.be\/wpbgf\/wp-content\/uploads\/2026\/04\/BGF-2025-DSC09175-500x500.jpg 500w, https:\/\/dev.brusselsgamesfestival.be\/wpbgf\/wp-content\/uploads\/2026\/04\/BGF-2025-DSC09175-535x535.jpg 535w, https:\/\/dev.brusselsgamesfestival.be\/wpbgf\/wp-content\/uploads\/2026\/04\/BGF-2025-DSC09175-470x470.jpg 470w\" sizes=\"auto, (max-width: 1000px) 100vw, 1000px\" \/><\/figure>\n\n\n\n<h2 class=\"wp-block-heading\">March\u00e9s<\/h2>\n\n\n\n<p>Le march\u00e9 est un espac\u00e9 r\u00e9serv\u00e9 sur le site du festival pour mettre en lumi\u00e8re les artistes, artisans ou commer\u00e7ants de petite taille qui vendent des objets, accessoires ou des pi\u00e8ces d&#8217;art en lien avec le monde ludique.<\/p>\n\n\n\n<p><a href=\"https:\/\/docs.google.com\/forms\/d\/e\/1FAIpQLSeaCJAJ-gAwNC8jPxl2OROn2X1kjAgY-8CJc9copZVd610pig\/viewform?usp=header\" target=\"_blank\" rel=\"noopener\" title=\"Inscription en ligne\">Inscription en ligne<\/a><\/p>\n\n\n\n<p><a href=\"http:\/\/dev.brusselsgamesfestival.be\/wpbgf\/wp-content\/uploads\/2026\/04\/Reglement-BGF-2026-Marche-FR.pdf\" target=\"_blank\" rel=\"noopener\" title=\"\">R\u00e9glement<\/a><\/p>\n<\/div>\n<\/div>\n<\/div>\n<\/div>\n","protected":false},"excerpt":{"rendered":"<p>Vous souhaitez avoir un stand durant le BGF 2026 (du 28 au 30 ao\u00fbt) ? Plusieurs formules d\u2019inscription sont propos\u00e9es, adapt\u00e9es \u00e0 votre profil : \u00e9diteur, distributeur, boutique ou autre acteur du secteur ludique. Pour toute question, n\u2019h\u00e9sitez pas \u00e0 nous contacter \u00e0 l\u2019adresse exposants@brusselsgamesfestival.be. \u00c9diteurs &amp; distributeurs Pour les auteurs, \u00e9diteurs, distributeurs de jeux &hellip; <\/p>\n","protected":false},"author":2,"featured_media":342,"parent":79,"menu_order":0,"comment_status":"closed","ping_status":"closed","template":"","meta":{"_acf_changed":false,"_monsterinsights_skip_tracking":false,"_monsterinsights_sitenote_active":false,"_monsterinsights_sitenote_note":"","_monsterinsights_sitenote_category":0,"footnotes":""},"class_list":["post-237","page","type-page","status-publish","has-post-thumbnail","hentry","latest_post"],"acf":[],"aioseo_notices":[],"_links":{"self":[{"href":"https:\/\/dev.brusselsgamesfestival.be\/wpbgf\/wp-json\/wp\/v2\/pages\/237","targetHints":{"allow":["GET"]}}],"collection":[{"href":"https:\/\/dev.brusselsgamesfestival.be\/wpbgf\/wp-json\/wp\/v2\/pages"}],"about":[{"href":"https:\/\/dev.brusselsgamesfestival.be\/wpbgf\/wp-json\/wp\/v2\/types\/page"}],"author":[{"embeddable":true,"href":"https:\/\/dev.brusselsgamesfestival.be\/wpbgf\/wp-json\/wp\/v2\/users\/2"}],"replies":[{"embeddable":true,"href":"https:\/\/dev.brusselsgamesfestival.be\/wpbgf\/wp-json\/wp\/v2\/comments?post=237"}],"version-history":[{"count":24,"href":"https:\/\/dev.brusselsgamesfestival.be\/wpbgf\/wp-json\/wp\/v2\/pages\/237\/revisions"}],"predecessor-version":[{"id":6396,"href":"https:\/\/dev.brusselsgamesfestival.be\/wpbgf\/wp-json\/wp\/v2\/pages\/237\/revisions\/6396"}],"up":[{"embeddable":true,"href":"https:\/\/dev.brusselsgamesfestival.be\/wpbgf\/wp-json\/wp\/v2\/pages\/79"}],"wp:featuredmedia":[{"embeddable":true,"href":"https:\/\/dev.brusselsgamesfestival.be\/wpbgf\/wp-json\/wp\/v2\/media\/342"}],"wp:attachment":[{"href":"https:\/\/dev.brusselsgamesfestival.be\/wpbgf\/wp-json\/wp\/v2\/media?parent=237"}],"curies":[{"name":"wp","href":"https:\/\/api.w.org\/{rel}","templated":true}]}}