{"id":131,"date":"2023-06-13T20:41:53","date_gmt":"2023-06-13T20:41:53","guid":{"rendered":"http:\/\/dev.brusselsgamesfestival.be\/wpbgf\/?page_id=131"},"modified":"2025-08-12T11:45:56","modified_gmt":"2025-08-12T11:45:56","slug":"protonight","status":"publish","type":"page","link":"https:\/\/dev.brusselsgamesfestival.be\/wpbgf\/fr\/participer\/protonight\/","title":{"rendered":"Participer \u00e0 la ProtoNight"},"content":{"rendered":"\n<h2 class=\"wp-block-heading\">Une double ProtoNight pendant la double Nocturne !<\/h2>\n\n\n\n<p>Cette ann\u00e9e, la ProtoZone jouera les prolongations en s&#8217;\u00e9talant durant les deux Nocturnes du BGF. Mais ici, pas de comp\u00e9tition, pas de votes, pas de restrictions concernant l&#8217;avanc\u00e9e de vos projets !<\/p>\n\n\n\n<h2 class=\"wp-block-heading\">Comment \u00e7a va se passer ?<\/h2>\n\n\n\n<p>20 tables seront mises \u00e0 disposition gratuitement pour les prototypes durant chaque soir\u00e9e ProtoNight.<\/p>\n\n\n\n<ul class=\"wp-block-list\">\n<li>Participation sur <strong>une seule date au choix<\/strong> : vendredi 29 ao\u00fbt ou samedi 30 ao\u00fbt.<\/li>\n\n\n\n<li>Les places \u00e9tant limit\u00e9es, elles seront attribu\u00e9es <strong>par ordre de demande<\/strong>.<\/li>\n<\/ul>\n\n\n\n<p>Si des tables sont encore disponibles, il sera possible de s\u2019inscrire directement sur place pendant le festival.<\/p>\n\n\n\n<h2 class=\"wp-block-heading\">Important !<\/h2>\n\n\n\n<ul class=\"wp-block-list\">\n<li>L\u2019inscription ne donne pas acc\u00e8s gratuitement au festival : il est n\u00e9cessaire d\u2019acheter un billet d\u2019entr\u00e9e au pr\u00e9alable.<\/li>\n\n\n\n<li>L\u2019acc\u00e8s aux tables de la ProtoNight sera possible \u00e0 partir de 18h (pas avant).<\/li>\n<\/ul>\n\n\n\n<h2 class=\"wp-block-heading\">Inscriptions<\/h2>\n\n\n\n<p>L\u2019inscription se fait <strong>uniquement par e-mail<\/strong> \u00e0 l\u2019adresse : <strong><a>protozone@brusselsgamesfestival.be<\/a><\/strong><br>Merci :<\/p>\n\n\n\n<ul class=\"wp-block-list\">\n<li><strong>D\u2019indiquer dans le titre du mail<\/strong> : <em>ProtoNight<\/em><\/li>\n\n\n\n<li>De pr\u00e9ciser dans le corps du mail :\n<ol class=\"wp-block-list\">\n<li><strong>Nom et pr\u00e9nom<\/strong> de l\u2019auteur\u00b7ice<\/li>\n\n\n\n<li><strong>Adresse e-mail<\/strong><\/li>\n\n\n\n<li><strong>Date choisie<\/strong> (vendredi 29 ao\u00fbt ou samedi 30 ao\u00fbt)<\/li>\n\n\n\n<li><strong>Nom du ou des prototypes pr\u00e9sent\u00e9s<\/strong><\/li>\n<\/ol>\n<\/li>\n<\/ul>\n\n\n\n<h2 class=\"wp-block-heading\">Des questions ?<\/h2>\n\n\n\n<p>\u00c9crivez-nous \u00e0 : <strong><a>protozone@brusselsgamesfestival.be<\/a><\/strong><\/p>\n\n\n\n<div class=\"wp-block-columns is-layout-flex wp-container-core-columns-is-layout-9d6595d7 wp-block-columns-is-layout-flex\">\n<div class=\"wp-block-column is-layout-flow wp-block-column-is-layout-flow\">\n<figure class=\"wp-block-image size-full\"><img loading=\"lazy\" decoding=\"async\" width=\"1000\" height=\"1000\" src=\"http:\/\/dev.brusselsgamesfestival.be\/wpbgf\/wp-content\/uploads\/2024\/08\/BGF2023DEF-96.jpg\" alt=\"\" class=\"wp-image-3209\" srcset=\"https:\/\/dev.brusselsgamesfestival.be\/wpbgf\/wp-content\/uploads\/2024\/08\/BGF2023DEF-96.jpg 1000w, https:\/\/dev.brusselsgamesfestival.be\/wpbgf\/wp-content\/uploads\/2024\/08\/BGF2023DEF-96-300x300.jpg 300w, https:\/\/dev.brusselsgamesfestival.be\/wpbgf\/wp-content\/uploads\/2024\/08\/BGF2023DEF-96-150x150.jpg 150w, https:\/\/dev.brusselsgamesfestival.be\/wpbgf\/wp-content\/uploads\/2024\/08\/BGF2023DEF-96-768x768.jpg 768w, https:\/\/dev.brusselsgamesfestival.be\/wpbgf\/wp-content\/uploads\/2024\/08\/BGF2023DEF-96-500x500.jpg 500w, https:\/\/dev.brusselsgamesfestival.be\/wpbgf\/wp-content\/uploads\/2024\/08\/BGF2023DEF-96-535x535.jpg 535w, https:\/\/dev.brusselsgamesfestival.be\/wpbgf\/wp-content\/uploads\/2024\/08\/BGF2023DEF-96-470x470.jpg 470w\" sizes=\"auto, (max-width: 1000px) 100vw, 1000px\" \/><\/figure>\n<\/div>\n\n\n\n<div class=\"wp-block-column is-layout-flow wp-block-column-is-layout-flow\">\n<figure class=\"wp-block-image size-full\"><img loading=\"lazy\" decoding=\"async\" width=\"1000\" height=\"1000\" src=\"http:\/\/dev.brusselsgamesfestival.be\/wpbgf\/wp-content\/uploads\/2024\/08\/BGF2023DEF-278.jpg\" alt=\"\" class=\"wp-image-3187\" srcset=\"https:\/\/dev.brusselsgamesfestival.be\/wpbgf\/wp-content\/uploads\/2024\/08\/BGF2023DEF-278.jpg 1000w, https:\/\/dev.brusselsgamesfestival.be\/wpbgf\/wp-content\/uploads\/2024\/08\/BGF2023DEF-278-300x300.jpg 300w, https:\/\/dev.brusselsgamesfestival.be\/wpbgf\/wp-content\/uploads\/2024\/08\/BGF2023DEF-278-150x150.jpg 150w, https:\/\/dev.brusselsgamesfestival.be\/wpbgf\/wp-content\/uploads\/2024\/08\/BGF2023DEF-278-768x768.jpg 768w, https:\/\/dev.brusselsgamesfestival.be\/wpbgf\/wp-content\/uploads\/2024\/08\/BGF2023DEF-278-500x500.jpg 500w, https:\/\/dev.brusselsgamesfestival.be\/wpbgf\/wp-content\/uploads\/2024\/08\/BGF2023DEF-278-535x535.jpg 535w, https:\/\/dev.brusselsgamesfestival.be\/wpbgf\/wp-content\/uploads\/2024\/08\/BGF2023DEF-278-470x470.jpg 470w\" sizes=\"auto, (max-width: 1000px) 100vw, 1000px\" \/><\/figure>\n<\/div>\n<\/div>\n\n\n\n<div class=\"wp-block-columns is-layout-flex wp-container-core-columns-is-layout-9d6595d7 wp-block-columns-is-layout-flex\">\n<div class=\"wp-block-column is-layout-flow wp-block-column-is-layout-flow\">\n<figure class=\"wp-block-image size-full\"><img loading=\"lazy\" decoding=\"async\" width=\"1000\" height=\"1000\" src=\"http:\/\/dev.brusselsgamesfestival.be\/wpbgf\/wp-content\/uploads\/2024\/08\/BGF2023DEF-331.jpg\" alt=\"\" class=\"wp-image-3194\" srcset=\"https:\/\/dev.brusselsgamesfestival.be\/wpbgf\/wp-content\/uploads\/2024\/08\/BGF2023DEF-331.jpg 1000w, https:\/\/dev.brusselsgamesfestival.be\/wpbgf\/wp-content\/uploads\/2024\/08\/BGF2023DEF-331-300x300.jpg 300w, https:\/\/dev.brusselsgamesfestival.be\/wpbgf\/wp-content\/uploads\/2024\/08\/BGF2023DEF-331-150x150.jpg 150w, https:\/\/dev.brusselsgamesfestival.be\/wpbgf\/wp-content\/uploads\/2024\/08\/BGF2023DEF-331-768x768.jpg 768w, https:\/\/dev.brusselsgamesfestival.be\/wpbgf\/wp-content\/uploads\/2024\/08\/BGF2023DEF-331-500x500.jpg 500w, https:\/\/dev.brusselsgamesfestival.be\/wpbgf\/wp-content\/uploads\/2024\/08\/BGF2023DEF-331-535x535.jpg 535w, https:\/\/dev.brusselsgamesfestival.be\/wpbgf\/wp-content\/uploads\/2024\/08\/BGF2023DEF-331-470x470.jpg 470w\" sizes=\"auto, (max-width: 1000px) 100vw, 1000px\" \/><\/figure>\n<\/div>\n\n\n\n<div class=\"wp-block-column is-layout-flow wp-block-column-is-layout-flow\">\n<figure class=\"wp-block-image size-full\"><img loading=\"lazy\" decoding=\"async\" width=\"1000\" height=\"1000\" src=\"http:\/\/dev.brusselsgamesfestival.be\/wpbgf\/wp-content\/uploads\/2024\/08\/BGF2023DEF-93.jpg\" alt=\"\" class=\"wp-image-3208\" srcset=\"https:\/\/dev.brusselsgamesfestival.be\/wpbgf\/wp-content\/uploads\/2024\/08\/BGF2023DEF-93.jpg 1000w, https:\/\/dev.brusselsgamesfestival.be\/wpbgf\/wp-content\/uploads\/2024\/08\/BGF2023DEF-93-300x300.jpg 300w, https:\/\/dev.brusselsgamesfestival.be\/wpbgf\/wp-content\/uploads\/2024\/08\/BGF2023DEF-93-150x150.jpg 150w, https:\/\/dev.brusselsgamesfestival.be\/wpbgf\/wp-content\/uploads\/2024\/08\/BGF2023DEF-93-768x768.jpg 768w, https:\/\/dev.brusselsgamesfestival.be\/wpbgf\/wp-content\/uploads\/2024\/08\/BGF2023DEF-93-500x500.jpg 500w, https:\/\/dev.brusselsgamesfestival.be\/wpbgf\/wp-content\/uploads\/2024\/08\/BGF2023DEF-93-535x535.jpg 535w, https:\/\/dev.brusselsgamesfestival.be\/wpbgf\/wp-content\/uploads\/2024\/08\/BGF2023DEF-93-470x470.jpg 470w\" sizes=\"auto, (max-width: 1000px) 100vw, 1000px\" \/><\/figure>\n<\/div>\n<\/div>\n\n\n\n<p><\/p>\n","protected":false},"excerpt":{"rendered":"<p>Une double ProtoNight pendant la double Nocturne ! Cette ann\u00e9e, la ProtoZone jouera les prolongations en s&#8217;\u00e9talant durant les deux Nocturnes du BGF. Mais ici, pas de comp\u00e9tition, pas de votes, pas de restrictions concernant l&#8217;avanc\u00e9e de vos projets ! Comment \u00e7a va se passer ? 20 tables seront mises \u00e0 disposition gratuitement pour les &hellip; <\/p>\n","protected":false},"author":2,"featured_media":3176,"parent":79,"menu_order":0,"comment_status":"closed","ping_status":"closed","template":"","meta":{"_acf_changed":false,"_monsterinsights_skip_tracking":false,"_monsterinsights_sitenote_active":false,"_monsterinsights_sitenote_note":"","_monsterinsights_sitenote_category":0,"footnotes":""},"class_list":["post-131","page","type-page","status-publish","has-post-thumbnail","hentry","latest_post"],"acf":[],"aioseo_notices":[],"_links":{"self":[{"href":"https:\/\/dev.brusselsgamesfestival.be\/wpbgf\/wp-json\/wp\/v2\/pages\/131","targetHints":{"allow":["GET"]}}],"collection":[{"href":"https:\/\/dev.brusselsgamesfestival.be\/wpbgf\/wp-json\/wp\/v2\/pages"}],"about":[{"href":"https:\/\/dev.brusselsgamesfestival.be\/wpbgf\/wp-json\/wp\/v2\/types\/page"}],"author":[{"embeddable":true,"href":"https:\/\/dev.brusselsgamesfestival.be\/wpbgf\/wp-json\/wp\/v2\/users\/2"}],"replies":[{"embeddable":true,"href":"https:\/\/dev.brusselsgamesfestival.be\/wpbgf\/wp-json\/wp\/v2\/comments?post=131"}],"version-history":[{"count":40,"href":"https:\/\/dev.brusselsgamesfestival.be\/wpbgf\/wp-json\/wp\/v2\/pages\/131\/revisions"}],"predecessor-version":[{"id":5138,"href":"https:\/\/dev.brusselsgamesfestival.be\/wpbgf\/wp-json\/wp\/v2\/pages\/131\/revisions\/5138"}],"up":[{"embeddable":true,"href":"https:\/\/dev.brusselsgamesfestival.be\/wpbgf\/wp-json\/wp\/v2\/pages\/79"}],"wp:featuredmedia":[{"embeddable":true,"href":"https:\/\/dev.brusselsgamesfestival.be\/wpbgf\/wp-json\/wp\/v2\/media\/3176"}],"wp:attachment":[{"href":"https:\/\/dev.brusselsgamesfestival.be\/wpbgf\/wp-json\/wp\/v2\/media?parent=131"}],"curies":[{"name":"wp","href":"https:\/\/api.w.org\/{rel}","templated":true}]}}