{"id":127,"date":"2023-06-13T20:39:07","date_gmt":"2023-06-13T20:39:07","guid":{"rendered":"http:\/\/dev.brusselsgamesfestival.be\/wpbgf\/?page_id=127"},"modified":"2026-04-05T09:52:29","modified_gmt":"2026-04-05T09:52:29","slug":"bourse","status":"publish","type":"page","link":"https:\/\/dev.brusselsgamesfestival.be\/wpbgf\/fr\/participer\/bourse\/","title":{"rendered":"Participer \u00e0 la bourse aux jeux du BGF 2025"},"content":{"rendered":"\n<p><em>Vous \u00eates visiteur\u00b7rice du festival et vous ne souhaitez pas vendre des jeux, vous trouverez les infos d&#8217;acc\u00e8s \u00e0 la bourse <a href=\"http:\/\/dev.brusselsgamesfestival.be\/wpbgf\/fr\/programme\/bourse-aux-jeux\/\" title=\"ici\"><strong>ici<\/strong><\/a>.<\/em><\/p>\n\n\n\n<h2 class=\"wp-block-heading\">En pratique, comment \u00e7a se passe ?<\/h2>\n\n\n\n<p>Comme l&#8217;ann\u00e9e derni\u00e8re la Bourse aux jeux du Brussels Games Festival se pr\u00e9sentera sous la forme d&#8217;un d\u00e9p\u00f4t-vente.<\/p>\n\n\n\n<p>Pour vendre un ou des jeux \u00e0 la Bourse aux jeux du BGF, rien de plus simple, inscrivez-les en ligne :<\/p>\n\n\n\n<div class=\"wp-block-buttons is-content-justification-center is-layout-flex wp-container-core-buttons-is-layout-16018d1d wp-block-buttons-is-layout-flex\">\n<div class=\"wp-block-button is-style-fill\"><a class=\"wp-block-button__link wp-element-button\">Coming soon<\/a><\/div>\n<\/div>\n\n\n\n<h2 class=\"wp-block-heading\">Quand aura lieu la Bourse aux Jeux du BGF ?<\/h2>\n\n\n\n<p>La bourse se d\u00e9roulera durant les trois jours du festival, aussi vous devrez apporter vos jeux aux moments consacr\u00e9s au d\u00e9p\u00f4t.<\/p>\n\n\n\n<figure class=\"wp-block-table\"><table class=\"has-fixed-layout\"><thead><tr><th><\/th><th>D\u00e9p\u00f4t des jeux pour la vente<\/th><th>Ouverture au public<\/th><\/tr><\/thead><tbody><tr><td>Jeudi 28 ao\u00fbt 2025<\/td><td>15h-18h<\/td><td>Ferm\u00e9<\/td><\/tr><tr><td>Vendredi 29 ao\u00fbt 2025<\/td><td>10h-12h<\/td><td>14h-20h<\/td><\/tr><tr><td>Samedi 30 ao\u00fbt 2025<\/td><td>D\u00e8s 10h<\/td><td>12h-18h<\/td><\/tr><tr><td>Dimanche 31 ao\u00fbt 2025<\/td><td><\/td><td>10h-16h<\/td><\/tr><\/tbody><\/table><\/figure>\n\n\n\n<p>Vous aurez aussi la possibilit\u00e9 de venir les d\u00e9poser durant les horaires de la bourse, mais les d\u00e9lais d\u2019attente risquent d\u2019\u00eatre plus longs.<\/p>\n\n\n\n<h2 class=\"wp-block-heading\">Puis-je d\u00e9poser autant de jeux que je le souhaite ?<\/h2>\n\n\n\n<p>Oui. Cette ann\u00e9e il n&#8217;y a plus de limite, si vous utilisez l&#8217;<a href=\"https:\/\/brusselsgamesfestival.be\/market\/\" target=\"_blank\" rel=\"noopener\" title=\"\">inscription en ligne<\/a>.<\/p>\n\n\n\n<h2 class=\"wp-block-heading\">Puis-je vendre ce que je veux ?<\/h2>\n\n\n\n<p>Les jeux que vous d\u00e9posez au d\u00e9p\u00f4t-vente de la bourse aux jeux doivent \u00eatre complets et en bon \u00e9tat. Ceux-ci doivent \u00eatre consultables par les acheteurs.<\/p>\n\n\n\n<p>L\u2019\u00e9quipe du BGF d\u00e9cline toute responsabilit\u00e9 vis-\u00e0-vis de l\u2019\u00e9tat des jeux vendus. Sans pr\u00e9cision du vendeur, tout jeu d\u00e9pos\u00e9 est consid\u00e9r\u00e9 comme complet.<\/p>\n\n\n\n<p>Ne sont pas accept\u00e9s :<\/p>\n\n\n\n<ul class=\"wp-block-list\">\n<li>les jouets;<\/li>\n\n\n\n<li>les cartes \u00e0 collectionner; <strong>(gardez les pour faire des \u00e9changes dans la zone TCG ! )<\/strong><\/li>\n\n\n\n<li>les jeux sans contenant;<\/li>\n\n\n\n<li>les accessoires de jeu seuls;<\/li>\n\n\n\n<li>les livres sans rapport avec le jeu.<\/li>\n<\/ul>\n\n\n\n<p>Les organisateurs se r\u00e9servent le droit de refuser \u00e0 la vente les jeux ab\u00eem\u00e9s, incomplets ou ne correspondant pas \u00e0 l\u2019esprit d\u2019une brocante d\u00e9di\u00e9e aux jeux de soci\u00e9t\u00e9.<\/p>\n\n\n\n<p>L\u2019\u00e9quipe du BGF met tout en place pour assurer que la bourse aux jeux se passe dans les meilleures conditions. N\u00e9anmoins, nous d\u00e9clinons toute responsabilit\u00e9 en cas de disparition ou de d\u00e9t\u00e9rioration de pi\u00e8ces ou bo\u00eetes de jeux.<\/p>\n\n\n\n<h2 class=\"wp-block-heading\">Ce d\u00e9p\u00f4t est-il gratuit ?<\/h2>\n\n\n\n<p>Il n&#8217;y a pas de frais pour le d\u00e9p\u00f4t et le stockage de vos jeux durant les 3 jours du festival. Toutefois, l\u2019organisation prendra <strong>une commission de 12%<\/strong> sur les jeux vendus uniquement.<\/p>\n\n\n\n<h2 class=\"wp-block-heading\">Comment vais-je r\u00e9cup\u00e9rer l&#8217;argent des ventes \u00e0 l&#8217;issue du festival ?<\/h2>\n\n\n\n<p>L\u2019argent r\u00e9sultant de la vente des jeux, dont la commission du BGF aura \u00e9t\u00e9 d\u00e9duite, sera vers\u00e9 dans les 15 jours ouvrables sur le compte communiqu\u00e9 \u00e0 la fin du formulaire susmentionn\u00e9. Il n&#8217;y aura donc aucun paiement en cash.<\/p>\n\n\n<div class=\"wp-block-image\">\n<figure class=\"aligncenter size-large\"><img loading=\"lazy\" decoding=\"async\" width=\"1024\" height=\"683\" src=\"http:\/\/dev.brusselsgamesfestival.be\/wpbgf\/wp-content\/uploads\/2026\/04\/BGF-2025-DSC09317-1024x683.jpg\" alt=\"\" class=\"wp-image-6379\" srcset=\"https:\/\/dev.brusselsgamesfestival.be\/wpbgf\/wp-content\/uploads\/2026\/04\/BGF-2025-DSC09317-1024x683.jpg 1024w, https:\/\/dev.brusselsgamesfestival.be\/wpbgf\/wp-content\/uploads\/2026\/04\/BGF-2025-DSC09317-300x200.jpg 300w, https:\/\/dev.brusselsgamesfestival.be\/wpbgf\/wp-content\/uploads\/2026\/04\/BGF-2025-DSC09317-768x512.jpg 768w, https:\/\/dev.brusselsgamesfestival.be\/wpbgf\/wp-content\/uploads\/2026\/04\/BGF-2025-DSC09317-535x357.jpg 535w, https:\/\/dev.brusselsgamesfestival.be\/wpbgf\/wp-content\/uploads\/2026\/04\/BGF-2025-DSC09317-1536x1025.jpg 1536w, https:\/\/dev.brusselsgamesfestival.be\/wpbgf\/wp-content\/uploads\/2026\/04\/BGF-2025-DSC09317.jpg 1920w\" sizes=\"auto, (max-width: 1024px) 100vw, 1024px\" \/><\/figure>\n<\/div>","protected":false},"excerpt":{"rendered":"<p>Vous \u00eates visiteur\u00b7rice du festival et vous ne souhaitez pas vendre des jeux, vous trouverez les infos d&#8217;acc\u00e8s \u00e0 la bourse ici. En pratique, comment \u00e7a se passe ? Comme l&#8217;ann\u00e9e derni\u00e8re la Bourse aux jeux du Brussels Games Festival se pr\u00e9sentera sous la forme d&#8217;un d\u00e9p\u00f4t-vente. Pour vendre un ou des jeux \u00e0 la &hellip; <\/p>\n","protected":false},"author":2,"featured_media":540,"parent":79,"menu_order":0,"comment_status":"closed","ping_status":"closed","template":"","meta":{"_acf_changed":false,"_monsterinsights_skip_tracking":false,"_monsterinsights_sitenote_active":false,"_monsterinsights_sitenote_note":"","_monsterinsights_sitenote_category":0,"footnotes":""},"class_list":["post-127","page","type-page","status-publish","has-post-thumbnail","hentry","latest_post"],"acf":[],"aioseo_notices":[],"_links":{"self":[{"href":"https:\/\/dev.brusselsgamesfestival.be\/wpbgf\/wp-json\/wp\/v2\/pages\/127","targetHints":{"allow":["GET"]}}],"collection":[{"href":"https:\/\/dev.brusselsgamesfestival.be\/wpbgf\/wp-json\/wp\/v2\/pages"}],"about":[{"href":"https:\/\/dev.brusselsgamesfestival.be\/wpbgf\/wp-json\/wp\/v2\/types\/page"}],"author":[{"embeddable":true,"href":"https:\/\/dev.brusselsgamesfestival.be\/wpbgf\/wp-json\/wp\/v2\/users\/2"}],"replies":[{"embeddable":true,"href":"https:\/\/dev.brusselsgamesfestival.be\/wpbgf\/wp-json\/wp\/v2\/comments?post=127"}],"version-history":[{"count":64,"href":"https:\/\/dev.brusselsgamesfestival.be\/wpbgf\/wp-json\/wp\/v2\/pages\/127\/revisions"}],"predecessor-version":[{"id":6381,"href":"https:\/\/dev.brusselsgamesfestival.be\/wpbgf\/wp-json\/wp\/v2\/pages\/127\/revisions\/6381"}],"up":[{"embeddable":true,"href":"https:\/\/dev.brusselsgamesfestival.be\/wpbgf\/wp-json\/wp\/v2\/pages\/79"}],"wp:featuredmedia":[{"embeddable":true,"href":"https:\/\/dev.brusselsgamesfestival.be\/wpbgf\/wp-json\/wp\/v2\/media\/540"}],"wp:attachment":[{"href":"https:\/\/dev.brusselsgamesfestival.be\/wpbgf\/wp-json\/wp\/v2\/media?parent=127"}],"curies":[{"name":"wp","href":"https:\/\/api.w.org\/{rel}","templated":true}]}}