{"id":4288,"date":"2025-06-02T13:39:17","date_gmt":"2025-06-02T13:39:17","guid":{"rendered":"http:\/\/dev.brusselsgamesfestival.be\/wpbgf\/?page_id=4288"},"modified":"2025-06-10T10:17:14","modified_gmt":"2025-06-10T10:17:14","slug":"frederic-navez","status":"publish","type":"page","link":"http:\/\/dev.brusselsgamesfestival.be\/wpbgf\/fr\/medias\/les-affiches-et-leur-artiste\/frederic-navez\/","title":{"rendered":"Fr\u00e9d\u00e9ric Navez"},"content":{"rendered":"\n<h2 class=\"wp-block-heading\">Illustrateur des affiches du BGF 2018 \u00e0 2021<\/h2>\n\n\n\n<div class=\"wp-block-columns is-layout-flex wp-container-core-columns-is-layout-9d6595d7 wp-block-columns-is-layout-flex\">\n<div class=\"wp-block-column is-layout-flow wp-block-column-is-layout-flow\" style=\"flex-basis:33.33%\">\n<figure class=\"wp-block-image size-large\"><img decoding=\"async\" src=\"http:\/\/dev.brusselsgamesfestival.be\/wpbgf\/wp-content\/uploads\/2025\/06\/Fred-923x1024.png\" alt=\"\" class=\"wp-image-4291\"\/><\/figure>\n<\/div>\n\n\n\n<div class=\"wp-block-column is-layout-flow wp-block-column-is-layout-flow\" style=\"flex-basis:66.66%\">\n<p>Dipl\u00f4m\u00e9 en illustration de Saint-Luc Bruxelles, <strong>Fred Navez<\/strong> a m\u00eal\u00e9 d\u00e8s le d\u00e9but de sa carri\u00e8re le dessin, le graphisme et l\u2019univers publicitaire. Passionn\u00e9 par le jeu de soci\u00e9t\u00e9, il a collabor\u00e9 \u00e0 plusieurs titres comme <em>When I Dream<\/em> ou <em>Marchands du Nord<\/em>, et s\u2019est d\u00e9marqu\u00e9 par une approche \u00ab\u202fcam\u00e9l\u00e9on\u202f\u00bb, capable de s\u2019adapter \u00e0 des styles vari\u00e9s. Son travail pour le BGF s\u2019\u00e9tend sur trois \u00e9ditions cons\u00e9cutives, avec des affiches foisonnantes, connect\u00e9es et toujours ludiques.<\/p>\n\n\n\n<h3 class=\"wp-block-heading\">Comment as-tu abord\u00e9 la cr\u00e9ation de cette affiche ?<br>Y avait-il une id\u00e9e, une ambiance ou un message que tu voulais transmettre ?<\/h3>\n\n\n\n<p>Pour les trois affiches que j\u2019ai r\u00e9alis\u00e9es, j\u2019ai eu le plaisir de collaborer avec Tanju Goban, alors responsable du BGF. C\u2019\u00e9tait une super exp\u00e9rience, on a vraiment fait \u00e9voluer les concepts ensemble.<\/p>\n\n\n\n<p>En <strong>2020<\/strong>, m\u00eame base, mais en \u00e9largissant les connexions \u00e0 <strong>d\u2019autres supports<\/strong> comme la BD, le cin\u00e9ma ou les jeux sur mobile. Et bien s\u00fbr, ann\u00e9e particuli\u00e8re oblige, on a r\u00e9alis\u00e9 une <strong>variante de l\u2019affiche avec des personnages masqu\u00e9s<\/strong>.<\/p>\n\n\n\n<p>En <strong>2018<\/strong>, l\u2019id\u00e9e \u00e9tait de mettre en avant le <strong>Parc du Cinquantenaire<\/strong> et de symboliser les <strong>liens entre les diff\u00e9rents univers de jeu<\/strong> pr\u00e9sents au festival.<\/p>\n\n\n\n<p>En <strong>2019<\/strong>, on est rest\u00e9 dans cette approche, mais en ajoutant une dimension <strong>\u00e9co-responsable<\/strong>, d\u2019o\u00f9 le <strong>foisonnement de verdure<\/strong>.<\/p>\n<\/div>\n<\/div>\n\n\n\n<div class=\"wp-block-columns is-layout-flex wp-container-core-columns-is-layout-9d6595d7 wp-block-columns-is-layout-flex\">\n<div class=\"wp-block-column is-layout-flow wp-block-column-is-layout-flow\">\n<h3 class=\"wp-block-heading\">Qu\u2019est-ce que ces affiches repr\u00e9sentent pour toi ?<\/h3>\n\n\n\n<p>Ces trois affiches sont tr\u00e8s importantes pour moi. Elles traduisent bien ma vision du <strong>jeu<\/strong> et de l\u2019<strong>illustration<\/strong> : un <strong>foisonnement cr\u00e9atif<\/strong>, riche en id\u00e9es et en styles.<\/p>\n\n\n\n<p>Elles marquent aussi une p\u00e9riode tr\u00e8s cr\u00e9ative de ma carri\u00e8re\u2026 qui a malheureusement \u00e9t\u00e9 interrompue, d\u2019abord par le <strong>Covid<\/strong>, puis par l\u2019\u00e9mergence de <strong>l\u2019IA<\/strong>.<\/p>\n\n\n\n<h3 class=\"wp-block-heading\">S\u2019il fallait d\u00e9crire tes affiches en trois mots, lesquels choisirais-tu \u2013 et pourquoi ?<\/h3>\n\n\n\n<p>Je pense que trois mots peuvent r\u00e9sumer les trois affiches :<br><strong>Foisonnement, diversit\u00e9, amusement.<\/strong><\/p>\n<\/div>\n\n\n\n<div class=\"wp-block-column is-layout-flow wp-block-column-is-layout-flow\">\n<figure class=\"wp-block-image size-full\"><a href=\"http:\/\/dev.brusselsgamesfestival.be\/wpbgf\/wp-content\/uploads\/2024\/09\/BGF-affiche-2018.pdf\" target=\"_blank\" rel=\" noreferrer noopener\"><img loading=\"lazy\" decoding=\"async\" width=\"707\" height=\"1000\" src=\"http:\/\/dev.brusselsgamesfestival.be\/wpbgf\/wp-content\/uploads\/2024\/09\/BGF-affiche-2018.jpg\" alt=\"\" class=\"wp-image-4031\" srcset=\"http:\/\/dev.brusselsgamesfestival.be\/wpbgf\/wp-content\/uploads\/2024\/09\/BGF-affiche-2018.jpg 707w, http:\/\/dev.brusselsgamesfestival.be\/wpbgf\/wp-content\/uploads\/2024\/09\/BGF-affiche-2018-212x300.jpg 212w, http:\/\/dev.brusselsgamesfestival.be\/wpbgf\/wp-content\/uploads\/2024\/09\/BGF-affiche-2018-535x757.jpg 535w\" sizes=\"auto, (max-width: 707px) 100vw, 707px\" \/><\/a><figcaption class=\"wp-element-caption\">Cliquez sur l&#8217;image pour avoir sa version PDF<\/figcaption><\/figure>\n<\/div>\n<\/div>\n\n\n\n<div class=\"wp-block-columns is-layout-flex wp-container-core-columns-is-layout-9d6595d7 wp-block-columns-is-layout-flex\">\n<div class=\"wp-block-column is-layout-flow wp-block-column-is-layout-flow\">\n<figure class=\"wp-block-image size-full\"><a href=\"http:\/\/dev.brusselsgamesfestival.be\/wpbgf\/wp-content\/uploads\/2024\/09\/BGF-affiche-2019.pdf\" target=\"_blank\" rel=\" noreferrer noopener\"><img loading=\"lazy\" decoding=\"async\" width=\"707\" height=\"1000\" src=\"http:\/\/dev.brusselsgamesfestival.be\/wpbgf\/wp-content\/uploads\/2024\/09\/BGF-affiche-2019.jpg\" alt=\"\" class=\"wp-image-4041\" srcset=\"http:\/\/dev.brusselsgamesfestival.be\/wpbgf\/wp-content\/uploads\/2024\/09\/BGF-affiche-2019.jpg 707w, http:\/\/dev.brusselsgamesfestival.be\/wpbgf\/wp-content\/uploads\/2024\/09\/BGF-affiche-2019-212x300.jpg 212w, http:\/\/dev.brusselsgamesfestival.be\/wpbgf\/wp-content\/uploads\/2024\/09\/BGF-affiche-2019-535x757.jpg 535w\" sizes=\"auto, (max-width: 707px) 100vw, 707px\" \/><\/a><figcaption class=\"wp-element-caption\">Cliquez sur l&#8217;image pour avoir sa version PDF<\/figcaption><\/figure>\n<\/div>\n\n\n\n<div class=\"wp-block-column is-layout-flow wp-block-column-is-layout-flow\">\n<h3 class=\"wp-block-heading\">Quel souvenir gardes-tu de ce travail d\u2019illustration pour le BGF ?<\/h3>\n\n\n\n<p>Un <strong>excellent souvenir<\/strong>. En plus de l\u2019illustration, j\u2019ai r\u00e9alis\u00e9 <strong>tout le graphisme<\/strong> des \u00e9v\u00e9nements : plans, programmes, banni\u00e8res, T-shirts, d\u00e9pliants, flyers, sous-bocks\u2026<\/p>\n\n\n\n<p>C\u2019\u00e9tait parfois <strong>intense<\/strong>, mais toujours dans <strong>la bonne humeur<\/strong>, avec un vrai <strong>esprit d\u2019\u00e9quipe<\/strong>. Travailler autour d\u2019une <strong>passion commune<\/strong> comme le jeu, c\u2019est extr\u00eamement enrichissant.<\/p>\n<\/div>\n<\/div>\n\n\n\n<h3 class=\"wp-block-heading\">Y a-t-il un d\u00e9tail ou un clin d\u2019\u0153il dans ton affiche que peu de gens remarquent ?<\/h3>\n\n\n\n<p>Oui\u202f! J\u2019aime beaucoup l\u2019univers de <strong>Lovecraft<\/strong>, et en particulier <strong>Cthulhu<\/strong>\u2026 Il est pr\u00e9sent dans <strong>chaque affiche<\/strong>, sous des formes vari\u00e9es.<\/p>\n\n\n\n<p>Quelques exemples :<\/p>\n\n\n\n<p>Dans l\u2019affiche <strong>2020<\/strong>, peu de gens ont remarqu\u00e9 que le <strong>Professeur Nosides<\/strong> est en train <strong>d\u2019admirer un Space Marine<\/strong> qu\u2019il vient de peindre !<\/p>\n\n\n\n<p>Dans l\u2019affiche <strong>2018<\/strong>, la voiture bleue de <em>Formule D\u00e9<\/em> a un <strong>poulpe<\/strong> dessin\u00e9 dessus (encore Cthulhu !), un <strong>44<\/strong> (private joke entre amis), et m\u00eame un <strong>petit sapin parfum\u00e9<\/strong> dans l\u2019habitacle. La voiture verte, elle, porte un nom d\u2019\u00e9curie\u2026 assez particulier \ud83d\ude09<\/p>\n\n\n\n<div class=\"wp-block-columns is-layout-flex wp-container-core-columns-is-layout-9d6595d7 wp-block-columns-is-layout-flex\">\n<div class=\"wp-block-column is-layout-flow wp-block-column-is-layout-flow\" style=\"flex-basis:66.66%\">\n<figure class=\"wp-block-image size-full\"><a href=\"http:\/\/dev.brusselsgamesfestival.be\/wpbgf\/wp-content\/uploads\/2024\/09\/BGF-affiche-2020.pdf\" target=\"_blank\" rel=\" noreferrer noopener\"><img loading=\"lazy\" decoding=\"async\" width=\"707\" height=\"1000\" src=\"http:\/\/dev.brusselsgamesfestival.be\/wpbgf\/wp-content\/uploads\/2024\/09\/BGF-affiche-2020.jpg\" alt=\"\" class=\"wp-image-4040\" srcset=\"http:\/\/dev.brusselsgamesfestival.be\/wpbgf\/wp-content\/uploads\/2024\/09\/BGF-affiche-2020.jpg 707w, http:\/\/dev.brusselsgamesfestival.be\/wpbgf\/wp-content\/uploads\/2024\/09\/BGF-affiche-2020-212x300.jpg 212w, http:\/\/dev.brusselsgamesfestival.be\/wpbgf\/wp-content\/uploads\/2024\/09\/BGF-affiche-2020-535x757.jpg 535w\" sizes=\"auto, (max-width: 707px) 100vw, 707px\" \/><\/a><figcaption class=\"wp-element-caption\">Cliquez sur l&#8217;image pour avoir sa version PDF<\/figcaption><\/figure>\n<\/div>\n\n\n\n<div class=\"wp-block-column is-layout-flow wp-block-column-is-layout-flow\" style=\"flex-basis:33.33%\">\n<figure class=\"wp-block-image size-large\"><img loading=\"lazy\" decoding=\"async\" width=\"1024\" height=\"846\" src=\"http:\/\/dev.brusselsgamesfestival.be\/wpbgf\/wp-content\/uploads\/2025\/06\/Space-Marine-1024x846.png\" alt=\"\" class=\"wp-image-4299\"\/><\/figure>\n\n\n\n<figure class=\"wp-block-image size-large\"><img loading=\"lazy\" decoding=\"async\" width=\"1024\" height=\"779\" src=\"http:\/\/dev.brusselsgamesfestival.be\/wpbgf\/wp-content\/uploads\/2025\/06\/Voiture-vrooom-1024x779.png\" alt=\"\" class=\"wp-image-4301\"\/><\/figure>\n\n\n\n<figure class=\"wp-block-image size-large\"><img loading=\"lazy\" decoding=\"async\" width=\"1024\" height=\"933\" src=\"http:\/\/dev.brusselsgamesfestival.be\/wpbgf\/wp-content\/uploads\/2025\/06\/Voiture-sapin-1024x933.png\" alt=\"\" class=\"wp-image-4300\"\/><\/figure>\n<\/div>\n<\/div>\n\n\n\n<h3 class=\"wp-block-heading has-text-align-left\"><strong>Info &amp; Contact<\/strong><\/h3>\n\n\n\n<p>\ud83d\udce7 <a>navez.fred@gmail.com<\/a><br>\ud83d\uddbc\ufe0f <a class=\"\" href=\"https:\/\/we.tl\/LINx1XVjbR\">Portfolio (WeTransfer)<\/a><\/p>\n\n\n\n<h2 class=\"wp-block-heading\">Autres \u00e9ditions<\/h2>\n\n\n\n<div class=\"wp-block-columns is-layout-flex wp-container-core-columns-is-layout-9d6595d7 wp-block-columns-is-layout-flex\">\n<div class=\"wp-block-column is-layout-flow wp-block-column-is-layout-flow\">\n<figure class=\"wp-block-image size-full\"><a href=\"http:\/\/dev.brusselsgamesfestival.be\/wpbgf\/fr\/medias\/les-affiches-et-leur-artiste\/\"><img loading=\"lazy\" decoding=\"async\" width=\"400\" height=\"500\" src=\"http:\/\/dev.brusselsgamesfestival.be\/wpbgf\/wp-content\/uploads\/2025\/05\/484653087_548022831661658_562092584661456769_n-e1748587878763.jpg\" alt=\"\" class=\"wp-image-4179\" srcset=\"http:\/\/dev.brusselsgamesfestival.be\/wpbgf\/wp-content\/uploads\/2025\/05\/484653087_548022831661658_562092584661456769_n-e1748587878763.jpg 400w, http:\/\/dev.brusselsgamesfestival.be\/wpbgf\/wp-content\/uploads\/2025\/05\/484653087_548022831661658_562092584661456769_n-e1748587878763-240x300.jpg 240w\" sizes=\"auto, (max-width: 400px) 100vw, 400px\" \/><\/a><\/figure>\n\n\n\n<p class=\"has-text-align-center\"><a href=\"http:\/\/dev.brusselsgamesfestival.be\/wpbgf\/fr\/medias\/les-affiches-et-leur-artiste\/\" title=\"\">Adrien Journel (2025)<\/a><\/p>\n<\/div>\n\n\n\n<div class=\"wp-block-column is-layout-flow wp-block-column-is-layout-flow\">\n<figure class=\"wp-block-image size-full\"><a href=\"https:\/\/dev.brusselsgamesfestival.be\/wpbgf\/fr\/medias\/les-affiches-et-leur-artiste\/ammo-dastarac\/\"><img loading=\"lazy\" decoding=\"async\" width=\"400\" height=\"500\" src=\"http:\/\/dev.brusselsgamesfestival.be\/wpbgf\/wp-content\/uploads\/2025\/08\/Ammo-Dastarac.jpg\" alt=\"\" class=\"wp-image-6041\" srcset=\"http:\/\/dev.brusselsgamesfestival.be\/wpbgf\/wp-content\/uploads\/2025\/08\/Ammo-Dastarac.jpg 400w, http:\/\/dev.brusselsgamesfestival.be\/wpbgf\/wp-content\/uploads\/2025\/08\/Ammo-Dastarac-240x300.jpg 240w\" sizes=\"auto, (max-width: 400px) 100vw, 400px\" \/><\/a><\/figure>\n\n\n\n<p class=\"has-text-align-center\"><a href=\"https:\/\/dev.brusselsgamesfestival.be\/wpbgf\/fr\/medias\/les-affiches-et-leur-artiste\/ammo-dastarac\/\" title=\"Ammo Dastarac\">Ammo Dastarac (2024)<\/a><\/p>\n<\/div>\n\n\n\n<div class=\"wp-block-column is-layout-flow wp-block-column-is-layout-flow\">\n<figure class=\"wp-block-image size-full\"><a href=\"https:\/\/dev.brusselsgamesfestival.be\/wpbgf\/fr\/medias\/sergio-menendez\/\"><img loading=\"lazy\" decoding=\"async\" width=\"400\" height=\"500\" src=\"http:\/\/dev.brusselsgamesfestival.be\/wpbgf\/wp-content\/uploads\/2025\/05\/SergioMenendez-1-1-e1748586831191.jpg\" alt=\"\" class=\"wp-image-4201\" srcset=\"http:\/\/dev.brusselsgamesfestival.be\/wpbgf\/wp-content\/uploads\/2025\/05\/SergioMenendez-1-1-e1748586831191.jpg 400w, http:\/\/dev.brusselsgamesfestival.be\/wpbgf\/wp-content\/uploads\/2025\/05\/SergioMenendez-1-1-e1748586831191-240x300.jpg 240w\" sizes=\"auto, (max-width: 400px) 100vw, 400px\" \/><\/a><\/figure>\n\n\n\n<p class=\"has-text-align-center\"><a href=\"https:\/\/dev.brusselsgamesfestival.be\/wpbgf\/fr\/medias\/sergio-menendez\/\" title=\"\">Sergio Men\u00e9ndez 2023<\/a><\/p>\n<\/div>\n\n\n\n<div class=\"wp-block-column is-layout-flow wp-block-column-is-layout-flow\">\n<figure class=\"wp-block-image size-full\"><a href=\"http:\/\/dev.brusselsgamesfestival.be\/wpbgf\/fr\/medias\/les-affiches-et-leur-artiste\/frederic-navez\/\"><img loading=\"lazy\" decoding=\"async\" width=\"400\" height=\"500\" src=\"http:\/\/dev.brusselsgamesfestival.be\/wpbgf\/wp-content\/uploads\/2025\/06\/Fred-e1748894569185.png\" alt=\"\" class=\"wp-image-4291\" srcset=\"http:\/\/dev.brusselsgamesfestival.be\/wpbgf\/wp-content\/uploads\/2025\/06\/Fred-e1748894569185.png 400w, http:\/\/dev.brusselsgamesfestival.be\/wpbgf\/wp-content\/uploads\/2025\/06\/Fred-e1748894569185-240x300.png 240w\" sizes=\"auto, (max-width: 400px) 100vw, 400px\" \/><\/a><\/figure>\n\n\n\n<p class=\"has-text-align-center\"><a href=\"http:\/\/dev.brusselsgamesfestival.be\/wpbgf\/fr\/medias\/les-affiches-et-leur-artiste\/frederic-navez\/\" title=\"Fr\u00e9d\u00e9ric Navez\">Fred Navez (2018 \u00e0 2021)<\/a><\/p>\n<\/div>\n<\/div>\n\n\n\n<div class=\"wp-block-columns is-layout-flex wp-container-core-columns-is-layout-9d6595d7 wp-block-columns-is-layout-flex\">\n<div class=\"wp-block-column is-layout-flow wp-block-column-is-layout-flow\">\n<figure class=\"wp-block-image size-full\"><a href=\"http:\/\/dev.brusselsgamesfestival.be\/wpbgf\/fr\/medias\/les-affiches-et-leur-artiste\/florence-bolsee\/\"><img loading=\"lazy\" decoding=\"async\" width=\"400\" height=\"500\" src=\"http:\/\/dev.brusselsgamesfestival.be\/wpbgf\/wp-content\/uploads\/2025\/05\/IMG_20230227_0920222-1-scaled-e1748586870782.jpg\" alt=\"\" class=\"wp-image-4209\" srcset=\"http:\/\/dev.brusselsgamesfestival.be\/wpbgf\/wp-content\/uploads\/2025\/05\/IMG_20230227_0920222-1-scaled-e1748586870782.jpg 400w, http:\/\/dev.brusselsgamesfestival.be\/wpbgf\/wp-content\/uploads\/2025\/05\/IMG_20230227_0920222-1-scaled-e1748586870782-240x300.jpg 240w\" sizes=\"auto, (max-width: 400px) 100vw, 400px\" \/><\/a><\/figure>\n\n\n\n<p class=\"has-text-align-center\"><a href=\"http:\/\/dev.brusselsgamesfestival.be\/wpbgf\/fr\/medias\/les-affiches-et-leur-artiste\/florence-bolsee\/\" title=\"\">Florence Bols\u00e9e (2016 \u00e0 2017)<\/a><\/p>\n<\/div>\n\n\n\n<div class=\"wp-block-column is-layout-flow wp-block-column-is-layout-flow\">\n<figure class=\"wp-block-image size-full\"><img loading=\"lazy\" decoding=\"async\" width=\"400\" height=\"500\" src=\"http:\/\/dev.brusselsgamesfestival.be\/wpbgf\/wp-content\/uploads\/2025\/04\/dummy-portrait-e1748586778996.jpg\" alt=\"\" class=\"wp-image-4127\" srcset=\"http:\/\/dev.brusselsgamesfestival.be\/wpbgf\/wp-content\/uploads\/2025\/04\/dummy-portrait-e1748586778996.jpg 400w, http:\/\/dev.brusselsgamesfestival.be\/wpbgf\/wp-content\/uploads\/2025\/04\/dummy-portrait-e1748586778996-240x300.jpg 240w\" sizes=\"auto, (max-width: 400px) 100vw, 400px\" \/><\/figure>\n\n\n\n<p class=\"has-text-align-center\">Rapha\u00ebl Batista (2015)<\/p>\n<\/div>\n\n\n\n<div class=\"wp-block-column is-layout-flow wp-block-column-is-layout-flow\">\n<figure class=\"wp-block-image size-full\"><a href=\"https:\/\/dev.brusselsgamesfestival.be\/wpbgf\/fr\/medias\/les-affiches-et-leur-artiste\/dimitri-piot\/\"><img loading=\"lazy\" decoding=\"async\" width=\"400\" height=\"500\" src=\"http:\/\/dev.brusselsgamesfestival.be\/wpbgf\/wp-content\/uploads\/2025\/06\/Dimitri-Piot-e1748893852725.png\" alt=\"\" class=\"wp-image-4308\" srcset=\"http:\/\/dev.brusselsgamesfestival.be\/wpbgf\/wp-content\/uploads\/2025\/06\/Dimitri-Piot-e1748893852725.png 400w, http:\/\/dev.brusselsgamesfestival.be\/wpbgf\/wp-content\/uploads\/2025\/06\/Dimitri-Piot-e1748893852725-240x300.png 240w\" sizes=\"auto, (max-width: 400px) 100vw, 400px\" \/><\/a><\/figure>\n\n\n\n<p class=\"has-text-align-center\"><a href=\"https:\/\/dev.brusselsgamesfestival.be\/wpbgf\/fr\/medias\/les-affiches-et-leur-artiste\/dimitri-piot\/\" title=\"Dimitri Piot\">Dimitri Piot (2014)<\/a><\/p>\n<\/div>\n\n\n\n<div class=\"wp-block-column is-layout-flow wp-block-column-is-layout-flow\">\n<figure class=\"wp-block-image size-full\"><a href=\"https:\/\/dev.brusselsgamesfestival.be\/wpbgf\/fr\/medias\/les-affiches-et-leur-artiste\/patrick-beukeleirs\/\"><img loading=\"lazy\" decoding=\"async\" width=\"400\" height=\"500\" src=\"http:\/\/dev.brusselsgamesfestival.be\/wpbgf\/wp-content\/uploads\/2025\/08\/Patrick-Beukeleirs.jpg\" alt=\"\" class=\"wp-image-5112\" srcset=\"http:\/\/dev.brusselsgamesfestival.be\/wpbgf\/wp-content\/uploads\/2025\/08\/Patrick-Beukeleirs.jpg 400w, http:\/\/dev.brusselsgamesfestival.be\/wpbgf\/wp-content\/uploads\/2025\/08\/Patrick-Beukeleirs-240x300.jpg 240w\" sizes=\"auto, (max-width: 400px) 100vw, 400px\" \/><\/a><\/figure>\n\n\n\n<p class=\"has-text-align-center\"><a title=\"Patrick Beukeleirs\" href=\"https:\/\/dev.brusselsgamesfestival.be\/wpbgf\/fr\/medias\/les-affiches-et-leur-artiste\/patrick-beukeleirs\/\">Patrick Beukeleirs (2013)<\/a><\/p>\n<\/div>\n<\/div>\n\n\n","protected":false},"excerpt":{"rendered":"<p>Illustrateur des affiches du BGF 2018 \u00e0 2021 Dipl\u00f4m\u00e9 en illustration de Saint-Luc Bruxelles, Fred Navez a m\u00eal\u00e9 d\u00e8s le d\u00e9but de sa carri\u00e8re le dessin, le graphisme et l\u2019univers publicitaire. Passionn\u00e9 par le jeu de soci\u00e9t\u00e9, il a collabor\u00e9 \u00e0 plusieurs titres comme When I Dream ou Marchands du Nord, et s\u2019est d\u00e9marqu\u00e9 par &hellip; <\/p>\n","protected":false},"author":2,"featured_media":0,"parent":4120,"menu_order":0,"comment_status":"closed","ping_status":"closed","template":"","meta":{"_acf_changed":false,"_monsterinsights_skip_tracking":false,"_monsterinsights_sitenote_active":false,"_monsterinsights_sitenote_note":"","_monsterinsights_sitenote_category":0,"footnotes":""},"class_list":["post-4288","page","type-page","status-publish","hentry","latest_post"],"acf":[],"aioseo_notices":[],"_links":{"self":[{"href":"http:\/\/dev.brusselsgamesfestival.be\/wpbgf\/wp-json\/wp\/v2\/pages\/4288","targetHints":{"allow":["GET"]}}],"collection":[{"href":"http:\/\/dev.brusselsgamesfestival.be\/wpbgf\/wp-json\/wp\/v2\/pages"}],"about":[{"href":"http:\/\/dev.brusselsgamesfestival.be\/wpbgf\/wp-json\/wp\/v2\/types\/page"}],"author":[{"embeddable":true,"href":"http:\/\/dev.brusselsgamesfestival.be\/wpbgf\/wp-json\/wp\/v2\/users\/2"}],"replies":[{"embeddable":true,"href":"http:\/\/dev.brusselsgamesfestival.be\/wpbgf\/wp-json\/wp\/v2\/comments?post=4288"}],"version-history":[{"count":12,"href":"http:\/\/dev.brusselsgamesfestival.be\/wpbgf\/wp-json\/wp\/v2\/pages\/4288\/revisions"}],"predecessor-version":[{"id":4507,"href":"http:\/\/dev.brusselsgamesfestival.be\/wpbgf\/wp-json\/wp\/v2\/pages\/4288\/revisions\/4507"}],"up":[{"embeddable":true,"href":"http:\/\/dev.brusselsgamesfestival.be\/wpbgf\/wp-json\/wp\/v2\/pages\/4120"}],"wp:attachment":[{"href":"http:\/\/dev.brusselsgamesfestival.be\/wpbgf\/wp-json\/wp\/v2\/media?parent=4288"}],"curies":[{"name":"wp","href":"https:\/\/api.w.org\/{rel}","templated":true}]}}