{"id":4207,"date":"2025-05-28T13:16:55","date_gmt":"2025-05-28T13:16:55","guid":{"rendered":"https:\/\/dev.brusselsgamesfestival.be\/wpbgf\/?page_id=4207"},"modified":"2025-06-10T10:18:12","modified_gmt":"2025-06-10T10:18:12","slug":"florence-bolsee","status":"publish","type":"page","link":"http:\/\/dev.brusselsgamesfestival.be\/wpbgf\/fr\/medias\/les-affiches-et-leur-artiste\/florence-bolsee\/","title":{"rendered":"Florence Bols\u00e9e"},"content":{"rendered":"\n<h2 class=\"wp-block-heading\">Illustratrice des affiches du BGF 2016 &amp; 2017<\/h2>\n\n\n\n<div class=\"wp-block-columns is-layout-flex wp-container-core-columns-is-layout-9d6595d7 wp-block-columns-is-layout-flex\">\n<div class=\"wp-block-column is-layout-flow wp-block-column-is-layout-flow\" style=\"flex-basis:33.33%\">\n<figure class=\"wp-block-image size-large\"><img loading=\"lazy\" decoding=\"async\" width=\"832\" height=\"1024\" src=\"http:\/\/dev.brusselsgamesfestival.be\/wpbgf\/wp-content\/uploads\/2025\/05\/IMG_20230227_0920222-1-832x1024.jpg\" alt=\"\" class=\"wp-image-4209\"\/><\/figure>\n<\/div>\n\n\n\n<div class=\"wp-block-column is-layout-flow wp-block-column-is-layout-flow\" style=\"flex-basis:66.66%\">\n<p>Form\u00e9e \u00e0 Saint-Luc Bruxelles en bande dessin\u00e9e puis \u00e0 la Cambre en cin\u00e9ma d\u2019animation, <strong>Florence Bols\u00e9e<\/strong> a longtemps travaill\u00e9 comme illustratrice et r\u00e9alisatrice de dessins anim\u00e9s. Aujourd\u2019hui d\u00e9veloppeuse web, elle continue de dessiner par passion, principalement \u00e0 l\u2019aquarelle. Elle affectionne les univers naturels, folkloriques ou fantastiques, qu\u2019elle explore \u00e0 travers des d\u00e9fis collectifs comme Inktober. Pour le BGF, elle a sign\u00e9 deux affiches o\u00f9 rigueur, po\u00e9sie et imagination se rencontrent.<\/p>\n\n\n\n<h3 class=\"wp-block-heading\">Comment as-tu abord\u00e9 la cr\u00e9ation de cette affiche ?<br>Y avait-il une id\u00e9e, une ambiance ou un message que tu voulais transmettre ?<\/h3>\n\n\n\n<p>Je voulais avant tout m\u2019inscrire dans la continuit\u00e9 des affiches pr\u00e9c\u00e9dentes, en conservant les \u00e9l\u00e9ments cl\u00e9s et les couleurs.<\/p>\n\n\n\n<p>Pour ma <strong>premi\u00e8re affiche<\/strong>, j\u2019avais envie d\u2019explorer une <strong>perspective isom\u00e9trique<\/strong>, un style souvent associ\u00e9 aux jeux vid\u00e9o. Je trouvais que c\u2019\u00e9tait une bonne mani\u00e8re de repr\u00e9senter un univers ludique.<\/p>\n\n\n\n<p>Pour la <strong>seconde<\/strong>, j\u2019avais simplement envie de dessiner une <strong>\u00eele volante<\/strong> et de revenir \u00e0 un style plus <strong>chaleureux et textur\u00e9<\/strong>. Je voulais \u00e9voquer des <strong>mondes imaginaires<\/strong>.<\/p>\n\n\n\n<p>Dans les deux cas, je pensais aussi aux jeux de soci\u00e9t\u00e9 qui permettent de <strong>construire un petit monde sur une table<\/strong>, avec leurs tuiles, pi\u00e8ces et plateaux.<\/p>\n<\/div>\n<\/div>\n\n\n\n<div class=\"wp-block-columns is-layout-flex wp-container-core-columns-is-layout-9d6595d7 wp-block-columns-is-layout-flex\">\n<div class=\"wp-block-column is-layout-flow wp-block-column-is-layout-flow\">\n<h3 class=\"wp-block-heading\">Qu\u2019est-ce que ces affiches repr\u00e9sentent pour toi ?<\/h3>\n\n\n\n<p>Un vrai sentiment de <strong>fiert\u00e9<\/strong>. Voir mes affiches dans tout Bruxelles a \u00e9t\u00e9 tr\u00e8s marquant.<br>Je n\u2019ai pas eu beaucoup d\u2019occasions de voir mes dessins diffus\u00e9s aussi concr\u00e8tement, et j\u2019\u00e9tais tr\u00e8s heureuse de contribuer \u00e0 la vie culturelle de ma ville.<\/p>\n\n\n\n<h3 class=\"wp-block-heading\">S\u2019il fallait d\u00e9crire tes affiches en trois mots, lesquels choisirais-tu \u2013 et pourquoi <\/h3>\n<\/div>\n<\/div>\n\n\n\n<div class=\"wp-block-columns is-layout-flex wp-container-core-columns-is-layout-9d6595d7 wp-block-columns-is-layout-flex\">\n<div class=\"wp-block-column is-layout-flow wp-block-column-is-layout-flow\" style=\"flex-basis:100%\">\n<p><strong>Premi\u00e8re affiche<\/strong> : <em>immersive, g\u00e9om\u00e9trique, minutieuse<\/em>.<br>J\u2019avais vraiment le souci du d\u00e9tail dans sa r\u00e9alisation.<\/p>\n\n\n<div class=\"wp-block-image\">\n<figure class=\"aligncenter size-full\"><a href=\"http:\/\/dev.brusselsgamesfestival.be\/wpbgf\/wp-content\/uploads\/2024\/09\/BGF-affiche-2017.pdf\" target=\"_blank\" rel=\" noreferrer noopener\"><img loading=\"lazy\" decoding=\"async\" width=\"707\" height=\"1000\" src=\"http:\/\/dev.brusselsgamesfestival.be\/wpbgf\/wp-content\/uploads\/2024\/09\/BGF-affiche-2017.jpg\" alt=\"\" class=\"wp-image-4032\" srcset=\"http:\/\/dev.brusselsgamesfestival.be\/wpbgf\/wp-content\/uploads\/2024\/09\/BGF-affiche-2017.jpg 707w, http:\/\/dev.brusselsgamesfestival.be\/wpbgf\/wp-content\/uploads\/2024\/09\/BGF-affiche-2017-212x300.jpg 212w, http:\/\/dev.brusselsgamesfestival.be\/wpbgf\/wp-content\/uploads\/2024\/09\/BGF-affiche-2017-535x757.jpg 535w\" sizes=\"auto, (max-width: 707px) 100vw, 707px\" \/><\/a><figcaption class=\"wp-element-caption\">Cliquez sur l&#8217;image pour avoir sa version PDF<\/figcaption><\/figure>\n<\/div><\/div>\n\n\n\n<div class=\"wp-block-column is-layout-flow wp-block-column-is-layout-flow\" style=\"flex-basis:100%\">\n<p><strong>Deuxi\u00e8me affiche<\/strong> : <em>chaleureuse, onirique, a\u00e9rienne<\/em>.<br>Elle d\u00e9gage quelque chose de doux, qu\u2019on retrouve souvent dans les livres pour enfants.<\/p>\n\n\n<div class=\"wp-block-image\">\n<figure class=\"aligncenter size-full\"><a href=\"http:\/\/dev.brusselsgamesfestival.be\/wpbgf\/wp-content\/uploads\/2024\/09\/BGF-affiche-2016.pdf\" target=\"_blank\" rel=\" noreferrer noopener\"><img loading=\"lazy\" decoding=\"async\" width=\"707\" height=\"1000\" src=\"http:\/\/dev.brusselsgamesfestival.be\/wpbgf\/wp-content\/uploads\/2024\/09\/BGF-affiche-2016.jpg\" alt=\"\" class=\"wp-image-4033\" srcset=\"http:\/\/dev.brusselsgamesfestival.be\/wpbgf\/wp-content\/uploads\/2024\/09\/BGF-affiche-2016.jpg 707w, http:\/\/dev.brusselsgamesfestival.be\/wpbgf\/wp-content\/uploads\/2024\/09\/BGF-affiche-2016-212x300.jpg 212w, http:\/\/dev.brusselsgamesfestival.be\/wpbgf\/wp-content\/uploads\/2024\/09\/BGF-affiche-2016-535x757.jpg 535w\" sizes=\"auto, (max-width: 707px) 100vw, 707px\" \/><\/a><figcaption class=\"wp-element-caption\">Cliquez sur l&#8217;image pour avoir sa version PDF<\/figcaption><\/figure>\n<\/div><\/div>\n<\/div>\n\n\n\n<h3 class=\"wp-block-heading\">Quel souvenir gardes-tu de ce travail d\u2019illustration pour le BGF ?<\/h3>\n\n\n\n<p>L\u2019ex\u00e9cution de la <strong>premi\u00e8re affiche<\/strong> m\u2019a demand\u00e9 pas mal de <strong>r\u00e9flexion math\u00e9matique<\/strong>, ce que j\u2019ai trouv\u00e9 tr\u00e8s stimulant. J\u2019ai toujours aim\u00e9 les maths et la logique \u2014 un int\u00e9r\u00eat qui s\u2019accorde bien avec ma reconversion dans le d\u00e9veloppement web, o\u00f9 je combine code et visuel.<\/p>\n\n\n\n<p>Je consid\u00e8re ces deux projets comme <strong>parmi mes exp\u00e9riences les plus positives<\/strong> en tant qu\u2019artiste.<\/p>\n\n\n\n<h3 class=\"wp-block-heading\">Y a-t-il un d\u00e9tail ou un clin d\u2019\u0153il dans ton affiche que peu de gens remarquent ?<\/h3>\n\n\n\n<p>Il y a forc\u00e9ment plein de clins d\u2019\u0153il \u00e0 des jeux de soci\u00e9t\u00e9 que les connaisseur\u00b7euses pourront rep\u00e9rer.<br>Mais dans la <strong>premi\u00e8re affiche<\/strong>, les tuiles sont surtout inspir\u00e9es du <strong>parc du Cinquantenaire vu du dessus<\/strong>, notamment ses <strong>jardins \u00e0 la fran\u00e7aise<\/strong>.<\/p>\n\n\n\n<h2 class=\"wp-block-heading\">Autres \u00e9ditions<\/h2>\n\n\n\n<div class=\"wp-block-columns is-layout-flex wp-container-core-columns-is-layout-9d6595d7 wp-block-columns-is-layout-flex\">\n<div class=\"wp-block-column is-layout-flow wp-block-column-is-layout-flow\">\n<figure class=\"wp-block-image size-full\"><a href=\"http:\/\/dev.brusselsgamesfestival.be\/wpbgf\/fr\/medias\/les-affiches-et-leur-artiste\/\"><img loading=\"lazy\" decoding=\"async\" width=\"400\" height=\"500\" src=\"http:\/\/dev.brusselsgamesfestival.be\/wpbgf\/wp-content\/uploads\/2025\/05\/484653087_548022831661658_562092584661456769_n-e1748587878763.jpg\" alt=\"\" class=\"wp-image-4179\" srcset=\"http:\/\/dev.brusselsgamesfestival.be\/wpbgf\/wp-content\/uploads\/2025\/05\/484653087_548022831661658_562092584661456769_n-e1748587878763.jpg 400w, http:\/\/dev.brusselsgamesfestival.be\/wpbgf\/wp-content\/uploads\/2025\/05\/484653087_548022831661658_562092584661456769_n-e1748587878763-240x300.jpg 240w\" sizes=\"auto, (max-width: 400px) 100vw, 400px\" \/><\/a><\/figure>\n\n\n\n<p class=\"has-text-align-center\"><a href=\"http:\/\/dev.brusselsgamesfestival.be\/wpbgf\/fr\/medias\/les-affiches-et-leur-artiste\/\" title=\"\">Adrien Journel (2025)<\/a><\/p>\n<\/div>\n\n\n\n<div class=\"wp-block-column is-layout-flow wp-block-column-is-layout-flow\">\n<figure class=\"wp-block-image size-full\"><a href=\"https:\/\/dev.brusselsgamesfestival.be\/wpbgf\/fr\/medias\/les-affiches-et-leur-artiste\/ammo-dastarac\/\"><img loading=\"lazy\" decoding=\"async\" width=\"400\" height=\"500\" src=\"http:\/\/dev.brusselsgamesfestival.be\/wpbgf\/wp-content\/uploads\/2025\/08\/Ammo-Dastarac.jpg\" alt=\"\" class=\"wp-image-6041\" srcset=\"http:\/\/dev.brusselsgamesfestival.be\/wpbgf\/wp-content\/uploads\/2025\/08\/Ammo-Dastarac.jpg 400w, http:\/\/dev.brusselsgamesfestival.be\/wpbgf\/wp-content\/uploads\/2025\/08\/Ammo-Dastarac-240x300.jpg 240w\" sizes=\"auto, (max-width: 400px) 100vw, 400px\" \/><\/a><\/figure>\n\n\n\n<p class=\"has-text-align-center\"><a href=\"https:\/\/dev.brusselsgamesfestival.be\/wpbgf\/fr\/medias\/les-affiches-et-leur-artiste\/ammo-dastarac\/\" title=\"Ammo Dastarac\">Ammo Dastarac (2024)<\/a><\/p>\n<\/div>\n\n\n\n<div class=\"wp-block-column is-layout-flow wp-block-column-is-layout-flow\">\n<figure class=\"wp-block-image size-full\"><a href=\"https:\/\/dev.brusselsgamesfestival.be\/wpbgf\/fr\/medias\/sergio-menendez\/\"><img loading=\"lazy\" decoding=\"async\" width=\"400\" height=\"500\" src=\"http:\/\/dev.brusselsgamesfestival.be\/wpbgf\/wp-content\/uploads\/2025\/05\/SergioMenendez-1-1-e1748586831191.jpg\" alt=\"\" class=\"wp-image-4201\" srcset=\"http:\/\/dev.brusselsgamesfestival.be\/wpbgf\/wp-content\/uploads\/2025\/05\/SergioMenendez-1-1-e1748586831191.jpg 400w, http:\/\/dev.brusselsgamesfestival.be\/wpbgf\/wp-content\/uploads\/2025\/05\/SergioMenendez-1-1-e1748586831191-240x300.jpg 240w\" sizes=\"auto, (max-width: 400px) 100vw, 400px\" \/><\/a><\/figure>\n\n\n\n<p class=\"has-text-align-center\"><a href=\"https:\/\/dev.brusselsgamesfestival.be\/wpbgf\/fr\/medias\/sergio-menendez\/\" title=\"\">Sergio Men\u00e9ndez 2023<\/a><\/p>\n<\/div>\n\n\n\n<div class=\"wp-block-column is-layout-flow wp-block-column-is-layout-flow\">\n<figure class=\"wp-block-image size-full\"><a href=\"http:\/\/dev.brusselsgamesfestival.be\/wpbgf\/fr\/medias\/les-affiches-et-leur-artiste\/frederic-navez\/\"><img loading=\"lazy\" decoding=\"async\" width=\"400\" height=\"500\" src=\"http:\/\/dev.brusselsgamesfestival.be\/wpbgf\/wp-content\/uploads\/2025\/06\/Fred-e1748894569185.png\" alt=\"\" class=\"wp-image-4291\" srcset=\"http:\/\/dev.brusselsgamesfestival.be\/wpbgf\/wp-content\/uploads\/2025\/06\/Fred-e1748894569185.png 400w, http:\/\/dev.brusselsgamesfestival.be\/wpbgf\/wp-content\/uploads\/2025\/06\/Fred-e1748894569185-240x300.png 240w\" sizes=\"auto, (max-width: 400px) 100vw, 400px\" \/><\/a><\/figure>\n\n\n\n<p class=\"has-text-align-center\"><a href=\"http:\/\/dev.brusselsgamesfestival.be\/wpbgf\/fr\/medias\/les-affiches-et-leur-artiste\/frederic-navez\/\" title=\"Fr\u00e9d\u00e9ric Navez\">Fred Navez (2018 \u00e0 2021)<\/a><\/p>\n<\/div>\n<\/div>\n\n\n\n<div class=\"wp-block-columns is-layout-flex wp-container-core-columns-is-layout-9d6595d7 wp-block-columns-is-layout-flex\">\n<div class=\"wp-block-column is-layout-flow wp-block-column-is-layout-flow\">\n<figure class=\"wp-block-image size-full\"><a href=\"http:\/\/dev.brusselsgamesfestival.be\/wpbgf\/fr\/medias\/les-affiches-et-leur-artiste\/florence-bolsee\/\"><img loading=\"lazy\" decoding=\"async\" width=\"400\" height=\"500\" src=\"http:\/\/dev.brusselsgamesfestival.be\/wpbgf\/wp-content\/uploads\/2025\/05\/IMG_20230227_0920222-1-scaled-e1748586870782.jpg\" alt=\"\" class=\"wp-image-4209\" srcset=\"http:\/\/dev.brusselsgamesfestival.be\/wpbgf\/wp-content\/uploads\/2025\/05\/IMG_20230227_0920222-1-scaled-e1748586870782.jpg 400w, http:\/\/dev.brusselsgamesfestival.be\/wpbgf\/wp-content\/uploads\/2025\/05\/IMG_20230227_0920222-1-scaled-e1748586870782-240x300.jpg 240w\" sizes=\"auto, (max-width: 400px) 100vw, 400px\" \/><\/a><\/figure>\n\n\n\n<p class=\"has-text-align-center\"><a href=\"http:\/\/dev.brusselsgamesfestival.be\/wpbgf\/fr\/medias\/les-affiches-et-leur-artiste\/florence-bolsee\/\" title=\"\">Florence Bols\u00e9e (2016 \u00e0 2017)<\/a><\/p>\n<\/div>\n\n\n\n<div class=\"wp-block-column is-layout-flow wp-block-column-is-layout-flow\">\n<figure class=\"wp-block-image size-full\"><img loading=\"lazy\" decoding=\"async\" width=\"400\" height=\"500\" src=\"http:\/\/dev.brusselsgamesfestival.be\/wpbgf\/wp-content\/uploads\/2025\/04\/dummy-portrait-e1748586778996.jpg\" alt=\"\" class=\"wp-image-4127\" srcset=\"http:\/\/dev.brusselsgamesfestival.be\/wpbgf\/wp-content\/uploads\/2025\/04\/dummy-portrait-e1748586778996.jpg 400w, http:\/\/dev.brusselsgamesfestival.be\/wpbgf\/wp-content\/uploads\/2025\/04\/dummy-portrait-e1748586778996-240x300.jpg 240w\" sizes=\"auto, (max-width: 400px) 100vw, 400px\" \/><\/figure>\n\n\n\n<p class=\"has-text-align-center\">Rapha\u00ebl Batista (2015)<\/p>\n<\/div>\n\n\n\n<div class=\"wp-block-column is-layout-flow wp-block-column-is-layout-flow\">\n<figure class=\"wp-block-image size-full\"><a href=\"https:\/\/dev.brusselsgamesfestival.be\/wpbgf\/fr\/medias\/les-affiches-et-leur-artiste\/dimitri-piot\/\"><img loading=\"lazy\" decoding=\"async\" width=\"400\" height=\"500\" src=\"http:\/\/dev.brusselsgamesfestival.be\/wpbgf\/wp-content\/uploads\/2025\/06\/Dimitri-Piot-e1748893852725.png\" alt=\"\" class=\"wp-image-4308\" srcset=\"http:\/\/dev.brusselsgamesfestival.be\/wpbgf\/wp-content\/uploads\/2025\/06\/Dimitri-Piot-e1748893852725.png 400w, http:\/\/dev.brusselsgamesfestival.be\/wpbgf\/wp-content\/uploads\/2025\/06\/Dimitri-Piot-e1748893852725-240x300.png 240w\" sizes=\"auto, (max-width: 400px) 100vw, 400px\" \/><\/a><\/figure>\n\n\n\n<p class=\"has-text-align-center\"><a href=\"https:\/\/dev.brusselsgamesfestival.be\/wpbgf\/fr\/medias\/les-affiches-et-leur-artiste\/dimitri-piot\/\" title=\"Dimitri Piot\">Dimitri Piot (2014)<\/a><\/p>\n<\/div>\n\n\n\n<div class=\"wp-block-column is-layout-flow wp-block-column-is-layout-flow\">\n<figure class=\"wp-block-image size-full\"><a href=\"https:\/\/dev.brusselsgamesfestival.be\/wpbgf\/fr\/medias\/les-affiches-et-leur-artiste\/patrick-beukeleirs\/\"><img loading=\"lazy\" decoding=\"async\" width=\"400\" height=\"500\" src=\"http:\/\/dev.brusselsgamesfestival.be\/wpbgf\/wp-content\/uploads\/2025\/08\/Patrick-Beukeleirs.jpg\" alt=\"\" class=\"wp-image-5112\" srcset=\"http:\/\/dev.brusselsgamesfestival.be\/wpbgf\/wp-content\/uploads\/2025\/08\/Patrick-Beukeleirs.jpg 400w, http:\/\/dev.brusselsgamesfestival.be\/wpbgf\/wp-content\/uploads\/2025\/08\/Patrick-Beukeleirs-240x300.jpg 240w\" sizes=\"auto, (max-width: 400px) 100vw, 400px\" \/><\/a><\/figure>\n\n\n\n<p class=\"has-text-align-center\"><a title=\"Patrick Beukeleirs\" href=\"https:\/\/dev.brusselsgamesfestival.be\/wpbgf\/fr\/medias\/les-affiches-et-leur-artiste\/patrick-beukeleirs\/\">Patrick Beukeleirs (2013)<\/a><\/p>\n<\/div>\n<\/div>\n\n\n","protected":false},"excerpt":{"rendered":"<p>Illustratrice des affiches du BGF 2016 &amp; 2017 Form\u00e9e \u00e0 Saint-Luc Bruxelles en bande dessin\u00e9e puis \u00e0 la Cambre en cin\u00e9ma d\u2019animation, Florence Bols\u00e9e a longtemps travaill\u00e9 comme illustratrice et r\u00e9alisatrice de dessins anim\u00e9s. Aujourd\u2019hui d\u00e9veloppeuse web, elle continue de dessiner par passion, principalement \u00e0 l\u2019aquarelle. Elle affectionne les univers naturels, folkloriques ou fantastiques, qu\u2019elle &hellip; <\/p>\n","protected":false},"author":2,"featured_media":0,"parent":4120,"menu_order":0,"comment_status":"closed","ping_status":"closed","template":"","meta":{"_acf_changed":false,"_monsterinsights_skip_tracking":false,"_monsterinsights_sitenote_active":false,"_monsterinsights_sitenote_note":"","_monsterinsights_sitenote_category":0,"footnotes":""},"class_list":["post-4207","page","type-page","status-publish","hentry","latest_post"],"acf":[],"aioseo_notices":[],"_links":{"self":[{"href":"http:\/\/dev.brusselsgamesfestival.be\/wpbgf\/wp-json\/wp\/v2\/pages\/4207","targetHints":{"allow":["GET"]}}],"collection":[{"href":"http:\/\/dev.brusselsgamesfestival.be\/wpbgf\/wp-json\/wp\/v2\/pages"}],"about":[{"href":"http:\/\/dev.brusselsgamesfestival.be\/wpbgf\/wp-json\/wp\/v2\/types\/page"}],"author":[{"embeddable":true,"href":"http:\/\/dev.brusselsgamesfestival.be\/wpbgf\/wp-json\/wp\/v2\/users\/2"}],"replies":[{"embeddable":true,"href":"http:\/\/dev.brusselsgamesfestival.be\/wpbgf\/wp-json\/wp\/v2\/comments?post=4207"}],"version-history":[{"count":14,"href":"http:\/\/dev.brusselsgamesfestival.be\/wpbgf\/wp-json\/wp\/v2\/pages\/4207\/revisions"}],"predecessor-version":[{"id":4508,"href":"http:\/\/dev.brusselsgamesfestival.be\/wpbgf\/wp-json\/wp\/v2\/pages\/4207\/revisions\/4508"}],"up":[{"embeddable":true,"href":"http:\/\/dev.brusselsgamesfestival.be\/wpbgf\/wp-json\/wp\/v2\/pages\/4120"}],"wp:attachment":[{"href":"http:\/\/dev.brusselsgamesfestival.be\/wpbgf\/wp-json\/wp\/v2\/media?parent=4207"}],"curies":[{"name":"wp","href":"https:\/\/api.w.org\/{rel}","templated":true}]}}