{"id":2687,"date":"2024-08-06T13:56:24","date_gmt":"2024-08-06T13:56:24","guid":{"rendered":"http:\/\/dev.brusselsgamesfestival.be\/wpbgf\/?page_id=2687"},"modified":"2024-08-16T15:51:53","modified_gmt":"2024-08-16T15:51:53","slug":"aan-de-moordspellen-van-soiree-enquete","status":"publish","type":"page","link":"http:\/\/dev.brusselsgamesfestival.be\/wpbgf\/nl\/programma\/aan-de-moordspellen-van-soiree-enquete\/","title":{"rendered":"Aan de Moordspellen van Soir\u00e9e Enqu\u00eate"},"content":{"rendered":"\n<div class=\"wp-block-columns is-layout-flex wp-container-core-columns-is-layout-9d6595d7 wp-block-columns-is-layout-flex\">\n<div class=\"wp-block-column is-layout-flow wp-block-column-is-layout-flow\">\n<p>De moordspellen van <strong><a href=\"https:\/\/www.facebook.com\/groups\/1066301910071146\" target=\"_blank\" rel=\"noopener\" title=\"\">Soir\u00e9e Enqu\u00eate<\/a><\/strong>, bien connues \u00e0 Bruxelles, reviennent pour une session samedi 24 ao\u00fbt 2024.<\/p>\n\n\n\n<p>De activiteit kost 5 \u20ac per persoon om de maker te vergoeden (de rest van de kosten wordt door het festival gedragen).<\/p>\n\n\n\n<p>\u26a0 <strong>Deze activiteit is alleen mogelijk in het Frans.<\/strong> \u26a0<\/p>\n\n\n\n<p>Om je in te schrijven, <a href=\"https:\/\/forms.gle\/1LqWKzPM4w3imGa3A\" target=\"_blank\" rel=\"noopener\" title=\"\"><strong>vul je dit formulier in<\/strong><\/a>.<\/p>\n\n\n\n<p>Wil je meer weten over de moordspellen en escape games van het BGF 2024? <a href=\"http:\/\/dev.brusselsgamesfestival.be\/wpbgf\/nl\/murder-escape-games-2\/\" target=\"_blank\" rel=\"noopener\" title=\"\"><strong>Ga hierheen<\/strong><\/a>.<\/p>\n<\/div>\n\n\n\n<div class=\"wp-block-column is-layout-flow wp-block-column-is-layout-flow\">\n<figure class=\"wp-block-image size-large\"><img loading=\"lazy\" decoding=\"async\" width=\"1024\" height=\"523\" src=\"http:\/\/dev.brusselsgamesfestival.be\/wpbgf\/wp-content\/uploads\/2024\/08\/03-Au-BGF-Murder-Party.00_00_14_20.Still012-1-1024x523.jpg\" alt=\"\" class=\"wp-image-2639\" srcset=\"http:\/\/dev.brusselsgamesfestival.be\/wpbgf\/wp-content\/uploads\/2024\/08\/03-Au-BGF-Murder-Party.00_00_14_20.Still012-1-1024x523.jpg 1024w, http:\/\/dev.brusselsgamesfestival.be\/wpbgf\/wp-content\/uploads\/2024\/08\/03-Au-BGF-Murder-Party.00_00_14_20.Still012-1-300x153.jpg 300w, http:\/\/dev.brusselsgamesfestival.be\/wpbgf\/wp-content\/uploads\/2024\/08\/03-Au-BGF-Murder-Party.00_00_14_20.Still012-1-768x392.jpg 768w, http:\/\/dev.brusselsgamesfestival.be\/wpbgf\/wp-content\/uploads\/2024\/08\/03-Au-BGF-Murder-Party.00_00_14_20.Still012-1-1536x784.jpg 1536w, http:\/\/dev.brusselsgamesfestival.be\/wpbgf\/wp-content\/uploads\/2024\/08\/03-Au-BGF-Murder-Party.00_00_14_20.Still012-1.jpg 1920w\" sizes=\"auto, (max-width: 1024px) 100vw, 1024px\" \/><\/figure>\n<\/div>\n<\/div>\n","protected":false},"excerpt":{"rendered":"<p>De moordspellen van Soir\u00e9e Enqu\u00eate, bien connues \u00e0 Bruxelles, reviennent pour une session samedi 24 ao\u00fbt 2024. De activiteit kost 5 \u20ac per persoon om de maker te vergoeden (de rest van de kosten wordt door het festival gedragen). \u26a0 Deze activiteit is alleen mogelijk in het Frans. \u26a0 Om je in te schrijven, vul &hellip; <\/p>\n","protected":false},"author":2,"featured_media":0,"parent":494,"menu_order":9,"comment_status":"closed","ping_status":"closed","template":"","meta":{"_acf_changed":false,"_monsterinsights_skip_tracking":false,"_monsterinsights_sitenote_active":false,"_monsterinsights_sitenote_note":"","_monsterinsights_sitenote_category":0,"footnotes":""},"class_list":["post-2687","page","type-page","status-publish","hentry","latest_post"],"acf":[],"aioseo_notices":[],"_links":{"self":[{"href":"http:\/\/dev.brusselsgamesfestival.be\/wpbgf\/wp-json\/wp\/v2\/pages\/2687","targetHints":{"allow":["GET"]}}],"collection":[{"href":"http:\/\/dev.brusselsgamesfestival.be\/wpbgf\/wp-json\/wp\/v2\/pages"}],"about":[{"href":"http:\/\/dev.brusselsgamesfestival.be\/wpbgf\/wp-json\/wp\/v2\/types\/page"}],"author":[{"embeddable":true,"href":"http:\/\/dev.brusselsgamesfestival.be\/wpbgf\/wp-json\/wp\/v2\/users\/2"}],"replies":[{"embeddable":true,"href":"http:\/\/dev.brusselsgamesfestival.be\/wpbgf\/wp-json\/wp\/v2\/comments?post=2687"}],"version-history":[{"count":4,"href":"http:\/\/dev.brusselsgamesfestival.be\/wpbgf\/wp-json\/wp\/v2\/pages\/2687\/revisions"}],"predecessor-version":[{"id":2705,"href":"http:\/\/dev.brusselsgamesfestival.be\/wpbgf\/wp-json\/wp\/v2\/pages\/2687\/revisions\/2705"}],"up":[{"embeddable":true,"href":"http:\/\/dev.brusselsgamesfestival.be\/wpbgf\/wp-json\/wp\/v2\/pages\/494"}],"wp:attachment":[{"href":"http:\/\/dev.brusselsgamesfestival.be\/wpbgf\/wp-json\/wp\/v2\/media?parent=2687"}],"curies":[{"name":"wp","href":"https:\/\/api.w.org\/{rel}","templated":true}]}}